{"id":192598,"date":"2024-09-12T18:21:05","date_gmt":"2024-09-12T16:21:05","guid":{"rendered":"https:\/\/us.edu.pl\/?page_id=192598"},"modified":"2024-09-12T20:52:06","modified_gmt":"2024-09-12T18:52:06","slug":"monasteries","status":"publish","type":"page","link":"https:\/\/us.edu.pl\/en\/nauka-i-badania\/centra-badawcze\/cbns\/monasteries\/","title":{"rendered":"Ryder C. Patzuk-Russell: Monasteries on the Edge of the World: Church and Society in Late Medieval Iceland"},"content":{"rendered":"<p><\/p>\n<p>[vc_row][vc_column][\/vc_column][\/vc_row][vc_row][vc_column][vc_column_text]<\/p>\n<p>[\/vc_column_text][\/vc_column][\/vc_row][vc_row css=&#8221;.vc_custom_1603444262786{margin-top: 0px !important;}&#8221;][vc_column]\r\n                <div class=\"text-modules\">\r\n                    <div class=\"container\">\r\n                        \r\n                        <div class=\"text-modules__content\"><\/p>\n<div class=\"page-title text__title\" style=\"font-size: 160%\">\n<p><span style=\"color: #002e5a\"><a style=\"color: #002e5a\" href=\"https:\/\/us.edu.pl\/nauka-i-badania\/centra-badawcze\/cbns\/\">Centrum Bada\u0144 Nordystycznych i Staroangielskich<\/a><\/span><\/p>\n<\/div>\n<p>\n<\/div>\r\n                    <\/div>\r\n                <\/div>[\/vc_column][\/vc_row][vc_row full_height=&#8221;yes&#8221; equal_height=&#8221;yes&#8221; content_placement=&#8221;middle&#8221; css=&#8221;.vc_custom_1603774871283{padding: 0px !important;}&#8221;][vc_column css=&#8221;.vc_custom_1603774547380{background-color: #f2f2f2 !important;}&#8221;][vc_empty_space height=&#8221;20px&#8221;]\r\n                <div class=\"text-modules\">\r\n                    <div class=\"container\">\r\n                        \r\n                        <div class=\"text-modules__content\"><\/p>\n<p><strong>Project Website Information: <\/strong>Ryder C. Patzuk-Russell \/ <em>Monasteries on the Edge of the World: Church and Society in Late Medieval Iceland<\/em><\/p>\n<p>\n<\/div>\r\n                    <\/div>\r\n                <\/div>[vc_column_text]<\/p>\n<p><img class=\"alignnone wp-image-162072 size-full\" src=\"https:\/\/us.edu.pl\/wp-content\/uploads\/Bez-kategorii\/DSC_0661-\u2014-kopia-scaled.jpg\" alt=\"\" width=\"100%\" height=\"625\" srcset=\"https:\/\/us.edu.pl\/wp-content\/uploads\/Bez-kategorii\/DSC_0661-\u2014-kopia-scaled.jpg 2560w, https:\/\/us.edu.pl\/wp-content\/uploads\/Bez-kategorii\/DSC_0661-\u2014-kopia-900x260.jpg 900w, https:\/\/us.edu.pl\/wp-content\/uploads\/Bez-kategorii\/DSC_0661-\u2014-kopia-2000x578.jpg 2000w, https:\/\/us.edu.pl\/wp-content\/uploads\/Bez-kategorii\/DSC_0661-\u2014-kopia-768x222.jpg 768w, https:\/\/us.edu.pl\/wp-content\/uploads\/Bez-kategorii\/DSC_0661-\u2014-kopia-1536x444.jpg 1536w, https:\/\/us.edu.pl\/wp-content\/uploads\/Bez-kategorii\/DSC_0661-\u2014-kopia-2048x592.jpg 2048w, https:\/\/us.edu.pl\/wp-content\/uploads\/Bez-kategorii\/DSC_0661-\u2014-kopia-575x166.jpg 575w\" sizes=\"(max-width: 2560px) 100vw, 2560px\" \/><\/p>\n<p>[\/vc_column_text][\/vc_column][\/vc_row][vc_row gap=&#8221;20&#8243; content_placement=&#8221;middle&#8221; el_class=&#8221;container&#8221;][vc_column]\r\n                <div class=\"text-modules\">\r\n                    <div class=\"container\">\r\n                        \r\n                        <div class=\"text-modules__content\"><\/p>\n<p><strong>Title<\/strong>: Monasteries on the Edge of the World: Church and Society in Late Medieval Iceland<\/p>\n<p><strong>Acronym<\/strong>: Monasteries<\/p>\n<p><strong>Principle Investigator<\/strong>: Ryder C. Patzuk-Russell<\/p>\n<p><strong>Contact<\/strong>: ryder.patzuk@us.edu.pl<\/p>\n<p><strong>Funding<\/strong>: This research is part of the project No. 2022\/45\/P\/HS3\/02670 co-funded by the National Science Centre and the European Union\u2019s Horizon 2020 research and innovation programme under the Marie Sk\u0142odowska-Curie grant agreement No. 945339.<\/p>\n<p><strong>Host<\/strong>: The project is being carried out at the University of Silesia in Katowice, Department of Humanities, Institute of History, in the Centre for Nordic and Old English Studies (http:\/\/www.cbns.us.edu.pl\/). The researchers working at the Centre for Nordic and Old English Studies of the University of Silesia (CBNS) study medieval societies of these regions by focusing on their history, culture, and literature. The research at the CBNS focuses mainly on political and social changes, the ideology of power, and on Old Norse and Old English literature. Studying the history and culture of medieval England, Scandinavia, and the territories of the Northern Atlantic contributes to a better understanding of the European Middle Ages.<\/p>\n<p>\n<\/div>\r\n                    <\/div>\r\n                <\/div>[\/vc_column][\/vc_row][vc_row gap=&#8221;20&#8243; content_placement=&#8221;middle&#8221; el_class=&#8221;container&#8221;][vc_column]\r\n                <div class=\"text-modules\">\r\n                    <div class=\"container\">\r\n                        \r\n                        <div class=\"text-modules__content\"><\/p>\n<p><strong>Project Description<\/strong>: Monasteries on the Edge of the World: Church and Society in Late Medieval Iceland is a historical project investigating the monasteries and convents of the far northwestern corner of the medieval European world. In the scattered population of this isolated and rural society, the communities of monks and nuns were small and relatively poor, yet they had a powerful impact on the people around them. They were important schools and centers of learning, their graveyards were prestigious sites for wealthy patrons to seek burial in the shelter of continuous monastic prayer, and over the course of the Middle Ages, they became increasingly wealthy and powerful landowners.<\/p>\n<p>While the image of the sequestered and industrious monk is an enduring symbol of the Middle Ages, very little is known about the Icelandic iteration of this compelling figure. What scholarship has been written about them is largely in Icelandic, inaccessible to the general audience, and very difficult for scholars of the medieval church and religious life to engage with. This has meant that the ascetics of Iceland have not been able to take their due place in the historical tapestry of the Middle Ages: a very small place, but a significant one nonetheless. Monasteries on the Edge of the World is part of a growing movement of recent scholarship to finding space in the larger historical narrative for the monks, nuns, canons, hermits and anchorites of this tiny North Atlantic island.<\/p>\n<p>This project has two core aims: to improve our understanding of the nature of monastic culture in Iceland, and to make the sources for this fascinating field of study more accessible. It will take as its focus the later Middle Ages, c. 1262 to c. 1500, a period which has drawn the interest and attention of fewer historians of Iceland than earlier periods, but which also preserves a rich variety of sources. The most important of these sources is <em>The Saga of Bishop L\u00e1rent\u00edus<\/em>, a narrative about L\u00e1rent\u00edus K\u00e1lfsson (1267-1331), who during the course of his career was a cathedral schoolmaster, a Benedictine monk, a canon law expert, a wandering teacher, and finally a bishop. Alongside the story of this learned and headstrong monk, the project will illuminate a very different type of source: administrative documents. These include contracts for formal schooling, wills and donations to ecclesiastical institutions, and financial arrangements for work, housing, retirement, and burial at monasteries and churches; most of these texts have never been read by a non-Icelandic audience. With all of these tools in hand, important questions can be explored: What did it mean for a wealthy Icelander to \u2018retire\u2019 into a monastery, and why did lay people chose to live at or near religious houses? How did monastic education work? What kind of distinctions, divisions, tensions, and conflicts existed between different monastic orders in Iceland?<\/p>\n<p>This project shows how monasteries impacted Icelandic society in a far greater variety of ways than has been understood. They operated within local and international ecclesiastical networks, tying this tiny island to the culture and movements of the mainland; they cultivated learning and trained students, attracted pious patrons, and exercised power in both secular and religious spheres. Understanding how these monks, nuns, and other ascetics were distinct, and how they were similar to their southern peers, helps us better understand the Middle Ages as a whole.<\/p>\n<p>&nbsp;<\/p>\n<p><strong>Project Publication Goals<\/strong><\/p>\n<ul>\n<li>A full English translation of <em>The <\/em><em>Saga of Bishop L\u00e1rent\u00edus<\/em>, published Gold Open Access with <em>Leeds Medieval Studies<\/em>.<\/li>\n<li>At least three articles published in Open Access journals dealing with various aspects of the history of Icelandic monasteries, as well as other aspects of late medieval ecclesiastical life and culture.<\/li>\n<li>A book chapter on education in fifteenth-century Iceland, analyzing education at monasteries alongside other aspects and contexts of teaching and learning<\/li>\n<\/ul>\n<p>\n<\/div>\r\n                    <\/div>\r\n                <\/div>[\/vc_column][\/vc_row][vc_row gap=&#8221;20&#8243; content_placement=&#8221;middle&#8221; el_class=&#8221;container&#8221;][vc_column]\r\n                <div class=\"text-modules\">\r\n                    <div class=\"container\">\r\n                        \r\n                        <div class=\"text-modules__content\"><\/p>\n<p><strong>Project News and Updates<\/strong><\/p>\n<p>June 2023: Publication of \u201cRecent Translations of the Medieval Icelandic Bishops\u2019 Sagas\u201d in <em>Scandinavian-Canadian Studies<\/em> (<a href=\"https:\/\/doi.org\/10.29173\/scancan241\">https:\/\/doi.org\/10.29173\/scancan241<\/a>)<\/p>\n<p>June 2023: Conference presentation, (w\/Dr. Yoav Tirosh) \u201cDisability and the Icelandic Church in The Saga of Bishop L\u00e1rent\u00edus.\u201d The Medieval Church: From Margins to Centre at the University of York. June 26th to 27th 2023.<\/p>\n<p>July 2023: Conference presentation, \u201cBenedikt Kolbeinsson and Lay-Monastic Networks in Fourteenth-Century Iceland.\u201d Leeds International Medieval Congress. July 3rd to 6th 2023.<\/p>\n<p>August 2023: Publication of review of \u201c<em>Dominican Resonances in Medieval Iceland: The Legacy of Bishop J\u00f3n Halld\u00f3rsson of Sk\u00e1lholt<\/em>, edited by Gunnar Har\u00f0arson and Karl G. Johansson, Leiden: Brill, 2021\u201d in<em> Leeds Medieval Studies <\/em>3 (2023) (DOI: 10.57686\/256204\/25)<\/p>\n<p>November 2023: Academic lecture, \u201cFinancing Piety, Work, and Retirement: Exploring Pr\u00f3venta and Pr\u00f3ventumenn.\u201d Mi\u00f0aldastofa lecture series at the University of Iceland. November 9th 2023.<\/p>\n<p>December 2023: Publication of review of \u201cSteinunn Kristj\u00e1nsd\u00f3ttir, <em>Monastic Iceland<\/em>, Routledge: London and New York, 2023\u201d in <em>Saga-Book<\/em> 47 (2023): 177-80.<\/p>\n<p>March 2024: Conference presentation, \u201cEducation and Family at a Benedictine Convent in Northern Iceland: The Case of Fifteenth-Century Reynista\u00f0ur.\u201d Medieval Academy of America Annual Meeting, University of Notre Dame, March 14th-17th 2024.<\/p>\n<p>April 2024: Release of podcast interview, \u201cScience, Education, Inspiration\u201d in the <em>Uniwersytet \u015al\u0105ski <\/em>podcast series (<a href=\"https:\/\/open.spotify.com\/episode\/4A7qhptqs8HyTyNsELCLrE?si=a7873edb45834a36\">https:\/\/open.spotify.com\/episode\/4A7qhptqs8HyTyNsELCLrE?si=a7873edb45834a36<\/a>)<\/p>\n<p>May 2024: Popular lecture, \u201cThe Story of the Conversion of Iceland.\u201d May Archaeological Weekend, Slavs and Vikings\u2019 Center Jomsborg-Vineta-Wolin, May 1st to 5th 2024.<\/p>\n<p>May 2024: Conference presentation, \u201cFighting over Documents: Performing Church Law in L\u00e1rent\u00edus saga.\u201d Kalamazoo 59th Annual Congress on Medieval Studies, May 9th to 11th 2024.<\/p>\n<p>June 2024: Conference presentation, \u201cHospitality, Excess, and Monasticism in Fourteenth-Century Iceland: Drinking in The Saga of Bishop L\u00e1rentius.\u201d Vice &amp; Virtue Part 1: Drinking in the Nordic and Germanic Countries, Sorbonne University, June 12th to 14th 2024.<\/p>\n<p>July 2024: Publication of \u201cIcelandic Hospitals, Clergy, and Disability in the <em>Saga of Bishop L\u00e1rent\u00edus<\/em>,\u201d co-authored with Dr. Yoav Tirosh, in <em>Mirator<\/em> 24 (2024): 1-17 (<a href=\"https:\/\/journal.fi\/mirator\/article\/view\/141618\/93737\">https:\/\/journal.fi\/mirator\/article\/view\/141618\/93737<\/a>)<\/p>\n<p>August 2024: Popular lecture, \u201cThe Story of the Conversion of Iceland.\u201c Festiwal S\u0142owian i Wiking\u00f3w, Slavs and Vikings\u2019 Center Jomsborg-Vineta-Wolin, August 1st to 4th 2024.<\/p>\n<p>September 2024: Conference presentation, \u201cBilingual Learning in Medieval Iceland: Latinity and Vernacularity in the Old Norse World.\u201d Multilingualism and Education in Pre-Modern Europe, Prague, September 19th-20th 2024<\/p>\n<p>\n<\/div>\r\n                    <\/div>\r\n                <\/div>[\/vc_column][\/vc_row][vc_row][vc_column][\/vc_column][\/vc_row][vc_row][vc_column width=&#8221;1\/2&#8243;][vc_column_text]<\/p>\n<p style=\"text-align: center\"><img class=\"alignnone wp-image-192664 size-full\" src=\"https:\/\/us.edu.pl\/wp-content\/uploads\/Bez-kategorii\/polonez-bis.jpg\" alt=\"\" width=\"300\" height=\"110\" \/><\/p>\n<p>[\/vc_column_text][vc_empty_space][vc_separator][\/vc_column][vc_column width=&#8221;1\/2&#8243;][vc_column_text]<\/p>\n<p style=\"text-align: center\"><img class=\"alignnone wp-image-192682 size-full\" src=\"https:\/\/us.edu.pl\/wp-content\/uploads\/Bez-kategorii\/ue00.jpg\" alt=\"\" width=\"138\" height=\"76\" \/><\/p>\n<p>[\/vc_column_text][vc_empty_space][vc_separator][\/vc_column][\/vc_row][vc_row][vc_column][vc_column_text]<\/p>\n<p>[\/vc_column_text][\/vc_column][\/vc_row]<\/p>\n<p><\/p>","protected":false},"excerpt":{"rendered":"<p>[vc_row][vc_column][\/vc_column][\/vc_row][vc_row][vc_column][vc_column_text] [\/vc_column_text][\/vc_column][\/vc_row][vc_row css=&#8221;.vc_custom_1603444262786{margin-top: 0px !important;}&#8221;][vc_column][\/vc_column][\/vc_row][vc_row full_height=&#8221;yes&#8221; equal_height=&#8221;yes&#8221; content_placement=&#8221;middle&#8221; css=&#8221;.vc_custom_1603774871283{padding: 0px !important;}&#8221;][vc_column css=&#8221;.vc_custom_1603774547380{background-color: #f2f2f2 !important;}&#8221;][vc_empty_space height=&#8221;20px&#8221;][vc_column_text] [\/vc_column_text][\/vc_column][\/vc_row][vc_row gap=&#8221;20&#8243; content_placement=&#8221;middle&#8221; el_class=&#8221;container&#8221;][vc_column][\/vc_column][\/vc_row][vc_row gap=&#8221;20&#8243; content_placement=&#8221;middle&#8221; el_class=&#8221;container&#8221;][vc_column][\/vc_column][\/vc_row][vc_row gap=&#8221;20&#8243; content_placement=&#8221;middle&#8221; el_class=&#8221;container&#8221;][vc_column][\/vc_column][\/vc_row][vc_row][vc_column][\/vc_column][\/vc_row][vc_row][vc_column width=&#8221;1\/2&#8243;][vc_column_text] [\/vc_column_text][vc_empty_space][vc_separator][\/vc_column][vc_column width=&#8221;1\/2&#8243;][vc_column_text] [\/vc_column_text][vc_empty_space][vc_separator][\/vc_column][\/vc_row][vc_row][vc_column][vc_column_text] [\/vc_column_text][\/vc_column][\/vc_row] [&#8230;]<\/p>\n<p><a class=\"btn btn-secondary understrap-read-more-link\" href=\"https:\/\/us.edu.pl\/en\/nauka-i-badania\/centra-badawcze\/cbns\/monasteries\/\">Read More&#8230;<\/a><\/p>\n","protected":false},"author":3220,"featured_media":0,"parent":135169,"menu_order":0,"comment_status":"closed","ping_status":"closed","template":"","meta":{"_expiration-date-status":"","_expiration-date":0,"_expiration-date-type":"","_expiration-date-categories":[],"_expiration-date-options":[]},"acf":[],"_links":{"self":[{"href":"https:\/\/us.edu.pl\/en\/wp-json\/wp\/v2\/pages\/192598"}],"collection":[{"href":"https:\/\/us.edu.pl\/en\/wp-json\/wp\/v2\/pages"}],"about":[{"href":"https:\/\/us.edu.pl\/en\/wp-json\/wp\/v2\/types\/page"}],"author":[{"embeddable":true,"href":"https:\/\/us.edu.pl\/en\/wp-json\/wp\/v2\/users\/3220"}],"replies":[{"embeddable":true,"href":"https:\/\/us.edu.pl\/en\/wp-json\/wp\/v2\/comments?post=192598"}],"version-history":[{"count":10,"href":"https:\/\/us.edu.pl\/en\/wp-json\/wp\/v2\/pages\/192598\/revisions"}],"predecessor-version":[{"id":192685,"href":"https:\/\/us.edu.pl\/en\/wp-json\/wp\/v2\/pages\/192598\/revisions\/192685"}],"up":[{"embeddable":true,"href":"https:\/\/us.edu.pl\/en\/wp-json\/wp\/v2\/pages\/135169"}],"wp:attachment":[{"href":"https:\/\/us.edu.pl\/en\/wp-json\/wp\/v2\/media?parent=192598"}],"curies":[{"name":"wp","href":"https:\/\/api.w.org\/{rel}","templated":true}]}}