{"id":197195,"date":"2024-10-09T12:51:21","date_gmt":"2024-10-09T10:51:21","guid":{"rendered":"https:\/\/us.edu.pl\/?page_id=197195"},"modified":"2025-10-08T13:44:51","modified_gmt":"2025-10-08T11:44:51","slug":"swiatowy-dzien-zdrowia-psychicznego-us-wspiera-dobrostan-spolecznosci-akademickiej","status":"publish","type":"page","link":"https:\/\/us.edu.pl\/en\/uczelnia\/swiatowy-dzien-zdrowia-psychicznego-us-wspiera-dobrostan-spolecznosci-akademickiej\/","title":{"rendered":"\u015awiatowy Dzie\u0144 Zdrowia Psychicznego. U\u015a wspiera dobrostan spo\u0142eczno\u015bci akademickiej"},"content":{"rendered":"<p class=\"qtranxs-available-languages-message qtranxs-available-languages-message-en\">Sorry, this entry is only available in <a href=\"https:\/\/us.edu.pl\/pl\/wp-json\/wp\/v2\/pages\/197195\" class=\"qtranxs-available-language-link qtranxs-available-language-link-pl\" title=\"Polski\">Polish<\/a>.<\/p>","protected":false},"excerpt":{"rendered":"<p>Sorry, this entry is only available in Polish. [&#8230;]<\/p>\n<p><a class=\"btn btn-secondary understrap-read-more-link\" href=\"https:\/\/us.edu.pl\/en\/uczelnia\/swiatowy-dzien-zdrowia-psychicznego-us-wspiera-dobrostan-spolecznosci-akademickiej\/\">Read More&#8230;<\/a><\/p>\n","protected":false},"author":33,"featured_media":197207,"parent":75877,"menu_order":0,"comment_status":"closed","ping_status":"closed","template":"","meta":{"_expiration-date-status":"","_expiration-date":0,"_expiration-date-type":"","_expiration-date-categories":[],"_expiration-date-options":[]},"acf":[],"_links":{"self":[{"href":"https:\/\/us.edu.pl\/en\/wp-json\/wp\/v2\/pages\/197195"}],"collection":[{"href":"https:\/\/us.edu.pl\/en\/wp-json\/wp\/v2\/pages"}],"about":[{"href":"https:\/\/us.edu.pl\/en\/wp-json\/wp\/v2\/types\/page"}],"author":[{"embeddable":true,"href":"https:\/\/us.edu.pl\/en\/wp-json\/wp\/v2\/users\/33"}],"replies":[{"embeddable":true,"href":"https:\/\/us.edu.pl\/en\/wp-json\/wp\/v2\/comments?post=197195"}],"version-history":[{"count":0,"href":"https:\/\/us.edu.pl\/en\/wp-json\/wp\/v2\/pages\/197195\/revisions"}],"up":[{"embeddable":true,"href":"https:\/\/us.edu.pl\/en\/wp-json\/wp\/v2\/pages\/75877"}],"wp:featuredmedia":[{"embeddable":true,"href":"https:\/\/us.edu.pl\/en\/wp-json\/wp\/v2\/media\/197207"}],"wp:attachment":[{"href":"https:\/\/us.edu.pl\/en\/wp-json\/wp\/v2\/media?parent=197195"}],"curies":[{"name":"wp","href":"https:\/\/api.w.org\/{rel}","templated":true}]}}