{"id":215373,"date":"2025-03-04T10:21:00","date_gmt":"2025-03-04T09:21:00","guid":{"rendered":"https:\/\/us.edu.pl\/?page_id=215373"},"modified":"2025-09-12T15:23:02","modified_gmt":"2025-09-12T13:23:02","slug":"archiwum-skladu-komisji-ds-rownosci-i-roznorodnosci","status":"publish","type":"page","link":"https:\/\/us.edu.pl\/en\/archiwum-skladu-komisji-ds-rownosci-i-roznorodnosci\/","title":{"rendered":"Former Members of the Committee for Equality and Diversity Affairs"},"content":{"rendered":"<p><\/p>\n<p>[vc_row][vc_column][\/vc_column][\/vc_row][vc_row gap=&#8221;10&#8243; el_class=&#8221;container&#8221;][vc_column]\r\n                <div class=\"text-modules\">\r\n                    <div class=\"container\">\r\n                        <h3 class=\"page-title text__title\">Archiwum sk\u0142adu Komisji ds. r\u00f3wno\u015bci i r\u00f3\u017cnorodno\u015bci<\/h3>\r\n                        <div class=\"text-modules__content\"><\/p>\n<h3>Members of the Committee between 2022-2024<\/h3>\n<p>As of 2 February 2023, the works of the Committee was Co-Chaired by Magdalena P\u00f3\u0142torak, PhD (Faculty of Law and Administration) and Adrian Robak, PhD, Assoc. Prof. (Faculty of Arts and Sciences of Education), while the Committee Secretary was Pawe\u0142 Ziegler, MA.<\/p>\n<p>\n<\/div>\r\n                    <\/div>\r\n                <\/div>[vc_row_inner][vc_column_inner width=&#8221;1\/6&#8243;][\/vc_column_inner][vc_column_inner width=&#8221;5\/6&#8243;]\r\n                <div class=\"text-modules\">\r\n                    <div class=\"container\">\r\n                        \r\n                        <div class=\"text-modules__content\"><\/p>\n<p>Prof. Jacek G\u00f3recki<\/p>\n<p>Ombudsperson for Academic Rights and Values<\/p>\n<hr \/>\n<p>\n<\/div>\r\n                    <\/div>\r\n                <\/div>\r\n                <div class=\"text-modules\">\r\n                    <div class=\"container\">\r\n                        \r\n                        <div class=\"text-modules__content\"><\/p>\n<p>Agnieszka Bielska-Brodziak, PhD, DLitt, Assoc. Prof.<\/p>\n<p>Student and PhD Student Ombudsperson<\/p>\n<hr \/>\n<p>\n<\/div>\r\n                    <\/div>\r\n                <\/div>\r\n                <div class=\"text-modules\">\r\n                    <div class=\"container\">\r\n                        \r\n                        <div class=\"text-modules__content\"><\/p>\n<p>Prof. Barbara Miko\u0142ajczyk<\/p>\n<p>Chair of the Anti-mobbing Committee<\/p>\n<hr \/>\n<p>\n<\/div>\r\n                    <\/div>\r\n                <\/div>\r\n                <div class=\"text-modules\">\r\n                    <div class=\"container\">\r\n                        \r\n                        <div class=\"text-modules__content\"><\/p>\n<p>Prof. Ewa Jarosz<\/p>\n<p>Plan Implementation Officer<\/p>\n<hr \/>\n<p>\n<\/div>\r\n                    <\/div>\r\n                <\/div>\r\n                <div class=\"text-modules\">\r\n                    <div class=\"container\">\r\n                        \r\n                        <div class=\"text-modules__content\"><\/p>\n<p>Dominika Bek, PhD<\/p>\n<p>Plan Implementation Officer<\/p>\n<hr \/>\n<p>\n<\/div>\r\n                    <\/div>\r\n                <\/div>\r\n                <div class=\"text-modules\">\r\n                    <div class=\"container\">\r\n                        \r\n                        <div class=\"text-modules__content\"><\/p>\n<p>Magdalena P\u00f3\u0142torak, PhD<\/p>\n<p>Plan Implementation Officer<\/p>\n<hr \/>\n<p>\n<\/div>\r\n                    <\/div>\r\n                <\/div>\r\n                <div class=\"text-modules\">\r\n                    <div class=\"container\">\r\n                        \r\n                        <div class=\"text-modules__content\"><\/p>\n<p>Urszula Torbus, PhD<\/p>\n<p>Plan Implementation Officer<\/p>\n<hr \/>\n<p>\n<\/div>\r\n                    <\/div>\r\n                <\/div>\r\n                <div class=\"text-modules\">\r\n                    <div class=\"container\">\r\n                        \r\n                        <div class=\"text-modules__content\"><\/p>\n<p>Tomasz Kali\u015bciak, PhD, DLitt, Assoc. Prof.<\/p>\n<p>Plan Implementation Officer<\/p>\n<hr \/>\n<p>\n<\/div>\r\n                    <\/div>\r\n                <\/div>\r\n                <div class=\"text-modules\">\r\n                    <div class=\"container\">\r\n                        \r\n                        <div class=\"text-modules__content\"><\/p>\n<p>Jolanta Klimczak, PhD<\/p>\n<p>Plan Implementation Officer<\/p>\n<hr \/>\n<p>\n<\/div>\r\n                    <\/div>\r\n                <\/div>\r\n                <div class=\"text-modules\">\r\n                    <div class=\"container\">\r\n                        \r\n                        <div class=\"text-modules__content\"><\/p>\n<p>Katarzyna Wi\u0119cek-Jakubek, MA<\/p>\n<p>Plan Implementation Officer<\/p>\n<hr \/>\n<p>\n<\/div>\r\n                    <\/div>\r\n                <\/div>\r\n                <div class=\"text-modules\">\r\n                    <div class=\"container\">\r\n                        \r\n                        <div class=\"text-modules__content\"><\/p>\n<p>Ma\u0142gorzata Chrupa\u0142a-Pniak, PhD<\/p>\n<p>Plan Implementation Officer<\/p>\n<hr \/>\n<p>\n<\/div>\r\n                    <\/div>\r\n                <\/div>\r\n                <div class=\"text-modules\">\r\n                    <div class=\"container\">\r\n                        \r\n                        <div class=\"text-modules__content\"><\/p>\n<p>Olga Sitarz, PhD, DLitt, Assoc. Prof.<\/p>\n<p>Disciplinary Proceedings Representative<\/p>\n<hr \/>\n<p>\n<\/div>\r\n                    <\/div>\r\n                <\/div>\r\n                <div class=\"text-modules\">\r\n                    <div class=\"container\">\r\n                        \r\n                        <div class=\"text-modules__content\"><\/p>\n<p>Wiktoria Grelewicz<\/p>\n<p><span class=\"fPTSN\">Student Representative<\/span><\/p>\n<hr \/>\n<p>\n<\/div>\r\n                    <\/div>\r\n                <\/div>\r\n                <div class=\"text-modules\">\r\n                    <div class=\"container\">\r\n                        \r\n                        <div class=\"text-modules__content\"><\/p>\n<p>Krzysztof Krukowka<\/p>\n<p><span class=\"fPTSN\">Student Representative<\/span><\/p>\n<hr \/>\n<p>\n<\/div>\r\n                    <\/div>\r\n                <\/div>\r\n                <div class=\"text-modules\">\r\n                    <div class=\"container\">\r\n                        \r\n                        <div class=\"text-modules__content\"><\/p>\n<p>Micha\u0142 G\u0119bicki, MA<\/p>\n<p>Doctoral Student Representative<\/p>\n<hr \/>\n<p>\n<\/div>\r\n                    <\/div>\r\n                <\/div>\r\n                <div class=\"text-modules\">\r\n                    <div class=\"container\">\r\n                        \r\n                        <div class=\"text-modules__content\"><\/p>\n<p>Aneta Trojanowska, MA<\/p>\n<p>Trade Union Representative<\/p>\n<hr \/>\n<p>\n<\/div>\r\n                    <\/div>\r\n                <\/div>\r\n                <div class=\"text-modules\">\r\n                    <div class=\"container\">\r\n                        \r\n                        <div class=\"text-modules__content\"><\/p>\n<p>Krzysztof Pszcz\u00f3\u0142ka, MA<\/p>\n<p>Trade Union Representative<\/p>\n<hr \/>\n<p>\n<\/div>\r\n                    <\/div>\r\n                <\/div>\r\n                <div class=\"text-modules\">\r\n                    <div class=\"container\">\r\n                        \r\n                        <div class=\"text-modules__content\"><\/p>\n<p>Barbara Smorczewska, PhD<\/p>\n<p>Non-Academic Employee Representative<\/p>\n<hr \/>\n<p>\n<\/div>\r\n                    <\/div>\r\n                <\/div>\r\n                <div class=\"text-modules\">\r\n                    <div class=\"container\">\r\n                        \r\n                        <div class=\"text-modules__content\"><\/p>\n<p>Krzysztof Paj\u0105k<\/p>\n<p>Non-Academic Employee Representative<\/p>\n<hr \/>\n<p>\n<\/div>\r\n                    <\/div>\r\n                <\/div>\r\n                <div class=\"text-modules\">\r\n                    <div class=\"container\">\r\n                        \r\n                        <div class=\"text-modules__content\"><\/p>\n<p>Pawe\u0142 Ziegler, MA<\/p>\n<p>Non-Academic Employee Representative<\/p>\n<hr \/>\n<p>\n<\/div>\r\n                    <\/div>\r\n                <\/div>\r\n                <div class=\"text-modules\">\r\n                    <div class=\"container\">\r\n                        \r\n                        <div class=\"text-modules__content\"><\/p>\n<p>Krzysztof Szopa, PhD, DSc, Assoc. Prof.<\/p>\n<p>Faculty and Coordinator for Accessibility Representative<\/p>\n<hr \/>\n<p>\n<\/div>\r\n                    <\/div>\r\n                <\/div>\r\n                <div class=\"text-modules\">\r\n                    <div class=\"container\">\r\n                        \r\n                        <div class=\"text-modules__content\"><\/p>\n<p>Krystyna Doktorowicz, PhD, DLitt, Assoc. Prof.<\/p>\n<p>Faculty and Coordinator for Accessibility Representative<\/p>\n<hr \/>\n<p>\n<\/div>\r\n                    <\/div>\r\n                <\/div>\r\n                <div class=\"text-modules\">\r\n                    <div class=\"container\">\r\n                        \r\n                        <div class=\"text-modules__content\"><\/p>\n<p>Ma\u0142gorzata Gajos-Grzeti\u0107, PhD, DLitt, Assoc. Prof.<\/p>\n<p>Faculty and Coordinator for Accessibility Representative<\/p>\n<hr \/>\n<p>\n<\/div>\r\n                    <\/div>\r\n                <\/div>\r\n                <div class=\"text-modules\">\r\n                    <div class=\"container\">\r\n                        \r\n                        <div class=\"text-modules__content\"><\/p>\n<p>Witold Kurowski, PhD, DLitt, Assoc. Prof.<\/p>\n<p>Faculty and Coordinator for Accessibility Representative<\/p>\n<hr \/>\n<p>\n<\/div>\r\n                    <\/div>\r\n                <\/div>\r\n                <div class=\"text-modules\">\r\n                    <div class=\"container\">\r\n                        \r\n                        <div class=\"text-modules__content\"><\/p>\n<p>Adrian Robak, PhD, Assoc. Prof.<\/p>\n<p>Faculty and Coordinator for Accessibility Representative<\/p>\n<hr \/>\n<p>\n<\/div>\r\n                    <\/div>\r\n                <\/div>\r\n                <div class=\"text-modules\">\r\n                    <div class=\"container\">\r\n                        \r\n                        <div class=\"text-modules__content\"><\/p>\n<p>Monika Kornaszewska-Polak, PhD<\/p>\n<p>Faculty and Coordinator for Accessibility Representative<\/p>\n<hr \/>\n<p>\n<\/div>\r\n                    <\/div>\r\n                <\/div>[\/vc_column_inner][\/vc_row_inner][\/vc_column][\/vc_row][vc_row el_class=&#8221;container&#8221;][vc_column css=&#8221;.vc_custom_1637852821661{margin-top: -30px !important;}&#8221;][vc_btn title=&#8221;back to the site: equal treatment&#8221; style=&#8221;outline-custom&#8221; outline_custom_color=&#8221;#666666&#8243; outline_custom_hover_background=&#8221;#666666&#8243; outline_custom_hover_text=&#8221;#ffffff&#8221; shape=&#8221;round&#8221; size=&#8221;lg&#8221; align=&#8221;right&#8221; i_align=&#8221;right&#8221; i_icon_fontawesome=&#8221;&#8221; add_icon=&#8221;true&#8221; link=&#8221;url:%2Fuczelnia%2Frowne-traktowanie%2F|title:Przejd%C5%BA%20do%20strony%20R%C3%93WNE%20TRAKTOWANIE||&#8221; css=&#8221;.vc_custom_1757683326848{margin-bottom: 5px !important;margin-left: 10px !important;}&#8221;][\/vc_column][\/vc_row]<\/p>\n<p><\/p>","protected":false},"excerpt":{"rendered":"<p>[vc_row][vc_column][\/vc_column][\/vc_row][vc_row gap=&#8221;10&#8243; el_class=&#8221;container&#8221;][vc_column][vc_row_inner][vc_column_inner width=&#8221;1\/6&#8243;][\/vc_column_inner][vc_column_inner width=&#8221;5\/6&#8243;][\/vc_column_inner][\/vc_row_inner][\/vc_column][\/vc_row][vc_row el_class=&#8221;container&#8221;][vc_column css=&#8221;.vc_custom_1637852821661{margin-top: -30px !important;}&#8221;][vc_btn title=&#8221;back to the site: equal treatment&#8221; style=&#8221;outline-custom&#8221; outline_custom_color=&#8221;#666666&#8243; outline_custom_hover_background=&#8221;#666666&#8243; outline_custom_hover_text=&#8221;#ffffff&#8221; shape=&#8221;round&#8221; size=&#8221;lg&#8221; align=&#8221;right&#8221; i_align=&#8221;right&#8221; i_icon_fontawesome=&#8221;&#8221; add_icon=&#8221;true&#8221; link=&#8221;url:%2Fuczelnia%2Frowne-traktowanie%2F|title:Przejd%C5%BA%20do%20strony%20R%C3%93WNE%20TRAKTOWANIE||&#8221; css=&#8221;.vc_custom_1757683326848{margin-bottom: 5px !important;margin-left: 10px !important;}&#8221;][\/vc_column][\/vc_row] [&#8230;]<\/p>\n<p><a class=\"btn btn-secondary understrap-read-more-link\" href=\"https:\/\/us.edu.pl\/en\/archiwum-skladu-komisji-ds-rownosci-i-roznorodnosci\/\">Read More&#8230;<\/a><\/p>\n","protected":false},"author":29,"featured_media":0,"parent":0,"menu_order":0,"comment_status":"closed","ping_status":"closed","template":"","meta":{"_expiration-date-status":"","_expiration-date":0,"_expiration-date-type":"","_expiration-date-categories":[],"_expiration-date-options":[]},"acf":[],"_links":{"self":[{"href":"https:\/\/us.edu.pl\/en\/wp-json\/wp\/v2\/pages\/215373"}],"collection":[{"href":"https:\/\/us.edu.pl\/en\/wp-json\/wp\/v2\/pages"}],"about":[{"href":"https:\/\/us.edu.pl\/en\/wp-json\/wp\/v2\/types\/page"}],"author":[{"embeddable":true,"href":"https:\/\/us.edu.pl\/en\/wp-json\/wp\/v2\/users\/29"}],"replies":[{"embeddable":true,"href":"https:\/\/us.edu.pl\/en\/wp-json\/wp\/v2\/comments?post=215373"}],"version-history":[{"count":1,"href":"https:\/\/us.edu.pl\/en\/wp-json\/wp\/v2\/pages\/215373\/revisions"}],"predecessor-version":[{"id":241202,"href":"https:\/\/us.edu.pl\/en\/wp-json\/wp\/v2\/pages\/215373\/revisions\/241202"}],"wp:attachment":[{"href":"https:\/\/us.edu.pl\/en\/wp-json\/wp\/v2\/media?parent=215373"}],"curies":[{"name":"wp","href":"https:\/\/api.w.org\/{rel}","templated":true}]}}