{"id":221421,"date":"2025-04-10T11:38:07","date_gmt":"2025-04-10T09:38:07","guid":{"rendered":"https:\/\/us.edu.pl\/?page_id=221421"},"modified":"2025-04-22T14:55:39","modified_gmt":"2025-04-22T12:55:39","slug":"centrum-wspolpracy-polska-korea-poludniowa","status":"publish","type":"page","link":"https:\/\/us.edu.pl\/en\/wspolpraca\/centrum-wspolpracy-polska-korea-poludniowa\/","title":{"rendered":"Centre for Poland-South Korea Cooperation"},"content":{"rendered":"<p><\/p>\n<p>[vc_row el_class=&#8221;container&#8221;][vc_column][vc_raw_html]JTNDaDIlMjBjbGFzcyUzRCUyMnBhZ2UtdGl0bGUlMjIlM0VDZW50cmUlMjBmb3IlMjBQb2xhbmQtU291dGglMjBLb3JlYSUyMENvb3BlcmF0aW9uJTNDJTJGaCUzRQ==[\/vc_raw_html][\/vc_column][\/vc_row][vc_row][vc_column][vc_single_image image=&#8221;221493&#8243; img_size=&#8221;full&#8221; add_caption=&#8221;yes&#8221; alignment=&#8221;center&#8221;][\/vc_column][\/vc_row][vc_row el_class=&#8221;container&#8221;][vc_column width=&#8221;1\/6&#8243;][\/vc_column][vc_column width=&#8221;2\/3&#8243;]\r\n                <div class=\"text-modules\">\r\n                    <div class=\"container\">\r\n                        \r\n                        <div class=\"text-modules__content\"><\/p>\n<p><span style=\"font-size: 24px;\">The Centre for Poland-South Korea Cooperation at the University of Silesia in Katowice was established to support initiatives related to South Korea and strengthen Polish-Korean relations. As part of the University of Silesia, the Centre contributes to the development of academic, cultural and economic cooperation.<\/span><\/p>\n<p>\n<\/div>\r\n                    <\/div>\r\n                <\/div>[\/vc_column][vc_column width=&#8221;1\/6&#8243;][\/vc_column][\/vc_row][vc_row][vc_column][vc_empty_space css=&#8221;.vc_custom_1744282226408{background-color: #002e5a !important;}&#8221;][\/vc_column][\/vc_row][vc_row][vc_column][vc_empty_space height=&#8221;20px&#8221;][\/vc_column][\/vc_row][vc_row el_class=&#8221;container&#8221;][vc_column width=&#8221;2\/3&#8243;]\r\n                <div class=\"text-modules\">\r\n                    <div class=\"container\">\r\n                        \r\n                        <div class=\"text-modules__content\"><\/p>\n<h3>Purpose<\/h3>\n<p>The Centre&#8217;s activities include:<\/p>\n<ul>\n<li>academic cooperation \u2013 exchange of students and scientists, research projects, promotion of Korean and Polish studies<\/li>\n<li>culture and society \u2013 events, workshops and initiatives bringing Poland and Korea closer together<\/li>\n<li>economy and business &#8211; networking, support for companies<\/li>\n<\/ul>\n<p>Thanks to the support of the University of Silesia, the Centre connects the world of science, business and culture between Poland and South Korea.<\/p>\n<p>\n<\/div>\r\n                    <\/div>\r\n                <\/div>\r\n                <div class=\"text-modules\">\r\n                    <div class=\"container\">\r\n                        \r\n                        <div class=\"text-modules__content\"><\/p>\n<h3>Offer<\/h3>\n<ul>\n<li>organisation of joint research projects<\/li>\n<li>providing support for people interested in studying in South Korea and Poland<\/li>\n<li>events promoting Polish and Korean cultures<\/li>\n<li>workshops and meetings with experts on South Korea<\/li>\n<li>networking and support for companies interested in the Korean and Polish markets<\/li>\n<li>assistance in establishing contacts between entrepreneurs<\/li>\n<\/ul>\n<p>\n<\/div>\r\n                    <\/div>\r\n                <\/div>[\/vc_column][vc_column width=&#8221;1\/3&#8243; css=&#8221;.vc_custom_1744281940917{background-color: #002e5a !important;}&#8221;][vc_empty_space height=&#8221;20px&#8221;]\r\n                <div class=\"text-modules\">\r\n                    <div class=\"container\">\r\n                        \r\n                        <div class=\"text-modules__content\"><\/p>\n<p><img class=\"alignnone size-full wp-image-221429\" src=\"https:\/\/us.edu.pl\/wp-content\/uploads\/obrazki-stron\/centrum-polska-korea\/znak-graficzny-centrum-Korea.png\" alt=\"znak graficzny Centrum Wsp\u00f3\u0142pracy Polska-Korea Po\u0142udniowa U\u015a\" width=\"100%\" height=\"auto\" srcset=\"https:\/\/us.edu.pl\/wp-content\/uploads\/obrazki-stron\/centrum-polska-korea\/znak-graficzny-centrum-Korea.png 800w, https:\/\/us.edu.pl\/wp-content\/uploads\/obrazki-stron\/centrum-polska-korea\/znak-graficzny-centrum-Korea-768x805.png 768w, https:\/\/us.edu.pl\/wp-content\/uploads\/obrazki-stron\/centrum-polska-korea\/znak-graficzny-centrum-Korea-548x575.png 548w\" sizes=\"(max-width: 800px) 100vw, 800px\" \/><\/p>\n<p>\n<\/div>\r\n                    <\/div>\r\n                <\/div>[\/vc_column][\/vc_row][vc_row content_placement=&#8221;middle&#8221; el_class=&#8221;container&#8221;][vc_column width=&#8221;2\/3&#8243;]\r\n                <div class=\"text-modules\">\r\n                    <div class=\"container\">\r\n                        \r\n                        <div class=\"text-modules__content\"><\/p>\n<h3>Contact<\/h3>\n<p>Head: Chang Il You, PhD (Faculty of Humanities of the University of Silesia)<br \/>\naddress: ul. Bankowa 14, 40-007 Katowice<br \/>\ne-mail: <a href=\"mailto:chang-il.you@us.edu.pl\">chang-il.you@us.edu.pl<\/a>, <a href=\"mailto:centrumkorea@us.edu.pl\">centrumkorea@us.edu.pl<\/a><\/p>\n<p>\n<\/div>\r\n                    <\/div>\r\n                <\/div>[\/vc_column][vc_column width=&#8221;1\/3&#8243;][vc_row_inner][vc_column_inner width=&#8221;1\/3&#8243;][vc_icon icon_fontawesome=&#8221;fab fa-facebook&#8221; color=&#8221;custom&#8221; size=&#8221;xl&#8221; align=&#8221;center&#8221; link=&#8221;url:https%3A%2F%2Fwww.facebook.com%2Fprofile.php%3Fid%3D61574740196664|title:Link%20do%20Facebooka%20Centrum%20Wsp%C3%B3%C5%82pracy%20Polska-Korea%20Po%C5%82udniowa%20Uniwersytetu%20%C5%9Al%C4%85skiego%20w%20Katowicach|target:_blank&#8221; custom_color=&#8221;#002e5a&#8221;][\/vc_column_inner][vc_column_inner width=&#8221;1\/3&#8243;][vc_icon icon_fontawesome=&#8221;fab fa-instagram&#8221; color=&#8221;custom&#8221; size=&#8221;xl&#8221; align=&#8221;center&#8221; link=&#8221;url:https%3A%2F%2Fwww.instagram.com%2Fcwpkp_us%2F%23|title:Link%20do%20Instagrama%20Centrum%20Wsp%C3%B3%C5%82pracy%20Polska-Korea%20Po%C5%82udniowa%20Uniwersytetu%20%C5%9Al%C4%85skiego%20w%20Katowicach&#8221; custom_color=&#8221;#002e5a&#8221;][\/vc_column_inner][vc_column_inner width=&#8221;1\/3&#8243;][vc_icon icon_fontawesome=&#8221;fab fa-linkedin&#8221; color=&#8221;custom&#8221; size=&#8221;xl&#8221; align=&#8221;center&#8221; custom_color=&#8221;#002e5a&#8221; link=&#8221;url:https%3A%2F%2Fwww.linkedin.com%2Fcompany%2Fcentrum-wsp%25C3%25B3%25C5%2582pracy-polska-korea-po%25C5%2582udniowa-u%25C5%259B%2F%3Ffbclid%3DIwY2xjawJSpZtleHRuA2FlbQIxMAABHcFcFbOmhuh7Y8bBHc4V4pQkpCegi5DGvjmoyg1BZw7YECz48rK8EiEcUQ_aem_zFL3Xe0tDKiCaFkZ-6VspA|title:Link%20do%20LinkedIna%20Centrum%20Wsp%C3%B3%C5%82pracy%20Polska-Korea%20Po%C5%82udniowa%20Uniwersytetu%20%C5%9Al%C4%85skiego%20w%20Katowicach&#8221;][\/vc_column_inner][\/vc_row_inner][\/vc_column][\/vc_row][vc_row][vc_column][vc_empty_space][\/vc_column][\/vc_row][vc_row el_class=&#8221;container&#8221;][vc_column width=&#8221;1\/2&#8243;][vc_single_image image=&#8221;221513&#8243; img_size=&#8221;full&#8221; add_caption=&#8221;yes&#8221; alignment=&#8221;center&#8221; onclick=&#8221;link_image&#8221;][\/vc_column][vc_column width=&#8221;1\/2&#8243;][vc_single_image image=&#8221;221509&#8243; img_size=&#8221;full&#8221; add_caption=&#8221;yes&#8221; alignment=&#8221;center&#8221; onclick=&#8221;link_image&#8221;][\/vc_column][\/vc_row][vc_row][vc_column][vc_empty_space][\/vc_column][\/vc_row]<\/p>\n<p><\/p>","protected":false},"excerpt":{"rendered":"<p>[vc_row el_class=&#8221;container&#8221;][vc_column][vc_raw_html]JTNDaDIlMjBjbGFzcyUzRCUyMnBhZ2UtdGl0bGUlMjIlM0VDZW50cmUlMjBmb3IlMjBQb2xhbmQtU291dGglMjBLb3JlYSUyMENvb3BlcmF0aW9uJTNDJTJGaCUzRQ==[\/vc_raw_html][\/vc_column][\/vc_row][vc_row][vc_column][vc_single_image image=&#8221;221493&#8243; img_size=&#8221;full&#8221; add_caption=&#8221;yes&#8221; alignment=&#8221;center&#8221;][\/vc_column][\/vc_row][vc_row el_class=&#8221;container&#8221;][vc_column width=&#8221;1\/6&#8243;][\/vc_column][vc_column width=&#8221;2\/3&#8243;][\/vc_column][vc_column width=&#8221;1\/6&#8243;][\/vc_column][\/vc_row][vc_row][vc_column][vc_empty_space css=&#8221;.vc_custom_1744282226408{background-color: #002e5a !important;}&#8221;][\/vc_column][\/vc_row][vc_row][vc_column][vc_empty_space height=&#8221;20px&#8221;][\/vc_column][\/vc_row][vc_row el_class=&#8221;container&#8221;][vc_column width=&#8221;2\/3&#8243;][\/vc_column][vc_column width=&#8221;1\/3&#8243; css=&#8221;.vc_custom_1744281940917{background-color: #002e5a !important;}&#8221;][vc_empty_space height=&#8221;20px&#8221;][\/vc_column][\/vc_row][vc_row content_placement=&#8221;middle&#8221; el_class=&#8221;container&#8221;][vc_column width=&#8221;2\/3&#8243;][\/vc_column][vc_column width=&#8221;1\/3&#8243;][vc_row_inner][vc_column_inner width=&#8221;1\/3&#8243;][vc_icon icon_fontawesome=&#8221;fab fa-facebook&#8221; color=&#8221;custom&#8221; size=&#8221;xl&#8221; align=&#8221;center&#8221; link=&#8221;url:https%3A%2F%2Fwww.facebook.com%2Fprofile.php%3Fid%3D61574740196664|title:Link%20do%20Facebooka%20Centrum%20Wsp%C3%B3%C5%82pracy%20Polska-Korea%20Po%C5%82udniowa%20Uniwersytetu%20%C5%9Al%C4%85skiego%20w%20Katowicach|target:_blank&#8221; custom_color=&#8221;#002e5a&#8221;][\/vc_column_inner][vc_column_inner width=&#8221;1\/3&#8243;][vc_icon icon_fontawesome=&#8221;fab fa-instagram&#8221; color=&#8221;custom&#8221; size=&#8221;xl&#8221; align=&#8221;center&#8221; link=&#8221;url:https%3A%2F%2Fwww.instagram.com%2Fcwpkp_us%2F%23|title:Link%20do%20Instagrama%20Centrum%20Wsp%C3%B3%C5%82pracy%20Polska-Korea%20Po%C5%82udniowa%20Uniwersytetu%20%C5%9Al%C4%85skiego%20w%20Katowicach&#8221; custom_color=&#8221;#002e5a&#8221;][\/vc_column_inner][vc_column_inner width=&#8221;1\/3&#8243;][vc_icon icon_fontawesome=&#8221;fab fa-linkedin&#8221; color=&#8221;custom&#8221; size=&#8221;xl&#8221; align=&#8221;center&#8221; custom_color=&#8221;#002e5a&#8221; link=&#8221;url:https%3A%2F%2Fwww.linkedin.com%2Fcompany%2Fcentrum-wsp%25C3%25B3%25C5%2582pracy-polska-korea-po%25C5%2582udniowa-u%25C5%259B%2F%3Ffbclid%3DIwY2xjawJSpZtleHRuA2FlbQIxMAABHcFcFbOmhuh7Y8bBHc4V4pQkpCegi5DGvjmoyg1BZw7YECz48rK8EiEcUQ_aem_zFL3Xe0tDKiCaFkZ-6VspA|title:Link%20do%20LinkedIna%20Centrum%20Wsp%C3%B3%C5%82pracy%20Polska-Korea%20Po%C5%82udniowa%20Uniwersytetu%20%C5%9Al%C4%85skiego%20w%20Katowicach&#8221;][\/vc_column_inner][\/vc_row_inner][\/vc_column][\/vc_row][vc_row][vc_column][vc_empty_space][\/vc_column][\/vc_row][vc_row el_class=&#8221;container&#8221;][vc_column width=&#8221;1\/2&#8243;][vc_single_image image=&#8221;221513&#8243; img_size=&#8221;full&#8221; add_caption=&#8221;yes&#8221; alignment=&#8221;center&#8221; [&#8230;]<\/p>\n<p><a class=\"btn btn-secondary understrap-read-more-link\" href=\"https:\/\/us.edu.pl\/en\/wspolpraca\/centrum-wspolpracy-polska-korea-poludniowa\/\">Read More&#8230;<\/a><\/p>\n","protected":false},"author":33,"featured_media":221493,"parent":75909,"menu_order":0,"comment_status":"closed","ping_status":"closed","template":"","meta":{"_expiration-date-status":"","_expiration-date":0,"_expiration-date-type":"","_expiration-date-categories":[],"_expiration-date-options":[]},"acf":[],"_links":{"self":[{"href":"https:\/\/us.edu.pl\/en\/wp-json\/wp\/v2\/pages\/221421"}],"collection":[{"href":"https:\/\/us.edu.pl\/en\/wp-json\/wp\/v2\/pages"}],"about":[{"href":"https:\/\/us.edu.pl\/en\/wp-json\/wp\/v2\/types\/page"}],"author":[{"embeddable":true,"href":"https:\/\/us.edu.pl\/en\/wp-json\/wp\/v2\/users\/33"}],"replies":[{"embeddable":true,"href":"https:\/\/us.edu.pl\/en\/wp-json\/wp\/v2\/comments?post=221421"}],"version-history":[{"count":2,"href":"https:\/\/us.edu.pl\/en\/wp-json\/wp\/v2\/pages\/221421\/revisions"}],"predecessor-version":[{"id":223437,"href":"https:\/\/us.edu.pl\/en\/wp-json\/wp\/v2\/pages\/221421\/revisions\/223437"}],"up":[{"embeddable":true,"href":"https:\/\/us.edu.pl\/en\/wp-json\/wp\/v2\/pages\/75909"}],"wp:featuredmedia":[{"embeddable":true,"href":"https:\/\/us.edu.pl\/en\/wp-json\/wp\/v2\/media\/221493"}],"wp:attachment":[{"href":"https:\/\/us.edu.pl\/en\/wp-json\/wp\/v2\/media?parent=221421"}],"curies":[{"name":"wp","href":"https:\/\/api.w.org\/{rel}","templated":true}]}}