{"id":225029,"date":"2025-05-08T13:23:33","date_gmt":"2025-05-08T11:23:33","guid":{"rendered":"https:\/\/us.edu.pl\/?page_id=225029"},"modified":"2025-06-11T15:01:39","modified_gmt":"2025-06-11T13:01:39","slug":"pozar","status":"publish","type":"page","link":"https:\/\/us.edu.pl\/en\/bezpieczenstwo\/pozar\/","title":{"rendered":"Fire"},"content":{"rendered":"<p><\/p>\n<p>[vc_row][vc_column]\r\n                <div class=\"text-modules\">\r\n                    <div class=\"container\">\r\n                        <h3 class=\"page-title text__title\">Fire<\/h3>\r\n                        <div class=\"text-modules__content\"><\/p>\n<p>Notify the facility <a href=\"https:\/\/us.edu.pl\/en\/bezpieczenstwo\/dane-kontaktowe\/\"><strong>administrator or security,<\/strong><\/a> who will inform the appropriate services about the emergency. You can also notify the appropriate services directly by calling <strong>the<\/strong> <strong>emergency number 112 or 998<\/strong><strong>.<\/strong><\/p>\n<ul>\n<li>notify the building administrator or security guard of the emergency;<\/li>\n<li>notify other people about the emergency;<\/li>\n<li>if it does not pose a threat to your safety, take up fire extinguishing action using hand-held fire extinguishing equipment (e.g. fire extinguishers, internal hydrants) available in the building;<\/li>\n<li>after an evacuation announcement, leave the building via designated evacuation routes;<\/li>\n<li>go outside the building to the emergency gathering point:<br \/>\n<img class=\"size-full wp-image-225037 aligncenter\" src=\"https:\/\/us.edu.pl\/wp-content\/uploads\/Podstrona-Bezpieczenstwo\/piktogtam-miejsce-zbiorki.jpg\" alt=\"Na zielonym tle, strza\u0142ki i ludzie, poni\u017cej napis Miejsce zbi\u00f3rki do ewakuacji\" width=\"90\" height=\"121\" \/><\/li>\n<li>follow the instructions of the persons directing the fire extinguishing operation.<\/li>\n<\/ul>\n<p>\n<\/div>\r\n                    <\/div>\r\n                <\/div>[\/vc_column][\/vc_row]<\/p>\n<p><\/p>","protected":false},"excerpt":{"rendered":"<p>[vc_row][vc_column][\/vc_column][\/vc_row] [&#8230;]<\/p>\n<p><a class=\"btn btn-secondary understrap-read-more-link\" href=\"https:\/\/us.edu.pl\/en\/bezpieczenstwo\/pozar\/\">Read More&#8230;<\/a><\/p>\n","protected":false},"author":28,"featured_media":0,"parent":224881,"menu_order":0,"comment_status":"closed","ping_status":"closed","template":"page-templates\/inner-page.php","meta":{"_expiration-date-status":"","_expiration-date":0,"_expiration-date-type":"","_expiration-date-categories":[],"_expiration-date-options":[]},"acf":[],"_links":{"self":[{"href":"https:\/\/us.edu.pl\/en\/wp-json\/wp\/v2\/pages\/225029"}],"collection":[{"href":"https:\/\/us.edu.pl\/en\/wp-json\/wp\/v2\/pages"}],"about":[{"href":"https:\/\/us.edu.pl\/en\/wp-json\/wp\/v2\/types\/page"}],"author":[{"embeddable":true,"href":"https:\/\/us.edu.pl\/en\/wp-json\/wp\/v2\/users\/28"}],"replies":[{"embeddable":true,"href":"https:\/\/us.edu.pl\/en\/wp-json\/wp\/v2\/comments?post=225029"}],"version-history":[{"count":2,"href":"https:\/\/us.edu.pl\/en\/wp-json\/wp\/v2\/pages\/225029\/revisions"}],"predecessor-version":[{"id":234327,"href":"https:\/\/us.edu.pl\/en\/wp-json\/wp\/v2\/pages\/225029\/revisions\/234327"}],"up":[{"embeddable":true,"href":"https:\/\/us.edu.pl\/en\/wp-json\/wp\/v2\/pages\/224881"}],"wp:attachment":[{"href":"https:\/\/us.edu.pl\/en\/wp-json\/wp\/v2\/media?parent=225029"}],"curies":[{"name":"wp","href":"https:\/\/api.w.org\/{rel}","templated":true}]}}