{"id":57260,"date":"2019-09-05T10:38:14","date_gmt":"2019-09-05T09:38:14","guid":{"rendered":"https:\/\/us.edu.pl\/?page_id=57260"},"modified":"2025-01-15T12:23:10","modified_gmt":"2025-01-15T11:23:10","slug":"system-identyfikacji-wizualnej","status":"publish","type":"page","link":"https:\/\/us.edu.pl\/en\/uczelnia\/system-identyfikacji-wizualnej\/","title":{"rendered":"Visual Identity System"},"content":{"rendered":"<p><\/p>\n<p>[vc_row el_class=&#8221;container&#8221;][vc_column width=&#8221;5\/6&#8243;]\r\n                <div class=\"text-modules\">\r\n                    <div class=\"container\">\r\n                        <h3 class=\"page-title text__title\">Visual Identity System<\/h3>\r\n                        <div class=\"text-modules__content\"><\/p>\n<p>The Visual Identity System of the University of Silesia in Katowice has been developed to determine a transparent and coherent visual identity of the University.<\/p>\n<p>The System supports the University\u2019s visibility in Poland and worldwide. The document introduces rules that apply to internal units of the University of Silesia and any third parties when using ready-made and designing new elements for the University of Silesia&#8217;s visual identity.<\/p>\n<p>The Visual Identity System of the University of Silesia in Katowice is specified in the Brand Book, which contains the University emblem and detailed description of the graphic sign (logo) of the University of Silesia in Katowice, typography, colour scheme and specific elements of the Visual Identity System, including visiting cards, letterheads etc.<\/p>\n<p>In 2024, the Visual Identity System templates include the Transform4Europe logo.<\/p>\n<p>\n<\/div>\r\n                    <\/div>\r\n                <\/div>[vc_separator]\r\n                <div class=\"text-modules\">\r\n                    <div class=\"container\">\r\n                        \r\n                        <div class=\"text-modules__content\"><\/p>\n<h3>Materials for the University of Silesia community and third parties<\/h3>\n<p>\n<\/div>\r\n                    <\/div>\r\n                <\/div>[\/vc_column][vc_column width=&#8221;1\/6&#8243;][\/vc_column][\/vc_row][vc_row el_class=&#8221;container&#8221;][vc_column width=&#8221;5\/6&#8243;][vc_row_inner][vc_column_inner css=&#8221;.vc_custom_1710761470761{padding-left: 5px !important;border-radius: 5px !important;}&#8221;]\r\n                <div class=\"text-modules\">\r\n                    <div class=\"container\">\r\n                        \r\n                        <div class=\"text-modules__content\"><\/p>\n<h4>University of Silesia Logotype<\/h4>\n<p>\n<\/div>\r\n                    <\/div>\r\n                <\/div>[\/vc_column_inner][\/vc_row_inner][\/vc_column][vc_column width=&#8221;1\/6&#8243;][\/vc_column][\/vc_row][vc_row el_class=&#8221;container&#8221;][vc_column width=&#8221;1\/12&#8243;][\/vc_column][vc_column width=&#8221;8\/12&#8243;]\r\n                <div class=\"text-modules\">\r\n                    <div class=\"container\">\r\n                        \r\n                        <div class=\"text-modules__content\"><\/p>\n<p>The logo of the University of Silesia is a protected sign. It should be used by the university employees in connection with university activities and related to the University of Silesia. Its use must be consulted with the Promotion Centre of the University of Silesia (e-mail: <a href=\"mailto:promocja@us.edu.pl\">promocja@us.edu.pl<\/a>).<\/p>\n<p>Third parties may use the logo of the University pursuant to the Rules and Regulations for the Use of USil Logo and Logotype by Third Parties available at <a href=\"https:\/\/aktyprawne.us.edu.pl\/\">aktyprawne.us.edu.pl<\/a>, provided that no different document stipulates otherwise.<\/p>\n<p><a href=\"https:\/\/us.edu.pl\/wp-content\/uploads\/pliki\/obw2016100500_Regulamin-udostepniania-podmiotom-zewnetrznym-logo-i-logotypu_2016.pdf\" class=\"mtli_attachment mtli_pdf\" data-mtli=\"mtli_filesize72613kB\" class=\"mtli_attachment mtli_pdf\" data-mtli=\"mtli_filesize72613kB\">Rules and Regulations for the Use of USil Logo and Logotype by Third Parties<\/a><\/p>\n<p>Logotypes of faculties, institutes and research centres are available at individual units and the Promotion Centre. In order to have them shared, you can contact the Promotion Centre at\u00a0<a href=\"mailto:promocja@us.edu.pl\">promocja@us.edu.pl<\/a>.<\/p>\n<p>\n<style type=\"text\/css\">a[data-mtli~=\"mtli_filesize72613kB\"]:after {content:\" (726.13 kB)\"}<\/style><\/div>\r\n                    <\/div>\r\n                <\/div>\r\n                <div class=\"text-modules\">\r\n                    <div class=\"container\">\r\n                        \r\n                        <div class=\"text-modules__content\"><\/p>\n<h5>Downloadable files<\/h5>\n<p>\n<\/div>\r\n                    <\/div>\r\n                <\/div>\r\n                <div class=\"text-modules\">\r\n                    <div class=\"container\">\r\n                        \r\n                        <div class=\"text-modules__content\"><\/p>\n<p><strong>\u2192 <a href=\"https:\/\/us.edu.pl\/wp-content\/uploads\/strona-glowna\/system-identyfikacji-wizualnej\/Logo-PL-dla-poligrafii.zip\">USil logo for printing (in Polish)<\/a><\/strong><\/p>\n<p style=\"padding-left: 40px;\"><span style=\"font-size: 12px;\">The zip file (2.45 MB) contains: a horizontal logo with the name in CMYK, a horizontal logo with the name in Pantone, a horizontal logo with the name in black and white, a horizontal logo with the name in inverted CMYK, a horizontal logo with the name in inverted Pantone, a horizontal logo with the name in inverted black and white, a vertical logo with the name in CMYK, a vertical logo with the name in Pantone, a vertical logo with the name in black and white, a vertical logo with the name in inverted CMYK, a vertical logo with the name in inverted Pantone, a vertical logo with the name in inverted black and white<\/span><\/p>\n<p><strong>\u2192 <a href=\"https:\/\/us.edu.pl\/wp-content\/uploads\/strona-glowna\/system-identyfikacji-wizualnej\/Logo-PL-do-internetu.zip\"> USil logo for the Internet (in Polish)<\/a><\/strong><\/p>\n<p style=\"text-align: left; padding-left: 40px;\"><span style=\"font-size: 12px;\">The zip file (840 kB) contains: a horizontal logo with the name in colour, a horizontal logo with the name in white, a horizontal logo with the name in black, a vertical logo with the name in colour, a vertical logo with the name in white, a vertical logo with the name in black<\/span><\/p>\n<p><strong>\u2192 <a href=\"https:\/\/us.edu.pl\/wp-content\/uploads\/strona-glowna\/system-identyfikacji-wizualnej\/Logo-EN-dla-poligrafii.zip\">USil logo for printing (in English)<\/a><\/strong><\/p>\n<p style=\"padding-left: 40px;\"><span style=\"font-size: 12px;\">The zip file (1.21 MB) contains: a horizontal logo in CMYK, a horizontal logo in white, a horizontal logo in black, a vertical logo in CMYK, a vertical logo in white, a vertical logo in black<\/span><\/p>\n<p><strong>\u2192 <a href=\"https:\/\/us.edu.pl\/wp-content\/uploads\/strona-glowna\/system-identyfikacji-wizualnej\/Logo-EN-dla-internetu.zip\">USil logo for the Internet (in English)<\/a><\/strong><\/p>\n<p style=\"padding-left: 40px;\"><span style=\"font-size: 12px;\">The zip file (798 kB) contains: a horizontal logo in colour, a horizontal logo in white, a horizontal logo in black, a horizontal logo in grey<\/span><\/p>\n<p>\n<\/div>\r\n                    <\/div>\r\n                <\/div>[\/vc_column][vc_column width=&#8221;1\/12&#8243;][\/vc_column][\/vc_row][vc_row el_class=&#8221;container&#8221;][vc_column width=&#8221;5\/6&#8243;][vc_row_inner][vc_column_inner css=&#8221;.vc_custom_1710761470761{padding-left: 5px !important;border-radius: 5px !important;}&#8221;]\r\n                <div class=\"text-modules\">\r\n                    <div class=\"container\">\r\n                        \r\n                        <div class=\"text-modules__content\"><\/p>\n<h4>Visual Identity Guidelines<\/h4>\n<p>\n<\/div>\r\n                    <\/div>\r\n                <\/div>[\/vc_column_inner][\/vc_row_inner][\/vc_column][vc_column width=&#8221;1\/6&#8243;][\/vc_column][\/vc_row][vc_row el_class=&#8221;container&#8221;][vc_column width=&#8221;1\/12&#8243;][\/vc_column][vc_column width=&#8221;8\/12&#8243;][vc_empty_space][vc_video link=&#8221;https:\/\/issuu.com\/uniwersytetslaski\/docs\/ksiega_siw_us_full&#8221;][\/vc_column][vc_column width=&#8221;1\/12&#8243;][\/vc_column][\/vc_row][vc_row disable_element=&#8221;yes&#8221; el_class=&#8221;container&#8221;][vc_column width=&#8221;5\/6&#8243;][vc_tta_accordion title_tag=&#8221;p&#8221; shape=&#8221;square&#8221; color=&#8221;black&#8221; gap=&#8221;2&#8243; c_icon=&#8221;triangle&#8221; active_section=&#8221;0&#8243; no_fill=&#8221;true&#8221; collapsible_all=&#8221;true&#8221;][vc_tta_section title=&#8221;Logo Uniwersytetu \u015al\u0105skiego&#8221; tab_id=&#8221;logo&#8221;]\r\n                <div class=\"text-modules\">\r\n                    <div class=\"container\">\r\n                        \r\n                        <div class=\"text-modules__content\"><\/p>\n<p><img class=\"alignnone wp-image-73946\" src=\"https:\/\/us.edu.pl\/wp-content\/uploads\/strona-g\u0142\u00f3wna\/logo\/logo-U\u015a.svg\" alt=\"Logo Uniwersytetu \u015al\u0105skiego w Katowicach (czer\u0144)\" width=\"300\" \/><\/p>\n<p>Logo Uniwersytetu \u015al\u0105skiego jest znakiem chronionym, powinno by\u0107 wykorzystywane przez pracownik\u00f3w uczelni w zwi\u0105zku z dzia\u0142alno\u015bci\u0105 uniwersyteck\u0105 i dotycz\u0105c\u0105 Uniwersytetu \u015al\u0105skiego. Jego u\u017cycie nale\u017cy konsultowa\u0107 z Centrum Promocji Uniwersytetu \u015al\u0105skiego (e-mail: <a href=\"mailto:promocja@us.edu.pl\">promocja@us.edu.pl<\/a>).<\/p>\n<p>Podmioty zewn\u0119trzne mog\u0105 korzysta\u0107 z logo uczelni, je\u015bli nie okre\u015bla tego \u017caden inny dokument, zgodnie z regulaminem udost\u0119pniania podmiotom zewn\u0119trznym logo i logotypu Uniwersytetu \u015al\u0105skiego w Katowicach, dost\u0119pnym pod adresem: <a title=\"Obwieszczenie Rektora nr 20161005\/2016\" href=\"https:\/\/aktyprawne.us.edu.pl\/423-lista\/d\/26\/5\/\">aktyprawne.us.edu.pl<\/a>.<\/p>\n<p style=\"padding-left: 40px;\">Pobierz:<\/p>\n<ul>\n<li style=\"list-style-type: none;\">\n<ul>\n<li><a href=\"https:\/\/us.edu.pl\/wp-content\/uploads\/pliki\/obw2016100500_Regulamin-udostepniania-podmiotom-zewnetrznym-logo-i-logotypu_2016.pdf\" class=\"mtli_attachment mtli_pdf\" data-mtli=\"mtli_filesize72613kB\" class=\"mtli_attachment mtli_pdf\" data-mtli=\"mtli_filesize72613kB\">regulamin udost\u0119pniania podmiotom zewn\u0119trznym logo i logotypu Uniwersytetu \u015al\u0105skiego<\/a><\/li>\n<li><a href=\"https:\/\/us.edu.pl\/wp-content\/uploads\/pliki\/obw2016100501_Wniosek-o-udzielenie-licencji-na-uzycie-znaku-towarowego_US.pdf\" class=\"mtli_attachment mtli_pdf\" data-mtli=\"mtli_filesize44160kB\" class=\"mtli_attachment mtli_pdf\" data-mtli=\"mtli_filesize44160kB\">wniosek o udzielenie licencji na u\u017cycie znaku towarowego Uniwersytetu \u015al\u0105skiego<\/a><\/li>\n<\/ul>\n<\/li>\n<\/ul>\n<hr \/>\n<p>Pliki do pobrania<\/p>\n<p><a title=\"Pakiet .zip\" href=\"https:\/\/www.us.edu.pl\/wp-content\/uploads\/strona-g\u0142\u00f3wna\/system-identyfikacji-wizualnej\/logo_z_nazwa_w_jezyku_polskim_dla_poligrafii.zip\"><strong><span style=\"color: #002e5a;\">\u00bb logo (z nazw\u0105 w j\u0119zyku polskim) dla poligrafii\u00a0<\/span><\/strong><\/a><br \/>\npakiet .zip (2,45 MB) zawiera:<\/p>\n<ul>\n<li>\u00a0logo poziome z nazw\u0105 w cmyk,<\/li>\n<li>\u00a0logo poziome z nazw\u0105 w Pantone,<\/li>\n<li>\u00a0logo poziome z nazw\u0105 czarno-bia\u0142e,<\/li>\n<li>\u00a0logo poziome z nazw\u0105 inwersja w cmyk,<\/li>\n<li>\u00a0logo poziome z nazw\u0105 inwersja w Pantone,<\/li>\n<li>\u00a0logo poziome z nazw\u0105 inwersja czarno-bia\u0142a<\/li>\n<li>\u00a0logo pionowe z nazw\u0105 w cmyk,<\/li>\n<li>\u00a0logo pionowe z nazw\u0105 w Pantone,<\/li>\n<li>\u00a0logo pionowe z nazw\u0105 czarno-bia\u0142e,<\/li>\n<li>\u00a0logo pionowe z nazw\u0105 inwersja w cmyk,<\/li>\n<li>\u00a0logo pionowe z nazw\u0105 inwersja w Pantone,<\/li>\n<li>\u00a0logo pionowe z nazw\u0105 inwersja czarno-bia\u0142a.<\/li>\n<\/ul>\n<p><a title=\"Pakiet .zip\" href=\"https:\/\/www.us.edu.pl\/wp-content\/uploads\/strona-g\u0142\u00f3wna\/system-identyfikacji-wizualnej\/logo_z_nazwa_w_jezyku_polskim_do_internetu-1.zip\"><strong><span style=\"color: #002e5a;\">\u00bb logo (z nazw\u0105 w j\u0119zyku polskim) do internetu<\/span><\/strong><\/a><br \/>\npakiet .zip (840 kB) zawiera:<\/p>\n<ul>\n<li>logo poziome z nazw\u0105 w kolorze,<\/li>\n<li>logo poziome z nazw\u0105 bia\u0142e,<\/li>\n<li>logo poziome z nazw\u0105 czarne.<\/li>\n<li>logo pionowe z nazw\u0105 w kolorze,<\/li>\n<li>logo pionowe z nazw\u0105 bia\u0142e,<\/li>\n<li>logo pionowe z nazw\u0105 czarne.<\/li>\n<\/ul>\n<p><a href=\"https:\/\/www.us.edu.pl\/wp-content\/uploads\/strona-g\u0142\u00f3wna\/system-identyfikacji-wizualnej\/logo_en_dla_poligrafii-1.zip\"><strong><span style=\"color: #002e5a;\">\u00bb logo (z nazw\u0105 w j\u0119zyku angielskim) dla poligrafii<\/span><\/strong><\/a><br \/>\npakiet .zip (1,21 MB) zawiera:<\/p>\n<ul>\n<li>logo poziome w cmyk,<\/li>\n<li>logo poziome \u2013 bia\u0142y,<\/li>\n<li>logo poziome \u2013 czarny,<\/li>\n<li>logo pionowe w cmyk,<\/li>\n<li>logo pionowe \u2013 bia\u0142y,<\/li>\n<li>logo pionowe\u00a0 \u2013 czarny.<\/li>\n<\/ul>\n<p><a href=\"https:\/\/www.us.edu.pl\/wp-content\/uploads\/strona-g\u0142\u00f3wna\/system-identyfikacji-wizualnej\/logo_en_dla_internetu-1.zip\"><strong><span style=\"color: #002e5a;\">\u00bb logo (z nazw\u0105 w j\u0119zyku angielskim) do internetu<\/span><\/strong><\/a><br \/>\npakiet .zip (798 kB) zawiera:<\/p>\n<ul>\n<li>logo poziome w kolorze,<\/li>\n<li>logo poziome \u2013 bia\u0142y,<\/li>\n<li>logo poziome \u2013 czarny,<\/li>\n<li>logo poziome \u2013 szary.<\/li>\n<\/ul>\n<p>\n<style type=\"text\/css\">a[data-mtli~=\"mtli_filesize72613kB\"]:after {content:\" (726.13 kB)\"}a[data-mtli~=\"mtli_filesize44160kB\"]:after {content:\" (441.60 kB)\"}<\/style><\/div>\r\n                    <\/div>\r\n                <\/div>[\/vc_tta_section][vc_tta_section title=&#8221;Ksi\u0119ga systemu identyfikacji wizualnej&#8221; tab_id=&#8221;ksiega-siw&#8221;]\r\n                <div class=\"text-modules\">\r\n                    <div class=\"container\">\r\n                        \r\n                        <div class=\"text-modules__content\"><\/p>\n<p><a href=\"https:\/\/us.edu.pl\/wp-content\/uploads\/strona-g\u0142\u00f3wna\/system-identyfikacji-wizualnej\/Ksiega_SIW_US_web.pdf\" class=\"mtli_attachment mtli_pdf\" data-mtli=\"mtli_filesize738MB\" class=\"mtli_attachment mtli_pdf\" data-mtli=\"mtli_filesize738MB\">Ksi\u0119ga systemu identyfikacji wizualnej<\/a><\/p>\n<p>\n<style type=\"text\/css\">a[data-mtli~=\"mtli_filesize738MB\"]:after {content:\" (7.38 MB)\"}<\/style><\/div>\r\n                    <\/div>\r\n                <\/div>[vc_video link=&#8221;https:\/\/issuu.com\/uniwersytetslaski\/docs\/ksiega_siw_us_full&#8221; el_width=&#8221;70&#8243;][\/vc_tta_section][vc_tta_section title=&#8221;Ksi\u0119ga znaku&#8221; tab_id=&#8221;ksiega-znaku&#8221;]\r\n                <div class=\"text-modules\">\r\n                    <div class=\"container\">\r\n                        \r\n                        <div class=\"text-modules__content\"><\/p>\n<p><a href=\"https:\/\/us.edu.pl\/wp-content\/uploads\/strona-g\u0142\u00f3wna\/system-identyfikacji-wizualnej\/SKZ_US_PL.pdf\" class=\"mtli_attachment mtli_pdf\" data-mtli=\"mtli_filesize303MB\" class=\"mtli_attachment mtli_pdf\" data-mtli=\"mtli_filesize303MB\">Ksi\u0119ga znaku<\/a><\/p>\n<p>\n<style type=\"text\/css\">a[data-mtli~=\"mtli_filesize303MB\"]:after {content:\" (3.03 MB)\"}<\/style><\/div>\r\n                    <\/div>\r\n                <\/div>[\/vc_tta_section][\/vc_tta_accordion][\/vc_column][vc_column width=&#8221;1\/6&#8243;][\/vc_column][\/vc_row][vc_row el_class=&#8221;container&#8221;][vc_column width=&#8221;5\/6&#8243;][vc_separator][\/vc_column][vc_column width=&#8221;1\/6&#8243;][\/vc_column][\/vc_row][vc_row el_class=&#8221;container&#8221;][vc_column width=&#8221;5\/6&#8243;]\r\n                <div class=\"text-modules\">\r\n                    <div class=\"container\">\r\n                        \r\n                        <div class=\"text-modules__content\"><\/p>\n<h3>Materials available for the University of Silesia community (after logging in)<\/h3>\n<ul>\n<li>Emblem<\/li>\n<li>Typography<\/li>\n<li>Presentation Backgrounds<\/li>\n<li>Backgrounds for Online Meetings<\/li>\n<li>University Letterhead<\/li>\n<li>Business Card<\/li>\n<li>Special Characters<\/li>\n<li>Audio-visual Branding for Multimedia Materials<\/li>\n<li>Promotional Materials in the USil Warehouse<\/li>\n<li>Branding Elements for Hire<\/li>\n<\/ul>\n<p>\n<\/div>\r\n                    <\/div>\r\n                <\/div>[vc_btn title=&#8221;materials available after logging in&#8221; style=&#8221;flat&#8221; shape=&#8221;square&#8221; color=&#8221;blue&#8221; size=&#8221;lg&#8221; link=&#8221;url:https%3A%2F%2Fus.edu.pl%2Fpracownik%2Fsystem-identyfikacji-wizualnej-materialy-dla-wspolnoty-us%2F&#8221;][\/vc_column][vc_column width=&#8221;1\/6&#8243;][\/vc_column][\/vc_row][vc_row][vc_column width=&#8221;5\/6&#8243;][vc_empty_space][\/vc_column][vc_column width=&#8221;1\/6&#8243;][\/vc_column][\/vc_row]<\/p>\n<p><\/p>\n<style type=\"text\/css\">a[data-mtli~=\"mtli_filesize72613kB\"]:after {content:\" (726.13 kB)\"}a[data-mtli~=\"mtli_filesize44160kB\"]:after {content:\" (441.60 kB)\"}a[data-mtli~=\"mtli_filesize738MB\"]:after {content:\" (7.38 MB)\"}a[data-mtli~=\"mtli_filesize303MB\"]:after {content:\" (3.03 MB)\"}<\/style>","protected":false},"excerpt":{"rendered":"<p>[vc_row el_class=&#8221;container&#8221;][vc_column width=&#8221;5\/6&#8243;][vc_separator][\/vc_column][vc_column width=&#8221;1\/6&#8243;][\/vc_column][\/vc_row][vc_row el_class=&#8221;container&#8221;][vc_column width=&#8221;5\/6&#8243;][vc_row_inner][vc_column_inner css=&#8221;.vc_custom_1710761470761{padding-left: 5px !important;border-radius: 5px !important;}&#8221;][\/vc_column_inner][\/vc_row_inner][\/vc_column][vc_column width=&#8221;1\/6&#8243;][\/vc_column][\/vc_row][vc_row el_class=&#8221;container&#8221;][vc_column width=&#8221;1\/12&#8243;][\/vc_column][vc_column width=&#8221;8\/12&#8243;][\/vc_column][vc_column width=&#8221;1\/12&#8243;][\/vc_column][\/vc_row][vc_row el_class=&#8221;container&#8221;][vc_column width=&#8221;5\/6&#8243;][vc_row_inner][vc_column_inner css=&#8221;.vc_custom_1710761470761{padding-left: 5px !important;border-radius: 5px !important;}&#8221;][\/vc_column_inner][\/vc_row_inner][\/vc_column][vc_column width=&#8221;1\/6&#8243;][\/vc_column][\/vc_row][vc_row el_class=&#8221;container&#8221;][vc_column width=&#8221;1\/12&#8243;][\/vc_column][vc_column width=&#8221;8\/12&#8243;][vc_empty_space][vc_video link=&#8221;https:\/\/issuu.com\/uniwersytetslaski\/docs\/ksiega_siw_us_full&#8221;][\/vc_column][vc_column width=&#8221;1\/12&#8243;][\/vc_column][\/vc_row][vc_row disable_element=&#8221;yes&#8221; el_class=&#8221;container&#8221;][vc_column width=&#8221;5\/6&#8243;][vc_tta_accordion title_tag=&#8221;p&#8221; shape=&#8221;square&#8221; color=&#8221;black&#8221; gap=&#8221;2&#8243; c_icon=&#8221;triangle&#8221; active_section=&#8221;0&#8243; no_fill=&#8221;true&#8221; collapsible_all=&#8221;true&#8221;][vc_tta_section title=&#8221;Logo Uniwersytetu \u015al\u0105skiego&#8221; tab_id=&#8221;logo&#8221;][\/vc_tta_section][vc_tta_section title=&#8221;Ksi\u0119ga systemu identyfikacji wizualnej&#8221; tab_id=&#8221;ksiega-siw&#8221;][vc_video link=&#8221;https:\/\/issuu.com\/uniwersytetslaski\/docs\/ksiega_siw_us_full&#8221; el_width=&#8221;70&#8243;][\/vc_tta_section][vc_tta_section title=&#8221;Ksi\u0119ga znaku&#8221; tab_id=&#8221;ksiega-znaku&#8221;][\/vc_tta_section][\/vc_tta_accordion][\/vc_column][vc_column width=&#8221;1\/6&#8243;][\/vc_column][\/vc_row][vc_row [&#8230;]<\/p>\n<p><a class=\"btn btn-secondary understrap-read-more-link\" href=\"https:\/\/us.edu.pl\/en\/uczelnia\/system-identyfikacji-wizualnej\/\">Read More&#8230;<\/a><\/p>\n","protected":false},"author":1,"featured_media":0,"parent":75877,"menu_order":9,"comment_status":"closed","ping_status":"closed","template":"","meta":{"_expiration-date-status":"","_expiration-date":0,"_expiration-date-type":"","_expiration-date-categories":[],"_expiration-date-options":[]},"acf":[],"_links":{"self":[{"href":"https:\/\/us.edu.pl\/en\/wp-json\/wp\/v2\/pages\/57260"}],"collection":[{"href":"https:\/\/us.edu.pl\/en\/wp-json\/wp\/v2\/pages"}],"about":[{"href":"https:\/\/us.edu.pl\/en\/wp-json\/wp\/v2\/types\/page"}],"author":[{"embeddable":true,"href":"https:\/\/us.edu.pl\/en\/wp-json\/wp\/v2\/users\/1"}],"replies":[{"embeddable":true,"href":"https:\/\/us.edu.pl\/en\/wp-json\/wp\/v2\/comments?post=57260"}],"version-history":[{"count":10,"href":"https:\/\/us.edu.pl\/en\/wp-json\/wp\/v2\/pages\/57260\/revisions"}],"predecessor-version":[{"id":208281,"href":"https:\/\/us.edu.pl\/en\/wp-json\/wp\/v2\/pages\/57260\/revisions\/208281"}],"up":[{"embeddable":true,"href":"https:\/\/us.edu.pl\/en\/wp-json\/wp\/v2\/pages\/75877"}],"wp:attachment":[{"href":"https:\/\/us.edu.pl\/en\/wp-json\/wp\/v2\/media?parent=57260"}],"curies":[{"name":"wp","href":"https:\/\/api.w.org\/{rel}","templated":true}]}}