{"id":60295,"date":"2019-09-06T13:29:31","date_gmt":"2019-09-06T12:29:31","guid":{"rendered":"https:\/\/us.edu.pl\/?page_id=60295"},"modified":"2021-12-01T11:58:52","modified_gmt":"2021-12-01T10:58:52","slug":"partnerzy-klastry","status":"publish","type":"page","link":"https:\/\/us.edu.pl\/en\/wspolpraca\/wspolpraca-z-biznesem\/klastry-sieci-wspolpracy-obserwatoria\/partnerzy-klastry\/","title":{"rendered":"Partners &#8211; Clusters"},"content":{"rendered":"<p><\/p>\n<p>[vc_row el_class=&#8221;container&#8221;][vc_column]\r\n                <div class=\"tiles-section\" style=\"background: \">\r\n                    <div class=\"container\">\r\n                        <h3 class=\"page-title\">Partners<\/h3>\r\n                        <div class=\"tiles tiles-3\">\r\n                            <a href=\"http:\/\/www.hubclub.pl\/\" class=\"tile tile_ \" style=\"background-color: #ffffff; font-weight: ; color: #002E5A;  \">\r\n                                \r\n                                   <div class=\"tile__img\"><img src=\"https:\/\/us.edu.pl\/wp-content\/uploads\/obrazki-stron\/partnerzy-klastry\/hubclub_logo.jpg\" alt=\"\u015al\u0105ski Klaster Multimedialny\"> <\/div>\r\n                               \r\n                                <div class=\"tile__name\">\u015al\u0105ski Klaster Multimedialny<\/div>\r\n                            <\/a>\r\n                            <a href=\"http:\/\/www.nanoslask.pl\/\" class=\"tile tile_ \" style=\"background-color: #ffffff; font-weight: ; color: #002E5A;  \">\r\n                                \r\n                                   <div class=\"tile__img\"><img src=\"https:\/\/us.edu.pl\/wp-content\/uploads\/obrazki-stron\/partnerzy-klastry\/logo-klastra.png\" alt=\"\u015al\u0105ski Klaster Nano\"> <\/div>\r\n                               \r\n                                <div class=\"tile__name\">\u015al\u0105ski Klaster Nano<\/div>\r\n                            <\/a>\r\n                            <a href=\"http:\/\/www.aerosilesia.eu\/\" class=\"tile tile_ \" style=\"background-color: #ffffff; font-weight: ; color: #002E5A;  \">\r\n                                \r\n                                   <div class=\"tile__img\"><img src=\"https:\/\/us.edu.pl\/wp-content\/uploads\/Nieprzypisane\/slaski_klaster_lotniczy.png\" alt=\"\u015al\u0105ski Klaster Lotniczy\"> <\/div>\r\n                               \r\n                                <div class=\"tile__name\">\u015al\u0105ski Klaster Lotniczy<\/div>\r\n                            <\/a>\r\n                            <a href=\"http:\/\/www.klaster3x20.pl\/stowarzyszenie-klaster-3x20\" class=\"tile tile_ \" style=\"background-color: #ffffff; font-weight: ; color: #002E5A;  \">\r\n                                \r\n                                   <div class=\"tile__img\"><img src=\"https:\/\/us.edu.pl\/wp-content\/uploads\/obrazki-stron\/partnerzy-klastry\/klaster_3x20.png\" alt=\"Klaster 3 x 20\"> <\/div>\r\n                               \r\n                                <div class=\"tile__name\">Klaster 3 x 20<\/div>\r\n                            <\/a>\r\n                            <a href=\"http:\/\/www.slaskiklaster.pl\/\" class=\"tile tile_ \" style=\"background-color: #ffffff; font-weight: ; color: #002E5A;  \">\r\n                                \r\n                                   <div class=\"tile__img\"><img src=\"https:\/\/us.edu.pl\/wp-content\/uploads\/obrazki-stron\/partnerzy-klastry\/skktr_3.png\" alt=\"\u015al\u0105ski Klaster Kultury, Turystyki i Rekreacji\"> <\/div>\r\n                               \r\n                                <div class=\"tile__name\">\u015al\u0105ski Klaster Kultury, Turystyki i Rekreacji<\/div>\r\n                            <\/a>\r\n                            <a href=\"http:\/\/www.klasterdizajnu.pl\/\" class=\"tile tile_ \" style=\"background-color: #ffffff; font-weight: ; color: #002E5A;  \">\r\n                                \r\n                                   <div class=\"tile__img\"><img src=\"https:\/\/us.edu.pl\/wp-content\/uploads\/obrazki-stron\/partnerzy-klastry\/logo_skd_1.png\" alt=\"\u015al\u0105ski Klaster Dizajnu\"> <\/div>\r\n                               \r\n                                <div class=\"tile__name\">\u015al\u0105ski Klaster Dizajnu<\/div>\r\n                            <\/a>\r\n                            <a href=\"http:\/\/oztbio.polsl.pl\/index.php\" class=\"tile tile_ \" style=\"background-color: #ffffff; font-weight: ; color: #002E5A;  \">\r\n                                \r\n                                   <div class=\"tile__img\"><img src=\"https:\/\/us.edu.pl\/wp-content\/uploads\/obrazki-stron\/partnerzy-klastry\/logo_pl-1024x220-575x124.jpg\" alt=\"Klaster Obszar Zaawansowanych Technologii Bezpiecze\u0144stwa i Obronno\u015bci\"> <\/div>\r\n                               \r\n                                <div class=\"tile__name\">Klaster Obszar Zaawansowanych Technologii Bezpiecze\u0144stwa i Obronno\u015bci<\/div>\r\n                            <\/a>\r\n                            <a href=\"http:\/\/medivite.pl\/\" class=\"tile tile_ \" style=\"background-color: #ffffff; font-weight: ; color: #002E5A;  \">\r\n                                \r\n                                   <div class=\"tile__img\"><img src=\"https:\/\/us.edu.pl\/wp-content\/uploads\/obrazki-stron\/partnerzy-klastry\/logotyp-medivite.jpg\" alt=\"Klaster MediVite\"> <\/div>\r\n                               \r\n                                <div class=\"tile__name\">Klaster MediVite<\/div>\r\n                            <\/a>\r\n                            <a href=\"http:\/\/www.medsilesia.com\/\" class=\"tile tile_ \" style=\"background-color: #ffffff; font-weight: ; color: #002E5A;  \">\r\n                                \r\n                                   <div class=\"tile__img\"><img src=\"https:\/\/us.edu.pl\/wp-content\/uploads\/obrazki-stron\/partnerzy-klastry\/logoty-MedSilesia.jpg\" alt=\"Klaster MedSilesia \u015al\u0105ska Sie\u0107 Wyrob\u00f3w Medycznych\"> <\/div>\r\n                               \r\n                                <div class=\"tile__name\">Klaster MedSilesia \u015al\u0105ska Sie\u0107 Wyrob\u00f3w Medycznych<\/div>\r\n                            <\/a>\r\n                            <a href=\"http:\/\/www.skln.pl\/\" class=\"tile tile_ \" style=\"background-color: #ffffff; font-weight: ; color: #002E5A;  \">\r\n                                \r\n                                   <div class=\"tile__img\"><img src=\"https:\/\/us.edu.pl\/wp-content\/uploads\/obrazki-stron\/partnerzy-klastry\/logotyp-\u015al\u0105skiego-Klastra-Leczenia-Niep\u0142odno\u015bci.jpg\" alt=\"\u015al\u0105ski Klaster Leczenia Niep\u0142odno\u015bci\"> <\/div>\r\n                               \r\n                                <div class=\"tile__name\">\u015al\u0105ski Klaster Leczenia Niep\u0142odno\u015bci<\/div>\r\n                            <\/a>\r\n                            <a href=\"\" class=\"tile tile_ justify-content-center\" style=\"background-color: #ffffff; font-weight: ; color: #002E5A;  \">\r\n                                \r\n                                   \r\n                               \r\n                                <div class=\"tile__name\">\u015al\u0105ski Klaster ICT<\/div>\r\n                            <\/a>\r\n                            <a href=\"http:\/\/spcleantech.pl\/\" class=\"tile tile_ \" style=\"background-color: #ffffff; font-weight: ; color: #002E5A;  \">\r\n                                \r\n                                   <div class=\"tile__img\"><img src=\"https:\/\/us.edu.pl\/wp-content\/uploads\/obrazki-stron\/partnerzy-klastry\/logo-cleantech.jpg\" alt=\"South Poland Cleantech Cluster\"> <\/div>\r\n                               \r\n                                <div class=\"tile__name\">South Poland Cleantech Cluster<\/div>\r\n                            <\/a>\r\n                            <a href=\"http:\/\/www.silesia-automotive.pl\/strona-glowna-1132?lang_id=4\" class=\"tile tile_ \" style=\"background-color: #ffffff; font-weight: ; color: #002E5A;  \">\r\n                                \r\n                                   <div class=\"tile__img\"><img src=\"https:\/\/us.edu.pl\/wp-content\/uploads\/obrazki-stron\/partnerzy-klastry\/silesia_logo.jpg\" alt=\"Klaster Silesia Automotive & Advanced Manufacturing\"> <\/div>\r\n                               \r\n                                <div class=\"tile__name\">Klaster Silesia Automotive & Advanced Manufacturing<\/div>\r\n                            <\/a><\/div>\r\n                    <\/div>\r\n                <\/div>[\/vc_column][\/vc_row]<\/p>\n<p><\/p>","protected":false},"excerpt":{"rendered":"<p>[vc_row el_class=&#8221;container&#8221;][vc_column][\/vc_column][\/vc_row] [&#8230;]<\/p>\n<p><a class=\"btn btn-secondary understrap-read-more-link\" href=\"https:\/\/us.edu.pl\/en\/wspolpraca\/wspolpraca-z-biznesem\/klastry-sieci-wspolpracy-obserwatoria\/partnerzy-klastry\/\">Read More&#8230;<\/a><\/p>\n","protected":false},"author":1,"featured_media":0,"parent":85879,"menu_order":0,"comment_status":"closed","ping_status":"closed","template":"","meta":{"_expiration-date-status":"saved","_expiration-date":0,"_expiration-date-type":"","_expiration-date-categories":[],"_expiration-date-options":[]},"acf":[],"_links":{"self":[{"href":"https:\/\/us.edu.pl\/en\/wp-json\/wp\/v2\/pages\/60295"}],"collection":[{"href":"https:\/\/us.edu.pl\/en\/wp-json\/wp\/v2\/pages"}],"about":[{"href":"https:\/\/us.edu.pl\/en\/wp-json\/wp\/v2\/types\/page"}],"author":[{"embeddable":true,"href":"https:\/\/us.edu.pl\/en\/wp-json\/wp\/v2\/users\/1"}],"replies":[{"embeddable":true,"href":"https:\/\/us.edu.pl\/en\/wp-json\/wp\/v2\/comments?post=60295"}],"version-history":[{"count":3,"href":"https:\/\/us.edu.pl\/en\/wp-json\/wp\/v2\/pages\/60295\/revisions"}],"predecessor-version":[{"id":148070,"href":"https:\/\/us.edu.pl\/en\/wp-json\/wp\/v2\/pages\/60295\/revisions\/148070"}],"up":[{"embeddable":true,"href":"https:\/\/us.edu.pl\/en\/wp-json\/wp\/v2\/pages\/85879"}],"wp:attachment":[{"href":"https:\/\/us.edu.pl\/en\/wp-json\/wp\/v2\/media?parent=60295"}],"curies":[{"name":"wp","href":"https:\/\/api.w.org\/{rel}","templated":true}]}}