{"id":73824,"date":"2019-09-10T12:12:43","date_gmt":"2019-09-10T11:12:43","guid":{"rendered":"https:\/\/us.edu.pl\/?page_id=73824"},"modified":"2019-09-10T12:33:28","modified_gmt":"2019-09-10T11:33:28","slug":"english-student-government","status":"publish","type":"page","link":"https:\/\/us.edu.pl\/en\/english-student\/english-students-associations\/english-student-government\/","title":{"rendered":"Student Government"},"content":{"rendered":"<p>[vc_row][vc_column]\r\n                <div class=\"text-modules\">\r\n                    <div class=\"container\">\r\n                        <h3 class=\"page-title text__title\">Student Government<\/h3>\r\n                        <div class=\"text-modules__content\"><\/p>\n<div class=\"content\">\n<p class=\"rtejustify\">Student Government at University of Silesia (Samorz\u0105d Studencki Uniwersytetu \u015al\u0105skiego) is a student organization which brings each and every student of our university together. Dedicated to academic support, Student Government is a place where every student can go in order to seek for help in any form. Its purpose is also to represent students both within the university and externally, as well as to organize multiple social and academic events. Student Government is divided into 7 commitees: student organizations, teaching, legal, promotion, cooperation, foreign affairs and culture. Every student of our university may apply to join the government.<\/p>\n<p class=\"rtejustify\">Student Government\u00a0is the driving force behind numerous academic, cultural, sport, and entertainment initiatives and events organized at the University of Silesia and in the city of Katowice. The most experienced members can assume the responsibility for periodic efents (such as Science Festival), present their creativity by initiating new ideas or serve as a valuable source of support for fellow students.<\/p>\n<p class=\"rtejustify\"><strong>Student Government office<\/strong><br \/>\nWorking hours: Monday \u2013 Friday 8:00 \u2013 13:30<br \/>\nBankowa 14, 40-007 Katowice, Poland<br \/>\n1st floor, room 424<br \/>\n+48 32 359 15 88<br \/>\n<a href=\"http:\/\/urss@us.edu.pl\">urss@us.edu.pl<\/a><\/p>\n<\/div>\n<p>\n<\/div>\r\n                    <\/div>\r\n                <\/div>[\/vc_column][\/vc_row]<\/p>","protected":false},"excerpt":{"rendered":"<p>[vc_row][vc_column][\/vc_column][\/vc_row] [&#8230;]<\/p>\n<p><a class=\"btn btn-secondary understrap-read-more-link\" href=\"https:\/\/us.edu.pl\/en\/english-student\/english-students-associations\/english-student-government\/\">Read More&#8230;<\/a><\/p>\n","protected":false},"author":1,"featured_media":0,"parent":73819,"menu_order":0,"comment_status":"closed","ping_status":"closed","template":"page-templates\/inner-page.php","meta":{"_expiration-date-status":"","_expiration-date":0,"_expiration-date-type":"","_expiration-date-categories":[],"_expiration-date-options":[]},"acf":[],"_links":{"self":[{"href":"https:\/\/us.edu.pl\/en\/wp-json\/wp\/v2\/pages\/73824"}],"collection":[{"href":"https:\/\/us.edu.pl\/en\/wp-json\/wp\/v2\/pages"}],"about":[{"href":"https:\/\/us.edu.pl\/en\/wp-json\/wp\/v2\/types\/page"}],"author":[{"embeddable":true,"href":"https:\/\/us.edu.pl\/en\/wp-json\/wp\/v2\/users\/1"}],"replies":[{"embeddable":true,"href":"https:\/\/us.edu.pl\/en\/wp-json\/wp\/v2\/comments?post=73824"}],"version-history":[{"count":0,"href":"https:\/\/us.edu.pl\/en\/wp-json\/wp\/v2\/pages\/73824\/revisions"}],"up":[{"embeddable":true,"href":"https:\/\/us.edu.pl\/en\/wp-json\/wp\/v2\/pages\/73819"}],"wp:attachment":[{"href":"https:\/\/us.edu.pl\/en\/wp-json\/wp\/v2\/media?parent=73824"}],"curies":[{"name":"wp","href":"https:\/\/api.w.org\/{rel}","templated":true}]}}