{"id":73846,"date":"2019-09-10T12:39:27","date_gmt":"2019-09-10T11:39:27","guid":{"rendered":"https:\/\/us.edu.pl\/?page_id=73846"},"modified":"2019-09-18T14:41:54","modified_gmt":"2019-09-18T13:41:54","slug":"english-wifi-and-student-e-mail-account","status":"publish","type":"page","link":"https:\/\/us.edu.pl\/en\/english-student\/english-wifi-and-student-e-mail-account\/","title":{"rendered":"WiFi and Student e-mail account"},"content":{"rendered":"<p>[vc_row][vc_column]\r\n                <div class=\"text-modules\">\r\n                    <div class=\"container\">\r\n                        <h3 class=\"page-title text__title\">WiFi and Student e-mail account<\/h3>\r\n                        <div class=\"text-modules__content\"><p>Students of the University of Silesia have an opportunity to use wireless internet free of charge in university&#8217;s buildings. Moreover, owning the university account they are able to get access to the internet in most universities in Poland.<\/p>\n<p>In order to\u00a0get access\u00a0to university&#8217;s WiFi you&#8217;ll need to choose <strong>student-us<\/strong> or <strong>eduroam<\/strong> WiFi source and may enter the following information to your device:<\/p>\n<p class=\"rteindent1\">SSID: student-us<br \/>\nprotection: WPA2-Enterprise<br \/>\nencryption: AES<br \/>\nauthentication method: Microsoft: protected protocol EAP<br \/>\ncertificate: AddTrust External CA Root<br \/>\nserver: radius.us.edu.pl<br \/>\nauthentication: secure password (EAP-MSCHAPv2)<\/p>\n<p>Log-in: <strong>your student e-mail address<\/strong> (example: john.kovalsky@us.edu.pl)<br \/>\nPassword: <strong>password of your e-mail address<\/strong><\/p>\n<p>If you don&#8217;t have student e-mail address yet, follow next steps.<\/p>\n<\/div>\r\n                    <\/div>\r\n                <\/div>\r\n                <div class=\"text-modules \">\r\n                    <div class=\"container\">\r\n                        <h3 class=\"section-title section-title_border-bottom\">Activating student e-mail account<\/h3> \r\n                        <div class=\"row m-0\">\r\n                            <div class=\"text-modules__content\">\r\n                                 \r\n                                <div class=\"mt-3\"><\/div>\r\n                            <\/div>\r\n                            \r\n                            \r\n                        <\/div>\r\n                    <\/div>\r\n                <\/div>\r\n                <div class=\"text-modules \">\r\n                    <div class=\"container\">\r\n                         \r\n                        <div class=\"row m-0\">\r\n                            <div class=\"text-modules__content\">\r\n                                <strong>Step 1. <\/strong><span style=\"font-size: 16px; background-color: #ffffff;\">Go to <u><a href=\"https:\/\/usnet.us.edu.pl\/uslugi-sieciowe\/konta-studenckie\/aktywacja-konta\/aktywacja-kont-studenckich\/\">USNET Website<\/a><\/u><\/span>, enter your USOS ID (Polish ID number &#8211; PESEL, number from IRK or index number) and password and click <u>Przejd\u017a dalej<\/u> (Continue). \r\n                                <div class=\"mt-3\"><\/div>\r\n                            <\/div>\r\n                            \r\n                            <div class=\"text-modules__img\"><img src=\"https:\/\/us.edu.pl\/wp-content\/uploads\/Nieprzypisane\/3.jpg\" alt=\"img\"><\/div>\r\n                        <\/div>\r\n                    <\/div>\r\n                <\/div>\r\n                <div class=\"text-modules \">\r\n                    <div class=\"container\">\r\n                         \r\n                        <div class=\"row m-0\">\r\n                            <div class=\"text-modules__content\">\r\n                                <strong>Step 2.<\/strong> Check all fields and click <u>Aktywuj konto<\/u> (Activate account).<\/p>\n<div class=\"mt-3\"><\/div>\r\n                            <\/div>\r\n                            \r\n                            <div class=\"text-modules__img\"><img src=\"https:\/\/us.edu.pl\/wp-content\/uploads\/Nieprzypisane\/4.jpg\" alt=\"img\"><\/div>\r\n                        <\/div>\r\n                    <\/div>\r\n                <\/div>\r\n                <div class=\"text-modules \">\r\n                    <div class=\"container\">\r\n                         \r\n                        <div class=\"row m-0\">\r\n                            <div class=\"text-modules__content\">\r\n                                <strong>Step 3.<\/strong> Select e-mail address you want to use and click <u>Ustaw wybrany alias dla mojego konta<\/u> (Set choosen alias for my account). \r\n                                <div class=\"mt-3\"><\/div>\r\n                            <\/div>\r\n                            \r\n                            <div class=\"text-modules__img\"><img src=\"https:\/\/us.edu.pl\/wp-content\/uploads\/2019\/09\/5_1.jpg\" alt=\"img\"><\/div>\r\n                        <\/div>\r\n                    <\/div>\r\n                <\/div>\r\n                <div class=\"text-modules \">\r\n                    <div class=\"container\">\r\n                         \r\n                        <div class=\"row m-0\">\r\n                            <div class=\"text-modules__content\">\r\n                                <strong>Step 4. <\/strong>Click <u>Naci\u015bnij, aby si\u0119 wylogowa\u0107<\/u> (You may now log out). \r\n                                <div class=\"mt-3\"><\/div>\r\n                            <\/div>\r\n                            \r\n                            <div class=\"text-modules__img\"><img src=\"https:\/\/us.edu.pl\/wp-content\/uploads\/2019\/09\/6_0.jpg\" alt=\"img\"><\/div>\r\n                        <\/div>\r\n                    <\/div>\r\n                <\/div>[myprefix_functional_icons print_icon=&#8221;yes&#8221;][\/vc_column][\/vc_row]<\/p>","protected":false},"excerpt":{"rendered":"<p>[vc_row][vc_column][myprefix_functional_icons print_icon=&#8221;yes&#8221;][\/vc_column][\/vc_row] [&#8230;]<\/p>\n<p><a class=\"btn btn-secondary understrap-read-more-link\" href=\"https:\/\/us.edu.pl\/en\/english-student\/english-wifi-and-student-e-mail-account\/\">Read More&#8230;<\/a><\/p>\n","protected":false},"author":1,"featured_media":0,"parent":73721,"menu_order":0,"comment_status":"closed","ping_status":"closed","template":"page-templates\/inner-page.php","meta":{"_expiration-date-status":"","_expiration-date":0,"_expiration-date-type":"","_expiration-date-categories":[],"_expiration-date-options":[]},"acf":[],"_links":{"self":[{"href":"https:\/\/us.edu.pl\/en\/wp-json\/wp\/v2\/pages\/73846"}],"collection":[{"href":"https:\/\/us.edu.pl\/en\/wp-json\/wp\/v2\/pages"}],"about":[{"href":"https:\/\/us.edu.pl\/en\/wp-json\/wp\/v2\/types\/page"}],"author":[{"embeddable":true,"href":"https:\/\/us.edu.pl\/en\/wp-json\/wp\/v2\/users\/1"}],"replies":[{"embeddable":true,"href":"https:\/\/us.edu.pl\/en\/wp-json\/wp\/v2\/comments?post=73846"}],"version-history":[{"count":0,"href":"https:\/\/us.edu.pl\/en\/wp-json\/wp\/v2\/pages\/73846\/revisions"}],"up":[{"embeddable":true,"href":"https:\/\/us.edu.pl\/en\/wp-json\/wp\/v2\/pages\/73721"}],"wp:attachment":[{"href":"https:\/\/us.edu.pl\/en\/wp-json\/wp\/v2\/media?parent=73846"}],"curies":[{"name":"wp","href":"https:\/\/api.w.org\/{rel}","templated":true}]}}