{"id":73936,"date":"2019-09-11T09:16:11","date_gmt":"2019-09-11T08:16:11","guid":{"rendered":"https:\/\/us.edu.pl\/?page_id=73936"},"modified":"2025-07-15T08:48:25","modified_gmt":"2025-07-15T06:48:25","slug":"profesorowie-honorowi-us","status":"publish","type":"page","link":"https:\/\/us.edu.pl\/en\/uczelnia\/o-nas\/historia\/profesorowie-honorowi-us\/","title":{"rendered":"Honorary Professors of the University of Silesia"},"content":{"rendered":"<p><\/p>\n<p>[vc_row][vc_column]\r\n                <div class=\"text-modules\">\r\n                    <div class=\"container\">\r\n                        <h3 class=\"page-title text__title\">Honorary Professors of the University of Silesia<\/h3>\r\n                        <div class=\"text-modules__content\"><\/p>\n<p>The title of Honorary Professor of the University of Silesia is awarded to an outstanding scholar or an outstanding creator who has made a significant contribution to the development of the University or to the development of the University&#8217;s cooperation with domestic or foreign research centres.<br \/>\nTeaching and research employees of the University of Silesia have the right to report the candidates for the title. The application containing detailed subject-related justification should be recommended by a signature of at least five teaching and research employees. The candidate&#8217;s application is submitted to the Rector by the end of April each year. The documentation of granting the title is kept by the Rector&#8217;s Office. The resolution on granting the title is passed by the Senate in a secret ballot, after consulting the Jury that includes the Rector and the chairperson of the Senate committees.<br \/>\nThe Honorary Professor of the University of Silesia receives an ID and a diploma that are handed during the inauguration of the academic year.<\/p>\n<p>&nbsp;<\/p>\n<p>Honorary Professors of the University of Silesia:<\/p>\n<p><strong>2008<\/strong><br \/>\nFull Prof. Maksymilian Pazdan (University of Silesia)<\/p>\n<p><strong>2009<\/strong><br \/>\nFull Prof. W\u0142odzimierz W\u00f3jcik (University of Silesia)<\/p>\n<p><strong>2010<\/strong><br \/>\nFull Prof. Aleksander Wilko\u0144 (University of Silesia)<\/p>\n<p><strong>2011<\/strong><br \/>\nProf. Leonard Neuger (University of Stockholm)<br \/>\nProf. Gerhard Banse (Karlsruher Institute of Technology)<br \/>\nProf. Heinrich Badura (President of the European Academy for Life Research Integration and Civil Society)<\/p>\n<p><strong>2012<\/strong><br \/>\nProf. Daniela Fobel (Matej Bel University in Bansk\u00e1 Bystrica)<br \/>\nProf. Pavel Fobel (Mateja Bel University in Bansk\u00e1 Bystrica)<\/p>\n<p><strong>2013<\/strong><br \/>\nProf. Wolfgang Kleemann (University of Duisburg- Essen)<\/p>\n<p><strong>2014<\/strong><br \/>\nProf. Zlatica Pla\u0161ienkowa (Comenius University in Bratislava)<br \/>\nProf. Vladimir Le\u0161ko (Pavel Jozef \u0160af\u00e1rik University in Ko\u0161ice),<br \/>\nAssoc. Prof. Adam W. Jarosz (University of Silesia)<\/p>\n<p><strong>2015<\/strong><br \/>\nFull Prof. J\u00f3zef Ba\u0144ka (University of Silesia) <br \/>\nFull Prof. Jerzy Brzezinski (Adam Mickiewicz University in Poznan) <br \/>\nFull Prof. Jerzy Chmielowski (University of Silesia in Katowice) <br \/>\nFull Prof. Czes\u0142aw G\u0142ombik (University of Silesia in Katowice) <br \/>\nFull Prof. Krystyna Heska-Kwa\u015bniewicz (University of Silesia)<br \/>\nFull Prof. Tadeusz K\u0142ak (University of Silesia in Katowice) <br \/>\nFull Prof. Boguslaw \u015aliwerski (Christian Theological Academy in Warsaw)<br \/>\nProf. Jan \u0160t\u011bp\u00e1n (Palacky University in Olomouc)<\/p>\n<p><strong>2018<\/strong><br \/>\nProf. Alicja Ratuszna (University of Silesia)<br \/>\nProf. Tadeusz S\u0142awek (University of Silesia)<br \/>\nProf. Roman Ger (University of Silesia)<\/p>\n<p><strong>2019<\/strong><br \/>\nProf. Adam Lity\u0144ski (University of Silesia)<br \/>\nProf. J\u00f3zef Ci\u0105gwa (University of Silesia)<br \/>\nProf. Eng. Alicja Wakulicz-Deja (University of Silesia)<\/p>\n<p><strong>2021<\/strong><br \/>\nProf. Teofil Jesionowski (Poznan University of Technology)<\/p>\n<p><strong>2022<\/strong><br \/>\nProf. Tadeusz Bujnicki (University of Warsaw)<\/p>\n<p><strong>2023<\/strong><br \/>\nProf. Barbara Ko\u017cusznik (University of Silesia)<br \/>\nProf. Wojciech \u015awi\u0105tkiewicz (University of Silesia)<br \/>\nProf. Stefan Zabierowski (University of Silesia)<\/p>\n<p><strong>2024<\/strong><br \/>\nProf. Ewa Borkowska (University of Silesia)<br \/>\nProf. Danuta Opacka-Walasek (University of Silesia)<\/p>\n<p><strong>2025<\/strong><br \/>\nProf. Krystyna K\u0142osi\u0144ska (University of Silesia)<br \/>\nProf. Aldona Skudrzyk (University of Silesia)<br \/>\nProf. Stanis\u0142aw Kucharski (University of Silesia)<\/p>\n<p>\n<\/div>\r\n                    <\/div>\r\n                <\/div>[\/vc_column][\/vc_row]<\/p>\n<p><\/p>","protected":false},"excerpt":{"rendered":"<p>[vc_row][vc_column][\/vc_column][\/vc_row] [&#8230;]<\/p>\n<p><a class=\"btn btn-secondary understrap-read-more-link\" href=\"https:\/\/us.edu.pl\/en\/uczelnia\/o-nas\/historia\/profesorowie-honorowi-us\/\">Read More&#8230;<\/a><\/p>\n","protected":false},"author":1,"featured_media":0,"parent":44366,"menu_order":0,"comment_status":"closed","ping_status":"closed","template":"page-templates\/inner-page.php","meta":{"_expiration-date-status":"","_expiration-date":0,"_expiration-date-type":"","_expiration-date-categories":[],"_expiration-date-options":[]},"acf":[],"_links":{"self":[{"href":"https:\/\/us.edu.pl\/en\/wp-json\/wp\/v2\/pages\/73936"}],"collection":[{"href":"https:\/\/us.edu.pl\/en\/wp-json\/wp\/v2\/pages"}],"about":[{"href":"https:\/\/us.edu.pl\/en\/wp-json\/wp\/v2\/types\/page"}],"author":[{"embeddable":true,"href":"https:\/\/us.edu.pl\/en\/wp-json\/wp\/v2\/users\/1"}],"replies":[{"embeddable":true,"href":"https:\/\/us.edu.pl\/en\/wp-json\/wp\/v2\/comments?post=73936"}],"version-history":[{"count":7,"href":"https:\/\/us.edu.pl\/en\/wp-json\/wp\/v2\/pages\/73936\/revisions"}],"predecessor-version":[{"id":238084,"href":"https:\/\/us.edu.pl\/en\/wp-json\/wp\/v2\/pages\/73936\/revisions\/238084"}],"up":[{"embeddable":true,"href":"https:\/\/us.edu.pl\/en\/wp-json\/wp\/v2\/pages\/44366"}],"wp:attachment":[{"href":"https:\/\/us.edu.pl\/en\/wp-json\/wp\/v2\/media?parent=73936"}],"curies":[{"name":"wp","href":"https:\/\/api.w.org\/{rel}","templated":true}]}}