{"id":75357,"date":"2019-10-03T14:21:58","date_gmt":"2019-10-03T13:21:58","guid":{"rendered":"https:\/\/us.edu.pl\/?page_id=75357"},"modified":"2025-02-03T11:34:56","modified_gmt":"2025-02-03T10:34:56","slug":"dziekani-i-prodziekani","status":"publish","type":"page","link":"https:\/\/us.edu.pl\/en\/uczelnia\/o-nas\/wladze-uniwersytetu-slaskiego\/dziekani-i-prodziekani\/","title":{"rendered":"Deans and deputy deans"},"content":{"rendered":"<p><\/p>\n<p>[vc_row][vc_column]\r\n                <div class=\"text-modules\">\r\n                    <div class=\"container\">\r\n                        <h3 class=\"page-title text__title\">Deans and deputy deans<\/h3>\r\n                        <div class=\"text-modules__content\"><\/p>\n<h3><strong>Faculty of Humanities<\/strong><\/h3>\n<p style=\"padding-left: 40px;\">Dean <a href=\"https:\/\/ab.us.edu.pl\/emp?id=5052\"><strong>Prof. Adam Dziadek<\/strong><\/a><\/p>\n<p style=\"padding-left: 40px;\">Deputy Dean for Research <a href=\"https:\/\/ab.us.edu.pl\/emp?id=4682\"><strong>Prof. Leszek Drong<\/strong><\/a><\/p>\n<p style=\"padding-left: 40px;\">Deputy Dean for Education and Students \u2013\u00a0Katowice <a href=\"https:\/\/ab.us.edu.pl\/emp?id=11042\"><strong>Anna Ka\u0142u\u017ca, PhD, DLitt, Associate Professor<\/strong><\/a><\/p>\n<p style=\"padding-left: 40px;\">Deputy Dean for Education and Students \u2013 Sosnowiec <a href=\"https:\/\/ab.us.edu.pl\/emp?id=4112\"><strong>Renata Dampc-Jarosz, PhD, DLitt, Associate Professor<\/strong><\/a><\/p>\n<p style=\"padding-left: 40px;\">Deputy Dean for Development <a href=\"https:\/\/ab.us.edu.pl\/emp?id=56063\"><strong>Lucyna Sadzikowska, PhD, DLitt, Associate Professor<\/strong><\/a><\/p>\n<p>&nbsp;<\/p>\n<h3><strong>Faculty of Natural Sciences<\/strong><\/h3>\n<p style=\"padding-left: 40px;\">Dean <a href=\"http:\/\/ab.us.edu.pl\/emp?id=16722\"><strong>Prof. Leszek Marynowski<\/strong><\/a><\/p>\n<p style=\"padding-left: 40px;\">Deputy Dean for Education and Students <a href=\"https:\/\/ab.us.edu.pl\/emp\/45821?lang=en\"><strong>Krzysztof Szopa, PhD, DSc<\/strong><\/a><\/p>\n<p style=\"padding-left: 40px;\">Deputy Dean for Research <strong><a href=\"http:\/\/ab.us.edu.pl\/emp?id=33712\">Prof. Piotr \u015awi\u0105tek<\/a><\/strong><\/p>\n<p style=\"padding-left: 40px;\">Deputy Dean for Research and Internationalisation <strong><a href=\"http:\/\/ab.us.edu.pl\/emp?id=4162\">Agata Daszkowska-Golec, PhD, DSc, Associate Professor<\/a><\/strong><\/p>\n<p>&nbsp;<\/p>\n<h3><strong>Faculty of Social Sciences<\/strong><\/h3>\n<p style=\"padding-left: 40px;\">Dean <strong><a href=\"https:\/\/ab.us.edu.pl\/emp?id=18632\">Ma\u0142gorzata My\u015bliwiec, PhD, DLitt, Associate Professor<\/a><\/strong><\/p>\n<p style=\"padding-left: 40px;\">Deputy Dean for Education and Students <strong><a href=\"https:\/\/ab.us.edu.pl\/emp?id=37141\">Monika \u017bak, PhD<\/a><\/strong><\/p>\n<p style=\"padding-left: 40px;\">Deputy Dean for Research and Promotion <strong><a href=\"https:\/\/ab.us.edu.pl\/emp?id=35581\">\u0141ukasz Jach, PhD, Associate Professor<\/a><\/strong><\/p>\n<p style=\"padding-left: 40px;\">Deputy Dean for International and Domestic<br \/>\nCooperation <strong><a href=\"https:\/\/ab.us.edu.pl\/emp?id=45921\">Edyta Widawska, PhD, DLitt, Associate Professor<\/a><\/strong><\/p>\n<p>&nbsp;<\/p>\n<h3><strong>Faculty of Science and Technology<\/strong><\/h3>\n<p style=\"padding-left: 40px;\">Dean <strong><a href=\"https:\/\/ab.us.edu.pl\/emp?id=12832\">Seweryn Kowalski, PhD, DSc, Associate Professor<\/a><\/strong><\/p>\n<p style=\"padding-left: 40px;\">Deputy Dean for Education and Students <a href=\"https:\/\/ab.us.edu.pl\/emp?id=16792\"><strong>Joanna Maszybrocka, PhD, Associate Professor<\/strong><\/a><\/p>\n<p style=\"padding-left: 40px;\">Deputy Dean for Research and International Cooperation <a href=\"https:\/\/ab.us.edu.pl\/emp?id=3102\"><strong>Miros\u0142aw Chor\u0105\u017cewski, PhD, DSc, Associate Professor<\/strong><\/a><\/p>\n<p style=\"padding-left: 40px;\">Deputy Dean for Promotion and Development <strong><a href=\"https:\/\/ab.us.edu.pl\/emp?id=19302\">Agnieszka Nowak-Brzezi\u0144ska, PhD, DSc, Associate Professor<\/a><\/strong><\/p>\n<p>&nbsp;<\/p>\n<h3><strong>Faculty of Law and Administration<\/strong><\/h3>\n<p style=\"padding-left: 40px;\"><span data-preserver-spaces=\"true\">Dean\u00a0<\/span><a href=\"https:\/\/ab.us.edu.pl\/emp?id=14402\"><strong><span data-preserver-spaces=\"true\">Witold Kurowski, PhD, DLitt, <\/span><\/strong><strong>Associate Professor<\/strong><\/a><\/p>\n<p style=\"padding-left: 40px;\"><span data-preserver-spaces=\"true\">Deputy Dean for Education and Students <a title=\"website Address Book\" href=\"https:\/\/ab.us.edu.pl\/emp\/28572?lang=en\"><strong>Urszula Torbus, PhD<\/strong><\/a><\/span><\/p>\n<p style=\"padding-left: 40px;\"><span data-preserver-spaces=\"true\">Deputy Dean for Research <\/span><a class=\"editor-rtfLink\" href=\"http:\/\/ab.us.edu.pl\/emp?id=21332\" target=\"_blank\" rel=\"noopener\"><strong><span data-preserver-spaces=\"true\">Prof. Piotr Pinior<\/span><\/strong><\/a><\/p>\n<p style=\"padding-left: 40px;\"><span data-preserver-spaces=\"true\">Deputy Dean for Development and Cooperation\u00a0<\/span><a href=\"https:\/\/ab.us.edu.pl\/emp?id=9202\"><strong><span data-preserver-spaces=\"true\">Monika Jagielska,\u00a0<\/span><\/strong><strong><span data-preserver-spaces=\"true\">PhD, DLitt, <\/span><\/strong><strong>Associate Professor<\/strong><\/a><\/p>\n<p>&nbsp;<\/p>\n<h3><strong>Faculty of Arts and Educational Science<\/strong><\/h3>\n<p style=\"padding-left: 40px;\">Dean <a href=\"https:\/\/ab.us.edu.pl\/emp\/16502?lang=en\"><strong>Katarzyna Marcol, PhD, DLitt, Associate Professor<\/strong><\/a><\/p>\n<p style=\"padding-left: 40px;\">Deputy Dean for Science and Artistic Creation <a href=\"https:\/\/ab.us.edu.pl\/emp?id=27802\"><strong>Magdalena Szyndler, PhD, DLitt, Associate Professor<\/strong><\/a><\/p>\n<p style=\"padding-left: 40px;\">Deputy Dean for Education and Students <a href=\"https:\/\/ab.us.edu.pl\/emp?id=5482\"><strong>Ilona Fajfer-Kruczek, PhD<\/strong><\/a><\/p>\n<p style=\"padding-left: 40px;\">Deputy Dean for Development and Cooperation <a href=\"https:\/\/ab.us.edu.pl\/emp?id=20692\"><strong>Natalia Pawlus, PhD, DLitt, Associate Professor<\/strong><\/a><\/p>\n<p>&nbsp;<\/p>\n<h3><strong>Faculty of Theology<\/strong><\/h3>\n<p class=\"rteindent1\" style=\"padding-left: 40px;\">Dean <a href=\"https:\/\/ab.us.edu.pl\/emp?id=11062\"><strong>Rev. Jacek Kempa, PhD, DSc, Associate Professor<\/strong><\/a><\/p>\n<p class=\"rteindent1\" style=\"padding-left: 40px;\">Deputy Dean for Education and Students <a href=\"https:\/\/ab.us.edu.pl\/emp?id=26472\"><strong>Rev. Wojciech Surmiak, PhD<\/strong><\/a><\/p>\n<p class=\"rteindent1\" style=\"padding-left: 40px;\">Deputy Dean for Research <a href=\"https:\/\/ab.us.edu.pl\/emp?id=27102\"><strong>Rev. Prof. Leszek Szewczyk<\/strong><\/a><\/p>\n<p>&nbsp;<\/p>\n<h3><strong>Krzysztof Kie\u015blowski Film School<\/strong><\/h3>\n<p style=\"padding-left: 40px;\">Dean <a href=\"http:\/\/ab.us.edu.pl\/emp?id=4462\"><strong>Krystyna Doktorowicz, PhD, DLitt, Associate Professor<\/strong><\/a><\/p>\n<p style=\"padding-left: 40px;\">Deputy Dean for Education and Students <a href=\"https:\/\/ab.us.edu.pl\/emp?id=5902\"><strong>Katarzyna Frost, PhD<\/strong><\/a><\/p>\n<p style=\"padding-left: 40px;\">Deputy Dean for Organisation and Projects <a href=\"https:\/\/ab.us.edu.pl\/emp?id=24992\"><strong>Agnieszka Sko\u0142ucka, PhD<\/strong><\/a><\/p>\n<p style=\"padding-left: 40px;\">Deputy Dean for Science and Artistic Creation <strong><a href=\"https:\/\/ab.us.edu.pl\/emp\/33152?lang=en\">Prof. Jerzy \u0141ukaszewicz<\/a><\/strong><\/p>\n<p>&nbsp;<\/p>\n<h3><strong>Doctoral School of the University of Silesia in Katowice<\/strong><\/h3>\n<p class=\"rteindent1\" style=\"padding-left: 40px;\">Dean <a href=\"http:\/\/ab.us.edu.pl\/emp?id=33682\"><strong>Prof. Alina \u015awie\u015bciak-Fast<\/strong><\/a><\/p>\n<p class=\"rteindent1\" style=\"padding-left: 40px;\">Deputy Dean <a href=\"http:\/\/ab.us.edu.pl\/emp?id=512\"><strong>Prof. Micha\u0142 Baczy\u0144ski<\/strong><\/a><\/p>\n<p>&nbsp;<\/p>\n<h3><strong>International Environmental Doctoral School associated with the Centre for Polar Studies at the University of Silesia in Katowice<\/strong><\/h3>\n<p class=\"rteindent1\" style=\"padding-left: 40px;\">Dean <strong><a href=\"https:\/\/ab.us.edu.pl\/emp?id=53493\">Micha\u0142 Ciep\u0142y, PhD<\/a><\/strong><\/p>\n<p>\n<\/div>\r\n                    <\/div>\r\n                <\/div>[\/vc_column][\/vc_row]<\/p>\n<p><\/p>","protected":false},"excerpt":{"rendered":"<p>[vc_row][vc_column][\/vc_column][\/vc_row] [&#8230;]<\/p>\n<p><a class=\"btn btn-secondary understrap-read-more-link\" href=\"https:\/\/us.edu.pl\/en\/uczelnia\/o-nas\/wladze-uniwersytetu-slaskiego\/dziekani-i-prodziekani\/\">Read More&#8230;<\/a><\/p>\n","protected":false},"author":1,"featured_media":0,"parent":44358,"menu_order":0,"comment_status":"closed","ping_status":"closed","template":"page-templates\/inner-page.php","meta":{"_expiration-date-status":"","_expiration-date":0,"_expiration-date-type":"","_expiration-date-categories":[],"_expiration-date-options":[]},"acf":[],"_links":{"self":[{"href":"https:\/\/us.edu.pl\/en\/wp-json\/wp\/v2\/pages\/75357"}],"collection":[{"href":"https:\/\/us.edu.pl\/en\/wp-json\/wp\/v2\/pages"}],"about":[{"href":"https:\/\/us.edu.pl\/en\/wp-json\/wp\/v2\/types\/page"}],"author":[{"embeddable":true,"href":"https:\/\/us.edu.pl\/en\/wp-json\/wp\/v2\/users\/1"}],"replies":[{"embeddable":true,"href":"https:\/\/us.edu.pl\/en\/wp-json\/wp\/v2\/comments?post=75357"}],"version-history":[{"count":10,"href":"https:\/\/us.edu.pl\/en\/wp-json\/wp\/v2\/pages\/75357\/revisions"}],"predecessor-version":[{"id":210661,"href":"https:\/\/us.edu.pl\/en\/wp-json\/wp\/v2\/pages\/75357\/revisions\/210661"}],"up":[{"embeddable":true,"href":"https:\/\/us.edu.pl\/en\/wp-json\/wp\/v2\/pages\/44358"}],"wp:attachment":[{"href":"https:\/\/us.edu.pl\/en\/wp-json\/wp\/v2\/media?parent=75357"}],"curies":[{"name":"wp","href":"https:\/\/api.w.org\/{rel}","templated":true}]}}