{"id":80638,"date":"2019-10-10T05:35:46","date_gmt":"2019-10-10T04:35:46","guid":{"rendered":"https:\/\/us.edu.pl\/?page_id=80638"},"modified":"2024-01-29T11:46:17","modified_gmt":"2024-01-29T10:46:17","slug":"publikacje-naukowe","status":"publish","type":"page","link":"https:\/\/us.edu.pl\/en\/nauka-i-badania\/publikacje-naukowe\/","title":{"rendered":"Scientific publications"},"content":{"rendered":"<p><\/p>\n<p>[vc_row el_class=&#8221;container&#8221;][vc_column][vc_custom_heading text=&#8221;Scientific publications&#8221; font_container=&#8221;tag:h2|text_align:left|color:%23002e5a|line_height:1.2&#8243; google_fonts=&#8221;font_family:PT%20Sans%20Caption%3Aregular%2C700|font_style:700%20bold%20regular%3A700%3Anormal&#8221; el_class=&#8221;page-title&#8221;][\/vc_column][\/vc_row][vc_row el_class=&#8221;container&#8221;][vc_column width=&#8221;1\/3&#8243;]\r\n                <div class=\"text-modules\">\r\n                    <div class=\"container\">\r\n                        \r\n                        <div class=\"text-modules__content\"><\/p>\n<p><img class=\"alignnone size-medium wp-image-80642\" src=\"https:\/\/us.edu.pl\/wp-content\/uploads\/image\/W_ciniba_DSC1470.jpg\" alt=\"budynek Centrum Informacji Naukowej i Biblioteki Akademickiej\" width=\"100%\" height=\"auto\" srcset=\"https:\/\/us.edu.pl\/wp-content\/uploads\/image\/W_ciniba_DSC1470.jpg 690w, https:\/\/us.edu.pl\/wp-content\/uploads\/image\/W_ciniba_DSC1470-300x174.jpg 300w\" sizes=\"(max-width: 690px) 100vw, 690px\" \/><\/p>\n<p><em><span style=\"font-size: 12px;\">Photo by Julia Agnieszka Szymala<\/span><\/em><\/p>\n<p>\n<\/div>\r\n                    <\/div>\r\n                <\/div>[\/vc_column][vc_column width=&#8221;2\/3&#8243;]\r\n                <div class=\"text-modules\">\r\n                    <div class=\"container\">\r\n                        \r\n                        <div class=\"text-modules__content\"><\/p>\n<h3><span style=\"color: #002e5a;\"><strong>Library<\/strong><\/span><\/h3>\n<p>\n<\/div>\r\n                    <\/div>\r\n                <\/div>\r\n                <div class=\"text-modules\">\r\n                    <div class=\"container\">\r\n                        \r\n                        <div class=\"text-modules__content\"><\/p>\n<p>The Scientific Information Centre and Academic Library (CINIBA) is a scientific library of two universities in Katowice, i.e. the University of Silesia and the University of Economics. The library is located in the heart of the university campus, in the city centre. Library users have over 1.2 million volumes at their disposal, of which over 364,000 are in free access. The library is open to everyone and its resources can be used free of charge. Through modern information and multimedia facilities, the Centre supports all the needs of individual development.<\/p>\n<p><strong>Library of the University of Silesia:<\/strong><\/p>\n<ul style=\"list-style-type: circle;\">\n<li><a href=\"https:\/\/www.ciniba.edu.pl\/en\/\">The Scientific Information Centre and Academic Library (CINIBA)<\/a><\/li>\n<li><a href=\"https:\/\/www.ciniba.edu.pl\/en\/katalogi-n\">electronic catalogue of the University of Silesia and the University of Economics<\/a><\/li>\n<\/ul>\n<p><strong>Library of the University of Silesia in Katowice \u2013 specialist branches:<\/strong><\/p>\n<ul style=\"list-style-type: circle;\">\n<li><a href=\"http:\/\/ackatowice.bg.us.edu.pl\/\">\u201eAmerican Corner\u201d Center for American Culture and Information<\/a><\/li>\n<li><a href=\"http:\/\/bp.us.edu.pl\/\">Law Library<\/a><\/li>\n<li><a href=\"http:\/\/bns.us.edu.pl\/\">Social Sciences Library<\/a><\/li>\n<li><a href=\"http:\/\/bt.us.edu.pl\/\">Theological Library<\/a><\/li>\n<li><a href=\"http:\/\/bsf.us.edu.pl\/\">Film Art Library<\/a><\/li>\n<li><a href=\"http:\/\/bnz.us.edu.pl\/\">Earth Sciences Library<\/a><\/li>\n<li><a href=\"http:\/\/bnf.us.edu.pl\/\">Modern Languages Library<\/a><\/li>\n<li><a href=\"http:\/\/bcz.us.edu.pl\/\">Library of the University of Silesia \u2013 branch in Cieszyn<\/a><\/li>\n<\/ul>\n<p>\n<\/div>\r\n                    <\/div>\r\n                <\/div>[\/vc_column][\/vc_row][vc_row el_class=&#8221;container&#8221;][vc_column][vc_separator][vc_empty_space height=&#8221;20px&#8221;][\/vc_column][\/vc_row][vc_row el_class=&#8221;container&#8221;][vc_column width=&#8221;1\/3&#8243;]\r\n                <div class=\"text-modules\">\r\n                    <div class=\"container\">\r\n                        \r\n                        <div class=\"text-modules__content\"><\/p>\n<p><img class=\"size-full wp-image-170609\" src=\"https:\/\/us.edu.pl\/wp-content\/uploads\/obrazek-wyrozniajacy\/kenny-eliason-3GZNPBLImWc-unsplash.jpg\" alt=\"Na ekranie laptopa otwarty dokument pisemny, wida\u0107 d\u0142onie na laptopie\" width=\"100%\" height=\"auto\" srcset=\"https:\/\/us.edu.pl\/wp-content\/uploads\/obrazek-wyrozniajacy\/kenny-eliason-3GZNPBLImWc-unsplash.jpg 800w, https:\/\/us.edu.pl\/wp-content\/uploads\/obrazek-wyrozniajacy\/kenny-eliason-3GZNPBLImWc-unsplash-768x512.jpg 768w, https:\/\/us.edu.pl\/wp-content\/uploads\/obrazek-wyrozniajacy\/kenny-eliason-3GZNPBLImWc-unsplash-575x383.jpg 575w\" sizes=\"(max-width: 800px) 100vw, 800px\" \/><\/p>\n<p><em><span style=\"font-size: 12px;\">Photo by Kenny Eliason | Unsplash<\/span><\/em><\/p>\n<p>\n<\/div>\r\n                    <\/div>\r\n                <\/div>[\/vc_column][vc_column width=&#8221;2\/3&#8243;]\r\n                <div class=\"text-modules\">\r\n                    <div class=\"container\">\r\n                        \r\n                        <div class=\"text-modules__content\"><\/p>\n<h3><span style=\"color: #002e5a;\"><strong>OPUS Knowledge and Research Potential Platform<\/strong><\/span><\/h3>\n<p>\n<\/div>\r\n                    <\/div>\r\n                <\/div>\r\n                <div class=\"text-modules\">\r\n                    <div class=\"container\">\r\n                        \r\n                        <div class=\"text-modules__content\"><\/p>\n<p>The OPUS platform was implemented in the Library of the University of Silesia to support knowledge management processes at the University, primarily recording, archiving and disseminating the effects of scientific and research activities and documenting the professional achievements of employees and PhD students. It is the University\u2019s institutional repository and currently contains 167,000 descriptions of publications and artistic works, of which 24,000 publications are open access, including nearly 1,000 PhD theses. The platform is the successor to the Employees of the University of Silesia in Katowice Achievements Bibliography, which has been created since the 1970s.<\/p>\n<ul style=\"list-style-type: circle;\">\n<li><a href=\"https:\/\/opus.us.edu.pl\/index.seam?lang=en&amp;cid=634304\">OPUS platform<\/a><\/li>\n<li><a href=\"https:\/\/ciniba.edu.pl\/dorobek-naukowy\/\">Reporting scientific achievements<\/a><\/li>\n<\/ul>\n<p>\n<\/div>\r\n                    <\/div>\r\n                <\/div>[\/vc_column][\/vc_row][vc_row el_class=&#8221;container&#8221;][vc_column][vc_separator][vc_empty_space height=&#8221;20px&#8221;][\/vc_column][\/vc_row][vc_row el_class=&#8221;container&#8221;][vc_column width=&#8221;1\/3&#8243;]\r\n                <div class=\"text-modules\">\r\n                    <div class=\"container\">\r\n                        \r\n                        <div class=\"text-modules__content\"><\/p>\n<p><img class=\"size-medium wp-image-80643\" src=\"https:\/\/us.edu.pl\/wp-content\/uploads\/imagefront\/W_wroc-do-rozmowy.jpg\" alt=\"Fragment budynku z napisem &quot;Wr\u00f3\u0107 do rozmowy&quot;\" width=\"100%\" height=\"auto\" srcset=\"https:\/\/us.edu.pl\/wp-content\/uploads\/imagefront\/W_wroc-do-rozmowy.jpg 690w, https:\/\/us.edu.pl\/wp-content\/uploads\/imagefront\/W_wroc-do-rozmowy-300x174.jpg 300w\" sizes=\"(max-width: 690px) 100vw, 690px\" \/><\/p>\n<p><em><span style=\"font-size: 12px;\">Photo by Julia Agnieszka Szymala<\/span><\/em><\/p>\n<p>\n<\/div>\r\n                    <\/div>\r\n                <\/div>[\/vc_column][vc_column width=&#8221;2\/3&#8243;]\r\n                <div class=\"text-modules\">\r\n                    <div class=\"container\">\r\n                        \r\n                        <div class=\"text-modules__content\"><\/p>\n<h3><span style=\"color: #002e5a;\"><strong>Publishing House of the University of Silesia<br \/>\n<\/strong><\/span><\/h3>\n<p>\n<\/div>\r\n                    <\/div>\r\n                <\/div>\r\n                <div class=\"text-modules\">\r\n                    <div class=\"container\">\r\n                        \r\n                        <div class=\"text-modules__content\"><\/p>\n<p>The Publishing House of the University of Silesia focuses on the quality of publications and their review. The issue is in line with high ethical and editorial standards. Subject-related diversity of the offer reflects the multitude of scientific disciplines at the University. Books are available in traditional (paper) and modern (electronic) versions. The co-operation with large distributors (e.g. Azymut, Helion, CEEOL) results in the presence of the Publishing House in the worldwide library and sale catalogues. By promoting the idea of \u200b\u200bopen access, it provides publications to the RE-BU\u015a university repository, the Silesian Digital Library and the Open Science Platform.<\/p>\n<ul style=\"list-style-type: circle;\">\n<li><a href=\"http:\/\/wydawnictwo.us.edu.pl\/categories\/all?language=en\">publications of the Publishing House of the University of Silesia<\/a><\/li>\n<li><a href=\"http:\/\/www.journals.us.edu.pl\/\">journals of the University of Silesia<\/a><\/li>\n<li><a href=\"http:\/\/wydawnictwo.us.edu.pl\/e-books\">e-books<\/a><\/li>\n<li><a href=\"http:\/\/wydawnictwo.us.edu.pl\/node\/2261\">how to publish a book (PL)<\/a><\/li>\n<\/ul>\n<p>\n<\/div>\r\n                    <\/div>\r\n                <\/div>[\/vc_column][\/vc_row][vc_row][vc_column][vc_separator el_class=&#8221;container&#8221;][vc_empty_space height=&#8221;20px&#8221;][\/vc_column][\/vc_row][vc_row el_class=&#8221;container&#8221;][vc_column width=&#8221;1\/3&#8243;]\r\n                <div class=\"text-modules\">\r\n                    <div class=\"container\">\r\n                        \r\n                        <div class=\"text-modules__content\"><\/p>\n<p><img class=\"size-medium wp-image-135390\" src=\"https:\/\/us.edu.pl\/wp-content\/uploads\/obrazek-wyr\u00f3\u017cniaj\u0105cy\/john-schnobrich-yFbyvpEGHFQ-unsplash.jpg\" alt=\"D\u0142onie na klawiaturze laptopa\/hands on a laptops's keyboard\" width=\"100%\" height=\"auto\" srcset=\"https:\/\/us.edu.pl\/wp-content\/uploads\/obrazek-wyr\u00f3\u017cniaj\u0105cy\/john-schnobrich-yFbyvpEGHFQ-unsplash.jpg 800w, https:\/\/us.edu.pl\/wp-content\/uploads\/obrazek-wyr\u00f3\u017cniaj\u0105cy\/john-schnobrich-yFbyvpEGHFQ-unsplash-600x378.jpg 600w, https:\/\/us.edu.pl\/wp-content\/uploads\/obrazek-wyr\u00f3\u017cniaj\u0105cy\/john-schnobrich-yFbyvpEGHFQ-unsplash-768x484.jpg 768w, https:\/\/us.edu.pl\/wp-content\/uploads\/obrazek-wyr\u00f3\u017cniaj\u0105cy\/john-schnobrich-yFbyvpEGHFQ-unsplash-575x362.jpg 575w\" sizes=\"(max-width: 800px) 100vw, 800px\" \/><\/p>\n<p><em><span style=\"font-size: 12px;\">Photo by John Schnobrich | Unsplash<\/span><\/em><\/p>\n<p>\n<\/div>\r\n                    <\/div>\r\n                <\/div>[\/vc_column][vc_column width=&#8221;2\/3&#8243;]\r\n                <div class=\"text-modules\">\r\n                    <div class=\"container\">\r\n                        \r\n                        <div class=\"text-modules__content\"><\/p>\n<h3><span style=\"color: #002e5a;\"><strong>Repository of the University of Silesia<br \/>\n<\/strong><\/span><\/h3>\n<p>\n<\/div>\r\n                    <\/div>\r\n                <\/div>\r\n                <div class=\"text-modules\">\r\n                    <div class=\"container\">\r\n                        \r\n                        <div class=\"text-modules__content\"><\/p>\n<p>Open full-text\u00a0database collects publications of university employees, doctoral students and students.\u00a0The papers are indexed by worldwide scientific search engines.\u00a0The base, which was established in 2018, has currently almost 9,500 publications.<\/p>\n<ul style=\"list-style-type: circle;\">\n<li><a href=\"http:\/\/rebus.us.edu.pl\/?locale=en\">Re-BU\u015a base<\/a><\/li>\n<li><a href=\"https:\/\/opus.us.edu.pl\/\">OPUS platform<\/a><\/li>\n<\/ul>\n<p>\n<\/div>\r\n                    <\/div>\r\n                <\/div>[\/vc_column][\/vc_row][vc_row][vc_column][vc_empty_space height=&#8221;20px&#8221;][\/vc_column][\/vc_row][vc_row css=&#8221;.vc_custom_1704449647066{padding-top: 15px !important;padding-right: 15px !important;padding-bottom: 15px !important;padding-left: 15px !important;background-color: #f2f2f2 !important;}&#8221; el_class=&#8221;container&#8221;][vc_column]\r\n                <div class=\"text-modules\">\r\n                    <div class=\"container\">\r\n                        \r\n                        <div class=\"text-modules__content\"><\/p>\n<h3><span style=\"color: #002e5a;\"><strong>See also<br \/>\n<\/strong><\/span><\/h3>\n<p>\n<\/div>\r\n                    <\/div>\r\n                <\/div>[vc_row_inner el_class=&#8221;container&#8221;][vc_column_inner width=&#8221;1\/3&#8243;]\r\n                <div class=\"text-modules\">\r\n                    <div class=\"container\">\r\n                        \r\n                        <div class=\"text-modules__content\"><\/p>\n<ul style=\"list-style-type: circle;\">\n<li><a href=\"https:\/\/sbc.org.pl\/en\/dlibra?action=ChangeLanguageAction&amp;language=pl\">Resources of the Silesian Digital Library<\/a><\/li>\n<li><a href=\"https:\/\/ciniba.edu.pl\/zdalny-dostep-us-i-ue\/\">Remote access to databases<\/a><\/li>\n<li><a href=\"https:\/\/ciniba.edu.pl\/bazy-w-ukladzie-dziedzinowym\/\">Subscription databases<\/a><\/li>\n<\/ul>\n<p>\n<\/div>\r\n                    <\/div>\r\n                <\/div>[\/vc_column_inner][vc_column_inner width=&#8221;1\/3&#8243;]\r\n                <div class=\"text-modules\">\r\n                    <div class=\"container\">\r\n                        \r\n                        <div class=\"text-modules__content\"><\/p>\n<ul style=\"list-style-type: circle;\">\n<li><a href=\"https:\/\/ciniba.edu.pl\/gdzie-publikowac\/\">Where to publish?<\/a><\/li>\n<li><a href=\"https:\/\/ciniba.edu.pl\/otwarta-nauka\/\">Open science<\/a><\/li>\n<\/ul>\n<p>\n<\/div>\r\n                    <\/div>\r\n                <\/div>[\/vc_column_inner][vc_column_inner width=&#8221;1\/3&#8243;]\r\n                <div class=\"text-modules\">\r\n                    <div class=\"container\">\r\n                        \r\n                        <div class=\"text-modules__content\"><\/p>\n<ul style=\"list-style-type: circle;\">\n<li><a href=\"https:\/\/ciniba.edu.pl\/bazy-bibliometryczne\/\">Bibliometric databases<\/a><\/li>\n<li><a href=\"https:\/\/ciniba.edu.pl\/wskazniki-bibliometryczne\/\">Bibliometric indicators<\/a><\/li>\n<\/ul>\n<p>\n<\/div>\r\n                    <\/div>\r\n                <\/div>[\/vc_column_inner][\/vc_row_inner][\/vc_column][\/vc_row][vc_row][vc_column][vc_empty_space height=&#8221;50px&#8221;][\/vc_column][\/vc_row]<\/p>\n<p><\/p>","protected":false},"excerpt":{"rendered":"<p>[vc_row el_class=&#8221;container&#8221;][vc_column][vc_custom_heading text=&#8221;Scientific publications&#8221; font_container=&#8221;tag:h2|text_align:left|color:%23002e5a|line_height:1.2&#8243; google_fonts=&#8221;font_family:PT%20Sans%20Caption%3Aregular%2C700|font_style:700%20bold%20regular%3A700%3Anormal&#8221; el_class=&#8221;page-title&#8221;][\/vc_column][\/vc_row][vc_row el_class=&#8221;container&#8221;][vc_column width=&#8221;1\/3&#8243;][\/vc_column][vc_column width=&#8221;2\/3&#8243;][\/vc_column][\/vc_row][vc_row el_class=&#8221;container&#8221;][vc_column][vc_separator][vc_empty_space height=&#8221;20px&#8221;][\/vc_column][\/vc_row][vc_row el_class=&#8221;container&#8221;][vc_column width=&#8221;1\/3&#8243;][\/vc_column][vc_column width=&#8221;2\/3&#8243;][\/vc_column][\/vc_row][vc_row el_class=&#8221;container&#8221;][vc_column][vc_separator][vc_empty_space height=&#8221;20px&#8221;][\/vc_column][\/vc_row][vc_row el_class=&#8221;container&#8221;][vc_column width=&#8221;1\/3&#8243;][\/vc_column][vc_column width=&#8221;2\/3&#8243;][\/vc_column][\/vc_row][vc_row][vc_column][vc_separator el_class=&#8221;container&#8221;][vc_empty_space height=&#8221;20px&#8221;][\/vc_column][\/vc_row][vc_row el_class=&#8221;container&#8221;][vc_column width=&#8221;1\/3&#8243;][\/vc_column][vc_column width=&#8221;2\/3&#8243;][\/vc_column][\/vc_row][vc_row][vc_column][vc_empty_space height=&#8221;20px&#8221;][\/vc_column][\/vc_row][vc_row css=&#8221;.vc_custom_1704449647066{padding-top: 15px !important;padding-right: 15px !important;padding-bottom: 15px !important;padding-left: 15px !important;background-color: #f2f2f2 !important;}&#8221; el_class=&#8221;container&#8221;][vc_column][vc_row_inner el_class=&#8221;container&#8221;][vc_column_inner width=&#8221;1\/3&#8243;][\/vc_column_inner][vc_column_inner width=&#8221;1\/3&#8243;][\/vc_column_inner][vc_column_inner width=&#8221;1\/3&#8243;][\/vc_column_inner][\/vc_row_inner][\/vc_column][\/vc_row][vc_row][vc_column][vc_empty_space height=&#8221;50px&#8221;][\/vc_column][\/vc_row] [&#8230;]<\/p>\n<p><a class=\"btn btn-secondary understrap-read-more-link\" href=\"https:\/\/us.edu.pl\/en\/nauka-i-badania\/publikacje-naukowe\/\">Read More&#8230;<\/a><\/p>\n","protected":false},"author":26,"featured_media":0,"parent":80616,"menu_order":0,"comment_status":"closed","ping_status":"closed","template":"","meta":{"_expiration-date-status":"","_expiration-date":0,"_expiration-date-type":"","_expiration-date-categories":[],"_expiration-date-options":[]},"acf":[],"_links":{"self":[{"href":"https:\/\/us.edu.pl\/en\/wp-json\/wp\/v2\/pages\/80638"}],"collection":[{"href":"https:\/\/us.edu.pl\/en\/wp-json\/wp\/v2\/pages"}],"about":[{"href":"https:\/\/us.edu.pl\/en\/wp-json\/wp\/v2\/types\/page"}],"author":[{"embeddable":true,"href":"https:\/\/us.edu.pl\/en\/wp-json\/wp\/v2\/users\/26"}],"replies":[{"embeddable":true,"href":"https:\/\/us.edu.pl\/en\/wp-json\/wp\/v2\/comments?post=80638"}],"version-history":[{"count":4,"href":"https:\/\/us.edu.pl\/en\/wp-json\/wp\/v2\/pages\/80638\/revisions"}],"predecessor-version":[{"id":179925,"href":"https:\/\/us.edu.pl\/en\/wp-json\/wp\/v2\/pages\/80638\/revisions\/179925"}],"up":[{"embeddable":true,"href":"https:\/\/us.edu.pl\/en\/wp-json\/wp\/v2\/pages\/80616"}],"wp:attachment":[{"href":"https:\/\/us.edu.pl\/en\/wp-json\/wp\/v2\/media?parent=80638"}],"curies":[{"name":"wp","href":"https:\/\/api.w.org\/{rel}","templated":true}]}}