{"id":84632,"date":"2019-10-10T11:06:45","date_gmt":"2019-10-10T10:06:45","guid":{"rendered":"https:\/\/us.edu.pl\/?page_id=84632"},"modified":"2024-03-14T10:03:56","modified_gmt":"2024-03-14T09:03:56","slug":"centrum-studiow-polarnych","status":"publish","type":"page","link":"https:\/\/us.edu.pl\/en\/nauka-i-badania\/centra-badawcze\/centrum-studiow-polarnych\/","title":{"rendered":"Centre for Polar Studies &#8211; research on glaciers and climate change"},"content":{"rendered":"<p><\/p>\n<p>[vc_row][vc_column]\r\n                <div class=\"text-modules\">\r\n                    <div class=\"container\">\r\n                        <h3 class=\"page-title text__title\">Centre for Polar Studies \u2013 research on glaciers and climate change<\/h3>\r\n                        <div class=\"text-modules__content\"><\/p>\n<p><span style=\"font-weight: 400\">The development of interdisciplinary research on the natural environment of the Arctic and Antarctic at a global level is the main goal of the Centre for Polar Studies (CPS).\u00a0The projects implemented within the facility provided e.g. data on the basis of which scientists attempt to predict the\u00a0direction of climate change.\u00a0The Arctic is one of these areas in which the effects of change are particularly visible.\u00a0Observation of the processes that occur in this region allows e.g. to estimate the amount of fresh water supplied to the environment as a result of glacier shrinkage, which affects the entire ecosystem.\u00a0This is one of the priority tasks of modern research on nature.\u00a0\u00a0\u00a0\u00a0\u00a0\u00a0\u00a0\u00a0\u00a0\u00a0\u00a0\u00a0\u00a0<\/span><\/p>\n<p><span style=\"font-weight: 400\">As part of the scientific and teaching activity, CPS has created the <a href=\"http:\/\/www.mssd.us.edu.pl\">International Environmental Doctoral School<\/a>, which will educate doctoral students at the highest world level.<\/span><\/p>\n<p><span style=\"font-weight: 400\">CPS operates within the framework of cooperation of the Faculty of Earth Sciences of the University of Silesia (leading facility) with the Institute of Geophysics of the Polish Academy of Sciences in Warsaw and the Institute of Oceanology of the Polish Academy of Sciences in Sopot.<\/span><\/p>\n<p>\n<\/div>\r\n                    <\/div>\r\n                <\/div>[\/vc_column][\/vc_row][vc_row el_class=&#8221;container&#8221;][vc_column css=&#8221;.vc_custom_1571171519425{background-color: #ededed !important;}&#8221;]<div class=\"container\"><div class=\"separator\" style=\"background-color: #EBEBEB\"><\/div><\/div>\r\n                <div class=\"text-modules\">\r\n                    <div class=\"container\">\r\n                        \r\n                        <div class=\"text-modules__content\"><\/p>\n<p><b>Do you know that\u2026?\u00a0<\/b><\/p>\n<p><span style=\"font-weight: 400\">Over 50 polar expeditions to Spitsbergen have already been organised.\u00a0Scientists participating in expeditions primarily collect materials for further analysis &#8211; they collect samples and monitor the condition of glaciers.<\/span><\/p>\n<p>\n<\/div>\r\n                    <\/div>\r\n                <\/div>[\/vc_column][\/vc_row][vc_row][vc_column][vc_empty_space]            \r\n                    <div class=\"container\">\r\n                        <div class=\"gallery gallery_3\" data-images-in-row=\"3\">\r\n                            \r\n                            <div class=\"row m-0\">\r\n                                <a data-fancybox-group=\"button\" title=\"Lodowiec Hansa, kt\u00f3ry uchodzi do fiordu Hornsund, jest jednym z najlepiej zbadanych lodowc\u00f3w Arktyki.\nFot. prof. Jacek Jania\" data-fancybox=\"8240\" href=\"https:\/\/us.edu.pl\/wp-content\/uploads\/image\/lodowiec_hansa_jacek_jania_.jpg\" class=\"gallery__item thumbnail\"\r\n                                    style=\"background-image: url(https:\/\/us.edu.pl\/wp-content\/uploads\/image\/lodowiec_hansa_jacek_jania_.jpg)\"> <span class=\"d-none\">https:\/\/us.edu.pl\/wp-content\/uploads\/image\/lodowiec_hansa_jacek_jania_.jpg<\/span> <\/a><a data-fancybox-group=\"button\" title=\"Naukowiec prowadz\u0105cy badania nad \u015brodowiskiem przyrodniczym Arktyki. Fot. mat. Centrum Studi\u00f3w Polarnych \" data-fancybox=\"8240\" href=\"https:\/\/us.edu.pl\/wp-content\/uploads\/imagefront\/W_50_DSC_0245.jpg\" class=\"gallery__item thumbnail\"\r\n                                    style=\"background-image: url(https:\/\/us.edu.pl\/wp-content\/uploads\/imagefront\/W_50_DSC_0245.jpg)\"> <span class=\"d-none\">https:\/\/us.edu.pl\/wp-content\/uploads\/imagefront\/W_50_DSC_0245.jpg<\/span> <\/a><a data-fancybox-group=\"button\" title=\"Naukowiec przewo\u017c\u0105cy sprz\u0119t badawczy na saniach \u015bnie\u017cnych. Fot. mat. Centrum Studi\u00f3w Polarnych\" data-fancybox=\"8240\" href=\"https:\/\/us.edu.pl\/wp-content\/uploads\/image\/56_DSC_0291.jpg\" class=\"gallery__item thumbnail\"\r\n                                    style=\"background-image: url(https:\/\/us.edu.pl\/wp-content\/uploads\/image\/56_DSC_0291.jpg)\"> <span class=\"d-none\">https:\/\/us.edu.pl\/wp-content\/uploads\/image\/56_DSC_0291.jpg<\/span> <\/a>\r\n                            <\/div>\r\n                    <\/div>\r\n                <\/div>[\/vc_column][\/vc_row][vc_row][vc_column]\r\n                <div class=\"text-modules\">\r\n                    <div class=\"container\">\r\n                        \r\n                        <div class=\"text-modules__content\"><\/p>\n<p><span style=\"font-weight: 400\">Centre for Polar Studies website:\u00a0<\/span><span style=\"font-weight: 400\"><a href=\"http:\/\/www.polarknow.us.edu.pl\">www.polarknow.us.edu.pl<\/a>.<\/span><\/p>\n<p>\n<\/div>\r\n                    <\/div>\r\n                <\/div>[\/vc_column][\/vc_row]<\/p>\n<p><\/p>","protected":false},"excerpt":{"rendered":"<p>[vc_row][vc_column][\/vc_column][\/vc_row][vc_row el_class=&#8221;container&#8221;][vc_column css=&#8221;.vc_custom_1571171519425{background-color: #ededed !important;}&#8221;][\/vc_column][\/vc_row][vc_row][vc_column][vc_empty_space][\/vc_column][\/vc_row][vc_row][vc_column][\/vc_column][\/vc_row] [&#8230;]<\/p>\n<p><a class=\"btn btn-secondary understrap-read-more-link\" href=\"https:\/\/us.edu.pl\/en\/nauka-i-badania\/centra-badawcze\/centrum-studiow-polarnych\/\">Read More&#8230;<\/a><\/p>\n","protected":false},"author":1,"featured_media":0,"parent":80620,"menu_order":0,"comment_status":"closed","ping_status":"closed","template":"","meta":{"_expiration-date-status":"","_expiration-date":0,"_expiration-date-type":"","_expiration-date-categories":[],"_expiration-date-options":[]},"acf":[],"_links":{"self":[{"href":"https:\/\/us.edu.pl\/en\/wp-json\/wp\/v2\/pages\/84632"}],"collection":[{"href":"https:\/\/us.edu.pl\/en\/wp-json\/wp\/v2\/pages"}],"about":[{"href":"https:\/\/us.edu.pl\/en\/wp-json\/wp\/v2\/types\/page"}],"author":[{"embeddable":true,"href":"https:\/\/us.edu.pl\/en\/wp-json\/wp\/v2\/users\/1"}],"replies":[{"embeddable":true,"href":"https:\/\/us.edu.pl\/en\/wp-json\/wp\/v2\/comments?post=84632"}],"version-history":[{"count":9,"href":"https:\/\/us.edu.pl\/en\/wp-json\/wp\/v2\/pages\/84632\/revisions"}],"predecessor-version":[{"id":182578,"href":"https:\/\/us.edu.pl\/en\/wp-json\/wp\/v2\/pages\/84632\/revisions\/182578"}],"up":[{"embeddable":true,"href":"https:\/\/us.edu.pl\/en\/wp-json\/wp\/v2\/pages\/80620"}],"wp:attachment":[{"href":"https:\/\/us.edu.pl\/en\/wp-json\/wp\/v2\/media?parent=84632"}],"curies":[{"name":"wp","href":"https:\/\/api.w.org\/{rel}","templated":true}]}}