{"id":84726,"date":"2019-10-10T14:02:55","date_gmt":"2019-10-10T13:02:55","guid":{"rendered":"https:\/\/us.edu.pl\/?page_id=84726"},"modified":"2026-01-16T09:24:53","modified_gmt":"2026-01-16T08:24:53","slug":"popularyzacja-nauki","status":"publish","type":"page","link":"https:\/\/us.edu.pl\/en\/nauka-i-badania\/popularyzacja-nauki\/","title":{"rendered":"Science communication initiatives"},"content":{"rendered":"<p><\/p>\n<p>[vc_row el_class=&#8221;container&#8221;][vc_column][vc_custom_heading text=&#8221;Science communication initiatives&#8221; font_container=&#8221;tag:h2|text_align:left|color:%23002e5a|line_height:1.2&#8243; google_fonts=&#8221;font_family:PT%20Sans%20Caption%3Aregular%2C700|font_style:700%20bold%20regular%3A700%3Anormal&#8221; el_class=&#8221;page-title&#8221;][\/vc_column][\/vc_row][vc_row content_placement=&#8221;bottom&#8221; el_class=&#8221;container&#8221;][vc_column width=&#8221;1\/4&#8243; el_class=&#8221;shadow margines&#8221;][vc_column_text css=&#8221;.vc_custom_1702468696315{margin-top: 0px !important;margin-right: 0px !important;margin-bottom: 0px !important;margin-left: 0px !important;border-top-width: 0px !important;border-right-width: 0px !important;border-bottom-width: 0px !important;border-left-width: 0px !important;padding-top: 0px !important;padding-right: 0px !important;padding-bottom: 0px !important;padding-left: 0px !important;}&#8221;]<\/p>\n<p><img class=\"alignnone size-full wp-image-178473\" src=\"https:\/\/us.edu.pl\/wp-content\/uploads\/image\/IMG_7116_fot.tomasz-kielkowski.jpg\" alt=\"pokaz naukowy\" width=\"100%\" height=\"auto\" srcset=\"https:\/\/us.edu.pl\/wp-content\/uploads\/image\/IMG_7116_fot.tomasz-kielkowski.jpg 800w, https:\/\/us.edu.pl\/wp-content\/uploads\/image\/IMG_7116_fot.tomasz-kielkowski-150x150.jpg 150w, https:\/\/us.edu.pl\/wp-content\/uploads\/image\/IMG_7116_fot.tomasz-kielkowski-768x768.jpg 768w, https:\/\/us.edu.pl\/wp-content\/uploads\/image\/IMG_7116_fot.tomasz-kielkowski-575x575.jpg 575w\" sizes=\"(max-width: 800px) 100vw, 800px\" \/><\/p>\n<p>[\/vc_column_text][vc_column_text css=&#8221;.vc_custom_1706525671803{margin-top: 0px !important;margin-right: 0px !important;margin-bottom: 0px !important;margin-left: 0px !important;border-top-width: 0px !important;border-right-width: 0px !important;border-bottom-width: 0px !important;border-left-width: 0px !important;padding-top: 15px !important;padding-right: 15px !important;padding-bottom: 10px !important;padding-left: 15px !important;}&#8221;]<\/p>\n<p><a class=\"duzy-link\" href=\"https:\/\/www.slaskifestiwalnauki.pl\/\"><small><span style=\"letter-spacing: 0.6mm; color: #333333; font-size: 130%; font-family: PT Sans Narrow;\"><strong>Silesian Science Festival KATOWICE<br \/>\n<\/strong><\/span><\/small><\/a><\/p>\n<p><span style=\"font-family: PT Sans Narrow; color: #011535;\">One of the largest popular science events in the country and Europe. Every year, the festival programme includes hundreds of various activities communicating science and art: lectures, workshops, exhibition stands, exhibitions, concerts, meetings with special guests and other initiatives.<\/span><\/p>\n<p>[\/vc_column_text][\/vc_column][vc_column width=&#8221;1\/4&#8243; el_class=&#8221;shadow margines&#8221;][vc_column_text css=&#8221;.vc_custom_1702468675315{margin-top: 0px !important;margin-right: 0px !important;margin-bottom: 0px !important;margin-left: 0px !important;border-top-width: 0px !important;border-right-width: 0px !important;border-bottom-width: 0px !important;border-left-width: 0px !important;padding-top: 0px !important;padding-right: 0px !important;padding-bottom: 0px !important;padding-left: 0px !important;}&#8221;]<\/p>\n<p><img class=\"alignnone size-full wp-image-178472\" src=\"https:\/\/us.edu.pl\/wp-content\/uploads\/image\/Matylda-Klos-SPN-Planetarium-15.jpg\" alt=\"Planetarium \u015al\u0105skie\" width=\"100%\" height=\"auto\" srcset=\"https:\/\/us.edu.pl\/wp-content\/uploads\/image\/Matylda-Klos-SPN-Planetarium-15.jpg 800w, https:\/\/us.edu.pl\/wp-content\/uploads\/image\/Matylda-Klos-SPN-Planetarium-15-150x150.jpg 150w, https:\/\/us.edu.pl\/wp-content\/uploads\/image\/Matylda-Klos-SPN-Planetarium-15-768x768.jpg 768w, https:\/\/us.edu.pl\/wp-content\/uploads\/image\/Matylda-Klos-SPN-Planetarium-15-575x575.jpg 575w\" sizes=\"(max-width: 800px) 100vw, 800px\" \/><\/p>\n<p>[\/vc_column_text][vc_column_text css=&#8221;.vc_custom_1706525847577{margin-top: 0px !important;margin-right: 0px !important;margin-bottom: 0px !important;margin-left: 0px !important;border-top-width: 0px !important;border-right-width: 0px !important;border-bottom-width: 0px !important;border-left-width: 0px !important;padding-top: 15px !important;padding-right: 15px !important;padding-bottom: 10px !important;padding-left: 15px !important;}&#8221;]<\/p>\n<p><a class=\"duzy-link\" href=\"https:\/\/us.edu.pl\/nauka-i-badania\/popularyzacja-nauki\/scena-premier-naukowych\/\"><small><span style=\"letter-spacing: 0.6mm; color: #333333; font-size: 130%; font-family: PT Sans Narrow;\"><strong>Scientific Premiere Stage<\/strong><\/span><\/small><\/a><\/p>\n<p><span style=\"font-family: PT Sans Narrow; color: #011535;\">Science is nice to talk about and equally nice to hear about. Each edition of Scientific Premiere Stage is a one-of-a-kind opportunity to meet unique scientists who talk about their work in an accessible way.<\/span><\/p>\n<p>[\/vc_column_text][\/vc_column][vc_column width=&#8221;1\/4&#8243; el_class=&#8221;shadow margines&#8221;][vc_column_text css=&#8221;.vc_custom_1702468652139{margin-top: 0px !important;margin-right: 0px !important;margin-bottom: 0px !important;margin-left: 0px !important;border-top-width: 0px !important;border-right-width: 0px !important;border-bottom-width: 0px !important;border-left-width: 0px !important;padding-top: 0px !important;padding-right: 0px !important;padding-bottom: 0px !important;padding-left: 0px !important;}&#8221;]<\/p>\n<p><img class=\"alignnone size-full wp-image-178469\" src=\"https:\/\/us.edu.pl\/wp-content\/uploads\/image\/fot.-Olimpia-Orzadala-182.jpg\" alt=\"dzieci zgromadzone wok\u00f3\u0142 robota-paj\u0105ka\" width=\"100%\" height=\"auto\" srcset=\"https:\/\/us.edu.pl\/wp-content\/uploads\/image\/fot.-Olimpia-Orzadala-182.jpg 800w, https:\/\/us.edu.pl\/wp-content\/uploads\/image\/fot.-Olimpia-Orzadala-182-150x150.jpg 150w, https:\/\/us.edu.pl\/wp-content\/uploads\/image\/fot.-Olimpia-Orzadala-182-768x768.jpg 768w, https:\/\/us.edu.pl\/wp-content\/uploads\/image\/fot.-Olimpia-Orzadala-182-575x575.jpg 575w\" sizes=\"(max-width: 800px) 100vw, 800px\" \/><\/p>\n<p>[\/vc_column_text][vc_column_text css=&#8221;.vc_custom_1706525902896{margin-top: 0px !important;margin-right: 0px !important;margin-bottom: 0px !important;margin-left: 0px !important;border-top-width: 0px !important;border-right-width: 0px !important;border-bottom-width: 0px !important;border-left-width: 0px !important;padding-top: 15px !important;padding-right: 15px !important;padding-bottom: 10px !important;padding-left: 15px !important;}&#8221;]<\/p>\n<p><a class=\"duzy-link\" href=\"https:\/\/uniwersytetotwarty.us.edu.pl\/umn\/\"><small><span style=\"letter-spacing: 0.6mm; color: #333333; font-size: 130%; font-family: PT Sans Narrow;\"><strong>University Research Camp<\/strong><\/span><\/small><\/a><\/p>\n<p><span style=\"font-family: PT Sans Narrow; color: #011535;\">Every year in September, the University of Silesia opens its campus in Katowice to students and teachers of primary and secondary schools. There are several scientific stops on the campus map, offering interactive lectures in a selected field every year.<\/span><\/p>\n<p>[\/vc_column_text][\/vc_column][vc_column width=&#8221;1\/4&#8243; el_class=&#8221;shadow margines&#8221;][vc_column_text css=&#8221;.vc_custom_1702468621084{margin-top: 0px !important;margin-right: 0px !important;margin-bottom: 0px !important;margin-left: 0px !important;border-top-width: 0px !important;border-right-width: 0px !important;border-bottom-width: 0px !important;border-left-width: 0px !important;padding-top: 0px !important;padding-right: 0px !important;padding-bottom: 0px !important;padding-left: 0px !important;}&#8221;]<\/p>\n<p><img class=\"alignnone size-full wp-image-178471\" src=\"https:\/\/us.edu.pl\/wp-content\/uploads\/image\/Z6A7270_dhc_fot-Julia-Agnieszka-Szymala.jpg\" alt=\"karaczan trzymany na d\u0142oni\" width=\"100%\" height=\"auto\" srcset=\"https:\/\/us.edu.pl\/wp-content\/uploads\/image\/Z6A7270_dhc_fot-Julia-Agnieszka-Szymala.jpg 800w, https:\/\/us.edu.pl\/wp-content\/uploads\/image\/Z6A7270_dhc_fot-Julia-Agnieszka-Szymala-150x150.jpg 150w, https:\/\/us.edu.pl\/wp-content\/uploads\/image\/Z6A7270_dhc_fot-Julia-Agnieszka-Szymala-768x768.jpg 768w, https:\/\/us.edu.pl\/wp-content\/uploads\/image\/Z6A7270_dhc_fot-Julia-Agnieszka-Szymala-575x575.jpg 575w\" sizes=\"(max-width: 800px) 100vw, 800px\" \/><\/p>\n<p>[\/vc_column_text][vc_column_text css=&#8221;.vc_custom_1706525937290{margin-top: 0px !important;margin-right: 0px !important;margin-bottom: 0px !important;margin-left: 0px !important;border-top-width: 0px !important;border-right-width: 0px !important;border-bottom-width: 0px !important;border-left-width: 0px !important;padding-top: 15px !important;padding-right: 15px !important;padding-bottom: 10px !important;padding-left: 15px !important;}&#8221;]<\/p>\n<p><a class=\"duzy-link\" href=\"https:\/\/us.edu.pl\/nauka-i-badania\/popularyzacja-nauki\/noc-biologow\/\"><small><span style=\"letter-spacing: 0.6mm; color: #333333; font-size: 130%; font-family: PT Sans Narrow;\"><strong>The Night of Biologists<\/strong><\/span><\/small><\/a><\/p>\n<p><span style=\"font-family: PT Sans Narrow; color: #011535;\">It is a unique opportunity to learn about the secrets of the world of plants and animals, laboratory equipment and ongoing scientific research. Every year, scientists from the University of Silesia organise lectures, classes and shows as part of the national Night of Biologists.<\/span><\/p>\n<p>[\/vc_column_text][\/vc_column][\/vc_row][vc_row][vc_column][vc_empty_space][\/vc_column][\/vc_row][vc_row content_placement=&#8221;bottom&#8221; el_class=&#8221;container&#8221;][vc_column width=&#8221;1\/4&#8243; el_class=&#8221;shadow margines&#8221;][vc_column_text css=&#8221;.vc_custom_1702468598236{margin-top: 0px !important;margin-right: 0px !important;margin-bottom: 0px !important;margin-left: 0px !important;border-top-width: 0px !important;border-right-width: 0px !important;border-bottom-width: 0px !important;border-left-width: 0px !important;padding-top: 0px !important;padding-right: 0px !important;padding-bottom: 0px !important;padding-left: 0px !important;}&#8221;]<\/p>\n<p><img class=\"alignnone size-full wp-image-178470\" src=\"https:\/\/us.edu.pl\/wp-content\/uploads\/image\/DSC07766_Malgorzata-Dymowska.jpg\" alt=\"domino na stole\" width=\"100%\" height=\"auto\" srcset=\"https:\/\/us.edu.pl\/wp-content\/uploads\/image\/DSC07766_Malgorzata-Dymowska.jpg 800w, https:\/\/us.edu.pl\/wp-content\/uploads\/image\/DSC07766_Malgorzata-Dymowska-150x150.jpg 150w, https:\/\/us.edu.pl\/wp-content\/uploads\/image\/DSC07766_Malgorzata-Dymowska-768x768.jpg 768w, https:\/\/us.edu.pl\/wp-content\/uploads\/image\/DSC07766_Malgorzata-Dymowska-575x575.jpg 575w\" sizes=\"(max-width: 800px) 100vw, 800px\" \/><\/p>\n<p>[\/vc_column_text][vc_column_text css=&#8221;.vc_custom_1706526002583{margin-top: 0px !important;margin-right: 0px !important;margin-bottom: 0px !important;margin-left: 0px !important;border-top-width: 0px !important;border-right-width: 0px !important;border-bottom-width: 0px !important;border-left-width: 0px !important;padding-top: 15px !important;padding-right: 15px !important;padding-bottom: 10px !important;padding-left: 15px !important;}&#8221;]<\/p>\n<p><a class=\"duzy-link\" href=\"http:\/\/swietopi.us.edu.pl\/\"><small><span style=\"letter-spacing: 0.6mm; color: #333333; font-size: 130%; font-family: PT Sans Narrow;\"><strong>Pi Day<\/strong><\/span><\/small><\/a><\/p>\n<p><span style=\"font-family: PT Sans Narrow; color: #011535;\">Discovering the charm of exact sciences and technology. 3.14 are the first three digits of the number \u03c0, which is celebrated every year on 14 March all over the world, including at the University of Silesia.<\/span><\/p>\n<p>[\/vc_column_text][\/vc_column][vc_column width=&#8221;1\/4&#8243; el_class=&#8221;shadow margines&#8221;][vc_column_text css=&#8221;.vc_custom_1702467174015{margin-top: 0px !important;margin-right: 0px !important;margin-bottom: 0px !important;margin-left: 0px !important;border-top-width: 0px !important;border-right-width: 0px !important;border-bottom-width: 0px !important;border-left-width: 0px !important;padding-top: 0px !important;padding-right: 0px !important;padding-bottom: 0px !important;padding-left: 0px !important;}&#8221;]<\/p>\n<p><img class=\"alignnone size-full wp-image-151204\" src=\"https:\/\/us.edu.pl\/wp-content\/uploads\/obrazki-stron\/dla-szkol\/pexels-pixabay-414860.jpg\" alt=\"plazma\" width=\"100%\" height=\"auto\" srcset=\"https:\/\/us.edu.pl\/wp-content\/uploads\/obrazki-stron\/dla-szkol\/pexels-pixabay-414860.jpg 600w, https:\/\/us.edu.pl\/wp-content\/uploads\/obrazki-stron\/dla-szkol\/pexels-pixabay-414860-150x150.jpg 150w, https:\/\/us.edu.pl\/wp-content\/uploads\/obrazki-stron\/dla-szkol\/pexels-pixabay-414860-575x575.jpg 575w\" sizes=\"(max-width: 600px) 100vw, 600px\" \/><\/p>\n<p>[\/vc_column_text][vc_column_text css=&#8221;.vc_custom_1706526028859{margin-top: 0px !important;margin-right: 0px !important;margin-bottom: 0px !important;margin-left: 0px !important;border-top-width: 0px !important;border-right-width: 0px !important;border-bottom-width: 0px !important;border-left-width: 0px !important;padding-top: 15px !important;padding-right: 15px !important;padding-bottom: 10px !important;padding-left: 15px !important;}&#8221;]<\/p>\n<p><a class=\"duzy-link\" href=\"https:\/\/przystaneknauka.us.edu.pl\/\"><small><span style=\"letter-spacing: 0.6mm; color: #333333; font-size: 130%; font-family: PT Sans Narrow;\"><strong>Science Point<\/strong><\/span><\/small><\/a><\/p>\n<p><span style=\"font-family: PT Sans Narrow; color: #011535;\">A popular science portal the aim of which is to communicate research, not only that conducted at the University of Silesia. The articles cover various areas of knowledge.<br \/>\n<\/span><\/p>\n<p>[\/vc_column_text][\/vc_column][vc_column width=&#8221;1\/4&#8243; el_class=&#8221;shadow margines&#8221;][vc_column_text css=&#8221;.vc_custom_1702468559845{margin-top: 0px !important;margin-right: 0px !important;margin-bottom: 0px !important;margin-left: 0px !important;border-top-width: 0px !important;border-right-width: 0px !important;border-bottom-width: 0px !important;border-left-width: 0px !important;padding-top: 0px !important;padding-right: 0px !important;padding-bottom: 0px !important;padding-left: 0px !important;}&#8221;]<\/p>\n<p><img class=\"alignnone size-full wp-image-178468\" src=\"https:\/\/us.edu.pl\/wp-content\/uploads\/image\/no-limits_.jpg\" alt=\"fragment ok\u0142adki czasopisma \u201eNo Limits\u201d\" width=\"100%\" height=\"auto\" srcset=\"https:\/\/us.edu.pl\/wp-content\/uploads\/image\/no-limits_.jpg 800w, https:\/\/us.edu.pl\/wp-content\/uploads\/image\/no-limits_-150x150.jpg 150w, https:\/\/us.edu.pl\/wp-content\/uploads\/image\/no-limits_-768x768.jpg 768w, https:\/\/us.edu.pl\/wp-content\/uploads\/image\/no-limits_-575x575.jpg 575w\" sizes=\"(max-width: 800px) 100vw, 800px\" \/><\/p>\n<p>[\/vc_column_text][vc_column_text css=&#8221;.vc_custom_1706526087603{margin-top: 0px !important;margin-right: 0px !important;margin-bottom: 0px !important;margin-left: 0px !important;border-top-width: 0px !important;border-right-width: 0px !important;border-bottom-width: 0px !important;border-left-width: 0px !important;padding-top: 15px !important;padding-right: 15px !important;padding-bottom: 10px !important;padding-left: 15px !important;}&#8221;]<\/p>\n<p><a class=\"duzy-link\" href=\"https:\/\/us.edu.pl\/en\/nauka-i-badania\/popularyzacja-nauki\/no-limits\/\"><small><span style=\"letter-spacing: 0.6mm; color: #333333; font-size: 130%; font-family: PT Sans Narrow;\"><strong><em>No Limits<\/em><\/strong><\/span><\/small><\/a><\/p>\n<p><span style=\"font-family: PT Sans Narrow; color: #011535;\">In an attractive form, we present interesting, innovative and important scientific research conducted at our university or in cooperation with the University of Silesia.<\/span><\/p>\n<p>[\/vc_column_text][\/vc_column][vc_column width=&#8221;1\/4&#8243;][\/vc_column][\/vc_row][vc_row][vc_column][vc_empty_space height=&#8221;50px&#8221;][\/vc_column][\/vc_row]<\/p>\n<p><\/p>","protected":false},"excerpt":{"rendered":"<p>[vc_row el_class=&#8221;container&#8221;][vc_column][vc_custom_heading text=&#8221;Science communication initiatives&#8221; font_container=&#8221;tag:h2|text_align:left|color:%23002e5a|line_height:1.2&#8243; google_fonts=&#8221;font_family:PT%20Sans%20Caption%3Aregular%2C700|font_style:700%20bold%20regular%3A700%3Anormal&#8221; el_class=&#8221;page-title&#8221;][\/vc_column][\/vc_row][vc_row content_placement=&#8221;bottom&#8221; el_class=&#8221;container&#8221;][vc_column width=&#8221;1\/4&#8243; el_class=&#8221;shadow margines&#8221;][vc_column_text css=&#8221;.vc_custom_1702468696315{margin-top: 0px !important;margin-right: 0px !important;margin-bottom: 0px !important;margin-left: 0px !important;border-top-width: 0px !important;border-right-width: 0px !important;border-bottom-width: 0px !important;border-left-width: 0px !important;padding-top: 0px !important;padding-right: 0px !important;padding-bottom: 0px !important;padding-left: 0px !important;}&#8221;] [\/vc_column_text][vc_column_text css=&#8221;.vc_custom_1706525671803{margin-top: 0px !important;margin-right: 0px !important;margin-bottom: 0px !important;margin-left: 0px !important;border-top-width: 0px !important;border-right-width: 0px !important;border-bottom-width: 0px !important;border-left-width: 0px [&#8230;]<\/p>\n<p><a class=\"btn btn-secondary understrap-read-more-link\" href=\"https:\/\/us.edu.pl\/en\/nauka-i-badania\/popularyzacja-nauki\/\">Read More&#8230;<\/a><\/p>\n","protected":false},"author":1,"featured_media":0,"parent":80616,"menu_order":0,"comment_status":"closed","ping_status":"closed","template":"","meta":{"_expiration-date-status":"","_expiration-date":0,"_expiration-date-type":"","_expiration-date-categories":[],"_expiration-date-options":[]},"acf":[],"_links":{"self":[{"href":"https:\/\/us.edu.pl\/en\/wp-json\/wp\/v2\/pages\/84726"}],"collection":[{"href":"https:\/\/us.edu.pl\/en\/wp-json\/wp\/v2\/pages"}],"about":[{"href":"https:\/\/us.edu.pl\/en\/wp-json\/wp\/v2\/types\/page"}],"author":[{"embeddable":true,"href":"https:\/\/us.edu.pl\/en\/wp-json\/wp\/v2\/users\/1"}],"replies":[{"embeddable":true,"href":"https:\/\/us.edu.pl\/en\/wp-json\/wp\/v2\/comments?post=84726"}],"version-history":[{"count":8,"href":"https:\/\/us.edu.pl\/en\/wp-json\/wp\/v2\/pages\/84726\/revisions"}],"predecessor-version":[{"id":245233,"href":"https:\/\/us.edu.pl\/en\/wp-json\/wp\/v2\/pages\/84726\/revisions\/245233"}],"up":[{"embeddable":true,"href":"https:\/\/us.edu.pl\/en\/wp-json\/wp\/v2\/pages\/80616"}],"wp:attachment":[{"href":"https:\/\/us.edu.pl\/en\/wp-json\/wp\/v2\/media?parent=84726"}],"curies":[{"name":"wp","href":"https:\/\/api.w.org\/{rel}","templated":true}]}}