{"id":84837,"date":"2019-10-11T09:44:25","date_gmt":"2019-10-11T08:44:25","guid":{"rendered":"https:\/\/us.edu.pl\/?page_id=84837"},"modified":"2022-12-15T11:22:27","modified_gmt":"2022-12-15T10:22:27","slug":"prof-zw-dr-hab-inz-jerzy-buzek","status":"publish","type":"page","link":"https:\/\/us.edu.pl\/en\/uczelnia\/o-nas\/historia\/doktorzy-honoris-causa-uniwersytetu-slaskiego\/prof-zw-dr-hab-inz-jerzy-buzek\/","title":{"rendered":"Full Prof. Eng. Jerzy BUZEK"},"content":{"rendered":"<p><\/p>\n<p>[vc_row][vc_column]\r\n                <div class=\"text-modules \">\r\n                    <div class=\"container\">\r\n                        <h3 class=\"section-title section-title_border-bottom\">Full Prof. Eng. Jerzy BUZEK<\/h3> \r\n                        <div class=\"row m-0\">\r\n                            <div class=\"text-modules__content\">\r\n                                <\/p>\n<p>Birth date: 3 July 1940<\/p>\n<p>Birthplace: \u015ami\u0142owice in Cieszyn Silesia<\/p>\n<p>Award date: 11 June 2010<\/p>\n<p>USil Senate resolution date: 20 April 2010<\/p>\n<p>Application date: 22 February 2010<\/p>\n<p>Applying unit: Faculty of Law and Administration of the University of Silesia<\/p>\n<p>Son of the Silesian soil, an outstanding man of science, a world-famous politician, educator. He received an honorary doctorate degree from the Universities of Dortmund, Seoul and Isparta (Turkey) as well as the Technical Universities of Silesia, Opole and \u0141\u00f3d\u017a.<br \/>\nProfessor of technical sciences, the Prime Minister of Poland from 1997 to 2001, elected to the European Parliament in 2004, he served as President of the European Parliament between 2009 and 2012.<\/p>\n<div class=\"mt-3\"><\/div>\r\n                            <\/div>\r\n                            \r\n                            <div class=\"text-modules__img\"><img src=\"https:\/\/us.edu.pl\/wp-content\/uploads\/Nieprzypisane\/Buzek.jpg\" alt=\"img\"><\/div>\r\n                        <\/div>\r\n                    <\/div>\r\n                <\/div>[\/vc_column][\/vc_row]<\/p>\n<p><\/p>","protected":false},"excerpt":{"rendered":"<p>[vc_row][vc_column][\/vc_column][\/vc_row] [&#8230;]<\/p>\n<p><a class=\"btn btn-secondary understrap-read-more-link\" href=\"https:\/\/us.edu.pl\/en\/uczelnia\/o-nas\/historia\/doktorzy-honoris-causa-uniwersytetu-slaskiego\/prof-zw-dr-hab-inz-jerzy-buzek\/\">Read More&#8230;<\/a><\/p>\n","protected":false},"author":33,"featured_media":0,"parent":73916,"menu_order":0,"comment_status":"closed","ping_status":"closed","template":"","meta":{"_expiration-date-status":"saved","_expiration-date":0,"_expiration-date-type":"","_expiration-date-categories":[],"_expiration-date-options":[]},"acf":[],"_links":{"self":[{"href":"https:\/\/us.edu.pl\/en\/wp-json\/wp\/v2\/pages\/84837"}],"collection":[{"href":"https:\/\/us.edu.pl\/en\/wp-json\/wp\/v2\/pages"}],"about":[{"href":"https:\/\/us.edu.pl\/en\/wp-json\/wp\/v2\/types\/page"}],"author":[{"embeddable":true,"href":"https:\/\/us.edu.pl\/en\/wp-json\/wp\/v2\/users\/33"}],"replies":[{"embeddable":true,"href":"https:\/\/us.edu.pl\/en\/wp-json\/wp\/v2\/comments?post=84837"}],"version-history":[{"count":1,"href":"https:\/\/us.edu.pl\/en\/wp-json\/wp\/v2\/pages\/84837\/revisions"}],"predecessor-version":[{"id":165728,"href":"https:\/\/us.edu.pl\/en\/wp-json\/wp\/v2\/pages\/84837\/revisions\/165728"}],"up":[{"embeddable":true,"href":"https:\/\/us.edu.pl\/en\/wp-json\/wp\/v2\/pages\/73916"}],"wp:attachment":[{"href":"https:\/\/us.edu.pl\/en\/wp-json\/wp\/v2\/media?parent=84837"}],"curies":[{"name":"wp","href":"https:\/\/api.w.org\/{rel}","templated":true}]}}