{"id":85147,"date":"2019-10-14T16:15:25","date_gmt":"2019-10-14T15:15:25","guid":{"rendered":"https:\/\/us.edu.pl\/?page_id=85147"},"modified":"2020-11-12T01:49:45","modified_gmt":"2020-11-12T00:49:45","slug":"program-stazowy-dla-studentow-informatyki-i-inzynierii-biomedycznej-studiow-i-stopnia","status":"publish","type":"page","link":"https:\/\/us.edu.pl\/en\/ksztalcenie\/projekty-edukacyjne\/dla-studentow\/program-stazowy-dla-studentow-informatyki-i-inzynierii-biomedycznej-studiow-i-stopnia\/","title":{"rendered":"Program sta\u017cowy dla student\u00f3w informatyki i in\u017cynierii biomedycznej studi\u00f3w I stopnia"},"content":{"rendered":"<p class=\"qtranxs-available-languages-message qtranxs-available-languages-message-en\">Sorry, this entry is only available in <a href=\"https:\/\/us.edu.pl\/pl\/wp-json\/wp\/v2\/pages\/85147\" class=\"qtranxs-available-language-link qtranxs-available-language-link-pl\" title=\"Polski\">Polish<\/a>.<\/p>","protected":false},"excerpt":{"rendered":"<p>Sorry, this entry is only available in Polish. [&#8230;]<\/p>\n<p><a class=\"btn btn-secondary understrap-read-more-link\" href=\"https:\/\/us.edu.pl\/en\/ksztalcenie\/projekty-edukacyjne\/dla-studentow\/program-stazowy-dla-studentow-informatyki-i-inzynierii-biomedycznej-studiow-i-stopnia\/\">Read More&#8230;<\/a><\/p>\n","protected":false},"author":33,"featured_media":0,"parent":74825,"menu_order":0,"comment_status":"closed","ping_status":"closed","template":"","meta":{"_expiration-date-status":"saved","_expiration-date":0,"_expiration-date-type":"","_expiration-date-categories":[],"_expiration-date-options":[]},"acf":[],"_links":{"self":[{"href":"https:\/\/us.edu.pl\/en\/wp-json\/wp\/v2\/pages\/85147"}],"collection":[{"href":"https:\/\/us.edu.pl\/en\/wp-json\/wp\/v2\/pages"}],"about":[{"href":"https:\/\/us.edu.pl\/en\/wp-json\/wp\/v2\/types\/page"}],"author":[{"embeddable":true,"href":"https:\/\/us.edu.pl\/en\/wp-json\/wp\/v2\/users\/33"}],"replies":[{"embeddable":true,"href":"https:\/\/us.edu.pl\/en\/wp-json\/wp\/v2\/comments?post=85147"}],"version-history":[{"count":0,"href":"https:\/\/us.edu.pl\/en\/wp-json\/wp\/v2\/pages\/85147\/revisions"}],"up":[{"embeddable":true,"href":"https:\/\/us.edu.pl\/en\/wp-json\/wp\/v2\/pages\/74825"}],"wp:attachment":[{"href":"https:\/\/us.edu.pl\/en\/wp-json\/wp\/v2\/media?parent=85147"}],"curies":[{"name":"wp","href":"https:\/\/api.w.org\/{rel}","templated":true}]}}