{"id":85152,"date":"2019-10-14T16:18:57","date_gmt":"2019-10-14T15:18:57","guid":{"rendered":"https:\/\/us.edu.pl\/?page_id=85152"},"modified":"2019-10-14T16:18:57","modified_gmt":"2019-10-14T14:18:57","slug":"infrastruktura-dla-systemowej-edukacji-opartej-o-chmure-skalowalna-implementacja-systemu-notebookow-jupyter-do-badan-naukowych-jupyteredu","status":"publish","type":"page","link":"https:\/\/us.edu.pl\/en\/ksztalcenie\/projekty-edukacyjne\/dla-studentow\/infrastruktura-dla-systemowej-edukacji-opartej-o-chmure-skalowalna-implementacja-systemu-notebookow-jupyter-do-badan-naukowych-jupyteredu\/","title":{"rendered":"Infrastruktura dla systemowej edukacji opartej o chmur\u0119: skalowalna implementacja systemu notebook\u00f3w Jupyter do bada\u0144 naukowych \u2013 Jupyter@edu"},"content":{"rendered":"<p class=\"qtranxs-available-languages-message qtranxs-available-languages-message-en\">Sorry, this entry is only available in <a href=\"https:\/\/us.edu.pl\/pl\/wp-json\/wp\/v2\/pages\/85152\" class=\"qtranxs-available-language-link qtranxs-available-language-link-pl\" title=\"Polski\">Polish<\/a>.<\/p>","protected":false},"excerpt":{"rendered":"<p>Sorry, this entry is only available in Polish. [&#8230;]<\/p>\n<p><a class=\"btn btn-secondary understrap-read-more-link\" href=\"https:\/\/us.edu.pl\/en\/ksztalcenie\/projekty-edukacyjne\/dla-studentow\/infrastruktura-dla-systemowej-edukacji-opartej-o-chmure-skalowalna-implementacja-systemu-notebookow-jupyter-do-badan-naukowych-jupyteredu\/\">Read More&#8230;<\/a><\/p>\n","protected":false},"author":33,"featured_media":0,"parent":74825,"menu_order":0,"comment_status":"closed","ping_status":"closed","template":"","meta":{"_expiration-date-status":"saved","_expiration-date":0,"_expiration-date-type":"","_expiration-date-categories":[],"_expiration-date-options":[]},"acf":[],"_links":{"self":[{"href":"https:\/\/us.edu.pl\/en\/wp-json\/wp\/v2\/pages\/85152"}],"collection":[{"href":"https:\/\/us.edu.pl\/en\/wp-json\/wp\/v2\/pages"}],"about":[{"href":"https:\/\/us.edu.pl\/en\/wp-json\/wp\/v2\/types\/page"}],"author":[{"embeddable":true,"href":"https:\/\/us.edu.pl\/en\/wp-json\/wp\/v2\/users\/33"}],"replies":[{"embeddable":true,"href":"https:\/\/us.edu.pl\/en\/wp-json\/wp\/v2\/comments?post=85152"}],"version-history":[{"count":0,"href":"https:\/\/us.edu.pl\/en\/wp-json\/wp\/v2\/pages\/85152\/revisions"}],"up":[{"embeddable":true,"href":"https:\/\/us.edu.pl\/en\/wp-json\/wp\/v2\/pages\/74825"}],"wp:attachment":[{"href":"https:\/\/us.edu.pl\/en\/wp-json\/wp\/v2\/media?parent=85152"}],"curies":[{"name":"wp","href":"https:\/\/api.w.org\/{rel}","templated":true}]}}