{"id":85158,"date":"2019-10-14T16:23:32","date_gmt":"2019-10-14T15:23:32","guid":{"rendered":"https:\/\/us.edu.pl\/?page_id=85158"},"modified":"2019-10-14T16:23:32","modified_gmt":"2019-10-14T15:23:32","slug":"innovative-start-podniesienie-kompetencji-zawodowych-studentow-wydzialu-biologii-i-ochrony-srodowiska-uniwersytetu-slaskiego-w-odpowiedzi-na-oczekiwania-przyszlych-pracodawcow","status":"publish","type":"page","link":"https:\/\/us.edu.pl\/en\/ksztalcenie\/projekty-edukacyjne\/dla-studentow\/innovative-start-podniesienie-kompetencji-zawodowych-studentow-wydzialu-biologii-i-ochrony-srodowiska-uniwersytetu-slaskiego-w-odpowiedzi-na-oczekiwania-przyszlych-pracodawcow\/","title":{"rendered":"Innovative Start. Podniesienie kompetencji zawodowych student\u00f3w Wydzia\u0142u Biologii i Ochrony \u015arodowiska Uniwersytetu \u015al\u0105skiego w odpowiedzi na oczekiwania przysz\u0142ych pracodawc\u00f3w"},"content":{"rendered":"<p class=\"qtranxs-available-languages-message qtranxs-available-languages-message-en\">Sorry, this entry is only available in <a href=\"https:\/\/us.edu.pl\/pl\/wp-json\/wp\/v2\/pages\/85158\" class=\"qtranxs-available-language-link qtranxs-available-language-link-pl\" title=\"Polski\">Polish<\/a>.<\/p>","protected":false},"excerpt":{"rendered":"<p>Sorry, this entry is only available in Polish. [&#8230;]<\/p>\n<p><a class=\"btn btn-secondary understrap-read-more-link\" href=\"https:\/\/us.edu.pl\/en\/ksztalcenie\/projekty-edukacyjne\/dla-studentow\/innovative-start-podniesienie-kompetencji-zawodowych-studentow-wydzialu-biologii-i-ochrony-srodowiska-uniwersytetu-slaskiego-w-odpowiedzi-na-oczekiwania-przyszlych-pracodawcow\/\">Read More&#8230;<\/a><\/p>\n","protected":false},"author":33,"featured_media":0,"parent":74825,"menu_order":0,"comment_status":"closed","ping_status":"closed","template":"","meta":{"_expiration-date-status":"","_expiration-date":0,"_expiration-date-type":"","_expiration-date-categories":[],"_expiration-date-options":[]},"acf":[],"_links":{"self":[{"href":"https:\/\/us.edu.pl\/en\/wp-json\/wp\/v2\/pages\/85158"}],"collection":[{"href":"https:\/\/us.edu.pl\/en\/wp-json\/wp\/v2\/pages"}],"about":[{"href":"https:\/\/us.edu.pl\/en\/wp-json\/wp\/v2\/types\/page"}],"author":[{"embeddable":true,"href":"https:\/\/us.edu.pl\/en\/wp-json\/wp\/v2\/users\/33"}],"replies":[{"embeddable":true,"href":"https:\/\/us.edu.pl\/en\/wp-json\/wp\/v2\/comments?post=85158"}],"version-history":[{"count":0,"href":"https:\/\/us.edu.pl\/en\/wp-json\/wp\/v2\/pages\/85158\/revisions"}],"up":[{"embeddable":true,"href":"https:\/\/us.edu.pl\/en\/wp-json\/wp\/v2\/pages\/74825"}],"wp:attachment":[{"href":"https:\/\/us.edu.pl\/en\/wp-json\/wp\/v2\/media?parent=85158"}],"curies":[{"name":"wp","href":"https:\/\/api.w.org\/{rel}","templated":true}]}}