{"id":85191,"date":"2019-10-14T16:50:58","date_gmt":"2019-10-14T15:50:58","guid":{"rendered":"https:\/\/us.edu.pl\/?page_id=85191"},"modified":"2022-12-15T12:00:49","modified_gmt":"2022-12-15T11:00:49","slug":"prof-dr-hab-stanislaw-baranczak","status":"publish","type":"page","link":"https:\/\/us.edu.pl\/en\/uczelnia\/o-nas\/historia\/doktorzy-honoris-causa-uniwersytetu-slaskiego\/prof-dr-hab-stanislaw-baranczak\/","title":{"rendered":"Prof. Stanis\u0142aw BARA\u0143CZAK"},"content":{"rendered":"<p><\/p>\n<p>[vc_row][vc_column]\r\n                <div class=\"text-modules \">\r\n                    <div class=\"container\">\r\n                        <h3 class=\"section-title section-title_border-bottom\">Prof. Stanis\u0142aw BARA\u0143CZAK<\/h3> \r\n                        <div class=\"row m-0\">\r\n                            <div class=\"text-modules__content\">\r\n                                <\/p>\n<p>Country of residence: the USA<\/p>\n<p>Birth date: 13 November 1946<\/p>\n<p>Date of death: 26 December 2014<\/p>\n<p>Birthplace: Pozna\u0144<\/p>\n<p>Award date: 5 June 1995<\/p>\n<p>USil Senate resolution date: 11 April 1995<\/p>\n<p>Application date: 13 December 1994<\/p>\n<p>Applying unit: Council of the Faculty of Philology<\/p>\n<p>Poet, translator, critic and literary theorist. Co-founder of the Workers&#8217; Defense Committee, and literary director of Teatr \u00d3smego Dnia (1964\u20131969). Academic at the Adam Mickiewicz University in Pozna\u0144, professor at Harvard University (from 1981), co-editor of \u201cZeszyty Literackie\u201d (&#8220;Literary Textbooks\u201d, from 1983), editor-in-chief of &#8220;The Polish Review&#8221; (New York), the author of numerous poetry and translation volumes, \u201cPoeta pami\u0119ta\u201d anthology and <em>Mi\u0142o\u015b\u0107 jest wszystkim co istnieje<\/em> anthology. He received an honorary doctorate degree from Curry College, Milton (Massachusetts, 1982).<\/p>\n<div class=\"mt-3\"><\/div>\r\n                            <\/div>\r\n                            \r\n                            <div class=\"text-modules__img\"><img src=\"https:\/\/us.edu.pl\/wp-content\/uploads\/2019\/10\/s.baranczak.jpg\" alt=\"img\"><\/div>\r\n                        <\/div>\r\n                    <\/div>\r\n                <\/div>[\/vc_column][\/vc_row]<\/p>\n<p><\/p>","protected":false},"excerpt":{"rendered":"<p>[vc_row][vc_column][\/vc_column][\/vc_row] [&#8230;]<\/p>\n<p><a class=\"btn btn-secondary understrap-read-more-link\" href=\"https:\/\/us.edu.pl\/en\/uczelnia\/o-nas\/historia\/doktorzy-honoris-causa-uniwersytetu-slaskiego\/prof-dr-hab-stanislaw-baranczak\/\">Read More&#8230;<\/a><\/p>\n","protected":false},"author":33,"featured_media":0,"parent":73916,"menu_order":0,"comment_status":"closed","ping_status":"closed","template":"","meta":{"_expiration-date-status":"saved","_expiration-date":0,"_expiration-date-type":"","_expiration-date-categories":[],"_expiration-date-options":[]},"acf":[],"_links":{"self":[{"href":"https:\/\/us.edu.pl\/en\/wp-json\/wp\/v2\/pages\/85191"}],"collection":[{"href":"https:\/\/us.edu.pl\/en\/wp-json\/wp\/v2\/pages"}],"about":[{"href":"https:\/\/us.edu.pl\/en\/wp-json\/wp\/v2\/types\/page"}],"author":[{"embeddable":true,"href":"https:\/\/us.edu.pl\/en\/wp-json\/wp\/v2\/users\/33"}],"replies":[{"embeddable":true,"href":"https:\/\/us.edu.pl\/en\/wp-json\/wp\/v2\/comments?post=85191"}],"version-history":[{"count":1,"href":"https:\/\/us.edu.pl\/en\/wp-json\/wp\/v2\/pages\/85191\/revisions"}],"predecessor-version":[{"id":165752,"href":"https:\/\/us.edu.pl\/en\/wp-json\/wp\/v2\/pages\/85191\/revisions\/165752"}],"up":[{"embeddable":true,"href":"https:\/\/us.edu.pl\/en\/wp-json\/wp\/v2\/pages\/73916"}],"wp:attachment":[{"href":"https:\/\/us.edu.pl\/en\/wp-json\/wp\/v2\/media?parent=85191"}],"curies":[{"name":"wp","href":"https:\/\/api.w.org\/{rel}","templated":true}]}}