{"id":85220,"date":"2019-10-14T17:06:07","date_gmt":"2019-10-14T16:06:07","guid":{"rendered":"https:\/\/us.edu.pl\/?page_id=85220"},"modified":"2022-12-15T12:15:53","modified_gmt":"2022-12-15T11:15:53","slug":"prof-dr-hab-jan-szczepanski","status":"publish","type":"page","link":"https:\/\/us.edu.pl\/en\/uczelnia\/o-nas\/historia\/doktorzy-honoris-causa-uniwersytetu-slaskiego\/prof-dr-hab-jan-szczepanski\/","title":{"rendered":"Prof. Jan SZCZEPA\u0143SKI"},"content":{"rendered":"<p><\/p>\n<p>[vc_row][vc_column]\r\n                <div class=\"text-modules \">\r\n                    <div class=\"container\">\r\n                        <h3 class=\"section-title section-title_border-bottom\">Prof. Jan SZCZEPA\u0143SKI<\/h3> \r\n                        <div class=\"row m-0\">\r\n                            <div class=\"text-modules__content\">\r\n                                <\/p>\n<p>Birth date: 14 September 1913<\/p>\n<p>Date of death: 16 April 2004<\/p>\n<p>Award date: 7 October 1985<\/p>\n<p>USil Senate resolution date: 2 April 1985<\/p>\n<p>Application date: 5 March 1985<\/p>\n<p>Applying unit: Council of the Faculty of Social Sciences<\/p>\n<p>Humanist, sociologist, professor and rector of the University of \u0141\u00f3d\u017a (1952\u20131956). From 1964, a regular member of the Polish Academy of Sciences, its vice-chairman and director of the Institute of Philosophy and Sociology of the Polish Academy of Sciences. President of the International Sociological Association (1966\u20131970), a chairman of the Council of State of the Republic of Poland. Foreign member of The Finnish Academy of Science and Letters, honorary member of the American Academy of Art and Sciences, National Academy of Education (USA). Deputy to the Sejm of the Republic of Poland (the Second, the Sixth, the Seventh and the Eighth Term). He received an honorary doctorate degree from the Masaryk University (1966), the University of \u0141\u00f3d\u017a (1973), the University of Warsaw (1979) and the University of Paris.<\/p>\n<div class=\"mt-3\"><\/div>\r\n                            <\/div>\r\n                            \r\n                            <div class=\"text-modules__img\"><img src=\"https:\/\/us.edu.pl\/wp-content\/uploads\/2019\/10\/j.szczepanski.jpg\" alt=\"img\"><\/div>\r\n                        <\/div>\r\n                    <\/div>\r\n                <\/div>[\/vc_column][\/vc_row]<\/p>\n<p><\/p>","protected":false},"excerpt":{"rendered":"<p>[vc_row][vc_column][\/vc_column][\/vc_row] [&#8230;]<\/p>\n<p><a class=\"btn btn-secondary understrap-read-more-link\" href=\"https:\/\/us.edu.pl\/en\/uczelnia\/o-nas\/historia\/doktorzy-honoris-causa-uniwersytetu-slaskiego\/prof-dr-hab-jan-szczepanski\/\">Read More&#8230;<\/a><\/p>\n","protected":false},"author":33,"featured_media":0,"parent":73916,"menu_order":0,"comment_status":"closed","ping_status":"closed","template":"","meta":{"_expiration-date-status":"saved","_expiration-date":0,"_expiration-date-type":"","_expiration-date-categories":[],"_expiration-date-options":[]},"acf":[],"_links":{"self":[{"href":"https:\/\/us.edu.pl\/en\/wp-json\/wp\/v2\/pages\/85220"}],"collection":[{"href":"https:\/\/us.edu.pl\/en\/wp-json\/wp\/v2\/pages"}],"about":[{"href":"https:\/\/us.edu.pl\/en\/wp-json\/wp\/v2\/types\/page"}],"author":[{"embeddable":true,"href":"https:\/\/us.edu.pl\/en\/wp-json\/wp\/v2\/users\/33"}],"replies":[{"embeddable":true,"href":"https:\/\/us.edu.pl\/en\/wp-json\/wp\/v2\/comments?post=85220"}],"version-history":[{"count":1,"href":"https:\/\/us.edu.pl\/en\/wp-json\/wp\/v2\/pages\/85220\/revisions"}],"predecessor-version":[{"id":165764,"href":"https:\/\/us.edu.pl\/en\/wp-json\/wp\/v2\/pages\/85220\/revisions\/165764"}],"up":[{"embeddable":true,"href":"https:\/\/us.edu.pl\/en\/wp-json\/wp\/v2\/pages\/73916"}],"wp:attachment":[{"href":"https:\/\/us.edu.pl\/en\/wp-json\/wp\/v2\/media?parent=85220"}],"curies":[{"name":"wp","href":"https:\/\/api.w.org\/{rel}","templated":true}]}}