{"id":85569,"date":"2019-10-16T10:42:34","date_gmt":"2019-10-16T09:42:34","guid":{"rendered":"https:\/\/us.edu.pl\/?page_id=85569"},"modified":"2019-10-16T10:42:34","modified_gmt":"2019-10-16T08:42:34","slug":"pierwszy-instytut-kreatywnosci-uniwersytetu-slaskiego","status":"publish","type":"page","link":"https:\/\/us.edu.pl\/en\/ksztalcenie\/projekty-edukacyjne\/dla-osob-spoza-uczelni\/pierwszy-instytut-kreatywnosci-uniwersytetu-slaskiego\/","title":{"rendered":"Pierwszy Instytut Kreatywno\u015bci Uniwersytetu \u015al\u0105skiego"},"content":{"rendered":"<p class=\"qtranxs-available-languages-message qtranxs-available-languages-message-en\">Sorry, this entry is only available in <a href=\"https:\/\/us.edu.pl\/pl\/wp-json\/wp\/v2\/pages\/85569\" class=\"qtranxs-available-language-link qtranxs-available-language-link-pl\" title=\"Polski\">Polish<\/a>.<\/p>","protected":false},"excerpt":{"rendered":"<p>Sorry, this entry is only available in Polish. [&#8230;]<\/p>\n<p><a class=\"btn btn-secondary understrap-read-more-link\" href=\"https:\/\/us.edu.pl\/en\/ksztalcenie\/projekty-edukacyjne\/dla-osob-spoza-uczelni\/pierwszy-instytut-kreatywnosci-uniwersytetu-slaskiego\/\">Read More&#8230;<\/a><\/p>\n","protected":false},"author":33,"featured_media":0,"parent":74836,"menu_order":0,"comment_status":"closed","ping_status":"closed","template":"","meta":{"_expiration-date-status":"saved","_expiration-date":0,"_expiration-date-type":"","_expiration-date-categories":[],"_expiration-date-options":[]},"acf":[],"_links":{"self":[{"href":"https:\/\/us.edu.pl\/en\/wp-json\/wp\/v2\/pages\/85569"}],"collection":[{"href":"https:\/\/us.edu.pl\/en\/wp-json\/wp\/v2\/pages"}],"about":[{"href":"https:\/\/us.edu.pl\/en\/wp-json\/wp\/v2\/types\/page"}],"author":[{"embeddable":true,"href":"https:\/\/us.edu.pl\/en\/wp-json\/wp\/v2\/users\/33"}],"replies":[{"embeddable":true,"href":"https:\/\/us.edu.pl\/en\/wp-json\/wp\/v2\/comments?post=85569"}],"version-history":[{"count":0,"href":"https:\/\/us.edu.pl\/en\/wp-json\/wp\/v2\/pages\/85569\/revisions"}],"up":[{"embeddable":true,"href":"https:\/\/us.edu.pl\/en\/wp-json\/wp\/v2\/pages\/74836"}],"wp:attachment":[{"href":"https:\/\/us.edu.pl\/en\/wp-json\/wp\/v2\/media?parent=85569"}],"curies":[{"name":"wp","href":"https:\/\/api.w.org\/{rel}","templated":true}]}}