{"id":85575,"date":"2019-10-16T10:46:38","date_gmt":"2019-10-16T09:46:38","guid":{"rendered":"https:\/\/us.edu.pl\/?page_id=85575"},"modified":"2021-11-15T16:17:03","modified_gmt":"2021-11-15T15:17:03","slug":"game-jam-jako-nowa-metoda-dydaktyczna-poprawa-jakosci-ksztalcenia-w-dziedzinie-nowych-technologii-na-pograniczu-polsko-slowackim","status":"publish","type":"page","link":"https:\/\/us.edu.pl\/en\/ksztalcenie\/projekty-edukacyjne\/dla-osob-spoza-uczelni\/game-jam-jako-nowa-metoda-dydaktyczna-poprawa-jakosci-ksztalcenia-w-dziedzinie-nowych-technologii-na-pograniczu-polsko-slowackim\/","title":{"rendered":"GAME JAM jako nowa metoda dydaktyczna. Poprawa jako\u015bci kszta\u0142cenia w dziedzinie nowych technologii na pograniczu polsko-s\u0142owackim"},"content":{"rendered":"<p class=\"qtranxs-available-languages-message qtranxs-available-languages-message-en\">Sorry, this entry is only available in <a href=\"https:\/\/us.edu.pl\/pl\/wp-json\/wp\/v2\/pages\/85575\" class=\"qtranxs-available-language-link qtranxs-available-language-link-pl\" title=\"Polski\">Polish<\/a>.<\/p>","protected":false},"excerpt":{"rendered":"<p>Sorry, this entry is only available in Polish. [&#8230;]<\/p>\n<p><a class=\"btn btn-secondary understrap-read-more-link\" href=\"https:\/\/us.edu.pl\/en\/ksztalcenie\/projekty-edukacyjne\/dla-osob-spoza-uczelni\/game-jam-jako-nowa-metoda-dydaktyczna-poprawa-jakosci-ksztalcenia-w-dziedzinie-nowych-technologii-na-pograniczu-polsko-slowackim\/\">Read More&#8230;<\/a><\/p>\n","protected":false},"author":33,"featured_media":0,"parent":74836,"menu_order":0,"comment_status":"closed","ping_status":"closed","template":"","meta":{"_expiration-date-status":"saved","_expiration-date":0,"_expiration-date-type":"","_expiration-date-categories":[],"_expiration-date-options":[]},"acf":[],"_links":{"self":[{"href":"https:\/\/us.edu.pl\/en\/wp-json\/wp\/v2\/pages\/85575"}],"collection":[{"href":"https:\/\/us.edu.pl\/en\/wp-json\/wp\/v2\/pages"}],"about":[{"href":"https:\/\/us.edu.pl\/en\/wp-json\/wp\/v2\/types\/page"}],"author":[{"embeddable":true,"href":"https:\/\/us.edu.pl\/en\/wp-json\/wp\/v2\/users\/33"}],"replies":[{"embeddable":true,"href":"https:\/\/us.edu.pl\/en\/wp-json\/wp\/v2\/comments?post=85575"}],"version-history":[{"count":0,"href":"https:\/\/us.edu.pl\/en\/wp-json\/wp\/v2\/pages\/85575\/revisions"}],"up":[{"embeddable":true,"href":"https:\/\/us.edu.pl\/en\/wp-json\/wp\/v2\/pages\/74836"}],"wp:attachment":[{"href":"https:\/\/us.edu.pl\/en\/wp-json\/wp\/v2\/media?parent=85575"}],"curies":[{"name":"wp","href":"https:\/\/api.w.org\/{rel}","templated":true}]}}