{"id":85873,"date":"2019-10-17T14:03:34","date_gmt":"2019-10-17T13:03:34","guid":{"rendered":"https:\/\/us.edu.pl\/?page_id=85873"},"modified":"2024-02-29T10:40:34","modified_gmt":"2024-02-29T09:40:34","slug":"spinplace","status":"publish","type":"page","link":"https:\/\/us.edu.pl\/en\/wspolpraca\/wspolpraca-z-biznesem\/spinplace\/","title":{"rendered":"spinPLACE"},"content":{"rendered":"<p><\/p>\n<p>[vc_row content_placement=&#8221;top&#8221;][vc_column]\r\n                <div class=\"text-modules\">\r\n                    <div class=\"container\">\r\n                        <h3 class=\"page-title text__title\">spinPLACE<\/h3>\r\n                        <div class=\"text-modules__content\"><\/p>\n<p><img class=\"wp-image-96151 size-medium alignright\" src=\"https:\/\/us.edu.pl\/wp-content\/uploads\/pliki\/SPINplace\/SPINplace-logo-300x150.png\" alt=\"Logotyp SPINplace\" width=\"300\" height=\"150\" srcset=\"https:\/\/us.edu.pl\/wp-content\/uploads\/pliki\/SPINplace\/SPINplace-logo-300x150.png 300w, https:\/\/us.edu.pl\/wp-content\/uploads\/pliki\/SPINplace\/SPINplace-logo-768x384.png 768w, https:\/\/us.edu.pl\/wp-content\/uploads\/pliki\/SPINplace\/SPINplace-logo-1024x512.png 1024w, https:\/\/us.edu.pl\/wp-content\/uploads\/pliki\/SPINplace\/SPINplace-logo.png 1385w\" sizes=\"(max-width: 300px) 100vw, 300px\" \/>spinPLACE is an initiative aimed at creating a regional, inter-university, business centre for creativity and coworking, as well as prototyping and animating projects; it is intended to be a space dedicated to taking action and creative thinking. It is a place where the potential of Silesian universities in the creation and implementation of products and services is being implemented to the fullest, and a place giving students, doctoral students, companies and residents of Silesia an intriguing opportunity for development and personal growth.<\/p>\n<p>\n<\/div>\r\n                    <\/div>\r\n                <\/div>[\/vc_column][\/vc_row][vc_row][vc_column]\r\n                <div class=\"text-modules\">\r\n                    <div class=\"container\">\r\n                        \r\n                        <div class=\"text-modules__content\"><\/p>\n<p style=\"text-align: center;\"><img class=\"size-medium wp-image-179894\" src=\"https:\/\/us.edu.pl\/wp-content\/uploads\/fotografie\/spinPLACE\/SpinPLACE_Z6A8180_fot-Julia-Agnieszka-Szymala.jpg\" alt=\"spinPLACE - biurka i krzes\u0142a\" width=\"65%\" srcset=\"https:\/\/us.edu.pl\/wp-content\/uploads\/fotografie\/spinPLACE\/SpinPLACE_Z6A8180_fot-Julia-Agnieszka-Szymala.jpg 1500w, https:\/\/us.edu.pl\/wp-content\/uploads\/fotografie\/spinPLACE\/SpinPLACE_Z6A8180_fot-Julia-Agnieszka-Szymala-900x600.jpg 900w, https:\/\/us.edu.pl\/wp-content\/uploads\/fotografie\/spinPLACE\/SpinPLACE_Z6A8180_fot-Julia-Agnieszka-Szymala-768x512.jpg 768w, https:\/\/us.edu.pl\/wp-content\/uploads\/fotografie\/spinPLACE\/SpinPLACE_Z6A8180_fot-Julia-Agnieszka-Szymala-575x383.jpg 575w\" sizes=\"(max-width: 1500px) 100vw, 1500px\" \/><br \/>\n<span style=\"font-size: 12px;\">Photo by Julia Agnieszka Szymala<\/span><\/p>\n<p>The project involves the reconstruction of a building at ul. Bankowa 5 in Katowice and a functionality change of some of its rooms in order to create a space that will facilitate the completion of new projects initiated by the participants of the Silesian innovation ecosystem, i.e. members of the academic community, entrepreneurs and representatives of local self-government units.<\/p>\n<p>spinPLACE Centre for Creativity and Coworking will contribute to the comprehensive education of the youth, involving the development of soft skills and practical preparation for the creation of their own jobs in the future. It will be the place of group work, popular science lectures, and a centre for entrepreneurship and business training. The public character of the space and the events organised within are to promote the exchange of thoughts and experiences.<\/p>\n<p>spinPLACE is the place of:<\/p>\n<ul>\n<li>creative networking;<\/li>\n<li>creative \u2018non-work;\u2019<\/li>\n<li>creative and artistic activities and meetings;<\/li>\n<li>presentation of research results and promotion of innovative solutions;<\/li>\n<li>incubation of <em>spin-offs<\/em> and <em>start-ups<\/em>;<\/li>\n<li>workshops and project prototyping.<\/li>\n<\/ul>\n<p>\n<\/div>\r\n                    <\/div>\r\n                <\/div>[vc_row_inner content_placement=&#8221;top&#8221; el_class=&#8221;container&#8221;][vc_column_inner width=&#8221;1\/2&#8243;]\r\n                <div class=\"text-modules\">\r\n                    <div class=\"container\">\r\n                        \r\n                        <div class=\"text-modules__content\"><\/p>\n<p><img class=\"size-medium wp-image-179896\" src=\"https:\/\/us.edu.pl\/wp-content\/uploads\/fotografie\/spinPLACE\/SpinPLACE_Z6A8171_fot-Julia-Agnieszka-Szymala-900x679.jpg\" alt=\"wej\u015bcie spinPLACE\" width=\"100%\" srcset=\"https:\/\/us.edu.pl\/wp-content\/uploads\/fotografie\/spinPLACE\/SpinPLACE_Z6A8171_fot-Julia-Agnieszka-Szymala-900x679.jpg 900w, https:\/\/us.edu.pl\/wp-content\/uploads\/fotografie\/spinPLACE\/SpinPLACE_Z6A8171_fot-Julia-Agnieszka-Szymala-1357x1024.jpg 1357w, https:\/\/us.edu.pl\/wp-content\/uploads\/fotografie\/spinPLACE\/SpinPLACE_Z6A8171_fot-Julia-Agnieszka-Szymala-768x580.jpg 768w, https:\/\/us.edu.pl\/wp-content\/uploads\/fotografie\/spinPLACE\/SpinPLACE_Z6A8171_fot-Julia-Agnieszka-Szymala-575x434.jpg 575w, https:\/\/us.edu.pl\/wp-content\/uploads\/fotografie\/spinPLACE\/SpinPLACE_Z6A8171_fot-Julia-Agnieszka-Szymala.jpg 1500w\" sizes=\"(max-width: 900px) 100vw, 900px\" \/> <span style=\"font-size: 12px;\">Photo by Julia Agnieszka Szymala<\/span><\/p>\n<p>\n<\/div>\r\n                    <\/div>\r\n                <\/div>[\/vc_column_inner][vc_column_inner width=&#8221;1\/2&#8243;]\r\n                <div class=\"text-modules\">\r\n                    <div class=\"container\">\r\n                        \r\n                        <div class=\"text-modules__content\"><\/p>\n<p><img class=\" wp-image-179898\" src=\"https:\/\/us.edu.pl\/wp-content\/uploads\/fotografie\/spinPLACE\/SpinPLACE_Z6A7955_fot-Julia-Agnieszka-Szymala.jpg\" alt=\"sala konferencyjna\" width=\"100%\" srcset=\"https:\/\/us.edu.pl\/wp-content\/uploads\/fotografie\/spinPLACE\/SpinPLACE_Z6A7955_fot-Julia-Agnieszka-Szymala.jpg 1500w, https:\/\/us.edu.pl\/wp-content\/uploads\/fotografie\/spinPLACE\/SpinPLACE_Z6A7955_fot-Julia-Agnieszka-Szymala-900x600.jpg 900w, https:\/\/us.edu.pl\/wp-content\/uploads\/fotografie\/spinPLACE\/SpinPLACE_Z6A7955_fot-Julia-Agnieszka-Szymala-768x512.jpg 768w, https:\/\/us.edu.pl\/wp-content\/uploads\/fotografie\/spinPLACE\/SpinPLACE_Z6A7955_fot-Julia-Agnieszka-Szymala-575x383.jpg 575w\" sizes=\"(max-width: 1500px) 100vw, 1500px\" \/> <span style=\"font-size: 12px;\">Photo by Julia Agnieszka Szymala<\/span><\/p>\n<p>&nbsp;<\/p>\n<p>\n<\/div>\r\n                    <\/div>\r\n                <\/div>[\/vc_column_inner][\/vc_row_inner][vc_row_inner content_placement=&#8221;top&#8221; el_class=&#8221;container&#8221;][vc_column_inner width=&#8221;1\/2&#8243;]\r\n                <div class=\"text-modules\">\r\n                    <div class=\"container\">\r\n                        \r\n                        <div class=\"text-modules__content\"><\/p>\n<p><img class=\" wp-image-179895\" src=\"https:\/\/us.edu.pl\/wp-content\/uploads\/fotografie\/spinPLACE\/SpinPLACE_Z6A8229_fot-Julia-Agnieszka-Szymala-900x600.jpg\" alt=\"spinPLACE - krzes\u0142a i scena\" width=\"100%\" srcset=\"https:\/\/us.edu.pl\/wp-content\/uploads\/fotografie\/spinPLACE\/SpinPLACE_Z6A8229_fot-Julia-Agnieszka-Szymala-900x600.jpg 900w, https:\/\/us.edu.pl\/wp-content\/uploads\/fotografie\/spinPLACE\/SpinPLACE_Z6A8229_fot-Julia-Agnieszka-Szymala-768x512.jpg 768w, https:\/\/us.edu.pl\/wp-content\/uploads\/fotografie\/spinPLACE\/SpinPLACE_Z6A8229_fot-Julia-Agnieszka-Szymala-575x383.jpg 575w, https:\/\/us.edu.pl\/wp-content\/uploads\/fotografie\/spinPLACE\/SpinPLACE_Z6A8229_fot-Julia-Agnieszka-Szymala.jpg 1500w\" sizes=\"(max-width: 900px) 100vw, 900px\" \/> <span style=\"font-size: 12px;\">Photo by Julia Agnieszka Szymala<\/span><\/p>\n<p>\n<\/div>\r\n                    <\/div>\r\n                <\/div>[\/vc_column_inner][vc_column_inner width=&#8221;1\/2&#8243;]\r\n                <div class=\"text-modules\">\r\n                    <div class=\"container\">\r\n                        \r\n                        <div class=\"text-modules__content\"><\/p>\n<p><img class=\"wp-image-179900\" src=\"https:\/\/us.edu.pl\/wp-content\/uploads\/fotografie\/spinPLACE\/SpinPLACE_Z6A8166_fot-Julia-Agnieszka-Szymala.jpg\" alt=\"poddasze spinPLACE\" width=\"100%\" srcset=\"https:\/\/us.edu.pl\/wp-content\/uploads\/fotografie\/spinPLACE\/SpinPLACE_Z6A8166_fot-Julia-Agnieszka-Szymala.jpg 1500w, https:\/\/us.edu.pl\/wp-content\/uploads\/fotografie\/spinPLACE\/SpinPLACE_Z6A8166_fot-Julia-Agnieszka-Szymala-900x600.jpg 900w, https:\/\/us.edu.pl\/wp-content\/uploads\/fotografie\/spinPLACE\/SpinPLACE_Z6A8166_fot-Julia-Agnieszka-Szymala-768x512.jpg 768w, https:\/\/us.edu.pl\/wp-content\/uploads\/fotografie\/spinPLACE\/SpinPLACE_Z6A8166_fot-Julia-Agnieszka-Szymala-575x383.jpg 575w\" sizes=\"(max-width: 1500px) 100vw, 1500px\" \/> <span style=\"font-size: 12px;\">Photo by Julia Agnieszka Szymala<\/span><\/p>\n<p>\n<\/div>\r\n                    <\/div>\r\n                <\/div>[\/vc_column_inner][\/vc_row_inner][\/vc_column][\/vc_row][vc_row][vc_column width=&#8221;1\/4&#8243;][\/vc_column][vc_column width=&#8221;3\/4&#8243;]\r\n                <div class=\"text-modules\">\r\n                    <div class=\"container\">\r\n                        \r\n                        <div class=\"text-modules__content\"><\/p>\n<h4><strong>Information about spinPLACE Centre for Creativity and Coworking<\/strong><\/h4>\n<hr \/>\n<p><strong>Funding source:<\/strong> Regional Operational Programme for the Silesian Voivodeship for 2014-2020<\/p>\n<p><strong>Implementation period<\/strong>\u00a017 Sep 2014 to 29 Dec 2023<\/p>\n<p><strong>Project value:<\/strong> PLN 29,749 167.64<\/p>\n<p><strong>Funding:<\/strong> PLN 25,096 950.61<\/p>\n<p><img class=\"size-medium wp-image-118650\" src=\"https:\/\/us.edu.pl\/wp-content\/uploads\/obrazki-stron\/loga\/EFRR_logotypy-600x60.png\" alt=\"Logotypy: Fundusze Europejskie, Rzeczpospolita Polska, wojew\u00f3dztwo \u015bl\u0105skie, Unia Europejska\" width=\"600\" height=\"60\" srcset=\"https:\/\/us.edu.pl\/wp-content\/uploads\/obrazki-stron\/loga\/EFRR_logotypy-600x60.png 600w, https:\/\/us.edu.pl\/wp-content\/uploads\/obrazki-stron\/loga\/EFRR_logotypy-768x77.png 768w, https:\/\/us.edu.pl\/wp-content\/uploads\/obrazki-stron\/loga\/EFRR_logotypy-1024x103.png 1024w, https:\/\/us.edu.pl\/wp-content\/uploads\/obrazki-stron\/loga\/EFRR_logotypy-575x58.png 575w, https:\/\/us.edu.pl\/wp-content\/uploads\/obrazki-stron\/loga\/EFRR_logotypy.png 1261w\" sizes=\"(max-width: 600px) 100vw, 600px\" \/><\/p>\n<p>\n<\/div>\r\n                    <\/div>\r\n                <\/div>[\/vc_column][\/vc_row][vc_row el_class=&#8221;container bg-gray&#8221;][vc_column el_class=&#8221;color-blue&#8221;]\r\n                <div class=\"text-modules\">\r\n                    <div class=\"container\">\r\n                        \r\n                        <div class=\"text-modules__content\"><\/p>\n<h4>Powi\u0105zane tre\u015bci<\/h4>\n<p>\n<\/div>\r\n                    <\/div>\r\n                <\/div>[vc_separator color=&#8221;custom&#8221; align=&#8221;align_left&#8221; border_width=&#8221;4&#8243; el_width=&#8221;30&#8243; accent_color=&#8221;#002e5a&#8221; el_class=&#8221;container&#8221; css=&#8221;.vc_custom_1665412256472{margin-top: -20px !important;}&#8221;][vc_row_inner content_placement=&#8221;middle&#8221; css=&#8221;.vc_custom_1665412523055{margin-left: 25px !important;}&#8221;][vc_column_inner width=&#8221;1\/6&#8243;][vc_single_image image=&#8221;179893&#8243; add_caption=&#8221;yes&#8221;][\/vc_column_inner][vc_column_inner width=&#8221;5\/6&#8243;]\r\n                <div class=\"text-modules\">\r\n                    <div class=\"container\">\r\n                        \r\n                        <div class=\"text-modules__content\"><\/p>\n<p><a href=\"https:\/\/us.edu.pl\/spinplace-nowa-przestrzen-kreatywnosci-i-coworkingu-na-uniwersytecie-slaskim\/\">spinPLACE \u2013 nowa przestrze\u0144 kreatywno\u015bci i coworkingu na Uniwersytecie \u015al\u0105skim<\/a><\/p>\n<p>\n<\/div>\r\n                    <\/div>\r\n                <\/div>[\/vc_column_inner][\/vc_row_inner]<div class=\"container\"><div class=\"separator\" style=\"background-color: #000000\"><\/div><\/div>[\/vc_column][\/vc_row]<\/p>\n<p><\/p>","protected":false},"excerpt":{"rendered":"<p>[vc_row content_placement=&#8221;top&#8221;][vc_column][\/vc_column][\/vc_row][vc_row][vc_column][vc_row_inner content_placement=&#8221;top&#8221; el_class=&#8221;container&#8221;][vc_column_inner width=&#8221;1\/2&#8243;][\/vc_column_inner][vc_column_inner width=&#8221;1\/2&#8243;][\/vc_column_inner][\/vc_row_inner][vc_row_inner content_placement=&#8221;top&#8221; el_class=&#8221;container&#8221;][vc_column_inner width=&#8221;1\/2&#8243;][\/vc_column_inner][vc_column_inner width=&#8221;1\/2&#8243;][\/vc_column_inner][\/vc_row_inner][\/vc_column][\/vc_row][vc_row][vc_column width=&#8221;1\/4&#8243;][\/vc_column][vc_column width=&#8221;3\/4&#8243;][\/vc_column][\/vc_row][vc_row el_class=&#8221;container bg-gray&#8221;][vc_column el_class=&#8221;color-blue&#8221;][vc_separator color=&#8221;custom&#8221; align=&#8221;align_left&#8221; border_width=&#8221;4&#8243; el_width=&#8221;30&#8243; accent_color=&#8221;#002e5a&#8221; el_class=&#8221;container&#8221; css=&#8221;.vc_custom_1665412256472{margin-top: -20px !important;}&#8221;][vc_row_inner content_placement=&#8221;middle&#8221; css=&#8221;.vc_custom_1665412523055{margin-left: 25px !important;}&#8221;][vc_column_inner width=&#8221;1\/6&#8243;][vc_single_image image=&#8221;179893&#8243; add_caption=&#8221;yes&#8221;][\/vc_column_inner][vc_column_inner width=&#8221;5\/6&#8243;][\/vc_column_inner][\/vc_row_inner][\/vc_column][\/vc_row] [&#8230;]<\/p>\n<p><a class=\"btn btn-secondary understrap-read-more-link\" href=\"https:\/\/us.edu.pl\/en\/wspolpraca\/wspolpraca-z-biznesem\/spinplace\/\">Read More&#8230;<\/a><\/p>\n","protected":false},"author":39,"featured_media":0,"parent":75914,"menu_order":0,"comment_status":"closed","ping_status":"closed","template":"","meta":{"_expiration-date-status":"","_expiration-date":0,"_expiration-date-type":"","_expiration-date-categories":[],"_expiration-date-options":[]},"acf":[],"_links":{"self":[{"href":"https:\/\/us.edu.pl\/en\/wp-json\/wp\/v2\/pages\/85873"}],"collection":[{"href":"https:\/\/us.edu.pl\/en\/wp-json\/wp\/v2\/pages"}],"about":[{"href":"https:\/\/us.edu.pl\/en\/wp-json\/wp\/v2\/types\/page"}],"author":[{"embeddable":true,"href":"https:\/\/us.edu.pl\/en\/wp-json\/wp\/v2\/users\/39"}],"replies":[{"embeddable":true,"href":"https:\/\/us.edu.pl\/en\/wp-json\/wp\/v2\/comments?post=85873"}],"version-history":[{"count":11,"href":"https:\/\/us.edu.pl\/en\/wp-json\/wp\/v2\/pages\/85873\/revisions"}],"predecessor-version":[{"id":181911,"href":"https:\/\/us.edu.pl\/en\/wp-json\/wp\/v2\/pages\/85873\/revisions\/181911"}],"up":[{"embeddable":true,"href":"https:\/\/us.edu.pl\/en\/wp-json\/wp\/v2\/pages\/75914"}],"wp:attachment":[{"href":"https:\/\/us.edu.pl\/en\/wp-json\/wp\/v2\/media?parent=85873"}],"curies":[{"name":"wp","href":"https:\/\/api.w.org\/{rel}","templated":true}]}}