{"id":85947,"date":"2019-10-18T05:11:36","date_gmt":"2019-10-18T04:11:36","guid":{"rendered":"https:\/\/us.edu.pl\/?page_id=85947"},"modified":"2025-07-31T08:18:46","modified_gmt":"2025-07-31T06:18:46","slug":"organizacje-czlonkowskie","status":"publish","type":"page","link":"https:\/\/us.edu.pl\/en\/wspolpraca\/wspolpraca-miedzynarodowa\/organizacje-czlonkowskie\/","title":{"rendered":"Member organisations"},"content":{"rendered":"<p><\/p>\n<p>[vc_row][vc_column]\r\n                <div class=\"text-modules\">\r\n                    <div class=\"container\">\r\n                        <h3 class=\"page-title text__title\">Member organisations<\/h3>\r\n                        <div class=\"text-modules__content\"><\/p>\n<p>The University of Silesia is a member of many international academic organisations. The representatives of the university sit on steering committees and act as experts in networks and associations of the academic community from around the world.<\/p>\n<p>The university cooperates with key organisations, including European University Association (EUA) and European Association of Communication Professionals In Higher Education (EUPRIO).<\/p>\n<p>The Silesian <em>Alma Mater<\/em> is a member of such organisations as:<\/p>\n<ul>\n<li><a href=\"https:\/\/eua-cde.org\/\">EUA CDE \u2013 European University Association EUA Council for Doctoral Education<\/a><\/li>\n<li><a href=\"https:\/\/cilect.org\/\">CILECT \u2013 Centre International de Liaison des Ecoles de Cin\u00e9ma et de T\u00e9l\u00e9vision<\/a><\/li>\n<li><a href=\"https:\/\/www.euprio.eu\/\">EUPRIO \u2013 European Association of Communication Professionals In Higher Education<\/a><\/li>\n<li><a href=\"https:\/\/ectn.eu\/\">ECTN \u2013 European Chemistry Thematic Network Association<\/a><\/li>\n<li><a href=\"https:\/\/www.eua.eu\/\">EUA \u2013 European University Association<\/a><\/li>\n<li><a href=\"https:\/\/eusea.info\/\">EUSEA \u2013 European Science Engagement Association<\/a><\/li>\n<li><a href=\"https:\/\/geect.org\/\">GEECT \u2013 Groupement Europ\u00e9en des Ecoles de Cin\u00e9ma et de T\u00e9l\u00e9vision<\/a><\/li>\n<li><a href=\"https:\/\/iasa-world.org\/?v=6e0920aaa21c\">IASA \u2013 International American Studies Association<\/a><\/li>\n<li><a href=\"https:\/\/issba.hu\/#news\">ISSBA \u2013 International Society for the Study of Behavioral Addiction<\/a><\/li>\n<li><a href=\"https:\/\/sios-svalbard.org\/\">SIOS \u2013 Svalbard Integrated Arctic Earth Observing System<\/a><\/li>\n<li><a href=\"https:\/\/elfa-edu.org\/\">ELFA \u2013 The European Law Faculties Association<\/a><\/li>\n<li><a href=\"https:\/\/ecpr.eu\/\">ECPR- The European Consortium for Political Research<\/a>.<\/li>\n<\/ul>\n<p>The university is also a member of the Silesian Universities Network (SUN), which acts for the promotion of higher education institutions in the region of Silesia, the entire country as well as internationally. As part of the IROs Forum national network (International Relations Offices Forum), the University of Silesia participates in initiatives that aim to increase the quality, efficiency and scope of international cooperation of Polish higher education institutions.<\/p>\n<p>\n<\/div>\r\n                    <\/div>\r\n                <\/div>[\/vc_column][\/vc_row]<\/p>\n<p><\/p>","protected":false},"excerpt":{"rendered":"<p>[vc_row][vc_column][\/vc_column][\/vc_row] [&#8230;]<\/p>\n<p><a class=\"btn btn-secondary understrap-read-more-link\" href=\"https:\/\/us.edu.pl\/en\/wspolpraca\/wspolpraca-miedzynarodowa\/organizacje-czlonkowskie\/\">Read More&#8230;<\/a><\/p>\n","protected":false},"author":26,"featured_media":0,"parent":85933,"menu_order":0,"comment_status":"closed","ping_status":"closed","template":"","meta":{"_expiration-date-status":"","_expiration-date":0,"_expiration-date-type":"","_expiration-date-categories":[],"_expiration-date-options":[]},"acf":[],"_links":{"self":[{"href":"https:\/\/us.edu.pl\/en\/wp-json\/wp\/v2\/pages\/85947"}],"collection":[{"href":"https:\/\/us.edu.pl\/en\/wp-json\/wp\/v2\/pages"}],"about":[{"href":"https:\/\/us.edu.pl\/en\/wp-json\/wp\/v2\/types\/page"}],"author":[{"embeddable":true,"href":"https:\/\/us.edu.pl\/en\/wp-json\/wp\/v2\/users\/26"}],"replies":[{"embeddable":true,"href":"https:\/\/us.edu.pl\/en\/wp-json\/wp\/v2\/comments?post=85947"}],"version-history":[{"count":5,"href":"https:\/\/us.edu.pl\/en\/wp-json\/wp\/v2\/pages\/85947\/revisions"}],"predecessor-version":[{"id":239339,"href":"https:\/\/us.edu.pl\/en\/wp-json\/wp\/v2\/pages\/85947\/revisions\/239339"}],"up":[{"embeddable":true,"href":"https:\/\/us.edu.pl\/en\/wp-json\/wp\/v2\/pages\/85933"}],"wp:attachment":[{"href":"https:\/\/us.edu.pl\/en\/wp-json\/wp\/v2\/media?parent=85947"}],"curies":[{"name":"wp","href":"https:\/\/api.w.org\/{rel}","templated":true}]}}