{"id":85958,"date":"2019-10-18T05:25:01","date_gmt":"2019-10-18T04:25:01","guid":{"rendered":"https:\/\/us.edu.pl\/?page_id=85958"},"modified":"2024-09-03T11:00:08","modified_gmt":"2024-09-03T09:00:08","slug":"program-erasmus","status":"publish","type":"page","link":"https:\/\/us.edu.pl\/en\/wspolpraca\/wspolpraca-miedzynarodowa\/mobilnosc-miedzynarodowa\/program-erasmus\/","title":{"rendered":"Erasmus+"},"content":{"rendered":"<p><\/p>\n<p>[vc_row][vc_column]\r\n                <div class=\"text-modules\">\r\n                    <div class=\"container\">\r\n                        <h3 class=\"page-title text__title\">Erasmus+<\/h3>\r\n                        <div class=\"text-modules__content\"><\/p>\n<p>The Erasmus+ programme supports the academic mobility of students, PhD students and university staff. It enables its beneficiaries to continue one\u2019s studies, undergo training and gain experience in foreign institutions and universities.<\/p>\n<p>The University of Silesia has been participating in the Erasmus+ programme (formerly Socrates programme) since 1998, i.e. since the beginning of the program in Poland. So far, 3607 people have gone to study as part of the programme, and 566 have taken part in international internships. The university has accepted 1948 students from abroad and 1524 academics.<\/p>\n<p>For many years, the Silesian <em>Alma Mater<\/em> has been at the forefront of universities in terms of the number of research workers conducting activities in institutions outside the country. Currently, it is about 350 people a year. Since the beginning of the programme, 3026 people have benefited from this type of a trip.<\/p>\n<p>The international exchange under the Erasmus+ programme is conducted by 469 institutions and organizations around the world. Admittedly, the non-European, or actually non-EU, mobility has only been implemented since 2015\/2016, when the new component was launched in the Erasmus+ programme, but over 200 people have already benefited from this form of cooperation.<\/p>\n<p>The visits are carried out on the basis of interinstitutional agreements. The University of Silesia has signed almost 750 such aggrements, and its partners include, among others, Universit\u00e0 di Bologna (Italy), Universit\u00e9 Paris Sorbonne (France), Universit\u00e4t Wien (Austria) and Stockholms Universitet (Sweden). As part of cooperation with Erasmus+ partner countries, exchange is being carried out with e.g. Armenia, Brazil, China, Georgia, Indonesia, Canada, Korea, Russia and Serbia.<\/p>\n<p>\n<\/div>\r\n                    <\/div>\r\n                <\/div>\r\n            <div class=\"container\">  \r\n                <div class=\"lists-with-links\">\r\n                    <div class=\"section-title\"><\/div>\r\n                   <div class=\"lists-with-links__items lists-1\"><ul class=\"angle-list\"> <div class=\"angle-list__title\">Related content:<\/div><li> <a href=\"http:\/\/www.erasmus.us.edu.pl\/zawieranie-umow-miedzyuczelnianych-erasmus-programme-countries\"> list of bilateral Erasmus+ KA103 agreements <\/a> <\/li><li> <a href=\"http:\/\/www.erasmus.us.edu.pl\/wyjazdy-studentow\"> outgoing students <\/a> <\/li><li> <a href=\"http:\/\/www.erasmus.us.edu.pl\/wyjazdy-pracownikow\"> outgoing staff <\/a> <\/li><li> <a href=\"http:\/\/www.erasmus.us.edu.pl\/exchange-students\"> incoming students <\/a> <\/li><li> <a href=\"http:\/\/www.erasmus.us.edu.pl\/incoming-staff\"> incoming staff <\/a> <\/li><\/ul><\/div>\r\n                <\/div>\r\n            <\/div>[\/vc_column][\/vc_row]<\/p>\n<p><\/p>","protected":false},"excerpt":{"rendered":"<p>[vc_row][vc_column][\/vc_column][\/vc_row] [&#8230;]<\/p>\n<p><a class=\"btn btn-secondary understrap-read-more-link\" href=\"https:\/\/us.edu.pl\/en\/wspolpraca\/wspolpraca-miedzynarodowa\/mobilnosc-miedzynarodowa\/program-erasmus\/\">Read More&#8230;<\/a><\/p>\n","protected":false},"author":26,"featured_media":0,"parent":85951,"menu_order":0,"comment_status":"closed","ping_status":"closed","template":"","meta":{"_expiration-date-status":"","_expiration-date":0,"_expiration-date-type":"","_expiration-date-categories":[],"_expiration-date-options":[]},"acf":[],"_links":{"self":[{"href":"https:\/\/us.edu.pl\/en\/wp-json\/wp\/v2\/pages\/85958"}],"collection":[{"href":"https:\/\/us.edu.pl\/en\/wp-json\/wp\/v2\/pages"}],"about":[{"href":"https:\/\/us.edu.pl\/en\/wp-json\/wp\/v2\/types\/page"}],"author":[{"embeddable":true,"href":"https:\/\/us.edu.pl\/en\/wp-json\/wp\/v2\/users\/26"}],"replies":[{"embeddable":true,"href":"https:\/\/us.edu.pl\/en\/wp-json\/wp\/v2\/comments?post=85958"}],"version-history":[{"count":1,"href":"https:\/\/us.edu.pl\/en\/wp-json\/wp\/v2\/pages\/85958\/revisions"}],"predecessor-version":[{"id":191387,"href":"https:\/\/us.edu.pl\/en\/wp-json\/wp\/v2\/pages\/85958\/revisions\/191387"}],"up":[{"embeddable":true,"href":"https:\/\/us.edu.pl\/en\/wp-json\/wp\/v2\/pages\/85951"}],"wp:attachment":[{"href":"https:\/\/us.edu.pl\/en\/wp-json\/wp\/v2\/media?parent=85958"}],"curies":[{"name":"wp","href":"https:\/\/api.w.org\/{rel}","templated":true}]}}