{"id":85980,"date":"2019-10-18T09:28:41","date_gmt":"2019-10-18T08:28:41","guid":{"rendered":"https:\/\/us.edu.pl\/?page_id=85980"},"modified":"2026-04-03T09:19:21","modified_gmt":"2026-04-03T07:19:21","slug":"oferty-pracy-i-praktyk","status":"publish","type":"page","link":"https:\/\/us.edu.pl\/en\/wspolpraca\/wspolpraca-z-pracodawcami\/oferty-pracy-i-praktyk\/","title":{"rendered":"Job and Internship Offer"},"content":{"rendered":"<p><\/p>\n<p>[vc_row el_class=&#8221;container&#8221;][vc_column]\r\n                <div class=\"text-modules\">\r\n                    <div class=\"container\">\r\n                        <h3 class=\"page-title text__title\">Job and Internship Offer<\/h3>\r\n                        <div class=\"text-modules__content\"><\/div>\r\n                    <\/div>\r\n                <\/div>[\/vc_column][\/vc_row][vc_row el_class=&#8221;container&#8221;][vc_column]\r\n                <div class=\"text-modules\">\r\n                    <div class=\"container\">\r\n                        \r\n                        <div class=\"text-modules__content\"><\/p>\n<p>Are you looking for an employee or a trainee? <strong>Present your job, traineeship, internship, or voluntary service offer <\/strong>on the job portal we have been co-creating at <a href=\"http:\/\/www.biurokarier.edu.pl\/\"><strong>www.biurokarier.edu.pl<\/strong><\/a>.\u00a0Perhaps your company or institution is always open to interns or trainees? Therefore, registering as an internship provider in the <a href=\"https:\/\/us.edu.pl\/student\/wp-content\/uploads\/sites\/3\/Editor\/Biuro-Karier\/Database-of-Good-Internship-Providers-03.04.26.xlsx\" class=\"mtli_attachment mtli_xlsx\" data-mtli=\"mtli_filesize7019kB\" class=\"mtli_attachment mtli_xlsx\" data-mtli=\"mtli_filesize7019kB\"><strong>USil Database of Trusted Internship Providers <\/strong><\/a>will definitely be a good choice.<\/p>\n<p>\n<style type=\"text\/css\">a[data-mtli~=\"mtli_filesize7019kB\"]:after {content:\" (70.19 kB)\"}<\/style><\/div>\r\n                    <\/div>\r\n                <\/div>[\/vc_column][\/vc_row][vc_row content_placement=&#8221;middle&#8221; el_class=&#8221;container&#8221;][vc_column width=&#8221;1\/2&#8243;]\r\n                <div class=\"text-modules\">\r\n                    <div class=\"container\">\r\n                        \r\n                        <div class=\"text-modules__content\"><\/p>\n<p><img class=\" wp-image-180376\" src=\"https:\/\/us.edu.pl\/wp-content\/uploads\/Editor\/pexels-buro-millennial-1438072-1.jpg\" alt=\"Trzy osoby siedz\u0105ce na schodach rozmawiaj\u0105ce ze sob\u0105.\" width=\"100%\" srcset=\"https:\/\/us.edu.pl\/wp-content\/uploads\/Editor\/pexels-buro-millennial-1438072-1.jpg 800w, https:\/\/us.edu.pl\/wp-content\/uploads\/Editor\/pexels-buro-millennial-1438072-1-768x512.jpg 768w, https:\/\/us.edu.pl\/wp-content\/uploads\/Editor\/pexels-buro-millennial-1438072-1-575x383.jpg 575w\" sizes=\"(max-width: 800px) 100vw, 800px\" \/> <span style=\"font-size: 12px;\">Photo by Buro Millennial via pexels.com<\/span><\/p>\n<p>\n<\/div>\r\n                    <\/div>\r\n                <\/div>[\/vc_column][vc_column width=&#8221;1\/2&#8243;]\r\n                <div class=\"text-modules\">\r\n                    <div class=\"container\">\r\n                        \r\n                        <div class=\"text-modules__content\"><\/p>\n<h4><strong>About biurokarier.edu.pl<\/strong><\/h4>\n<p>The portal at biurokarier.us.edu.pl is a free interuniversity platform co-created by: the University of Silesia in Katowice, Nicolaus Copernicus University in Toru\u0144, the University of Warsaw, Cardinal Stefan Wyszy\u0144ski University in Warsaw, the University of Opole, the Institute of Animal Reproduction and Food Research of Polish Academy of Sciences in Olsztyn, Jan Grodek State University in Sanok, and the DSW University of Lower Silesia. It means that your single offer reaches students and graduates of all these universities, thus saving you the trouble of posting the same offer in many places!<\/p>\n<p>\n<\/div>\r\n                    <\/div>\r\n                <\/div>[\/vc_column][\/vc_row][vc_row content_placement=&#8221;middle&#8221; el_class=&#8221;container&#8221;][vc_column width=&#8221;1\/2&#8243;]\r\n                <div class=\"text-modules\">\r\n                    <div class=\"container\">\r\n                        \r\n                        <div class=\"text-modules__content\"><\/p>\n<h4><strong>How does the offer reach potential candidates?<\/strong><\/h4>\n<p>After you have posted your offer on the portal, it will be automatically sent to people who meet the specified requirements. Additionally, if you wish so, we may share the offer\u00a0<a href=\"https:\/\/us.edu.pl\/en\/uczelnia\/struktura\/\">at selected faculties of the University of Silesia<\/a>\u00a0(only during the academic year). For that purpose, please contact us via email at\u00a0<a href=\"mailto:bk@us.edu.pl\">bk@us.edu.pl<\/a>.<\/p>\n<h4><strong>How to register on the portal?<\/strong><\/h4>\n<p>After registering, you will be placed under the supervision of one of the partner Career Offices, depending on the location of your company\u2019s registered office. We are responsible for the Silesian, \u0141\u00f3d\u017a, and \u015awi\u0119tokrzyskie Voivodeships. The supervisors for companies outside Poland will be selected at random.<\/p>\n<p>Continue to\u00a0<a href=\"http:\/\/biurokarier.edu.pl\/index.php?view=default&amp;module=login.CreateEmployerAccount\">the registration form at www.biurokarier.edu.pl<\/a>\u00a0or read\u00a0<a href=\"https:\/\/biurokarier.edu.pl\/index.php?view=default&amp;module=data.Info&amp;params=faq-employers\">the Instructions for using the portal<\/a>.<\/p>\n<p>\n<\/div>\r\n                    <\/div>\r\n                <\/div>[\/vc_column][vc_column width=&#8221;1\/2&#8243;]\r\n                <div class=\"text-modules\">\r\n                    <div class=\"container\">\r\n                        \r\n                        <div class=\"text-modules__content\"><\/p>\n<p><img class=\"size-full wp-image-180397\" src=\"https:\/\/us.edu.pl\/wp-content\/uploads\/Editor\/pexels-kampus-production-8463152-kopia.jpg\" alt=\"Grupa u\u015bmiechni\u0119tych ludzi w marynarkach robi\u0105cych sobie zdj\u0119cie.\" width=\"100%\" srcset=\"https:\/\/us.edu.pl\/wp-content\/uploads\/Editor\/pexels-kampus-production-8463152-kopia.jpg 800w, https:\/\/us.edu.pl\/wp-content\/uploads\/Editor\/pexels-kampus-production-8463152-kopia-768x512.jpg 768w, https:\/\/us.edu.pl\/wp-content\/uploads\/Editor\/pexels-kampus-production-8463152-kopia-575x383.jpg 575w\" sizes=\"(max-width: 800px) 100vw, 800px\" \/> <span style=\"font-size: 12px;\">Photo by Kampus Production via pexels.com<\/span><\/p>\n<p>\n<\/div>\r\n                    <\/div>\r\n                <\/div>[\/vc_column][\/vc_row][vc_row content_placement=&#8221;middle&#8221; el_class=&#8221;container&#8221;][vc_column width=&#8221;1\/2&#8243;]\r\n                <div class=\"text-modules\">\r\n                    <div class=\"container\">\r\n                        \r\n                        <div class=\"text-modules__content\"><\/p>\n<p><img class=\"size-medium wp-image-180403\" src=\"https:\/\/us.edu.pl\/wp-content\/uploads\/Editor\/pexels-ono-kosuki-5648062-900x600.jpg\" alt=\"M\u0119\u017cczyzna w biznesowym stroju siedz\u0105cy na miejskiej \u0142awce pracuj\u0105cy na laptopie\" width=\"100%\" srcset=\"https:\/\/us.edu.pl\/wp-content\/uploads\/Editor\/pexels-ono-kosuki-5648062-900x600.jpg 900w, https:\/\/us.edu.pl\/wp-content\/uploads\/Editor\/pexels-ono-kosuki-5648062-1536x1024.jpg 1536w, https:\/\/us.edu.pl\/wp-content\/uploads\/Editor\/pexels-ono-kosuki-5648062-768x512.jpg 768w, https:\/\/us.edu.pl\/wp-content\/uploads\/Editor\/pexels-ono-kosuki-5648062-2048x1365.jpg 2048w, https:\/\/us.edu.pl\/wp-content\/uploads\/Editor\/pexels-ono-kosuki-5648062-575x383.jpg 575w\" sizes=\"(max-width: 900px) 100vw, 900px\" \/> <span style=\"font-size: 12px;\">Photo by Ono Kosuki via pexels.com<\/span><\/p>\n<p>&nbsp;<\/p>\n<p>\n<\/div>\r\n                    <\/div>\r\n                <\/div>[\/vc_column][vc_column width=&#8221;1\/2&#8243;]\r\n                <div class=\"text-modules\">\r\n                    <div class=\"container\">\r\n                        \r\n                        <div class=\"text-modules__content\"><\/p>\n<h4><strong><a id=\"bdp\"><\/a>About Database of Trusted Internship Providers<\/strong><\/h4>\n<p>The database has been created within the project &#8216;Practice makes perfect. Student internship in the face of legal, social and economic changes&#8217;. Its aim was to improve the system of student internships at the University of Silesia in the degree programmes with a practical profile.<\/p>\n<p>By design, it has been created with companies looking for students of practical programmes in mind; nevertheless, it has been expanding to include new companies that express their willingness to accept interns\/trainees from the University of Silesia.<\/p>\n<p>If your company is looking for interns\/trainees on a regular basis, consider registering it in the Database. The Database is used by students to find internships at an <em>interesting<\/em> company or institution that matches their degree programme.<\/p>\n<h4><strong>Who is already in the Database of Trusted Internship Providers?<\/strong><\/h4>\n<p><a href=\"https:\/\/us.edu.pl\/student\/wp-content\/uploads\/sites\/3\/Editor\/Biuro-Karier\/Database-of-Good-Internship-Providers-03.04.26.xlsx\" class=\"mtli_attachment mtli_xlsx\" data-mtli=\"mtli_filesize7019kB\" class=\"mtli_attachment mtli_xlsx\" data-mtli=\"mtli_filesize7019kB\">Check the file and find out!<\/a><\/p>\n<p>&nbsp;<\/p>\n<h4><strong>How to apply to be in the Database of Trusted Internship Providers?<\/strong><\/h4>\n<p>If you have any questions regarding the Database of Trusted Internship Providers or wish your company\/institution to be included, feel free to contact Iwa Wcis\u0142o-Ma\u015blanka:<\/p>\n<p><strong>Iwa Wcis\u0142o-Ma\u015blanka<\/strong><br \/>\ne-mail: <a href=\"mailto:iwa.wcislo-maslanka@us.edu.pl\">iwa.wcislo-maslanka@us.edu.pl<\/a><br \/>\ntel. 32 359 19 82; 501 984 457.<\/p>\n<p>\n<style type=\"text\/css\">a[data-mtli~=\"mtli_filesize7019kB\"]:after {content:\" (70.19 kB)\"}<\/style><\/div>\r\n                    <\/div>\r\n                <\/div>[\/vc_column][\/vc_row]<\/p>\n<p><\/p>\n<style type=\"text\/css\">a[data-mtli~=\"mtli_filesize6814kB\"]:after {content:\" (68.14 kB)\"}a[data-mtli~=\"mtli_filesize7019kB\"]:after {content:\" (70.19 kB)\"}<\/style>","protected":false},"excerpt":{"rendered":"<p>[vc_row el_class=&#8221;container&#8221;][vc_column][\/vc_column][\/vc_row][vc_row el_class=&#8221;container&#8221;][vc_column][\/vc_column][\/vc_row][vc_row content_placement=&#8221;middle&#8221; el_class=&#8221;container&#8221;][vc_column width=&#8221;1\/2&#8243;][\/vc_column][vc_column width=&#8221;1\/2&#8243;][\/vc_column][\/vc_row][vc_row content_placement=&#8221;middle&#8221; el_class=&#8221;container&#8221;][vc_column width=&#8221;1\/2&#8243;][\/vc_column][vc_column width=&#8221;1\/2&#8243;][\/vc_column][\/vc_row][vc_row content_placement=&#8221;middle&#8221; el_class=&#8221;container&#8221;][vc_column width=&#8221;1\/2&#8243;][\/vc_column][vc_column width=&#8221;1\/2&#8243;][\/vc_column][\/vc_row] [&#8230;]<\/p>\n<p><a class=\"btn btn-secondary understrap-read-more-link\" href=\"https:\/\/us.edu.pl\/en\/wspolpraca\/wspolpraca-z-pracodawcami\/oferty-pracy-i-praktyk\/\">Read More&#8230;<\/a><\/p>\n","protected":false},"author":39,"featured_media":0,"parent":85977,"menu_order":0,"comment_status":"closed","ping_status":"closed","template":"","meta":{"_expiration-date-status":"","_expiration-date":0,"_expiration-date-type":"","_expiration-date-categories":[],"_expiration-date-options":[]},"acf":[],"_links":{"self":[{"href":"https:\/\/us.edu.pl\/en\/wp-json\/wp\/v2\/pages\/85980"}],"collection":[{"href":"https:\/\/us.edu.pl\/en\/wp-json\/wp\/v2\/pages"}],"about":[{"href":"https:\/\/us.edu.pl\/en\/wp-json\/wp\/v2\/types\/page"}],"author":[{"embeddable":true,"href":"https:\/\/us.edu.pl\/en\/wp-json\/wp\/v2\/users\/39"}],"replies":[{"embeddable":true,"href":"https:\/\/us.edu.pl\/en\/wp-json\/wp\/v2\/comments?post=85980"}],"version-history":[{"count":10,"href":"https:\/\/us.edu.pl\/en\/wp-json\/wp\/v2\/pages\/85980\/revisions"}],"predecessor-version":[{"id":247538,"href":"https:\/\/us.edu.pl\/en\/wp-json\/wp\/v2\/pages\/85980\/revisions\/247538"}],"up":[{"embeddable":true,"href":"https:\/\/us.edu.pl\/en\/wp-json\/wp\/v2\/pages\/85977"}],"wp:attachment":[{"href":"https:\/\/us.edu.pl\/en\/wp-json\/wp\/v2\/media?parent=85980"}],"curies":[{"name":"wp","href":"https:\/\/api.w.org\/{rel}","templated":true}]}}