{"id":85982,"date":"2019-10-18T09:38:49","date_gmt":"2019-10-18T08:38:49","guid":{"rendered":"https:\/\/us.edu.pl\/?page_id=85982"},"modified":"2024-08-23T14:21:10","modified_gmt":"2024-08-23T12:21:10","slug":"promocja-pracodawcow","status":"publish","type":"page","link":"https:\/\/us.edu.pl\/en\/wspolpraca\/wspolpraca-z-pracodawcami\/promocja-pracodawcow\/","title":{"rendered":"Promotion of Employers"},"content":{"rendered":"<p><\/p>\n<p>[vc_row el_class=&#8221;container&#8221;][vc_column]\r\n                <div class=\"text-modules\">\r\n                    <div class=\"container\">\r\n                        <h3 class=\"page-title text__title\">Training and Workshops<\/h3>\r\n                        <div class=\"text-modules__content\"><\/p>\n<p>If you wish to <strong>present your company to students<\/strong>, you might conduct a meeting in the form of training or a workshop.\u00a0Such a solution may benefit both parties: students are eager to acquire new knowledge, and you have an opportunity to scout for perfect candidates and effectively promote your company.<\/p>\n<p>\n<\/div>\r\n                    <\/div>\r\n                <\/div>[\/vc_column][\/vc_row][vc_row content_placement=&#8221;middle&#8221; el_class=&#8221;container&#8221;][vc_column width=&#8221;1\/2&#8243;]\r\n                <div class=\"text-modules\">\r\n                    <div class=\"container\">\r\n                        \r\n                        <div class=\"text-modules__content\"><\/p>\n<p><img class=\"size-full wp-image-181506\" src=\"https:\/\/us.edu.pl\/wp-content\/uploads\/Editor\/pexels-airam-datoon-15189552-2.jpg\" alt=\"Grupa m\u0142odych ludzi siedz\u0105ca w sali szkoleniowej i s\u0142uchaj\u0105ca prezentacji przedstawianej przez m\u0142odego m\u0119\u017cczyzn\u0119.\" width=\"100%\" srcset=\"https:\/\/us.edu.pl\/wp-content\/uploads\/Editor\/pexels-airam-datoon-15189552-2.jpg 800w, https:\/\/us.edu.pl\/wp-content\/uploads\/Editor\/pexels-airam-datoon-15189552-2-768x512.jpg 768w, https:\/\/us.edu.pl\/wp-content\/uploads\/Editor\/pexels-airam-datoon-15189552-2-575x383.jpg 575w\" sizes=\"(max-width: 800px) 100vw, 800px\" \/> <span style=\"font-size: 12px\">Photo by Airam Dato-on via pexels.com<\/span><\/p>\n<p>\n<\/div>\r\n                    <\/div>\r\n                <\/div>[\/vc_column][vc_column width=&#8221;1\/2&#8243;]\r\n                <div class=\"text-modules\">\r\n                    <div class=\"container\">\r\n                        \r\n                        <div class=\"text-modules__content\"><\/p>\n<h4><strong>Who is the workshop\/training offer addressed to?<\/strong><\/h4>\n<p>Conducting training or workshops for USil students and graduates is recommended to companies who wish to share their know-how, present themselves as a potential employer and select the most fitting job candidates possible.<\/p>\n<h4><strong>What requirements should the training\/workshops meet?<\/strong><\/h4>\n<p>If you wish to carry out a training\/workshop, send your request at least two weeks beforehand. The schedule for such a training should be provided at least a week before!<\/p>\n<p>As a training\/workshop, we consider a meeting carried out using active learning methods (e.g. discussion, case study, workshop) aimed at participants acquiring or developing soft skills or professional skills.<\/p>\n<p>\n<\/div>\r\n                    <\/div>\r\n                <\/div>[\/vc_column][\/vc_row][vc_row content_placement=&#8221;middle&#8221; el_class=&#8221;container&#8221;][vc_column width=&#8221;1\/2&#8243;]\r\n                <div class=\"text-modules\">\r\n                    <div class=\"container\">\r\n                        \r\n                        <div class=\"text-modules__content\"><\/p>\n<h4><strong>The suggested topics of classes include:<\/strong><\/h4>\n<ul>\n<li>career counselling, <em>e.g. how to write a professional r\u00e9sum\u00e9, CV and cover letter, how to prepare for a job interview, discovering one\u2019s advantages, setting out career goals,<\/em><\/li>\n<li>soft skills, e.g. <em>time management, self-presentation, public speaking, communication, team management<\/em>,<\/li>\n<li>expert training<em>,\u00a0e.g. sales techniques, skills in expert software,<\/em><\/li>\n<li>other activities <em>suggested by the company<\/em><em>.<\/em><\/li>\n<\/ul>\n<p>One training\/workshop should last\u00a0for <strong>3 hours at a minimum<\/strong>\u00a0+ an optional hour to present your company (between 8 a.m. and 4 p.m. on a selected weekday).<\/p>\n<h4><strong>What support do we provide?<\/strong><\/h4>\n<p>We provide: a training room at a selected faculty or the spinPLACE building, multimedia devices (projector, computer), event promotion (via websites, Facebook, and newsletter).<\/p>\n<p>If you are interested in conducting a training session, contact us via email at\u00a0<a href=\"mailto:bk@us.edu.pl?subject=dot.%20organizacji%20szkolenia\">bk@us.edu.pl<\/a> or via phone:\u00a0<strong>(32)<\/strong>\u00a0<strong>359 19 77; 501 984 453<\/strong>.<\/p>\n<p>\n<\/div>\r\n                    <\/div>\r\n                <\/div>[\/vc_column][vc_column width=&#8221;1\/2&#8243;]\r\n                <div class=\"text-modules\">\r\n                    <div class=\"container\">\r\n                        \r\n                        <div class=\"text-modules__content\"><\/p>\n<p><img class=\"size-full wp-image-181651\" src=\"https:\/\/us.edu.pl\/wp-content\/uploads\/Editor\/jason-goodman-bzqU01v-G54-unsplash-2.jpg\" alt=\"M\u0119\u017cczyzna prezentuje tre\u015bci na ekranie, podczas gdy grupa m\u0142odych ludzi s\u0142ucha go z zainteresowaniem.\" width=\"100%\" srcset=\"https:\/\/us.edu.pl\/wp-content\/uploads\/Editor\/jason-goodman-bzqU01v-G54-unsplash-2.jpg 800w, https:\/\/us.edu.pl\/wp-content\/uploads\/Editor\/jason-goodman-bzqU01v-G54-unsplash-2-768x512.jpg 768w, https:\/\/us.edu.pl\/wp-content\/uploads\/Editor\/jason-goodman-bzqU01v-G54-unsplash-2-575x383.jpg 575w\" sizes=\"(max-width: 800px) 100vw, 800px\" \/> <span style=\"font-size: 12px\">Photo by Jason Goodman via unsplash.com<\/span><\/p>\n<p>\n<\/div>\r\n                    <\/div>\r\n                <\/div>[\/vc_column][\/vc_row][vc_row][vc_column][vc_empty_space][\/vc_column][\/vc_row][vc_row el_class=&#8221;container&#8221;][vc_column]\r\n                <div class=\"text-modules\">\r\n                    <div class=\"container\">\r\n                        <h3 class=\"page-title text__title\">Presenting Your Company at the University<\/h3>\r\n                        <div class=\"text-modules__content\"><\/p>\n<p>If you wish to\u00a0<strong>introduce your company\u2019s scope of operation and the requirements for job candidates<\/strong>, we would suggest organising an event presenting your enterprise. It may take the form of either a promotional stand or an information and recruitment meeting at a selected faculty.<\/p>\n<p>\n<\/div>\r\n                    <\/div>\r\n                <\/div>[\/vc_column][\/vc_row][vc_row content_placement=&#8221;middle&#8221; el_class=&#8221;container&#8221;][vc_column width=&#8221;1\/2&#8243;]\r\n                <div class=\"text-modules\">\r\n                    <div class=\"container\">\r\n                        \r\n                        <div class=\"text-modules__content\"><\/p>\n<p><img class=\"size-full wp-image-181656\" src=\"https:\/\/us.edu.pl\/wp-content\/uploads\/Editor\/evangeline-shaw-VLkoOabAxqw-unsplash-1.jpg\" alt=\"Elegancko ubrana kobieta pokazuje co\u015b m\u0142odemu m\u0119\u017cczy\u017anie na ekranie urz\u0105dzenia przy swoim stoisku.\" width=\"100%\" srcset=\"https:\/\/us.edu.pl\/wp-content\/uploads\/Editor\/evangeline-shaw-VLkoOabAxqw-unsplash-1.jpg 800w, https:\/\/us.edu.pl\/wp-content\/uploads\/Editor\/evangeline-shaw-VLkoOabAxqw-unsplash-1-768x512.jpg 768w, https:\/\/us.edu.pl\/wp-content\/uploads\/Editor\/evangeline-shaw-VLkoOabAxqw-unsplash-1-575x383.jpg 575w\" sizes=\"(max-width: 800px) 100vw, 800px\" \/> <span style=\"font-size: 12px\">Photo by Evangeline Shaw via unsplash.com <\/span><\/p>\n<p>\n<\/div>\r\n                    <\/div>\r\n                <\/div>[\/vc_column][vc_column width=&#8221;1\/2&#8243;]\r\n                <div class=\"text-modules\">\r\n                    <div class=\"container\">\r\n                        \r\n                        <div class=\"text-modules__content\"><\/p>\n<h4><strong>About a promotional stand<\/strong><\/h4>\n<p><strong>A promotional stand<\/strong> is recommended particularly to companies that wish to have direct contact with a large number of students. The stand enables contact with students of specific degree programmes and\u2014therefore\u2014presents the company\u2019s scope of activity and encourages students to apply for the offered jobs. Additionally, it is an excellent opportunity to make yourself known to students as an employer. The duration of a one-time event is 1 day.<\/p>\n<p><strong>We provide:<\/strong>\u00a0a usable area in the lobby at the chosen faculty or at the pedestrian area in front of the Rectorate building, two tables, two chairs, access to electricity, promotion of the event (via websites, Facebook, and newsletter). It is possible to set up your own stand provided that its size has been consulted with the Career Office in advance.<\/p>\n<p><strong>There is a fee charged for setting up a promotional stand. <\/strong>If you are interested in such a form of promotion, contact the office via email at\u00a0<a href=\"mailto:bk@us.edu.pl?subject=dot.%20organizacji%20szkolenia\">bk@us.edu.pl<\/a> or via phone:\u00a0<strong>(32)<\/strong>\u00a0<strong>359 19 77; 501 984 453<\/strong>.<\/p>\n<p>\n<\/div>\r\n                    <\/div>\r\n                <\/div>[\/vc_column][\/vc_row][vc_row content_placement=&#8221;middle&#8221; el_class=&#8221;container&#8221;][vc_column width=&#8221;1\/2&#8243;]\r\n                <div class=\"text-modules\">\r\n                    <div class=\"container\">\r\n                        \r\n                        <div class=\"text-modules__content\"><\/p>\n<h4><strong>About information and recruitment meeting<\/strong><\/h4>\n<p><strong>A meeting, lecture, or company presentation<\/strong>\u00a0is recommended to companies whose offer is not targeted at an audience with a specific degree programme. Therefore, you have an opportunity to contact students and graduates who have knowledge of the company and are interested in being employed there. At the same time, such a meeting may be used to recruit for a specific job position. The duration of a one-time event is 2 hours.<\/p>\n<p><strong>We provide:<\/strong> a training room at a selected faculty or the spinPLACE building, multimedia devices (projector, computer), promotion of the event (via websites, Facebook and newsletter).<\/p>\n<p><strong>The service fee is charged in both cases.\u00a0<\/strong>Meetings with students are carried out only during the academic year and no earlier than two weeks from registering a company for presentation. If you are interested in such a form of promotion, contact the office via email at\u00a0<a href=\"mailto:bk@us.edu.pl?subject=dot.%20organizacji%20wyk%C5%82adu%2C%20prelekcji%20lub%20prezentacji%20firmy\">bk@us.edu.pl<\/a> or via phone:\u00a0<strong>(32)\u00a0359 19 77; 501 984 453<\/strong>.<\/p>\n<p>\n<\/div>\r\n                    <\/div>\r\n                <\/div>[\/vc_column][vc_column width=&#8221;1\/2&#8243;]\r\n                <div class=\"text-modules\">\r\n                    <div class=\"container\">\r\n                        \r\n                        <div class=\"text-modules__content\"><\/p>\n<p><img class=\"size-full wp-image-181657\" src=\"https:\/\/us.edu.pl\/wp-content\/uploads\/2024\/02\/dylan-gillis-KdeqA3aTnBY-unsplash-1.jpg\" alt=\"Du\u017ce zbli\u017cenie na tr\u00f3jk\u0119 m\u0142odych m\u0119\u017cczyzn siedz\u0105cych przy stole, s\u0142uchaj\u0105cych postaci spoza kadru i robi\u0105cych notatki.\" width=\"100%\" srcset=\"https:\/\/us.edu.pl\/wp-content\/uploads\/2024\/02\/dylan-gillis-KdeqA3aTnBY-unsplash-1.jpg 800w, https:\/\/us.edu.pl\/wp-content\/uploads\/2024\/02\/dylan-gillis-KdeqA3aTnBY-unsplash-1-768x512.jpg 768w, https:\/\/us.edu.pl\/wp-content\/uploads\/2024\/02\/dylan-gillis-KdeqA3aTnBY-unsplash-1-575x383.jpg 575w\" sizes=\"(max-width: 800px) 100vw, 800px\" \/> <span style=\"font-size: 12px\">Photo by Dylan Gillis via unsplash.com <\/span><\/p>\n<p>\n<\/div>\r\n                    <\/div>\r\n                <\/div>[\/vc_column][\/vc_row][vc_row][vc_column][vc_empty_space][\/vc_column][\/vc_row][vc_row el_class=&#8221;container&#8221;][vc_column]\r\n                <div class=\"text-modules\">\r\n                    <div class=\"container\">\r\n                        <h3 class=\"page-title text__title\">Mobile Career Fair<\/h3>\r\n                        <div class=\"text-modules__content\"><\/p>\n<p>Do you want to reach students of selected degree programmes directly? You are invited to\u00a0<strong>set up a promotional stand during the Mobile Career Fairs<\/strong>, events tailored to individual faculties of our University. The Fairs are organised to give students space to discover companies operating within the professional area of their interest.<\/p>\n<p>\n<\/div>\r\n                    <\/div>\r\n                <\/div>[\/vc_column][\/vc_row][vc_row content_placement=&#8221;middle&#8221; el_class=&#8221;container&#8221;][vc_column width=&#8221;1\/2&#8243;]\r\n                <div class=\"text-modules\">\r\n                    <div class=\"container\">\r\n                        \r\n                        <div class=\"text-modules__content\"><\/p>\n<p><img class=\"size-full wp-image-181659\" src=\"https:\/\/us.edu.pl\/wp-content\/uploads\/Bez-kategorii\/product-school-nOvIa_x_tfo-unsplash.jpg\" alt=\"Du\u017ca grupa ludzi przemieszczaj\u0105ca si\u0119 po korytarzu, na drugim planie pod \u015bcian\u0105 wystawione stoiska.\" width=\"100%\" srcset=\"https:\/\/us.edu.pl\/wp-content\/uploads\/Bez-kategorii\/product-school-nOvIa_x_tfo-unsplash.jpg 800w, https:\/\/us.edu.pl\/wp-content\/uploads\/Bez-kategorii\/product-school-nOvIa_x_tfo-unsplash-768x512.jpg 768w, https:\/\/us.edu.pl\/wp-content\/uploads\/Bez-kategorii\/product-school-nOvIa_x_tfo-unsplash-575x383.jpg 575w\" sizes=\"(max-width: 800px) 100vw, 800px\" \/> <span style=\"font-size: 12px\">Photo by Product School via unsplash.com <\/span><\/p>\n<p>\n<\/div>\r\n                    <\/div>\r\n                <\/div>[\/vc_column][vc_column width=&#8221;1\/2&#8243;]\r\n                <div class=\"text-modules\">\r\n                    <div class=\"container\">\r\n                        \r\n                        <div class=\"text-modules__content\"><\/p>\n<h4><strong>About Mobile Career Fairs<\/strong><\/h4>\n<p>The Fairs aim at giving students and graduates space to meet with representatives of leading employers in the Silesian Voivodeship. The events have been organised at individual faculties of the University of Silesia since 2018. The time for a one-time event is 5 hours.<\/p>\n<p><strong>We provide:<\/strong>\u00a0a table and chairs within the host faculty space, access to electricity, snacks and beverages (water, coffee, tea, sweet and savoury snacks), promotion of the event (via websites, Facebook and newsletter).<\/p>\n<p>If you are interested in taking part in the Mobile Career Fairs, contact us via email at\u00a0<a href=\"mailto:bk@us.edu.pl?subject=dot.%20organizacji%20szkolenia\">bk@us.edu.pl<\/a> or via phone:\u00a0<strong>(32)<\/strong>\u00a0<strong>359 19 77; 501 984 453<\/strong>.<\/p>\n<p>\n<\/div>\r\n                    <\/div>\r\n                <\/div>[\/vc_column][\/vc_row][vc_row][vc_column][vc_empty_space][\/vc_column][\/vc_row][vc_row el_class=&#8221;container&#8221;][vc_column]\r\n                <div class=\"text-modules\">\r\n                    <div class=\"container\">\r\n                        <h3 class=\"page-title text__title\">Other Forms of Cooperation<\/h3>\r\n                        <div class=\"text-modules__content\"><\/p>\n<p>Apart from the described cooperation methods,\u00a0<strong>we remain open to your suggestions for events.<\/strong><\/p>\n<p>\n<\/div>\r\n                    <\/div>\r\n                <\/div>[\/vc_column][\/vc_row][vc_row content_placement=&#8221;middle&#8221; el_class=&#8221;container&#8221;][vc_column width=&#8221;1\/2&#8243;]\r\n                <div class=\"text-modules\">\r\n                    <div class=\"container\">\r\n                        \r\n                        <div class=\"text-modules__content\"><\/p>\n<p><strong>What are other forms of cooperation with the Career Office?<\/strong><br \/>\n\u2013\u00a0publishing information (via websites, Facebook and newsletter),<br \/>\n\u2013 placing an advertisement\/poster at selected faculties of the University of Silesia,<br \/>\n\u2013 placing an advertising medium (display stand, roll-up banner) at selected faculties of the University of Silesia.<\/p>\n<p>To determine more cooperation details, contact the office via email at\u00a0<a href=\"mailto:bk@us.edu.pl?subject=dot.%20ch%C4%99ci%20podj%C4%99cia%20wsp%C3%B3%C5%82pracy\">bk@us.edu.pl<\/a> or via phone:\u00a0<strong>(32) 359 19 77.<\/strong><\/p>\n<p>\n<\/div>\r\n                    <\/div>\r\n                <\/div>[\/vc_column][vc_column width=&#8221;1\/2&#8243;]\r\n                <div class=\"text-modules\">\r\n                    <div class=\"container\">\r\n                        \r\n                        <div class=\"text-modules__content\"><\/p>\n<p><img class=\"size-full wp-image-181662\" src=\"https:\/\/us.edu.pl\/wp-content\/uploads\/Editor\/scott-graham-5fNmWej4tAA-unsplash-3.jpg\" alt=\"Na zdj\u0119ciu wida\u0107 du\u017ce zbli\u017cenie na dwa stoj\u0105ce na stole obok siebie laptopy, widoczne s\u0105 r\u00f3wnie\u017c r\u0119ce dw\u00f3ch os\u00f3b, z kt\u00f3rych jedna pokazuje co\u015b drugiej w notatkach le\u017c\u0105cych na stole.\" width=\"100%\" srcset=\"https:\/\/us.edu.pl\/wp-content\/uploads\/Editor\/scott-graham-5fNmWej4tAA-unsplash-3.jpg 800w, https:\/\/us.edu.pl\/wp-content\/uploads\/Editor\/scott-graham-5fNmWej4tAA-unsplash-3-768x513.jpg 768w, https:\/\/us.edu.pl\/wp-content\/uploads\/Editor\/scott-graham-5fNmWej4tAA-unsplash-3-575x384.jpg 575w\" sizes=\"(max-width: 800px) 100vw, 800px\" \/> <span style=\"font-size: 12px\">Photo by Scott Graham via unsplash.com <\/span><\/p>\n<p>\n<\/div>\r\n                    <\/div>\r\n                <\/div>[\/vc_column][\/vc_row]<\/p>\n<p><\/p>","protected":false},"excerpt":{"rendered":"<p>[vc_row el_class=&#8221;container&#8221;][vc_column][\/vc_column][\/vc_row][vc_row content_placement=&#8221;middle&#8221; el_class=&#8221;container&#8221;][vc_column width=&#8221;1\/2&#8243;][\/vc_column][vc_column width=&#8221;1\/2&#8243;][\/vc_column][\/vc_row][vc_row content_placement=&#8221;middle&#8221; el_class=&#8221;container&#8221;][vc_column width=&#8221;1\/2&#8243;][\/vc_column][vc_column width=&#8221;1\/2&#8243;][\/vc_column][\/vc_row][vc_row][vc_column][vc_empty_space][\/vc_column][\/vc_row][vc_row el_class=&#8221;container&#8221;][vc_column][\/vc_column][\/vc_row][vc_row content_placement=&#8221;middle&#8221; el_class=&#8221;container&#8221;][vc_column width=&#8221;1\/2&#8243;][\/vc_column][vc_column width=&#8221;1\/2&#8243;][\/vc_column][\/vc_row][vc_row content_placement=&#8221;middle&#8221; el_class=&#8221;container&#8221;][vc_column width=&#8221;1\/2&#8243;][\/vc_column][vc_column width=&#8221;1\/2&#8243;][\/vc_column][\/vc_row][vc_row][vc_column][vc_empty_space][\/vc_column][\/vc_row][vc_row el_class=&#8221;container&#8221;][vc_column][\/vc_column][\/vc_row][vc_row content_placement=&#8221;middle&#8221; el_class=&#8221;container&#8221;][vc_column width=&#8221;1\/2&#8243;][\/vc_column][vc_column width=&#8221;1\/2&#8243;][\/vc_column][\/vc_row][vc_row][vc_column][vc_empty_space][\/vc_column][\/vc_row][vc_row el_class=&#8221;container&#8221;][vc_column][\/vc_column][\/vc_row][vc_row content_placement=&#8221;middle&#8221; el_class=&#8221;container&#8221;][vc_column width=&#8221;1\/2&#8243;][\/vc_column][vc_column width=&#8221;1\/2&#8243;][\/vc_column][\/vc_row] [&#8230;]<\/p>\n<p><a class=\"btn btn-secondary understrap-read-more-link\" href=\"https:\/\/us.edu.pl\/en\/wspolpraca\/wspolpraca-z-pracodawcami\/promocja-pracodawcow\/\">Read More&#8230;<\/a><\/p>\n","protected":false},"author":39,"featured_media":0,"parent":85977,"menu_order":0,"comment_status":"closed","ping_status":"closed","template":"","meta":{"_expiration-date-status":"","_expiration-date":0,"_expiration-date-type":"","_expiration-date-categories":[],"_expiration-date-options":[]},"acf":[],"_links":{"self":[{"href":"https:\/\/us.edu.pl\/en\/wp-json\/wp\/v2\/pages\/85982"}],"collection":[{"href":"https:\/\/us.edu.pl\/en\/wp-json\/wp\/v2\/pages"}],"about":[{"href":"https:\/\/us.edu.pl\/en\/wp-json\/wp\/v2\/types\/page"}],"author":[{"embeddable":true,"href":"https:\/\/us.edu.pl\/en\/wp-json\/wp\/v2\/users\/39"}],"replies":[{"embeddable":true,"href":"https:\/\/us.edu.pl\/en\/wp-json\/wp\/v2\/comments?post=85982"}],"version-history":[{"count":10,"href":"https:\/\/us.edu.pl\/en\/wp-json\/wp\/v2\/pages\/85982\/revisions"}],"predecessor-version":[{"id":190499,"href":"https:\/\/us.edu.pl\/en\/wp-json\/wp\/v2\/pages\/85982\/revisions\/190499"}],"up":[{"embeddable":true,"href":"https:\/\/us.edu.pl\/en\/wp-json\/wp\/v2\/pages\/85977"}],"wp:attachment":[{"href":"https:\/\/us.edu.pl\/en\/wp-json\/wp\/v2\/media?parent=85982"}],"curies":[{"name":"wp","href":"https:\/\/api.w.org\/{rel}","templated":true}]}}