{"id":96215,"date":"2019-10-24T13:30:34","date_gmt":"2019-10-24T12:30:34","guid":{"rendered":"https:\/\/us.edu.pl\/?page_id=96215"},"modified":"2026-03-26T09:37:51","modified_gmt":"2026-03-26T08:37:51","slug":"sklad-senatu","status":"publish","type":"page","link":"https:\/\/us.edu.pl\/en\/uczelnia\/o-nas\/wladze-uniwersytetu-slaskiego\/senat-uniwersytetu-slaskiego-w-katowicach\/sklad-senatu\/","title":{"rendered":"Members of the Senate of the University of Silesia in Katowice for the term 2024\u20132028"},"content":{"rendered":"<p><\/p>\n<p>[vc_row][vc_column]\r\n                <div class=\"text-modules\">\r\n                    <div class=\"container\">\r\n                        <h3 class=\"page-title text__title\">Members of the Senate of the University of Silesia in Katowice for the term 2024\u20132028<\/h3>\r\n                        <div class=\"text-modules__content\"><\/p>\n<p style=\"text-align: right;\">as of 25 March 2026<\/p>\n<ol>\n<li>Rector<br \/>\nProf. Ryszard KOZIO\u0141EK<\/li>\n<li>Representative of Professors and Associate Professors in the field of education<br \/>\nMaciej BERNASIEWICZ, PhD, DLitt, Assoc. Prof.<\/li>\n<li>Representative of Professors and Associate Professors in the field of chemical sciences<br \/>\nMiros\u0142aw CHOR\u0104\u017bEWSKI, PhD, DSc, Assoc. Prof.<\/li>\n<li>Representative of Professors and Associate Professors in the field of political science and public administration<br \/>\nRafa\u0142 GLAJCAR, PhD, DLitt, Assoc. Prof.<\/li>\n<li>Representative of Professors and Associate Professors in the field of law<br \/>\nProf. Katarzyna GRZYBCZYK<\/li>\n<li>Representative of Professors and Associate Professors in the field of social and economic geography and spatial management<br \/>\nAdam HIBSZER, PhD, DSc, Assoc. Prof.<\/li>\n<li>Representative of Professors and Associate Professors in the field of mathematics<br \/>\nProf. Katarzyna HORBACZ<\/li>\n<li>Representative of Professors and Associate Professors in the field of Polish studies<br \/>\nMariusz JOCHEMCZYK, PhD, DLitt, Assoc. Prof.<\/li>\n<li>Representative of Professors and Associate Professors in the field of history<br \/>\nProf. Ryszard KACZMAREK<\/li>\n<li>Representative of Professors and Associate Professors in the field of biological studies<br \/>\nMariusz KANTURSKI, PhD, DSc, Assoc. Prof.<\/li>\n<li>Representative of Professors and Associate Professors in the field of materials engineering<br \/>\nMa\u0142gorzata KAROLUS, PhD, DSc, Assoc. Prof.<\/li>\n<li>Representative of Professors and Associate Professors in the field of communication and media studies<br \/>\nMariusz KOLCZY\u0143SKI, PhD, DLitt, Assoc. Prof.<\/li>\n<li>Representative of Professors and Associate Professors in the field of culture and religion studies<br \/>\nMa\u0142gorzata KRAKOWIAK, PhD, DLitt, Assoc. Prof.<\/li>\n<li>Representative of Professors and Associate Professors in the field of philosophy<br \/>\nProf. Dariusz KUBOK<\/li>\n<li>Representative of Professors and Associate Professors in the field of fine arts and art conservation<br \/>\nStefan LECHWAR, PhD, DLitt, Assoc. Prof.<\/li>\n<li>Representative of Professors and Associate Professors in fields not subject to evaluation and in the group of didactic employees<br \/>\nJulia LEGOMSKA, PhD, Assoc. Prof.<\/li>\n<li>Representative of Professors and Associate Professors in the field of linguistics<br \/>\nJolanta LUBOCHA-KRUGLIK, PhD, DLitt, Assoc. Prof.<\/li>\n<li>Representative of Professors and Associate Professors in the field of earth and environmental sciences<br \/>\nProf. Ewa \u0141UPIKASZA<\/li>\n<li>Representative of Professors and Associate Professors in the field of arts studies<br \/>\nBogumi\u0142a MIKA, PhD, DLitt, Assoc. Prof.<\/li>\n<li>Representative of Professors and Associate Professors in the field of sociology<br \/>\n\/vacancy\/<\/li>\n<li>Representative of Professors and Associate Professors in the field of literary studies<br \/>\nAndrzej RABSZTYN, PhD, DLitt, Assoc. Prof.<\/li>\n<li>Representative of Professors and Associate Professors in the field of physical sciences<br \/>\nJakub SPIECHOWICZ, PhD, DSc, Assoc. Prof.<\/li>\n<li>Representative of Professors and Associate Professors in the field of computer science and biomedical engineering<br \/>\nAndrzej SWINAREW, PhD, DSc, Assoc. Prof.<\/li>\n<li>Representative of Professors and Associate Professors in the field of music<br \/>\nMagdalena SZYNDLER, PhD, DLitt, Assoc. Prof.<\/li>\n<li>Representative of Professors and Associate Professors in the field of psychology<br \/>\nKatarzyna \u015aLEBARSKA, PhD, DLitt, Assoc. Prof.<\/li>\n<li>Representative of Professors and Associate Professors in the field of film and theatre<br \/>\nJaros\u0142aw \u015aWIERSZCZ, PhD, Assoc. Prof.<\/li>\n<li>Representative of Professors and Associate Professors in the field of theology<br \/>\nArkadiusz WUWER, PhD, DLitt, Assoc. Prof.<\/li>\n<li>Representative of other academics<br \/>\nCecylia TATOJ, PhD<\/li>\n<li>Representative of other academics<br \/>\nAdam WARZECHA, PhD<\/li>\n<li>Representative of non-academic employees<br \/>\nAnna DZIADEK, MA<\/li>\n<li>Representative of non-academic employees<br \/>\nBeata KLYTA, MA<\/li>\n<li>Representative of non-academic employees<br \/>\nRyszard KNAPEK, PhD<\/li>\n<li>Representative of non-academic employees<br \/>\nAgnieszka KOTULSKA, MA<\/li>\n<li>Representative of non-academic employees<br \/>\nAgnieszka MICHALIK-KUCHARZ, PhD<\/li>\n<li>Representative of non-academic employees<br \/>\nJustyna PRZYBYLSKA, MSc<\/li>\n<li>Representative of non-academic employees<br \/>\nKrzysztof PSZCZ\u00d3\u0141KA, MA<\/li>\n<li>Representative of non-academic employees<br \/>\nBarbara SMORCZEWSKA, PhD<\/li>\n<li>Representative of non-academic employees<br \/>\nMagdalena \u015aLEBARSKA, MA<\/li>\n<li>Representative of non-academic employees<br \/>\nMicha\u0142 TOMASZEK, MA<\/li>\n<li>Representative of non-academic employees<br \/>\nMarzena \u017bURAWSKA, MA<\/li>\n<li>Representative of Doctoral Student Government<br \/>\nMonika LISIECKA, MA<\/li>\n<li>Representative of Student Government<br \/>\nOliwia DE VITO<\/li>\n<li>Representative of Student Government<br \/>\nBartosz DRYJA-GO\u0141\u0118BIOWSKI<\/li>\n<li>Representative of Student Government<br \/>\nKarolina GRZ\u0118DA<\/li>\n<li>Representative of Student Government<br \/>\nAleksandra KAWKA<\/li>\n<li>Representative of Student Government<br \/>\nMatylda KLOS<\/li>\n<li>Representative of Student Government<br \/>\nErwina KOWALSKA<\/li>\n<li>Representative of Student Government<br \/>\nDawid MORAWSKI<\/li>\n<li>Representative of Student Government<br \/>\nArtur SZL\u0118ZAK<\/li>\n<li>Representative of Student Government<br \/>\nAnna WALECZEK<\/li>\n<li>Representative of Student Government<br \/>\nChair of the Student Government and Member of the University Council<br \/>\nJakub WITKOWSKI<\/li>\n<li>Representative of Student Government<br \/>\nZiemowit W\u00d3JCIK, MD, DHSc<\/li>\n<\/ol>\n<p><strong>Participants and individuals who can attend Senate meetings with an advisory vote:<\/strong><\/p>\n<ol>\n<li>Vice-Rector for Finance<br \/>\nProf. Micha\u0142 DASZYKOWSKI<\/li>\n<li>Vice-Rector for International and Domestic Cooperation<br \/>\nProf. Tomasz PIETRZYKOWSKI<\/li>\n<li>Vice-Rector for Research<br \/>\nAgnieszka TURSKA-KAWA, PhD, DLitt, Assoc. Prof.<\/li>\n<li>Vice-Rector for Student Affairs and Education<br \/>\nKatarzyna TRYNDA, PhD, Assoc. Prof.<\/li>\n<li>Dean of the Krzysztof Kie\u015blowski Film School<br \/>\nKrystyna DOKTOROWICZ, PhD, DLitt, Assoc. Prof.<\/li>\n<li>Dean of the Faculty of Humanities<br \/>\nProf. Adam DZIADEK<\/li>\n<li>Dean of the Faculty of Natural Sciences<br \/>\nProf. Leszek MARYNOWSKI<\/li>\n<li>Dean of the Faculty of Social Sciences<br \/>\nMa\u0142gorzata My\u015bliwiec, PhD, DLitt, Assoc. Prof.<\/li>\n<li>Dean of the Faculty of Science and Technology<br \/>\nSeweryn KOWALSKI, PhD, DSc, Assoc. Prof.<\/li>\n<li>Dean of the Faculty of Law and Administration<br \/>\nWitold KUROWSKI, PhD, DLitt, Assoc. Prof.<\/li>\n<li>Dean of the Faculty of Arts and Educational Science<br \/>\nKatarzyna MARCOL, PhD, DLitt, Assoc. Prof.<\/li>\n<li>Dean of the Faculty of Theology<br \/>\nRev. Jacek KEMPA, PhD, DLitt, Assoc. Prof.<\/li>\n<li>Dean of the Doctoral School<br \/>\nProf. Alina \u015aWIE\u015aCIAK-FAST<\/li>\n<li>Dean of the International Environmental Doctoral School<br \/>\nassociated with the Centre for Polar Studies<br \/>\nMicha\u0142 CIEP\u0141Y, PhD<\/li>\n<li>Rector in term 1990-1996<br \/>\nProf. Maksymilian PAZDAN<\/li>\n<li>Rector in term 1996\u20132002<br \/>\nProf. Tadeusz S\u0141AWEK<\/li>\n<li>Rector in term 2002\u20132008<br \/>\nProf. Janusz JANECZEK<\/li>\n<li>Rector in term 2008\u20132016<br \/>\nProf. Wies\u0142aw BANY\u015a<\/li>\n<li>Rector in term 2016\u20132020<br \/>\nProf. Andrzej KOWALCZYK<\/li>\n<li>Ombudsperson for Academic Rights and Values<br \/>\nProf. Jacek G\u00d3RECKI<\/li>\n<li>Student and PhD Student Ombudsperson<br \/>\nAgnieszka BIELSKA-BRODZIAK, PhD, DLitt, Assoc. Prof.<\/li>\n<li>Chancellor<br \/>\nDariusz Laska, MA<\/li>\n<li>Bursar<br \/>\nBeata ZAWADZKA, MA<\/li>\n<li>Representative of NSZZ \u201eSolidarno\u015b\u0107\u201d<br \/>\nDariusz KAJEWSKI, PhD, DSc, Assoc. Prof.<\/li>\n<li>Representative of Polish Teachers Association<br \/>\nAneta TROJANOWSKA, MSc<\/li>\n<li>Chair of the University Council<br \/>\nEl\u017cbieta BIE\u0143KOWSKA<\/li>\n<li>University Council<br \/>\nSabina KRZYSTOLIK<\/li>\n<li>University Council<br \/>\nProf. Katarzyna MIZIA-STEC<\/li>\n<li>University Council<br \/>\nProf. Przemys\u0142aw MARCINIAK<\/li>\n<li>University Council<br \/>\nProf. Barbara MIKO\u0141AJCZYK<\/li>\n<li>University Council<br \/>\nProf. Marian PALUCH<\/li>\n<\/ol>\n<p>\n<\/div>\r\n                    <\/div>\r\n                <\/div>[\/vc_column][\/vc_row]<\/p>\n<p><\/p>","protected":false},"excerpt":{"rendered":"<p>[vc_row][vc_column][\/vc_column][\/vc_row] [&#8230;]<\/p>\n<p><a class=\"btn btn-secondary understrap-read-more-link\" href=\"https:\/\/us.edu.pl\/en\/uczelnia\/o-nas\/wladze-uniwersytetu-slaskiego\/senat-uniwersytetu-slaskiego-w-katowicach\/sklad-senatu\/\">Read More&#8230;<\/a><\/p>\n","protected":false},"author":39,"featured_media":0,"parent":75349,"menu_order":0,"comment_status":"closed","ping_status":"closed","template":"","meta":{"_expiration-date-status":"","_expiration-date":0,"_expiration-date-type":"","_expiration-date-categories":[],"_expiration-date-options":[]},"acf":[],"_links":{"self":[{"href":"https:\/\/us.edu.pl\/en\/wp-json\/wp\/v2\/pages\/96215"}],"collection":[{"href":"https:\/\/us.edu.pl\/en\/wp-json\/wp\/v2\/pages"}],"about":[{"href":"https:\/\/us.edu.pl\/en\/wp-json\/wp\/v2\/types\/page"}],"author":[{"embeddable":true,"href":"https:\/\/us.edu.pl\/en\/wp-json\/wp\/v2\/users\/39"}],"replies":[{"embeddable":true,"href":"https:\/\/us.edu.pl\/en\/wp-json\/wp\/v2\/comments?post=96215"}],"version-history":[{"count":12,"href":"https:\/\/us.edu.pl\/en\/wp-json\/wp\/v2\/pages\/96215\/revisions"}],"predecessor-version":[{"id":247188,"href":"https:\/\/us.edu.pl\/en\/wp-json\/wp\/v2\/pages\/96215\/revisions\/247188"}],"up":[{"embeddable":true,"href":"https:\/\/us.edu.pl\/en\/wp-json\/wp\/v2\/pages\/75349"}],"wp:attachment":[{"href":"https:\/\/us.edu.pl\/en\/wp-json\/wp\/v2\/media?parent=96215"}],"curies":[{"name":"wp","href":"https:\/\/api.w.org\/{rel}","templated":true}]}}