{"id":1252,"date":"2020-06-08T12:19:17","date_gmt":"2020-06-08T10:19:17","guid":{"rendered":"https:\/\/us.edu.pl\/icrk\/?page_id=1252"},"modified":"2020-07-02T14:20:57","modified_gmt":"2020-07-02T12:20:57","slug":"slowa","status":"publish","type":"page","link":"https:\/\/us.edu.pl\/icrk\/en\/slowa\/","title":{"rendered":"interviews"},"content":{"rendered":"<p><\/p>\n<p>[vc_row el_class=&#8221;container&#8221;][vc_column]\r\n                <div class=\"text-modules\">\r\n                    <div class=\"container\">\r\n                        <h3 class=\"page-title text__title\">Interviews<\/h3>\r\n                        <div class=\"text-modules__content\"><\/div>\r\n                    <\/div>\r\n                <\/div>[\/vc_column][\/vc_row][vc_row el_class=&#8221;container&#8221;][vc_column width=&#8221;1\/3&#8243; css=&#8221;.vc_custom_1591615712112{background-color: #eaeaea !important;}&#8221;][vc_hoverbox image=&#8221;1316&#8243; primary_title=&#8221;&#8221; hover_title=&#8221;&#8221; hover_align=&#8221;left&#8221; shape=&#8221;square&#8221; css=&#8221;.vc_custom_1591703598445{padding-top: 20px !important;padding-right: 20px !important;padding-bottom: 20px !important;padding-left: 20px !important;}&#8221;]<\/p>\n<table style=\"border-collapse: collapse;width: 100%\">\n<tbody>\n<tr>\n<td style=\"width: 20%\"><img class=\"alignnone size-medium wp-image-436\" src=\"http:\/\/us.edu.pl\/icrk\/wp-content\/uploads\/sites\/55\/front\/ciekawosc-icon1-e1588143378736-300x300.png\" alt=\"Grafika: ciekawo\u015b\u0107 (lupa, moty li\u015bci)\" width=\"100%\" height=\"auto\" srcset=\"https:\/\/us.edu.pl\/icrk\/wp-content\/uploads\/sites\/55\/front\/ciekawosc-icon1-e1588143378736-300x300.png 300w, https:\/\/us.edu.pl\/icrk\/wp-content\/uploads\/sites\/55\/front\/ciekawosc-icon1-e1588143378736-150x150.png 150w, https:\/\/us.edu.pl\/icrk\/wp-content\/uploads\/sites\/55\/front\/ciekawosc-icon1-e1588143378736.png 417w\" sizes=\"(max-width: 300px) 100vw, 300px\" \/><\/td>\n<td style=\"width: 5%\">\u00a0<\/td>\n<td style=\"width: 75%;color: #011535;font-size: large;text-align: left\">\u201cThe Centre established by us is intended to provoke certain questions, but also to provide a space for discussion, as well as certain tools. Its origin lies in curiosity and passion for cognition\u201d<\/td>\n<\/tr>\n<\/tbody>\n<\/table>\n<p>[\/vc_hoverbox]\r\n                <div class=\"text-modules\">\r\n                    <div class=\"container\">\r\n                        \r\n                        <div class=\"text-modules__content\"><\/p>\n<p style=\"color: #011535\"><strong>Let\u2019s talk about curiosity<\/strong><\/p>\n<p style=\"color: #011535\"><a href=\"https:\/\/us.edu.pl\/icrk\/en\/chcialabym-aby-ludzie-nie-bali-sie-rozmawiac-prof-barbara-kozusznik-o-mozliwosciach-jakie-daje-wspolpraca-z-icrk\/\">Prof. Barbara Ko\u017cusznik |\u00a0 \u201cI Wish People Were not Afraid to Talk\u201d<\/a><\/p>\n<p>\n<\/div>\r\n                    <\/div>\r\n                <\/div>[\/vc_column][vc_column width=&#8221;1\/3&#8243; css=&#8221;.vc_custom_1591618664910{background-color: #eaeaea !important;}&#8221;][vc_hoverbox image=&#8221;1311&#8243; primary_title=&#8221;&#8221; hover_title=&#8221;&#8221; shape=&#8221;square&#8221; css=&#8221;.vc_custom_1592399079963{padding-top: 20px !important;padding-right: 20px !important;padding-bottom: 20px !important;padding-left: 20px !important;}&#8221;]<\/p>\n<table style=\"border-collapse: collapse;width: 100%\">\n<tbody>\n<tr>\n<td style=\"width: 20%\"><img class=\"alignnone wp-image-596 size-full\" src=\"https:\/\/us.edu.pl\/icrk\/wp-content\/uploads\/sites\/55\/Obrazy\/doskonalosc-icon-1.png\" alt=\"Grafika: doskona\u0142o\u015b\u0107\" width=\"100%\" height=\"auto\" \/><\/td>\n<td style=\"width: 5%\">\u00a0<\/td>\n<td style=\"width: 75%;color: #011535;font-size: large;text-align: left\">\u201cWe should take care of building mutual trust on professionalism. Excellence understood in this way requires us to develop our competencies, regardless of our role at the University\u201d<\/td>\n<\/tr>\n<\/tbody>\n<\/table>\n<p>&nbsp;<\/p>\n<p>[\/vc_hoverbox]\r\n                <div class=\"text-modules\">\r\n                    <div class=\"container\">\r\n                        \r\n                        <div class=\"text-modules__content\"><\/p>\n<p style=\"color: #011535\"><strong>Let&#8217;s talk about excellence<\/strong><\/p>\n<p style=\"color: #011535\"><a href=\"https:\/\/us.edu.pl\/icrk\/en\/pracownikow-uczelni-musza-laczyc-zaufanie-i-profesjonalizm-rozmowa-z-dr-agnieszka-skolucka\/\">Dr. Agnieszka Sko\u0142ucka |\u00a0\u201cUniversity Employees Must Be United by Trust and Professionalism\u201d<\/a><\/p>\n<p>\n<\/div>\r\n                    <\/div>\r\n                <\/div>[\/vc_column][vc_column width=&#8221;1\/3&#8243; css=&#8221;.vc_custom_1591623904802{background-color: #eaeaea !important;}&#8221;][vc_hoverbox image=&#8221;1314&#8243; primary_title=&#8221;&#8221; hover_title=&#8221;&#8221; shape=&#8221;square&#8221; css=&#8221;.vc_custom_1591703987015{padding-top: 20px !important;padding-right: 20px !important;padding-bottom: 20px !important;padding-left: 20px !important;}&#8221;]<\/p>\n<table style=\"border-collapse: collapse;width: 100%\">\n<tbody>\n<tr>\n<td style=\"width: 20%\"><img class=\"alignnone wp-image-598 size-full\" src=\"https:\/\/us.edu.pl\/icrk\/wp-content\/uploads\/sites\/55\/Obrazy\/zaangazowanie-icon-1.png\" alt=\"Grafika: zaanga\u017cowanie (motyw li\u015bci)\" width=\"100%\" height=\"auto\" \/><\/td>\n<td style=\"width: 5%\">\u00a0<\/td>\n<td style=\"width: 75%;color: #011535;font-size: large;text-align: left\">\u201cWe may solve some problems intuitively, but we will minimise the risk of failure, if we rely on the data which can be provided by a professional tool. We are involved in searching for such soutions\u201d<\/td>\n<\/tr>\n<\/tbody>\n<\/table>\n<p>&nbsp;<\/p>\n<p>[\/vc_hoverbox]\r\n                <div class=\"text-modules\">\r\n                    <div class=\"container\">\r\n                        \r\n                        <div class=\"text-modules__content\"><\/p>\n<p style=\"color: #011535\"><strong>Let&#8217;s talk about involvement<\/strong><\/p>\n<p style=\"color: #011535\"><a href=\"https:\/\/us.edu.pl\/icrk\/en\/prof-olaf-flak-o-pierwszym-narzedziu-analizujacym-kompetencje-kadr-przyszlosci-dla-polskiej-nauki\/\">Prof. Olaf Flak |\u00a0The First Tool to Analyse the Competencies of Future Staff for Polish Science<\/a><\/p>\n<p>\n<\/div>\r\n                    <\/div>\r\n                <\/div>[\/vc_column][\/vc_row][vc_row el_class=&#8221;container&#8221;][vc_column][vc_empty_space][\/vc_column][\/vc_row][vc_row el_class=&#8221;container&#8221;][vc_column width=&#8221;2\/12&#8243;][\/vc_column][vc_column width=&#8221;4\/12&#8243; css=&#8221;.vc_custom_1591623791804{background-color: #eaeaea !important;}&#8221;][vc_hoverbox image=&#8221;1312&#8243; primary_title=&#8221;&#8221; hover_title=&#8221;&#8221; shape=&#8221;square&#8221; css=&#8221;.vc_custom_1591707154181{padding-top: 20px !important;padding-right: 20px !important;padding-bottom: 20px !important;padding-left: 20px !important;}&#8221;]<\/p>\n<table style=\"border-collapse: collapse;width: 100%\">\n<tbody>\n<tr>\n<td style=\"width: 20%\"><img class=\"alignnone wp-image-597 size-full\" src=\"https:\/\/us.edu.pl\/icrk\/wp-content\/uploads\/sites\/55\/Obrazy\/wiedza-icon-1.png\" alt=\"Grafika: wiedza (motyw li\u015bci)\" width=\"100%\" height=\"auto\" \/><\/td>\n<td style=\"width: 5%\">\u00a0<\/td>\n<td style=\"width: 75%;color: #011535;font-size: large;text-align: left\">\u201cWe invite experts to cooperate, gather knowledge and build tools to support universities in designing their own solutions in order to strengthen the position of Polish science\u201d<\/td>\n<\/tr>\n<\/tbody>\n<\/table>\n<p>&nbsp;<\/p>\n<p>[\/vc_hoverbox]\r\n                <div class=\"text-modules\">\r\n                    <div class=\"container\">\r\n                        \r\n                        <div class=\"text-modules__content\"><\/p>\n<p style=\"color: #011535\"><strong>Let&#8217;s talk about knowledge<\/strong><\/p>\n<p style=\"color: #011535\"><a href=\"https:\/\/us.edu.pl\/icrk\/en\/icrk-to-rezerwuar-wiedzy-katarzyna-wiecek-jakubek-o-koniecznosci-testowania-nowych-rozwiazan-z-zakresu-polityki-personalnej\/\">Katarzyna Wi\u0119cek-Jakubek |\u00a0\u201cICRK is a Reservoir of Knowledge\u201d<\/a><\/p>\n<p>\n<\/div>\r\n                    <\/div>\r\n                <\/div>[\/vc_column][vc_column width=&#8221;4\/12&#8243; css=&#8221;.vc_custom_1591630620240{background-color: #eaeaea !important;}&#8221;][vc_hoverbox image=&#8221;1305&#8243; primary_title=&#8221;&#8221; hover_title=&#8221;&#8221; shape=&#8221;square&#8221; css=&#8221;.vc_custom_1591707260888{padding-top: 20px !important;padding-right: 20px !important;padding-bottom: 20px !important;padding-left: 20px !important;}&#8221;]<\/p>\n<table style=\"border-collapse: collapse;width: 100%\">\n<tbody>\n<tr>\n<td style=\"width: 20%\"><img class=\"alignnone wp-image-597 size-full\" src=\"https:\/\/us.edu.pl\/icrk\/wp-content\/uploads\/sites\/55\/front\/punkt.png\" alt=\"Grafika: punkt (motyw li\u015bci)\" width=\"100%\" height=\"auto\" \/><\/td>\n<td style=\"width: 5%\">\u00a0<\/td>\n<td style=\"width: 75%;color: #011535;font-size: large;text-align: left\">\u201cEach solution that we develop in the Centre can be compared to a plant. We will give it to you, and you will decide if you want to take it, enjoy it and take care of it\u201d<\/td>\n<\/tr>\n<\/tbody>\n<\/table>\n<p>[\/vc_hoverbox]\r\n                <div class=\"text-modules\">\r\n                    <div class=\"container\">\r\n                        \r\n                        <div class=\"text-modules__content\"><\/p>\n<p style=\"color: #011535\"><strong>Let&#8217;s talk about plants<\/strong><\/p>\n<p style=\"color: #011535\"><a href=\"https:\/\/us.edu.pl\/icrk\/en\/nauka-wzajemnej-troski-dr-malgorzata-chrupala-pniak-o-rozwiazaniach-dzieki-ktorym-bedzie-nam-sie-lepiej-pracowalo\/\">Dr. Ma\u0142gorzata Chrupa\u0142a-Pniak | Science of Mutual Care<\/a><\/p>\n<p>\n<\/div>\r\n                    <\/div>\r\n                <\/div>[\/vc_column][vc_column width=&#8221;2\/12&#8243;][\/vc_column][\/vc_row]<\/p>\n<p><\/p>","protected":false},"excerpt":{"rendered":"<p>[vc_row el_class=&#8221;container&#8221;][vc_column][\/vc_column][\/vc_row][vc_row el_class=&#8221;container&#8221;][vc_column width=&#8221;1\/3&#8243; css=&#8221;.vc_custom_1591615712112{background-color: #eaeaea !important;}&#8221;][vc_hoverbox image=&#8221;1316&#8243; primary_title=&#8221;&#8221; hover_title=&#8221;&#8221; hover_align=&#8221;left&#8221; shape=&#8221;square&#8221; css=&#8221;.vc_custom_1591703598445{padding-top: 20px !important;padding-right: 20px !important;padding-bottom: 20px !important;padding-left: 20px !important;}&#8221;] \u00a0 \u201cThe Centre established by us is intended to provoke certain questions, but also to provide a space for discussion, as well as certain tools. Its origin lies in curiosity and passion for cognition\u201d [&#8230;]<\/p>\n<p><a class=\"btn btn-secondary understrap-read-more-link\" href=\"https:\/\/us.edu.pl\/icrk\/en\/slowa\/\">Read More&#8230;<\/a><\/p>\n","protected":false},"author":139,"featured_media":0,"parent":0,"menu_order":0,"comment_status":"closed","ping_status":"closed","template":"","meta":{"_expiration-date-status":"saved","_expiration-date":0,"_expiration-date-type":"","_expiration-date-categories":[],"_expiration-date-options":[]},"acf":[],"_links":{"self":[{"href":"https:\/\/us.edu.pl\/icrk\/en\/wp-json\/wp\/v2\/pages\/1252"}],"collection":[{"href":"https:\/\/us.edu.pl\/icrk\/en\/wp-json\/wp\/v2\/pages"}],"about":[{"href":"https:\/\/us.edu.pl\/icrk\/en\/wp-json\/wp\/v2\/types\/page"}],"author":[{"embeddable":true,"href":"https:\/\/us.edu.pl\/icrk\/en\/wp-json\/wp\/v2\/users\/139"}],"replies":[{"embeddable":true,"href":"https:\/\/us.edu.pl\/icrk\/en\/wp-json\/wp\/v2\/comments?post=1252"}],"version-history":[{"count":5,"href":"https:\/\/us.edu.pl\/icrk\/en\/wp-json\/wp\/v2\/pages\/1252\/revisions"}],"predecessor-version":[{"id":1503,"href":"https:\/\/us.edu.pl\/icrk\/en\/wp-json\/wp\/v2\/pages\/1252\/revisions\/1503"}],"wp:attachment":[{"href":"https:\/\/us.edu.pl\/icrk\/en\/wp-json\/wp\/v2\/media?parent=1252"}],"curies":[{"name":"wp","href":"https:\/\/api.w.org\/{rel}","templated":true}]}}