{"id":325,"date":"2020-04-24T20:10:01","date_gmt":"2020-04-24T18:10:01","guid":{"rendered":"http:\/\/us.edu.pl\/icrk\/?page_id=325"},"modified":"2021-11-16T10:02:47","modified_gmt":"2021-11-16T09:02:47","slug":"inicjatywy","status":"publish","type":"page","link":"https:\/\/us.edu.pl\/icrk\/en\/inicjatywy\/","title":{"rendered":"initiatives"},"content":{"rendered":"<p><\/p>\n<p>[vc_row el_class=&#8221;container&#8221;][vc_column][vc_empty_space]\r\n                <div class=\"text-modules\">\r\n                    <div class=\"container\">\r\n                        <h3 class=\"page-title text__title\">Initiatives<\/h3>\r\n                        <div class=\"text-modules__content\"><\/div>\r\n                    <\/div>\r\n                <\/div>[\/vc_column][\/vc_row][vc_row el_class=&#8221;container jasny-szary&#8221;][vc_column width=&#8221;3\/4&#8243; el_class=&#8221;jasny-szary&#8221;]\r\n                <div class=\"text-modules\">\r\n                    <div class=\"container\">\r\n                        \r\n                        <div class=\"text-modules__content\"><\/p>\n<p><img class=\"alignleft wp-image-116027 size-full\" src=\"https:\/\/us.edu.pl\/icrk\/wp-content\/uploads\/sites\/55\/Obrazy\/punkt-285x300.png\" alt=\"Grafika prezentuj\u0105ca ko\u0142o z zielonymi li\u015b\u0107mi\" width=\"10%\" \/><\/p>\n<p>&nbsp;<\/p>\n<h4 style=\"color: #011535;\"><strong>Projekt<\/strong> | ICSD \u2013 think tank for the development of key competencies of the Polish academic staff of the future<\/h4>\n<p>\n<\/div>\r\n                    <\/div>\r\n                <\/div>[\/vc_column][vc_column width=&#8221;1\/4&#8243; el_class=&#8221;jasny-szary&#8221;][\/vc_column][\/vc_row][vc_row el_class=&#8221;container&#8221;][vc_column]<div class=\"container\"><div class=\"separator\" style=\"background-color: #002E5A\"><\/div><\/div>[\/vc_column][\/vc_row][vc_row el_class=&#8221;container&#8221;][vc_column width=&#8221;1\/12&#8243;][\/vc_column][vc_column width=&#8221;11\/12&#8243;]\r\n                <div class=\"text-modules\">\r\n                    <div class=\"container\">\r\n                        \r\n                        <div class=\"text-modules__content\"><\/p>\n<h4 style=\"color: #011535;\">Idea<\/h4>\n<p>\u2018ICSD \u2013 think tank for the development of key competencies of the Polish academic staff\u2019 is one of the research and implementation initiatives of the Interdisciplinary Centre for Staff Development.<\/p>\n<p>The purpose of the project is to create the concept for the development of key competencies for research staff and administrative support staff of the science and higher education sector in Poland, which may contribute to strengthening the position of Polish universities on the international arena.<\/p>\n<p>On the one hand, the development of research excellence should be supported with good practices in managing the science and higher education sector and its employees. On the other hand, the development of new solutions in this respect must be based on understanding the needs of research staff and professional administrative service.<\/p>\n<p>These two assumptions became the basis for tools designed within the project, which will be connected e.g. with monitoring the development of research staff and administrative support staff, taking into account the improvement of recruitment process, evaluation design, motivation issues and study of training needs.<\/p>\n<p>The operation of research teams and work of research leaders will be analysed. Moreover, effective tools to support strengthening of the global position of Polish universities and the pursuit of the broadly understood research excellence will be promoted.<\/p>\n<p>Cooperation with Polish and foreign universities, as well as external experts, will also be established.<\/p>\n<p>The following items will be developed as a part of the project:<\/p>\n<p>\n<\/div>\r\n                    <\/div>\r\n                <\/div>[\/vc_column][\/vc_row][vc_row el_class=&#8221;container&#8221;][vc_column]\r\n                <div class=\"text-modules\">\r\n                    <div class=\"container\">\r\n                        \r\n                        <div class=\"text-modules__content\"><\/p>\n<table style=\"border-collapse: collapse; width: 100%;\">\n<tbody>\n<tr>\n<td style=\"width: 15%;\">\u00a0<\/td>\n<td style=\"width: 70%; background-color: #f2f2f2;\">\n<p style=\"text-align: center; color: #002e5a; font-size: small; padding: 20px;\">key competency model for the research staff and the administrative support staff of the higher education sector in Poland<\/p>\n<\/td>\n<td style=\"width: 15%;\">\u00a0<\/td>\n<\/tr>\n<tr>\n<td style=\"width: 15%;\">\u00a0<\/td>\n<td style=\"width: 70%;\">\u00a0<\/td>\n<td style=\"width: 15%;\">\u00a0<\/td>\n<\/tr>\n<tr>\n<td style=\"width: 15%;\">\u00a0<\/td>\n<td style=\"width: 70%; background-color: #f2f2f2;\">\n<p style=\"text-align: center; color: #002e5a; font-size: small; padding: 20px;\">tools and indicators for the measurement and analysis of competencies, including online tools<\/p>\n<\/td>\n<td style=\"width: 15%;\">\u00a0<\/td>\n<\/tr>\n<tr>\n<td style=\"width: 15%;\">\u00a0<\/td>\n<td style=\"width: 70%;\">\u00a0<\/td>\n<td style=\"width: 15%;\">\u00a0<\/td>\n<\/tr>\n<tr>\n<td style=\"width: 15%;\">\u00a0<\/td>\n<td style=\"width: 70%; background-color: #f2f2f2;\">\n<p style=\"text-align: center; color: #002e5a; font-size: small; padding: 20px;\">recommendations for the development of key staff competencies<\/p>\n<\/td>\n<td style=\"width: 15%;\">\u00a0<\/td>\n<\/tr>\n<\/tbody>\n<\/table>\n<p>\n<\/div>\r\n                    <\/div>\r\n                <\/div>[\/vc_column][\/vc_row][vc_row el_class=&#8221;container&#8221;][vc_column]<div class=\"container\"><div class=\"separator\" style=\"background-color: #EBEBEB\"><\/div><\/div>[\/vc_column][\/vc_row][vc_row el_class=&#8221;container&#8221;][vc_column]\r\n                <div class=\"tiles-section\" style=\"background: \">\r\n                    <div class=\"container\">\r\n                        <h3 class=\"page-title\"><\/h3>\r\n                        <div class=\"tiles tiles-2\">\r\n                            <a href=\"https:\/\/us.edu.pl\/icrk\/en\/inicjatywy\/etapy-projektu\/\" class=\"tile tile_ justify-content-center\" style=\"background-color: #002E5A; font-weight: ; color: #ffffff;  \">\r\n                                \r\n                                   \r\n                               \r\n                                <div class=\"tile__name\">Project stages<\/div>\r\n                            <\/a>\r\n                            <a href=\"https:\/\/us.edu.pl\/icrk\/en\/inicjatywy\/zespol\/\" class=\"tile tile_ justify-content-center\" style=\"background-color: #002E5A; font-weight: ; color: #ffffff;  \">\r\n                                \r\n                                   \r\n                               \r\n                                <div class=\"tile__name\">Team<\/div>\r\n                            <\/a><\/div>\r\n                    <\/div>\r\n                <\/div>[\/vc_column][\/vc_row][vc_row el_id=&#8221;wiadomosci&#8221; el_class=&#8221;container&#8221;][vc_column]\n\t\t\t\t<input type=\"hidden\" name=\"promoted_only\" value=\"\">\n\t\t\t\t<input type=\"hidden\" name=\"order\" value=\"DESC\">\n\t\t\t\t<input type=\"hidden\" name=\"order_by\" value=\"post_date\">\n\n\t\t\t\t<div class=\"article-loop loop-section  color-blue\" style=\"background: \">\n\t\t\t\t\t <div class=\"container \">\n\t\t\t\t\t \t<div class=\"col-12 article-loop-gutter-left\">\n\t\t\t\t\t\t  <div class=\"article-loop-top loop-section-top\">\n\t\t\t\t\t\t\t\t<h2 class=\"section-title\">News<\/h2><div class=\"article-loop-top_right loop-section-top__right\" >    <a href = \"\/icrk\/category\/kompetencje\/?strona=1&amp;kategoria=10&amp;widok=plytki&amp;liczba_postow=8\" class=\"link-button \" > All<\/a><\/div>  \n\t\t\t\t\t\t  <\/div>\n\t\t\t\t\t\t  <div class=\"article-loop-main carousel\" data-home-url=\"https:\/\/us.edu.pl\/icrk\/en\" >\n\t\t\t\t\t\t\t\t<a href = \"#\" data-slide = \"prev\" title=\"przesu\u0144 pasek Newsw lewo\" class=\"arrow\" >\n\t\t\t\t\t\t\t\t\t <em class=\"ci ci-arrow-left\" ><\/em >\n\t\t\t\t\t\t\t\t\t <span class=\"d-none\" > arrow<\/span >\n\t\t\t\t\t\t\t\t<\/a>\n\t \n\t\t\t\t\t\t\t\t<a href = \"#\" data-slide = \"next\" title=\"przesu\u0144 pasek News w prawo\" class=\"arrow\" >\n\t\t\t\t\t\t\t\t\t <em class=\"ci ci-arrow-right\" ><\/em >\n\t\t\t\t\t\t\t\t\t <span class=\"d-none\" > arrow<\/span >\n\t\t\t\t\t\t\t\t<\/a>\n\t\t\t\t\t\t\t\t<div class=\"row items\" >\n\t\t\t\t\t\t\t\t\t \r\n            <article class=\"article-loop-post carousel-slide\">\r\n                <a href=\"https:\/\/us.edu.pl\/icrk\/en\/icrk-wywiady-z-cyklu-c4re-talks-w-formie-e-bookow\/\" class=\"article-loop-post__thumbnail thumbnail\"\r\n                    style=\"background-image: url(https:\/\/us.edu.pl\/icrk\/wp-content\/uploads\/sites\/55\/Obrazy\/felipepelaquim-C7WtoP8gSNE-unsplash-600x451.jpg)\">\r\n                    <span>more<\/span>\r\n                <\/a>\r\n\r\n                <div class=\"article-loop-post__content\">\r\n                    <h3 class=\"article-loop-post__title\">\r\n                        <a href=\"https:\/\/us.edu.pl\/icrk\/en\/icrk-wywiady-z-cyklu-c4re-talks-w-formie-e-bookow\/\">ICSD | &#8220;C4RE talks&#8221; interviews in the form of e-books<\/a>\r\n                    <\/h3>\r\n            \r\n                    <div class=\"article-loop-post__categories\">\r\n                        <a href=\"https:\/\/us.edu.pl\/icrk\/en\/category\/wiadomosci\/kompetencje\/\">kompetencje<\/a>\r\n                    <\/div>    \r\n                <\/div>\r\n            <\/article>\r\n        \r\n            <article class=\"article-loop-post carousel-slide\">\r\n                <a href=\"https:\/\/us.edu.pl\/icrk\/en\/icrk-c4re-talks-kompetencje-lidera-projektu-badawczego\/\" class=\"article-loop-post__thumbnail thumbnail\"\r\n                    style=\"background-image: url(https:\/\/us.edu.pl\/icrk\/wp-content\/uploads\/sites\/55\/Obrazy\/C4RE\/prof-M-Grzegorzek_obr-wyr-600x450.png)\">\r\n                    <span>more<\/span>\r\n                <\/a>\r\n\r\n                <div class=\"article-loop-post__content\">\r\n                    <h3 class=\"article-loop-post__title\">\r\n                        <a href=\"https:\/\/us.edu.pl\/icrk\/en\/icrk-c4re-talks-kompetencje-lidera-projektu-badawczego\/\">ICRK \u201eC4RE talks\u201d | Competences of a research project leader<\/a>\r\n                    <\/h3>\r\n            \r\n                    <div class=\"article-loop-post__categories\">\r\n                        <a href=\"https:\/\/us.edu.pl\/icrk\/en\/category\/wiadomosci\/kompetencje\/\">kompetencje<\/a>\r\n                    <\/div>    \r\n                <\/div>\r\n            <\/article>\r\n        \r\n            <article class=\"article-loop-post carousel-slide\">\r\n                <a href=\"https:\/\/us.edu.pl\/icrk\/en\/icrk-model-kompetencji-szyty-na-miare\/\" class=\"article-loop-post__thumbnail thumbnail\"\r\n                    style=\"background-image: url(https:\/\/us.edu.pl\/icrk\/wp-content\/uploads\/sites\/55\/Obrazy\/Zdj\u0119cia-portretowe\/DSCF4767-600x450.jpg)\">\r\n                    <span>more<\/span>\r\n                <\/a>\r\n\r\n                <div class=\"article-loop-post__content\">\r\n                    <h3 class=\"article-loop-post__title\">\r\n                        <a href=\"https:\/\/us.edu.pl\/icrk\/en\/icrk-model-kompetencji-szyty-na-miare\/\">ICRK | Tailor-made competency model<\/a>\r\n                    <\/h3>\r\n            \r\n                    <div class=\"article-loop-post__categories\">\r\n                        <a href=\"https:\/\/us.edu.pl\/icrk\/en\/category\/wiadomosci\/kompetencje\/\">kompetencje<\/a>\r\n                    <\/div>    \r\n                <\/div>\r\n            <\/article>\r\n        \r\n            <article class=\"article-loop-post carousel-slide\">\r\n                <a href=\"https:\/\/us.edu.pl\/icrk\/en\/icrk-my-naukowcy-nie-uciekniemy-od-odpowiedzialnosci-za-przyszlosc-swiata-rozmowa-z-prof-barbara-kozusznik\/\" class=\"article-loop-post__thumbnail thumbnail\"\r\n                    style=\"background-image: url(https:\/\/us.edu.pl\/icrk\/wp-content\/uploads\/sites\/55\/Obrazy\/Zdj\u0119cia-portretowe\/IMG_14133_Malgorzata-Dymowska-1-600x450.jpg)\">\r\n                    <span>more<\/span>\r\n                <\/a>\r\n\r\n                <div class=\"article-loop-post__content\">\r\n                    <h3 class=\"article-loop-post__title\">\r\n                        <a href=\"https:\/\/us.edu.pl\/icrk\/en\/icrk-my-naukowcy-nie-uciekniemy-od-odpowiedzialnosci-za-przyszlosc-swiata-rozmowa-z-prof-barbara-kozusznik\/\">ICRK | We scientists will not evade responsibility for the future of the world. Interview with Prof. Barbara Ko\u017cusznik<\/a>\r\n                    <\/h3>\r\n            \r\n                    <div class=\"article-loop-post__categories\">\r\n                        <a href=\"https:\/\/us.edu.pl\/icrk\/en\/category\/wiadomosci\/kompetencje\/\">kompetencje<\/a>\r\n                    <\/div>    \r\n                <\/div>\r\n            <\/article>\r\n        \r\n            <article class=\"article-loop-post carousel-slide\">\r\n                <a href=\"https:\/\/us.edu.pl\/icrk\/en\/icrk-rozpoczyna-sie-testowanie-narzedzia-do-badania-kompetencji\/\" class=\"article-loop-post__thumbnail thumbnail\"\r\n                    style=\"background-image: url(https:\/\/us.edu.pl\/icrk\/wp-content\/uploads\/sites\/55\/Obrazy\/stefan-stefancik-pzA7QWNCIYg-unsplash-600x450.jpg)\">\r\n                    <span>more<\/span>\r\n                <\/a>\r\n\r\n                <div class=\"article-loop-post__content\">\r\n                    <h3 class=\"article-loop-post__title\">\r\n                        <a href=\"https:\/\/us.edu.pl\/icrk\/en\/icrk-rozpoczyna-sie-testowanie-narzedzia-do-badania-kompetencji\/\">ICRK | Testing of the competence research tool starts<\/a>\r\n                    <\/h3>\r\n            \r\n                    <div class=\"article-loop-post__categories\">\r\n                        <a href=\"https:\/\/us.edu.pl\/icrk\/en\/category\/wiadomosci\/kompetencje\/\">kompetencje<\/a>\r\n                    <\/div>    \r\n                <\/div>\r\n            <\/article>\r\n        \r\n            <article class=\"article-loop-post carousel-slide\">\r\n                <a href=\"https:\/\/us.edu.pl\/icrk\/en\/icrk-c4re-talks-kompetencje-oraz-innowacyjny-uniwersytet\/\" class=\"article-loop-post__thumbnail thumbnail\"\r\n                    style=\"background-image: url(https:\/\/us.edu.pl\/icrk\/wp-content\/uploads\/sites\/55\/Obrazy\/C4RE\/prof-Euwema_obr-wyr-600x450.png)\">\r\n                    <span>more<\/span>\r\n                <\/a>\r\n\r\n                <div class=\"article-loop-post__content\">\r\n                    <h3 class=\"article-loop-post__title\">\r\n                        <a href=\"https:\/\/us.edu.pl\/icrk\/en\/icrk-c4re-talks-kompetencje-oraz-innowacyjny-uniwersytet\/\">ICRK \u201cC4RE talks\u201d | Competences and Innovativeness of Universities<\/a>\r\n                    <\/h3>\r\n            \r\n                    <div class=\"article-loop-post__categories\">\r\n                        <a href=\"https:\/\/us.edu.pl\/icrk\/en\/category\/wiadomosci\/kompetencje\/\">kompetencje<\/a>\r\n                    <\/div>    \r\n                <\/div>\r\n            <\/article>\r\n        \r\n            <article class=\"article-loop-post carousel-slide\">\r\n                <a href=\"https:\/\/us.edu.pl\/icrk\/en\/icrk-c4re-talks-kompetencje-dla-doskonalosci-badawczej\/\" class=\"article-loop-post__thumbnail thumbnail\"\r\n                    style=\"background-image: url(https:\/\/us.edu.pl\/icrk\/wp-content\/uploads\/sites\/55\/Obrazy\/C4RE\/prof-Silla_obr-wyr-600x450.png)\">\r\n                    <span>more<\/span>\r\n                <\/a>\r\n\r\n                <div class=\"article-loop-post__content\">\r\n                    <h3 class=\"article-loop-post__title\">\r\n                        <a href=\"https:\/\/us.edu.pl\/icrk\/en\/icrk-c4re-talks-kompetencje-dla-doskonalosci-badawczej\/\">ICRK \u201cC4RE talks\u201d | Competences for Research Excellence<\/a>\r\n                    <\/h3>\r\n            \r\n                    <div class=\"article-loop-post__categories\">\r\n                        <a href=\"https:\/\/us.edu.pl\/icrk\/en\/category\/wiadomosci\/kompetencje\/\">kompetencje<\/a>\r\n                    <\/div>    \r\n                <\/div>\r\n            <\/article>\r\n        \r\n            <article class=\"article-loop-post carousel-slide\">\r\n                <a href=\"https:\/\/us.edu.pl\/icrk\/en\/icrk-model-kompetencji-rusza-cykl-pn-c4re-talks\/\" class=\"article-loop-post__thumbnail thumbnail\"\r\n                    style=\"background-image: url(https:\/\/us.edu.pl\/icrk\/wp-content\/uploads\/sites\/55\/Obrazy\/C4RE\/c4re-talks-obr-wyr-600x450.jpg)\">\r\n                    <span>more<\/span>\r\n                <\/a>\r\n\r\n                <div class=\"article-loop-post__content\">\r\n                    <h3 class=\"article-loop-post__title\">\r\n                        <a href=\"https:\/\/us.edu.pl\/icrk\/en\/icrk-model-kompetencji-rusza-cykl-pn-c4re-talks\/\">ICRK \u2013 Competences model | \u201eC4RE talks\u201d cycle starts<\/a>\r\n                    <\/h3>\r\n            \r\n                    <div class=\"article-loop-post__categories\">\r\n                        <a href=\"https:\/\/us.edu.pl\/icrk\/en\/category\/wiadomosci\/kompetencje\/\">kompetencje<\/a>\r\n                    <\/div>    \r\n                <\/div>\r\n            <\/article>\r\n        \r\n            <article class=\"article-loop-post carousel-slide\">\r\n                <a href=\"https:\/\/us.edu.pl\/icrk\/en\/icrk-warsztaty-eksperckiej-grupy-referencyjnej\/\" class=\"article-loop-post__thumbnail thumbnail\"\r\n                    style=\"background-image: url(https:\/\/us.edu.pl\/icrk\/wp-content\/uploads\/sites\/55\/Obrazy\/spotkanie-online-600x450.jpg)\">\r\n                    <span>more<\/span>\r\n                <\/a>\r\n\r\n                <div class=\"article-loop-post__content\">\r\n                    <h3 class=\"article-loop-post__title\">\r\n                        <a href=\"https:\/\/us.edu.pl\/icrk\/en\/icrk-warsztaty-eksperckiej-grupy-referencyjnej\/\">ICSD | Reference expert group workshop<\/a>\r\n                    <\/h3>\r\n            \r\n                    <div class=\"article-loop-post__categories\">\r\n                        <a href=\"https:\/\/us.edu.pl\/icrk\/en\/category\/wiadomosci\/kompetencje\/\">kompetencje<\/a>\r\n                    <\/div>    \r\n                <\/div>\r\n            <\/article>\r\n        \r\n            <article class=\"article-loop-post carousel-slide\">\r\n                <a href=\"https:\/\/us.edu.pl\/icrk\/en\/icrk-przedstawiciele-polskich-uczelni-wlaczaja-sie-w-budowanie-modelu-kompetencji\/\" class=\"article-loop-post__thumbnail thumbnail\"\r\n                    style=\"background-image: url(https:\/\/us.edu.pl\/icrk\/wp-content\/uploads\/sites\/55\/2020\/06\/mika-baumeister-ik4J32DUyI-unsplash-600x450.jpg)\">\r\n                    <span>more<\/span>\r\n                <\/a>\r\n\r\n                <div class=\"article-loop-post__content\">\r\n                    <h3 class=\"article-loop-post__title\">\r\n                        <a href=\"https:\/\/us.edu.pl\/icrk\/en\/icrk-przedstawiciele-polskich-uczelni-wlaczaja-sie-w-budowanie-modelu-kompetencji\/\">ICSD | Representatives of Polish universities join the competency model building<\/a>\r\n                    <\/h3>\r\n            \r\n                    <div class=\"article-loop-post__categories\">\r\n                        <a href=\"https:\/\/us.edu.pl\/icrk\/en\/category\/wiadomosci\/kompetencje\/\">kompetencje<\/a>\r\n                    <\/div>    \r\n                <\/div>\r\n            <\/article>\r\n        \n\t\t\t\t\t\t\t\t<\/div>\n\t\t\t\t\t\t  <\/div>\n\t\t\t\t\t <\/div>\n\t\t\t\t\t <\/div>\n\t\t\t\t<\/div>[\/vc_column][\/vc_row][vc_row][vc_column]<div class=\"container\"><div class=\"separator\" style=\"background-color: #002E5A\"><\/div><\/div>[\/vc_column][\/vc_row][vc_row][vc_column]\r\n                <div class=\"text-modules\">\r\n                    <div class=\"container\">\r\n                        \r\n                        <div class=\"text-modules__content\"><\/p>\n<table style=\"border-collapse: collapse; width: 100%;\">\n<tbody>\n<tr>\n<td style=\"width: 33.3333%;\"><img class=\"aligncenter wp-image-564 size-full\" src=\"https:\/\/us.edu.pl\/icrk\/wp-content\/uploads\/sites\/55\/Obrazy-EN\/ICRK_logo-EN-600x149.jpg\" alt=\"Logo Uniwersytetu \u015al\u0105\u015bkiego w Katowicach wersja angielska\" width=\"70%\" height=\"auto\" srcset=\"https:\/\/us.edu.pl\/icrk\/wp-content\/uploads\/sites\/55\/Obrazy-EN\/ICRK_logo-EN-600x149.jpg 600w, https:\/\/us.edu.pl\/icrk\/wp-content\/uploads\/sites\/55\/Obrazy-EN\/ICRK_logo-EN-768x191.jpg 768w, https:\/\/us.edu.pl\/icrk\/wp-content\/uploads\/sites\/55\/Obrazy-EN\/ICRK_logo-EN-1024x254.jpg 1024w, https:\/\/us.edu.pl\/icrk\/wp-content\/uploads\/sites\/55\/Obrazy-EN\/ICRK_logo-EN-575x143.jpg 575w, https:\/\/us.edu.pl\/icrk\/wp-content\/uploads\/sites\/55\/Obrazy-EN\/ICRK_logo-EN.jpg 1756w\" sizes=\"(max-width: 600px) 100vw, 600px\" \/><\/td>\n<td style=\"width: 33.3333%;\"><img class=\"wp-image-342 size-full aligncenter\" src=\"https:\/\/us.edu.pl\/icrk\/wp-content\/uploads\/sites\/55\/Obrazy\/dialog.jpg\" alt=\"Logo programu DIALOG\" width=\"70%\" srcset=\"https:\/\/us.edu.pl\/icrk\/wp-content\/uploads\/sites\/55\/Obrazy\/dialog.jpg 1756w, https:\/\/us.edu.pl\/icrk\/wp-content\/uploads\/sites\/55\/Obrazy\/dialog-300x74.jpg 300w, https:\/\/us.edu.pl\/icrk\/wp-content\/uploads\/sites\/55\/Obrazy\/dialog-768x191.jpg 768w, https:\/\/us.edu.pl\/icrk\/wp-content\/uploads\/sites\/55\/Obrazy\/dialog-1024x254.jpg 1024w, https:\/\/us.edu.pl\/icrk\/wp-content\/uploads\/sites\/55\/Obrazy\/dialog-575x143.jpg 575w\" sizes=\"(max-width: 1756px) 100vw, 1756px\" \/><\/td>\n<td style=\"width: 33.3333%;\"><img class=\"aligncenter wp-image-562 size-full\" src=\"https:\/\/us.edu.pl\/icrk\/wp-content\/uploads\/sites\/55\/Obrazy-EN\/logo-mnisw_en-600x149.jpg\" alt=\"Logo MNiSW wersja EN\" width=\"70%\" height=\"auto\" srcset=\"https:\/\/us.edu.pl\/icrk\/wp-content\/uploads\/sites\/55\/Obrazy-EN\/logo-mnisw_en-600x149.jpg 600w, https:\/\/us.edu.pl\/icrk\/wp-content\/uploads\/sites\/55\/Obrazy-EN\/logo-mnisw_en-768x191.jpg 768w, https:\/\/us.edu.pl\/icrk\/wp-content\/uploads\/sites\/55\/Obrazy-EN\/logo-mnisw_en-1024x254.jpg 1024w, https:\/\/us.edu.pl\/icrk\/wp-content\/uploads\/sites\/55\/Obrazy-EN\/logo-mnisw_en-575x143.jpg 575w, https:\/\/us.edu.pl\/icrk\/wp-content\/uploads\/sites\/55\/Obrazy-EN\/logo-mnisw_en.jpg 1756w\" sizes=\"(max-width: 600px) 100vw, 600px\" \/><\/td>\n<\/tr>\n<\/tbody>\n<\/table>\n<p>\n<\/div>\r\n                    <\/div>\r\n                <\/div>[\/vc_column][\/vc_row]<\/p>\n<p><\/p>","protected":false},"excerpt":{"rendered":"<p>[vc_row el_class=&#8221;container&#8221;][vc_column][vc_empty_space][\/vc_column][\/vc_row][vc_row el_class=&#8221;container jasny-szary&#8221;][vc_column width=&#8221;3\/4&#8243; el_class=&#8221;jasny-szary&#8221;][\/vc_column][vc_column width=&#8221;1\/4&#8243; el_class=&#8221;jasny-szary&#8221;][\/vc_column][\/vc_row][vc_row el_class=&#8221;container&#8221;][vc_column][\/vc_column][\/vc_row][vc_row el_class=&#8221;container&#8221;][vc_column width=&#8221;1\/12&#8243;][\/vc_column][vc_column width=&#8221;11\/12&#8243;][\/vc_column][\/vc_row][vc_row el_class=&#8221;container&#8221;][vc_column][\/vc_column][\/vc_row][vc_row el_class=&#8221;container&#8221;][vc_column][\/vc_column][\/vc_row][vc_row el_class=&#8221;container&#8221;][vc_column][\/vc_column][\/vc_row][vc_row el_id=&#8221;wiadomosci&#8221; el_class=&#8221;container&#8221;][vc_column][\/vc_column][\/vc_row][vc_row][vc_column][\/vc_column][\/vc_row][vc_row][vc_column][\/vc_column][\/vc_row] [&#8230;]<\/p>\n<p><a class=\"btn btn-secondary understrap-read-more-link\" href=\"https:\/\/us.edu.pl\/icrk\/en\/icrk-przedstawiciele-polskich-uczelni-wlaczaja-sie-w-budowanie-modelu-kompetencji\/\">Read More&#8230;<\/a><\/p>\n","protected":false},"author":139,"featured_media":0,"parent":0,"menu_order":0,"comment_status":"closed","ping_status":"closed","template":"page-templates\/page-with-sidebar.php","meta":{"_expiration-date-status":"saved","_expiration-date":0,"_expiration-date-type":"","_expiration-date-categories":[],"_expiration-date-options":[]},"acf":[],"_links":{"self":[{"href":"https:\/\/us.edu.pl\/icrk\/en\/wp-json\/wp\/v2\/pages\/325"}],"collection":[{"href":"https:\/\/us.edu.pl\/icrk\/en\/wp-json\/wp\/v2\/pages"}],"about":[{"href":"https:\/\/us.edu.pl\/icrk\/en\/wp-json\/wp\/v2\/types\/page"}],"author":[{"embeddable":true,"href":"https:\/\/us.edu.pl\/icrk\/en\/wp-json\/wp\/v2\/users\/139"}],"replies":[{"embeddable":true,"href":"https:\/\/us.edu.pl\/icrk\/en\/wp-json\/wp\/v2\/comments?post=325"}],"version-history":[{"count":68,"href":"https:\/\/us.edu.pl\/icrk\/en\/wp-json\/wp\/v2\/pages\/325\/revisions"}],"predecessor-version":[{"id":1794,"href":"https:\/\/us.edu.pl\/icrk\/en\/wp-json\/wp\/v2\/pages\/325\/revisions\/1794"}],"wp:attachment":[{"href":"https:\/\/us.edu.pl\/icrk\/en\/wp-json\/wp\/v2\/media?parent=325"}],"curies":[{"name":"wp","href":"https:\/\/api.w.org\/{rel}","templated":true}]}}