{"id":771,"date":"2020-05-28T15:12:43","date_gmt":"2020-05-28T13:12:43","guid":{"rendered":"https:\/\/us.edu.pl\/icrk\/?page_id=771"},"modified":"2021-11-16T10:06:23","modified_gmt":"2021-11-16T09:06:23","slug":"zespol","status":"publish","type":"page","link":"https:\/\/us.edu.pl\/icrk\/en\/inicjatywy\/zespol\/","title":{"rendered":"team"},"content":{"rendered":"<p><\/p>\n<p>[vc_row el_class=&#8221;container&#8221;][vc_column]\r\n                <div class=\"text-modules\">\r\n                    <div class=\"container\">\r\n                        <h3 class=\"page-title text__title\">Team<\/h3>\r\n                        <div class=\"text-modules__content\"><\/div>\r\n                    <\/div>\r\n                <\/div>[\/vc_column][\/vc_row][vc_row el_class=&#8221;container&#8221;][vc_column width=&#8221;1\/12&#8243;][\/vc_column][vc_column width=&#8221;11\/12&#8243;]\r\n                <div class=\"text-modules\">\r\n                    <div class=\"container\">\r\n                        \r\n                        <div class=\"text-modules__content\"><\/p>\n<p><strong style=\"color: #011535;\">Project Manager<\/strong><\/p>\n<p>\n<\/div>\r\n                    <\/div>\r\n                <\/div>[\/vc_column][\/vc_row][vc_row el_class=&#8221;container&#8221;][vc_column width=&#8221;1\/12&#8243;][\/vc_column][vc_column width=&#8221;4\/12&#8243;]\r\n                <div class=\"text-modules\">\r\n                    <div class=\"container\">\r\n                        \r\n                        <div class=\"text-modules__content\"><\/p>\n<p style=\"text-align: right;\"><img class=\"alignnone wp-image-786 size-full\" src=\"https:\/\/us.edu.pl\/icrk\/wp-content\/uploads\/sites\/55\/Obrazy\/prof-Barbara-Kozusznik_fot-Malgorzata-Kloskowicz.jpg\" alt=\"prof. dr hab. Barbara Ko\u017cusznik\" width=\"100%\" height=\"auto\" \/><br \/>\n<span style=\"font-size: 10pt;\"><em><span style=\"color: #808080;\">photo by Ma\u0142gorzata K\u0142oskowicz<\/span><\/em><\/span><\/p>\n<p>\n<\/div>\r\n                    <\/div>\r\n                <\/div>[\/vc_column][vc_column width=&#8221;7\/12&#8243;][vc_empty_space][vc_tta_tabs][vc_tta_section title=&#8221;Prof. Barbara Ko\u017cusznik&#8221; tab_id=&#8221;1590741027412-f309705c-c6113d7f-a929&#8243;]\r\n                <div class=\"text-modules\">\r\n                    <div class=\"container\">\r\n                        \r\n                        <div class=\"text-modules__content\"><\/p>\n<p>Professor of psychology, Director of Interdisciplinary Centre for Staff Development, Plenipotentiary of the Rector for Staff Development at the University of Silesia in Katowice, President of Division 1 (Work and Organizational Psychology) at the International Association of Applied Psychology (IAAP), member of the European Association of Work and Organizational Psychology (EAWOP), President of the Polish Association of Organizational Psychology.<\/p>\n<p>\n<\/div>\r\n                    <\/div>\r\n                <\/div>[\/vc_tta_section][\/vc_tta_tabs][\/vc_column][\/vc_row][vc_row el_class=&#8221;container&#8221;][vc_column width=&#8221;1\/12&#8243;][\/vc_column][vc_column width=&#8221;11\/12&#8243;]\r\n                <div class=\"text-modules\">\r\n                    <div class=\"container\">\r\n                        \r\n                        <div class=\"text-modules__content\"><\/p>\n<p><strong style=\"color: #011535;\">Core Project Team<\/strong><\/p>\n<p>\n<\/div>\r\n                    <\/div>\r\n                <\/div>[vc_tta_tabs][vc_tta_section title=&#8221;Katarzyna Wi\u0119cek-Jakubek&#8221; tab_id=&#8221;1590741027816-4dcd726f-21f83d7f-a929&#8243;]\r\n                <div class=\"text-modules\">\r\n                    <div class=\"container\">\r\n                        \r\n                        <div class=\"text-modules__content\"><\/p>\n<p>Specialist in the field of psychology of work and organization, Head of the HR and Internal Communication Department at the University of Silesia in Katowice, member of Division 1 (Work and Organizational Psychology) at the International Association of Applied Psychology (IAAP), member of the European Association of Work and Organizational Psychology (EAWOP), member of the Polish Association of Organizational Psychology.<\/p>\n<p>\n<\/div>\r\n                    <\/div>\r\n                <\/div>[\/vc_tta_section][vc_tta_section title=&#8221;Prof. Olaf Flak&#8221; tab_id=&#8221;1590741027905-6c1372b9-f3233d7f-a929&#8243;]\r\n                <div class=\"text-modules\">\r\n                    <div class=\"container\">\r\n                        \r\n                        <div class=\"text-modules__content\"><\/p>\n<p>Doctor Engineer in the field of economic sciences, specialist in competitiveness of companies, managerial techniques and tools, as well as teamwork automation, Deputy Dean for Internationalisation in Krzysztof Kie\u015blowski Film School at the University of Silesia in Katowice.<\/p>\n<p>\n<\/div>\r\n                    <\/div>\r\n                <\/div>[\/vc_tta_section][vc_tta_section title=&#8221;Dr. Ma\u0142gorzata Chrupa\u0142a-Pniak&#8221; tab_id=&#8221;1590741028003-c352c5a6-e7ec3d7f-a929&#8243;]\r\n                <div class=\"text-modules\">\r\n                    <div class=\"container\">\r\n                        \r\n                        <div class=\"text-modules__content\"><\/p>\n<p>Specialist in the field of work and organizational psychology, in particular the problems of work engagement and psychological predictors of the effectiveness of work teams; currently a specialist for research on the condition of human capital in HR and Internal Communication Department at the University of Silesia in Katowice.<\/p>\n<p>\n<\/div>\r\n                    <\/div>\r\n                <\/div>[\/vc_tta_section][vc_tta_section title=&#8221;Dr. Adrian Pyszka&#8221; tab_id=&#8221;1590741028206-22cb93e7-eece3d7f-a929&#8243;]\r\n                <div class=\"text-modules\">\r\n                    <div class=\"container\">\r\n                        \r\n                        <div class=\"text-modules__content\"><\/p>\n<p>Specialist in the field of supporting changes intended to increase employability in the labour market and building employment restructuring programmes with elements of support for employees through processes of changes (including changes in employment).<\/p>\n<p>\n<\/div>\r\n                    <\/div>\r\n                <\/div>[\/vc_tta_section][\/vc_tta_tabs][vc_tta_tabs][vc_tta_section title=&#8221;Dr. Barbara Smorczewska&#8221; tab_id=&#8221;1590741028394-ba2b4e2b-ea753d7f-a929&#8243;]\r\n                <div class=\"text-modules\">\r\n                    <div class=\"container\">\r\n                        \r\n                        <div class=\"text-modules__content\"><\/p>\n<p>Specialist in the field of psychology, Assistant Professor in the Institute of Psychology at the University of Silesia in Katowice, member of the board in the European Association of Work and Organizational Psychology (EAWOP).<\/p>\n<p>\n<\/div>\r\n                    <\/div>\r\n                <\/div>[\/vc_tta_section][vc_tta_section title=&#8221;Micha\u0142 Fafi\u0144ski&#8221; tab_id=&#8221;1590741028499-91c5ce89-854e3d7f-a929&#8243;]\r\n                <div class=\"text-modules\">\r\n                    <div class=\"container\">\r\n                        \r\n                        <div class=\"text-modules__content\"><\/p>\n<p>Innovation broker, employee of the Industry Cooperation Office at the University of Silesia in Katowice, where he specialises in providing advice on obtaining funds for R&amp;D activity for research staff, project application assessment from the economic perspective and commercial potential of projects.<\/p>\n<p>\n<\/div>\r\n                    <\/div>\r\n                <\/div>[\/vc_tta_section][vc_tta_section title=&#8221;Anna W\u0119grzyn&#8221; tab_id=&#8221;1590741028628-c953e1fe-29633d7f-a929&#8243;]\r\n                <div class=\"text-modules\">\r\n                    <div class=\"container\">\r\n                        \r\n                        <div class=\"text-modules__content\"><\/p>\n<p>HR Manager at BPSC, specialist in the field of designing the functionalities of HR support software, preparing pre-implementation analyses, as well as designing basic personnel processes and competency audits.<\/p>\n<p>\n<\/div>\r\n                    <\/div>\r\n                <\/div>[\/vc_tta_section][vc_tta_section title=&#8221;Anna Olender-Sta\u015bkiewicz&#8221; tab_id=&#8221;1590741028755-53505295-60c23d7f-a929&#8243;]\r\n                <div class=\"text-modules\">\r\n                    <div class=\"container\">\r\n                        \r\n                        <div class=\"text-modules__content\"><\/p>\n<p>Coordinator of the project \u201cInterdisciplinary Centre for Staff Development: think tank for the development of key competencies of the Polish academic staff of the future\u201d funded by the Ministry of Science and Higher Education under the DIALOG programme.<\/p>\n<p>\n<\/div>\r\n                    <\/div>\r\n                <\/div>[\/vc_tta_section][\/vc_tta_tabs][\/vc_column][\/vc_row][vc_row el_class=&#8221;container&#8221;][vc_column width=&#8221;1\/12&#8243;][\/vc_column][vc_column width=&#8221;5\/12&#8243;]\r\n                <div class=\"text-modules\">\r\n                    <div class=\"container\">\r\n                        \r\n                        <div class=\"text-modules__content\"><\/p>\n<p><img class=\"wp-image-350 size-full\" src=\"https:\/\/us.edu.pl\/icrk\/wp-content\/uploads\/sites\/55\/Obrazy\/MG_6396_fot-Julia-Agnieszka-Szymala.jpg\" alt=\"Dziewi\u0119\u0107 os\u00f3b na zdj\u0119ciu \" width=\"100%\" srcset=\"https:\/\/us.edu.pl\/icrk\/wp-content\/uploads\/sites\/55\/Obrazy\/MG_6396_fot-Julia-Agnieszka-Szymala.jpg 1024w, https:\/\/us.edu.pl\/icrk\/wp-content\/uploads\/sites\/55\/Obrazy\/MG_6396_fot-Julia-Agnieszka-Szymala-300x200.jpg 300w, https:\/\/us.edu.pl\/icrk\/wp-content\/uploads\/sites\/55\/Obrazy\/MG_6396_fot-Julia-Agnieszka-Szymala-768x512.jpg 768w, https:\/\/us.edu.pl\/icrk\/wp-content\/uploads\/sites\/55\/Obrazy\/MG_6396_fot-Julia-Agnieszka-Szymala-575x384.jpg 575w\" sizes=\"(max-width: 1024px) 100vw, 1024px\" \/><\/p>\n<p>\n<\/div>\r\n                    <\/div>\r\n                <\/div>[\/vc_column][vc_column width=&#8221;6\/12&#8243;][vc_empty_space]\r\n                <div class=\"text-modules\">\r\n                    <div class=\"container\">\r\n                        \r\n                        <div class=\"text-modules__content\"><\/p>\n<p style=\"color: #333333; font-size: 10pt;\"><span style=\"font-size: 10pt;\">Team members<\/span><\/p>\n<p style=\"color: #333333; font-size: 10pt;\"><span style=\"font-size: 10pt;\">In the photo:<\/span><\/p>\n<ul>\n<li style=\"color: #333333; font-size: 10pt;\">first row from the left: Prof. Barbara Ko\u017cusznik (Project Manager, Director of ICSD), Dr. Barbara Smorczewska, Micha\u0142 Fafi\u0144ski, Prof. Olaf Flak, Dr. Ma\u0142gorzata K\u0142oskowicz,<\/li>\n<li style=\"color: #333333; font-size: 10pt;\">second row from the left: Anna W\u0119grzyn, Anna Olender-Sta\u015bkiewicz, Dr. Ma\u0142gorzata Chrupa\u0142a-Pniak, Dr. Adrian Pyszka. Another member of the team is Katarzyna Wi\u0119cek-Jakubek (absent from the photo).<\/li>\n<\/ul>\n<p style=\"color: #333333; font-size: 10pt;\">photo by Julia Agnieszka Szymala<\/p>\n<p>\n<\/div>\r\n                    <\/div>\r\n                <\/div>[\/vc_column][\/vc_row]<\/p>\n<p><\/p>","protected":false},"excerpt":{"rendered":"<p>[vc_row el_class=&#8221;container&#8221;][vc_column][\/vc_column][\/vc_row][vc_row el_class=&#8221;container&#8221;][vc_column width=&#8221;1\/12&#8243;][\/vc_column][vc_column width=&#8221;11\/12&#8243;][\/vc_column][\/vc_row][vc_row el_class=&#8221;container&#8221;][vc_column width=&#8221;1\/12&#8243;][\/vc_column][vc_column width=&#8221;4\/12&#8243;][\/vc_column][vc_column width=&#8221;7\/12&#8243;][vc_empty_space][vc_tta_tabs][vc_tta_section title=&#8221;Prof. Barbara Ko\u017cusznik&#8221; tab_id=&#8221;1590741027412-f309705c-c6113d7f-a929&#8243;][\/vc_tta_section][\/vc_tta_tabs][\/vc_column][\/vc_row][vc_row el_class=&#8221;container&#8221;][vc_column width=&#8221;1\/12&#8243;][\/vc_column][vc_column width=&#8221;11\/12&#8243;][vc_tta_tabs][vc_tta_section title=&#8221;Katarzyna Wi\u0119cek-Jakubek&#8221; tab_id=&#8221;1590741027816-4dcd726f-21f83d7f-a929&#8243;][\/vc_tta_section][vc_tta_section title=&#8221;Prof. Olaf Flak&#8221; tab_id=&#8221;1590741027905-6c1372b9-f3233d7f-a929&#8243;][\/vc_tta_section][vc_tta_section title=&#8221;Dr. Ma\u0142gorzata Chrupa\u0142a-Pniak&#8221; tab_id=&#8221;1590741028003-c352c5a6-e7ec3d7f-a929&#8243;][\/vc_tta_section][vc_tta_section title=&#8221;Dr. Adrian Pyszka&#8221; tab_id=&#8221;1590741028206-22cb93e7-eece3d7f-a929&#8243;][\/vc_tta_section][\/vc_tta_tabs][vc_tta_tabs][vc_tta_section title=&#8221;Dr. Barbara Smorczewska&#8221; tab_id=&#8221;1590741028394-ba2b4e2b-ea753d7f-a929&#8243;][\/vc_tta_section][vc_tta_section title=&#8221;Micha\u0142 Fafi\u0144ski&#8221; tab_id=&#8221;1590741028499-91c5ce89-854e3d7f-a929&#8243;][\/vc_tta_section][vc_tta_section title=&#8221;Anna W\u0119grzyn&#8221; tab_id=&#8221;1590741028628-c953e1fe-29633d7f-a929&#8243;][\/vc_tta_section][vc_tta_section title=&#8221;Anna Olender-Sta\u015bkiewicz&#8221; tab_id=&#8221;1590741028755-53505295-60c23d7f-a929&#8243;][\/vc_tta_section][\/vc_tta_tabs][\/vc_column][\/vc_row][vc_row el_class=&#8221;container&#8221;][vc_column width=&#8221;1\/12&#8243;][\/vc_column][vc_column width=&#8221;5\/12&#8243;][\/vc_column][vc_column width=&#8221;6\/12&#8243;][vc_empty_space][\/vc_column][\/vc_row] [&#8230;]<\/p>\n<p><a class=\"btn btn-secondary understrap-read-more-link\" href=\"https:\/\/us.edu.pl\/icrk\/en\/inicjatywy\/zespol\/\">Read More&#8230;<\/a><\/p>\n","protected":false},"author":139,"featured_media":0,"parent":325,"menu_order":0,"comment_status":"closed","ping_status":"closed","template":"","meta":{"_expiration-date-status":"saved","_expiration-date":0,"_expiration-date-type":"","_expiration-date-categories":[],"_expiration-date-options":[]},"acf":[],"_links":{"self":[{"href":"https:\/\/us.edu.pl\/icrk\/en\/wp-json\/wp\/v2\/pages\/771"}],"collection":[{"href":"https:\/\/us.edu.pl\/icrk\/en\/wp-json\/wp\/v2\/pages"}],"about":[{"href":"https:\/\/us.edu.pl\/icrk\/en\/wp-json\/wp\/v2\/types\/page"}],"author":[{"embeddable":true,"href":"https:\/\/us.edu.pl\/icrk\/en\/wp-json\/wp\/v2\/users\/139"}],"replies":[{"embeddable":true,"href":"https:\/\/us.edu.pl\/icrk\/en\/wp-json\/wp\/v2\/comments?post=771"}],"version-history":[{"count":6,"href":"https:\/\/us.edu.pl\/icrk\/en\/wp-json\/wp\/v2\/pages\/771\/revisions"}],"predecessor-version":[{"id":1799,"href":"https:\/\/us.edu.pl\/icrk\/en\/wp-json\/wp\/v2\/pages\/771\/revisions\/1799"}],"up":[{"embeddable":true,"href":"https:\/\/us.edu.pl\/icrk\/en\/wp-json\/wp\/v2\/pages\/325"}],"wp:attachment":[{"href":"https:\/\/us.edu.pl\/icrk\/en\/wp-json\/wp\/v2\/media?parent=771"}],"curies":[{"name":"wp","href":"https:\/\/api.w.org\/{rel}","templated":true}]}}