{"id":105,"date":"2020-01-28T12:40:39","date_gmt":"2020-01-28T11:40:39","guid":{"rendered":"https:\/\/us.edu.pl\/icrk\/?page_id=105"},"modified":"2020-07-07T17:12:46","modified_gmt":"2020-07-07T15:12:46","slug":"centrum","status":"publish","type":"page","link":"https:\/\/us.edu.pl\/icrk\/centrum\/","title":{"rendered":"centrum"},"content":{"rendered":"<p><\/p>\n<p>[vc_row el_class=&#8221;container&#8221;][vc_column]\r\n                <div class=\"text-modules\">\r\n                    <div class=\"container\">\r\n                        <h3 class=\"page-title text__title\">Centrum<\/h3>\r\n                        <div class=\"text-modules__content\"><\/div>\r\n                    <\/div>\r\n                <\/div>[\/vc_column][\/vc_row][vc_row el_class=&#8221;container&#8221;][vc_column width=&#8221;2\/3&#8243;]\r\n                <div class=\"text-modules\">\r\n                    <div class=\"container\">\r\n                        \r\n                        <div class=\"text-modules__content\"><\/p>\n<p>Interdyscyplinarne Centrum Rozwoju Kadr (ICRK) to jednostka Uniwersytetu \u015al\u0105skiego w Katowicach powo\u0142ana z my\u015bl\u0105 o wspieraniu pracownik\u00f3w oraz kadry zarz\u0105dzaj\u0105cej \u2013 zwi\u0105zanych przede wszystkim z uczelniami. ICRK pe\u0142ni tym samym rol\u0119 partnera dla sektora nauki i szkolnictwa wy\u017cszego, inicjuj\u0105c interdyscyplinarne projekty badawcze i wdro\u017ceniowe oraz w\u0142\u0105czaj\u0105c si\u0119 w ich realizacj\u0119, aby projektowa\u0107 profesjonalne narz\u0119dzia z zakresu zarz\u0105dzania zasobami ludzkimi.<\/p>\n<p>\u2013 Powo\u0142ane przez nas Centrum ma nie tylko prowokowa\u0107 do stawiania wa\u017cnych pyta\u0144, lecz r\u00f3wnie\u017c udost\u0119pnia\u0107 miejsce do dyskusji i sprzyja\u0107 poszukiwaniu najlepszych rozwi\u0105za\u0144. U \u017ar\u00f3de\u0142 jego powstania tkwi\u0142a ciekawo\u015b\u0107, pasja poznania i ch\u0119\u0107 zrozumienia badanych problem\u00f3w w uj\u0119ciu interdyscyplinarnym \u2013 m\u00f3wi prof. dr hab. Barbara Ko\u017cusznik, dyrektor ICRK.<\/p>\n<p>Inicjatywy podejmowane we wsp\u00f3\u0142pracy z Centrum \u0142\u0105czy wsp\u00f3lny cel, kt\u00f3rym jest projektowanie rozwi\u0105za\u0144 wspomagaj\u0105cych sektor nauki i szkolnictwa wy\u017cszego w umacnianiu pozycji badawczej uczelni oraz poprzez rozwijanie potencja\u0142u zwi\u0105zanych z nimi pracownik\u00f3w.<\/p>\n<p>Konkretne narz\u0119dzia konstruowane b\u0119d\u0105 w oparciu o dost\u0119p do najnowszej wiedzy z wielu r\u00f3\u017cnych dyscyplin naukowych, w ramach kt\u00f3rych badane mo\u017ce by\u0107 szeroko rozumiane funkcjonowanie cz\u0142owieka w pracy.<\/p>\n<p>Efekty dzia\u0142a\u0144 podejmowanych przez zespo\u0142y ICRK powinny zainteresowa\u0107 przede wszystkim osoby zaanga\u017cowane w zarz\u0105dzanie szko\u0142ami wy\u017cszymi. Dzia\u0142y HR coraz cz\u0119\u015bciej staj\u0105 si\u0119 partnerem dla w\u0142adz uczelni w rozmowach dotycz\u0105cych wprowadzania zmian, kt\u00f3re maj\u0105 przyczynia\u0107 si\u0119 m.in. do umacniania pozycji polskiej nauki na arenie mi\u0119dzynarodowej. Potrzebne s\u0105 wi\u0119c profesjonalne narz\u0119dzia i rozwi\u0105zania sprzyjaj\u0105ce nie tylko rozwijaniu polityki personalnej, lecz r\u00f3wnie\u017c kszta\u0142tuj\u0105ce okre\u015blon\u0105 kultur\u0119 pracy na uczelniach w duchu warto\u015bci HR Excellence in Research.<\/p>\n<p>\n<\/div>\r\n                    <\/div>\r\n                <\/div>[\/vc_column][vc_column width=&#8221;1\/3&#8243;]\r\n                <div class=\"text-modules\">\r\n                    <div class=\"container\">\r\n                        \r\n                        <div class=\"text-modules__content\"><\/p>\n<p><img class=\"alignnone wp-image-284 size-full\" src=\"https:\/\/us.edu.pl\/icrk\/wp-content\/uploads\/sites\/55\/Obrazy\/800x800_5.jpg\" alt=\"Napis ICRK oraz zielone li\u015bcie\" width=\"100%\" height=\"auto\" srcset=\"https:\/\/us.edu.pl\/icrk\/wp-content\/uploads\/sites\/55\/Obrazy\/800x800_5.jpg 800w, https:\/\/us.edu.pl\/icrk\/wp-content\/uploads\/sites\/55\/Obrazy\/800x800_5-150x150.jpg 150w, https:\/\/us.edu.pl\/icrk\/wp-content\/uploads\/sites\/55\/Obrazy\/800x800_5-300x300.jpg 300w, https:\/\/us.edu.pl\/icrk\/wp-content\/uploads\/sites\/55\/Obrazy\/800x800_5-768x768.jpg 768w, https:\/\/us.edu.pl\/icrk\/wp-content\/uploads\/sites\/55\/Obrazy\/800x800_5-575x575.jpg 575w\" sizes=\"(max-width: 800px) 100vw, 800px\" \/><\/p>\n<p>\n<\/div>\r\n                    <\/div>\r\n                <\/div>[\/vc_column][\/vc_row][vc_row][vc_column][vc_empty_space][\/vc_column][\/vc_row][vc_row el_class=&#8221;container&#8221;][vc_column width=&#8221;1\/3&#8243;][vc_raw_html css=&#8221;.vc_custom_1594120137485{padding-top: 10px !important;padding-right: 10px !important;padding-bottom: 10px !important;padding-left: 10px !important;}&#8221;]JTNDcCUzRSUzQ2lmcmFtZSUyMHdpZHRoJTNEJTIyMTAwJTI1JTIyJTIwaGVpZ2h0JTNEJTIyYXV0byUyMiUyMHNyYyUzRCUyMmh0dHBzJTNBJTJGJTJGd3d3LnlvdXR1YmUuY29tJTJGZW1iZWQlMkYzUVZhc2hiWFRKOCUzRnJlbCUzRDAlMjZ2cSUzRGhkMTA4MCUyNmNjX2xvYWRfcG9saWN5JTNEMSUyMiUyMGZyYW1lYm9yZGVyJTNEJTIyMCUyMiUyMGFsbG93JTNEJTIyYWNjZWxlcm9tZXRlciUzQiUyMGVuY3J5cHRlZC1tZWRpYSUzQiUyMGd5cm9zY29wZSUzQiUyMHBpY3R1cmUtaW4tcGljdHVyZSUyMiUyMGFsbG93ZnVsbHNjcmVlbiUzRSUzQyUyRmlmcmFtZSUzRSUwQSUzQ3AlMjBzdHlsZSUzRCUyMmNvbG9yJTNBJTIwJTIzMDExNTM1JTNCJTIyJTNFSk0lMjBSZWt0b3IlMjBVJUM1JTlBJTIwcHJvZi4lMjBBbmRyemVqJTIwS293YWxjenlrJTIwJTdDJTIwTyUyMHd6bWFjbmlhbml1JTIwcG96eWNqaSUyMGJhZGF3Y3plaiUzQyUyRnAlM0UlM0MlMkZwJTNF[\/vc_raw_html][\/vc_column][vc_column width=&#8221;1\/3&#8243;][vc_raw_html css=&#8221;.vc_custom_1594120234469{padding-top: 10px !important;padding-right: 10px !important;padding-bottom: 10px !important;padding-left: 10px !important;}&#8221;]JTNDcCUzRSUzQ2lmcmFtZSUyMHdpZHRoJTNEJTIyMTAwJTI1JTIyJTIwaGVpZ2h0JTNEJTIyYXV0byUyMiUyMHNyYyUzRCUyMmh0dHBzJTNBJTJGJTJGd3d3LnlvdXR1YmUuY29tJTJGZW1iZWQlMkZuVlVVOXcxUzRkRSUzRnJlbCUzRDAlMjZ2cSUzRGhkMTA4MCUyNmNjX2xvYWRfcG9saWN5JTNEMSUyMiUyMGZyYW1lYm9yZGVyJTNEJTIyMCUyMiUyMGFsbG93JTNEJTIyYWNjZWxlcm9tZXRlciUzQiUyMGVuY3J5cHRlZC1tZWRpYSUzQiUyMGd5cm9zY29wZSUzQiUyMHBpY3R1cmUtaW4tcGljdHVyZSUyMiUyMGFsbG93ZnVsbHNjcmVlbiUzRSUzQyUyRmlmcmFtZSUzRSUwQSUzQ3AlMjBzdHlsZSUzRCUyMmNvbG9yJTNBJTIwJTIzMDExNTM1JTNCJTIyJTNFcHJvZi4lMjBCYXJiYXJhJTIwS28lQzUlQkN1c3puaWslMjAlN0MlMjBLaWxrYSUyMHMlQzUlODIlQzMlQjN3JTIwbyUyMElDUkslM0MlMkZwJTNFJTNDJTJGcCUzRQ==[\/vc_raw_html][\/vc_column][vc_column width=&#8221;1\/3&#8243;][vc_raw_html css=&#8221;.vc_custom_1594120166349{padding-top: 10px !important;padding-right: 10px !important;padding-bottom: 10px !important;padding-left: 10px !important;}&#8221;]JTNDcCUzRSUzQ2lmcmFtZSUyMHdpZHRoJTNEJTIyNTYwJTIyJTIwaGVpZ2h0JTNEJTIyMzE1JTIyJTIwc3JjJTNEJTIyaHR0cHMlM0ElMkYlMkZ3d3cueW91dHViZS5jb20lMkZlbWJlZCUyRnlVSzZrWENPZ3ZvJTNGcmVsJTNEMCUyNnZxJTNEaGQxMDgwJTI2Y2NfbG9hZF9wb2xpY3klM0QxJTIyJTIwZnJhbWVib3JkZXIlM0QlMjIwJTIyJTIwYWxsb3clM0QlMjJhY2NlbGVyb21ldGVyJTNCJTIwZW5jcnlwdGVkLW1lZGlhJTNCJTIwZ3lyb3Njb3BlJTNCJTIwcGljdHVyZS1pbi1waWN0dXJlJTIyJTIwYWxsb3dmdWxsc2NyZWVuJTNFJTNDJTJGaWZyYW1lJTNFJTBBJTNDcCUyMHN0eWxlJTNEJTIyY29sb3IlM0ElMjAlMjMwMTE1MzUlM0IlMjIlM0VkciUyMEFnbmllc3prYSUyMFNrbyVDNSU4MnVja2ElMjAlN0MlMjBPJTIwd3NwYXJjaXUlMjBwcmFjb3duaWslQzMlQjN3JTIwcG9sc2tpY2glMjB1Y3plbG5pJTNDJTJGcCUzRSUzQyUyRnAlM0U=[\/vc_raw_html][\/vc_column][\/vc_row][vc_row el_class=&#8221;container&#8221;][vc_column][vc_empty_space][\/vc_column][\/vc_row][vc_row css=&#8221;.vc_custom_1591002609884{background-color: #eaeaea !important;}&#8221;][vc_column]\n\t\t\t\t<input type=\"hidden\" name=\"promoted_only\" value=\"\">\n\t\t\t\t<input type=\"hidden\" name=\"order\" value=\"DESC\">\n\t\t\t\t<input type=\"hidden\" name=\"order_by\" value=\"post_date\">\n\n\t\t\t\t<div class=\"article-loop loop-section  color-blue\" style=\"background: \">\n\t\t\t\t\t <div class=\"container \">\n\t\t\t\t\t \t<div class=\"col-12 article-loop-gutter-left\">\n\t\t\t\t\t\t  <div class=\"article-loop-top loop-section-top\">\n\t\t\t\t\t\t\t\t<h2 class=\"section-title\">Wiadomo\u015bci<\/h2><div class=\"article-loop-top_right loop-section-top__right\" >    <a href = \"\/icrk\/category\/centrum\/?strona=1&amp;kategoria=9&amp;widok=plytki&amp;liczba_postow=8\" class=\"link-button \" > Wszystko<\/a><\/div>  \n\t\t\t\t\t\t  <\/div>\n\t\t\t\t\t\t  <div class=\"article-loop-main carousel\" data-home-url=\"https:\/\/us.edu.pl\/icrk\" >\n\t\t\t\t\t\t\t\t<a href = \"#\" data-slide = \"prev\" title=\"przesu\u0144 pasek Wiadomo\u015bciw lewo\" class=\"arrow\" >\n\t\t\t\t\t\t\t\t\t <em class=\"ci ci-arrow-left\" ><\/em >\n\t\t\t\t\t\t\t\t\t <span class=\"d-none\" > arrow<\/span >\n\t\t\t\t\t\t\t\t<\/a>\n\t \n\t\t\t\t\t\t\t\t<a href = \"#\" data-slide = \"next\" title=\"przesu\u0144 pasek Wiadomo\u015bci w prawo\" class=\"arrow\" >\n\t\t\t\t\t\t\t\t\t <em class=\"ci ci-arrow-right\" ><\/em >\n\t\t\t\t\t\t\t\t\t <span class=\"d-none\" > arrow<\/span >\n\t\t\t\t\t\t\t\t<\/a>\n\t\t\t\t\t\t\t\t<div class=\"row items\" >\n\t\t\t\t\t\t\t\t\t \r\n            <article class=\"article-loop-post carousel-slide\">\r\n                <a href=\"https:\/\/us.edu.pl\/icrk\/prof-barbara-kozusznik-otrzymala-tytul-profesora-honorowego-us\/\" class=\"article-loop-post__thumbnail thumbnail\"\r\n                    style=\"background-image: url(https:\/\/us.edu.pl\/icrk\/wp-content\/uploads\/sites\/55\/Obrazy\/ICRK__Z6A6538_fot-Julia-Agnieszka-Szymala-600x399.jpg)\">\r\n                    <span>wi\u0119cej<\/span>\r\n                <\/a>\r\n\r\n                <div class=\"article-loop-post__content\">\r\n                    <h3 class=\"article-loop-post__title\">\r\n                        <a href=\"https:\/\/us.edu.pl\/icrk\/prof-barbara-kozusznik-otrzymala-tytul-profesora-honorowego-us\/\">Prof. Barbara Ko\u017cusznik otrzyma\u0142a tytu\u0142 Profesora Honorowego U\u015a<\/a>\r\n                    <\/h3>\r\n            \r\n                    <div class=\"article-loop-post__categories\">\r\n                        <a href=\"https:\/\/us.edu.pl\/icrk\/category\/wiadomosci\/centrum\/\">centrum<\/a>\r\n                    <\/div>    \r\n                <\/div>\r\n            <\/article>\r\n        \r\n            <article class=\"article-loop-post carousel-slide\">\r\n                <a href=\"https:\/\/us.edu.pl\/icrk\/podsumowanie-21-kongresu-eawop\/\" class=\"article-loop-post__thumbnail thumbnail\"\r\n                    style=\"background-image: url(https:\/\/us.edu.pl\/icrk\/wp-content\/uploads\/sites\/55\/Obrazy\/eawop-600x471.jpg)\">\r\n                    <span>wi\u0119cej<\/span>\r\n                <\/a>\r\n\r\n                <div class=\"article-loop-post__content\">\r\n                    <h3 class=\"article-loop-post__title\">\r\n                        <a href=\"https:\/\/us.edu.pl\/icrk\/podsumowanie-21-kongresu-eawop\/\">Podsumowanie 21. Kongresu EAWOP<\/a>\r\n                    <\/h3>\r\n            \r\n                    <div class=\"article-loop-post__categories\">\r\n                        <a href=\"https:\/\/us.edu.pl\/icrk\/category\/wiadomosci\/centrum\/\">centrum<\/a>\r\n                    <\/div>    \r\n                <\/div>\r\n            <\/article>\r\n        \r\n            <article class=\"article-loop-post carousel-slide\">\r\n                <a href=\"https:\/\/us.edu.pl\/student\/komunikaty\/udzial-w-badaniu-eksperymentalnym-dotyczacym-pracy-z-robotem-wspolpracujacym\/\" class=\"article-loop-post__thumbnail thumbnail\"\r\n                    style=\"background-image: url(https:\/\/us.edu.pl\/icrk\/wp-content\/uploads\/sites\/55\/Obrazy\/andrea-de-santis-zwd435-ewb4-unsplash-600x451.jpg)\">\r\n                    <span>wi\u0119cej<\/span>\r\n                <\/a>\r\n\r\n                <div class=\"article-loop-post__content\">\r\n                    <h3 class=\"article-loop-post__title\">\r\n                        <a href=\"https:\/\/us.edu.pl\/student\/komunikaty\/udzial-w-badaniu-eksperymentalnym-dotyczacym-pracy-z-robotem-wspolpracujacym\/\">Udzia\u0142 w badaniu eksperymentalnym dotycz\u0105cym pracy z robotem wsp\u00f3\u0142pracuj\u0105cym<\/a>\r\n                    <\/h3>\r\n            \r\n                    <div class=\"article-loop-post__categories\">\r\n                        <a href=\"https:\/\/us.edu.pl\/icrk\/category\/wiadomosci\/centrum\/\">centrum<\/a>\r\n                    <\/div>    \r\n                <\/div>\r\n            <\/article>\r\n        \r\n            <article class=\"article-loop-post carousel-slide\">\r\n                <a href=\"https:\/\/us.edu.pl\/icrk\/monografia-pt-kompetencje-pracownikow-uczelni-badawczych-w-polsce\/\" class=\"article-loop-post__thumbnail thumbnail\"\r\n                    style=\"background-image: url(https:\/\/us.edu.pl\/icrk\/wp-content\/uploads\/sites\/55\/Obrazy\/fortytwo-MDu-53qRVr4-unsplash-600x449.jpg)\">\r\n                    <span>wi\u0119cej<\/span>\r\n                <\/a>\r\n\r\n                <div class=\"article-loop-post__content\">\r\n                    <h3 class=\"article-loop-post__title\">\r\n                        <a href=\"https:\/\/us.edu.pl\/icrk\/monografia-pt-kompetencje-pracownikow-uczelni-badawczych-w-polsce\/\">Monografia pt. \u201eKompetencje pracownik\u00f3w uczelni badawczych w Polsce\u201d<\/a>\r\n                    <\/h3>\r\n            \r\n                    <div class=\"article-loop-post__categories\">\r\n                        <a href=\"https:\/\/us.edu.pl\/icrk\/category\/wiadomosci\/centrum\/\">centrum<\/a>\r\n                    <\/div>    \r\n                <\/div>\r\n            <\/article>\r\n        \r\n            <article class=\"article-loop-post carousel-slide\">\r\n                <a href=\"https:\/\/us.edu.pl\/icrk\/icrk-laureatem-konkursu-idb-pn-widzialnosc-centrow-badawczych\/\" class=\"article-loop-post__thumbnail thumbnail\"\r\n                    style=\"background-image: url(https:\/\/us.edu.pl\/icrk\/wp-content\/uploads\/sites\/55\/Obrazy\/idb_icrk_1-600x450.jpg)\">\r\n                    <span>wi\u0119cej<\/span>\r\n                <\/a>\r\n\r\n                <div class=\"article-loop-post__content\">\r\n                    <h3 class=\"article-loop-post__title\">\r\n                        <a href=\"https:\/\/us.edu.pl\/icrk\/icrk-laureatem-konkursu-idb-pn-widzialnosc-centrow-badawczych\/\">ICRK laureatem konkursu IDB pn. \u201eWidzialno\u015b\u0107 centr\u00f3w badawczych\u201d<\/a>\r\n                    <\/h3>\r\n            \r\n                    <div class=\"article-loop-post__categories\">\r\n                        <a href=\"https:\/\/us.edu.pl\/icrk\/category\/wiadomosci\/centrum\/\">centrum<\/a>\r\n                    <\/div>    \r\n                <\/div>\r\n            <\/article>\r\n        \r\n            <article class=\"article-loop-post carousel-slide\">\r\n                <a href=\"https:\/\/us.edu.pl\/event\/konferencja-podsumowujaca-projekt-interdyscyplinarnego-centrum-rozwoju-kadr\/\" class=\"article-loop-post__thumbnail thumbnail\"\r\n                    style=\"background-image: url(https:\/\/us.edu.pl\/icrk\/wp-content\/uploads\/sites\/55\/Obrazy\/pexels-fauxels-3184317-600x450.jpg)\">\r\n                    <span>wi\u0119cej<\/span>\r\n                <\/a>\r\n\r\n                <div class=\"article-loop-post__content\">\r\n                    <h3 class=\"article-loop-post__title\">\r\n                        <a href=\"https:\/\/us.edu.pl\/event\/konferencja-podsumowujaca-projekt-interdyscyplinarnego-centrum-rozwoju-kadr\/\">Konferencja podsumowuj\u0105ca projekt ICRK<\/a>\r\n                    <\/h3>\r\n            \r\n                    <div class=\"article-loop-post__categories\">\r\n                        <a href=\"https:\/\/us.edu.pl\/icrk\/category\/wiadomosci\/centrum\/\">centrum<\/a>\r\n                    <\/div>    \r\n                <\/div>\r\n            <\/article>\r\n        \r\n            <article class=\"article-loop-post carousel-slide\">\r\n                <a href=\"https:\/\/us.edu.pl\/icrk\/prof-barbara-kozusznik-prezydentem-alliance-for-organizational-psychology\/\" class=\"article-loop-post__thumbnail thumbnail\"\r\n                    style=\"background-image: url(https:\/\/us.edu.pl\/icrk\/wp-content\/uploads\/sites\/55\/Obrazy\/Zdjecia-portretowe\/prof-B-Kozusznik-600x450.jpg)\">\r\n                    <span>wi\u0119cej<\/span>\r\n                <\/a>\r\n\r\n                <div class=\"article-loop-post__content\">\r\n                    <h3 class=\"article-loop-post__title\">\r\n                        <a href=\"https:\/\/us.edu.pl\/icrk\/prof-barbara-kozusznik-prezydentem-alliance-for-organizational-psychology\/\">Prof. Barbara Ko\u017cusznik prezesem Alliance for Organizational Psychology<\/a>\r\n                    <\/h3>\r\n            \r\n                    <div class=\"article-loop-post__categories\">\r\n                        <a href=\"https:\/\/us.edu.pl\/icrk\/category\/wiadomosci\/centrum\/\">centrum<\/a>\r\n                    <\/div>    \r\n                <\/div>\r\n            <\/article>\r\n        \r\n            <article class=\"article-loop-post carousel-slide\">\r\n                <a href=\"https:\/\/us.edu.pl\/icrk\/esof-2022\/\" class=\"article-loop-post__thumbnail thumbnail\"\r\n                    style=\"background-image: url(https:\/\/us.edu.pl\/icrk\/wp-content\/uploads\/sites\/55\/Obrazy\/konferencja-600x450.jpg)\">\r\n                    <span>wi\u0119cej<\/span>\r\n                <\/a>\r\n\r\n                <div class=\"article-loop-post__content\">\r\n                    <h3 class=\"article-loop-post__title\">\r\n                        <a href=\"https:\/\/us.edu.pl\/icrk\/esof-2022\/\">ESOF 2022 | Przedstawiciele ICRK rozmawiaj\u0105 o zjawisku tzw. \u201edrena\u017cu m\u00f3zg\u00f3w\u201d<\/a>\r\n                    <\/h3>\r\n            \r\n                    <div class=\"article-loop-post__categories\">\r\n                        <a href=\"https:\/\/us.edu.pl\/icrk\/category\/wiadomosci\/centrum\/\">centrum<\/a>\r\n                    <\/div>    \r\n                <\/div>\r\n            <\/article>\r\n        \r\n            <article class=\"article-loop-post carousel-slide\">\r\n                <a href=\"https:\/\/us.edu.pl\/icrk\/prof-barbara-kozusznik-laureatka-nagrody-pro-scientia-et-arte\/\" class=\"article-loop-post__thumbnail thumbnail\"\r\n                    style=\"background-image: url(https:\/\/us.edu.pl\/icrk\/wp-content\/uploads\/sites\/55\/Obrazy\/Zdjecia-portretowe\/prof-BK-600x450.jpg)\">\r\n                    <span>wi\u0119cej<\/span>\r\n                <\/a>\r\n\r\n                <div class=\"article-loop-post__content\">\r\n                    <h3 class=\"article-loop-post__title\">\r\n                        <a href=\"https:\/\/us.edu.pl\/icrk\/prof-barbara-kozusznik-laureatka-nagrody-pro-scientia-et-arte\/\">prof. Barbara Ko\u017cusznik laureatk\u0105 nagrody \u201ePro Scientia et Arte\u201d<\/a>\r\n                    <\/h3>\r\n            \r\n                    <div class=\"article-loop-post__categories\">\r\n                        <a href=\"https:\/\/us.edu.pl\/icrk\/category\/wiadomosci\/centrum\/\">centrum<\/a>\r\n                    <\/div>    \r\n                <\/div>\r\n            <\/article>\r\n        \r\n            <article class=\"article-loop-post carousel-slide\">\r\n                <a href=\"https:\/\/us.edu.pl\/intraprzedsiebiorczosc-i-dialog-spoleczny-wyklady-i-seminarium-prof-martina-euwemy\/\" class=\"article-loop-post__thumbnail thumbnail\"\r\n                    style=\"background-image: url(https:\/\/us.edu.pl\/icrk\/wp-content\/uploads\/sites\/55\/Obrazy\/Euwema-600x450.png)\">\r\n                    <span>wi\u0119cej<\/span>\r\n                <\/a>\r\n\r\n                <div class=\"article-loop-post__content\">\r\n                    <h3 class=\"article-loop-post__title\">\r\n                        <a href=\"https:\/\/us.edu.pl\/intraprzedsiebiorczosc-i-dialog-spoleczny-wyklady-i-seminarium-prof-martina-euwemy\/\">Intraprzedsi\u0119biorczo\u015b\u0107 i dialog spo\u0142eczny \u2013 wyk\u0142ady i seminarium prof. Martina Euwemy<\/a>\r\n                    <\/h3>\r\n            \r\n                    <div class=\"article-loop-post__categories\">\r\n                        <a href=\"https:\/\/us.edu.pl\/icrk\/category\/wiadomosci\/centrum\/\">centrum<\/a>\r\n                    <\/div>    \r\n                <\/div>\r\n            <\/article>\r\n        \n\t\t\t\t\t\t\t\t<\/div>\n\t\t\t\t\t\t  <\/div>\n\t\t\t\t\t <\/div>\n\t\t\t\t\t <\/div>\n\t\t\t\t<\/div>[\/vc_column][\/vc_row]<\/p>\n<p><\/p>","protected":false},"excerpt":{"rendered":"<p>[vc_row el_class=&#8221;container&#8221;][vc_column][\/vc_column][\/vc_row][vc_row el_class=&#8221;container&#8221;][vc_column width=&#8221;2\/3&#8243;][\/vc_column][vc_column width=&#8221;1\/3&#8243;][\/vc_column][\/vc_row][vc_row][vc_column][vc_empty_space][\/vc_column][\/vc_row][vc_row el_class=&#8221;container&#8221;][vc_column width=&#8221;1\/3&#8243;][vc_raw_html css=&#8221;.vc_custom_1594120137485{padding-top: 10px !important;padding-right: 10px !important;padding-bottom: 10px !important;padding-left: 10px !important;}&#8221;]JTNDcCUzRSUzQ2lmcmFtZSUyMHdpZHRoJTNEJTIyMTAwJTI1JTIyJTIwaGVpZ2h0JTNEJTIyYXV0byUyMiUyMHNyYyUzRCUyMmh0dHBzJTNBJTJGJTJGd3d3LnlvdXR1YmUuY29tJTJGZW1iZWQlMkYzUVZhc2hiWFRKOCUzRnJlbCUzRDAlMjZ2cSUzRGhkMTA4MCUyNmNjX2xvYWRfcG9saWN5JTNEMSUyMiUyMGZyYW1lYm9yZGVyJTNEJTIyMCUyMiUyMGFsbG93JTNEJTIyYWNjZWxlcm9tZXRlciUzQiUyMGVuY3J5cHRlZC1tZWRpYSUzQiUyMGd5cm9zY29wZSUzQiUyMHBpY3R1cmUtaW4tcGljdHVyZSUyMiUyMGFsbG93ZnVsbHNjcmVlbiUzRSUzQyUyRmlmcmFtZSUzRSUwQSUzQ3AlMjBzdHlsZSUzRCUyMmNvbG9yJTNBJTIwJTIzMDExNTM1JTNCJTIyJTNFSk0lMjBSZWt0b3IlMjBVJUM1JTlBJTIwcHJvZi4lMjBBbmRyemVqJTIwS293YWxjenlrJTIwJTdDJTIwTyUyMHd6bWFjbmlhbml1JTIwcG96eWNqaSUyMGJhZGF3Y3plaiUzQyUyRnAlM0UlM0MlMkZwJTNF[\/vc_raw_html][\/vc_column][vc_column width=&#8221;1\/3&#8243;][vc_raw_html css=&#8221;.vc_custom_1594120234469{padding-top: 10px !important;padding-right: 10px !important;padding-bottom: 10px !important;padding-left: 10px !important;}&#8221;]JTNDcCUzRSUzQ2lmcmFtZSUyMHdpZHRoJTNEJTIyMTAwJTI1JTIyJTIwaGVpZ2h0JTNEJTIyYXV0byUyMiUyMHNyYyUzRCUyMmh0dHBzJTNBJTJGJTJGd3d3LnlvdXR1YmUuY29tJTJGZW1iZWQlMkZuVlVVOXcxUzRkRSUzRnJlbCUzRDAlMjZ2cSUzRGhkMTA4MCUyNmNjX2xvYWRfcG9saWN5JTNEMSUyMiUyMGZyYW1lYm9yZGVyJTNEJTIyMCUyMiUyMGFsbG93JTNEJTIyYWNjZWxlcm9tZXRlciUzQiUyMGVuY3J5cHRlZC1tZWRpYSUzQiUyMGd5cm9zY29wZSUzQiUyMHBpY3R1cmUtaW4tcGljdHVyZSUyMiUyMGFsbG93ZnVsbHNjcmVlbiUzRSUzQyUyRmlmcmFtZSUzRSUwQSUzQ3AlMjBzdHlsZSUzRCUyMmNvbG9yJTNBJTIwJTIzMDExNTM1JTNCJTIyJTNFcHJvZi4lMjBCYXJiYXJhJTIwS28lQzUlQkN1c3puaWslMjAlN0MlMjBLaWxrYSUyMHMlQzUlODIlQzMlQjN3JTIwbyUyMElDUkslM0MlMkZwJTNFJTNDJTJGcCUzRQ==[\/vc_raw_html][\/vc_column][vc_column width=&#8221;1\/3&#8243;][vc_raw_html css=&#8221;.vc_custom_1594120166349{padding-top: 10px !important;padding-right: 10px !important;padding-bottom: 10px !important;padding-left: 10px !important;}&#8221;]JTNDcCUzRSUzQ2lmcmFtZSUyMHdpZHRoJTNEJTIyNTYwJTIyJTIwaGVpZ2h0JTNEJTIyMzE1JTIyJTIwc3JjJTNEJTIyaHR0cHMlM0ElMkYlMkZ3d3cueW91dHViZS5jb20lMkZlbWJlZCUyRnlVSzZrWENPZ3ZvJTNGcmVsJTNEMCUyNnZxJTNEaGQxMDgwJTI2Y2NfbG9hZF9wb2xpY3klM0QxJTIyJTIwZnJhbWVib3JkZXIlM0QlMjIwJTIyJTIwYWxsb3clM0QlMjJhY2NlbGVyb21ldGVyJTNCJTIwZW5jcnlwdGVkLW1lZGlhJTNCJTIwZ3lyb3Njb3BlJTNCJTIwcGljdHVyZS1pbi1waWN0dXJlJTIyJTIwYWxsb3dmdWxsc2NyZWVuJTNFJTNDJTJGaWZyYW1lJTNFJTBBJTNDcCUyMHN0eWxlJTNEJTIyY29sb3IlM0ElMjAlMjMwMTE1MzUlM0IlMjIlM0VkciUyMEFnbmllc3prYSUyMFNrbyVDNSU4MnVja2ElMjAlN0MlMjBPJTIwd3NwYXJjaXUlMjBwcmFjb3duaWslQzMlQjN3JTIwcG9sc2tpY2glMjB1Y3plbG5pJTNDJTJGcCUzRSUzQyUyRnAlM0U=[\/vc_raw_html][\/vc_column][\/vc_row][vc_row el_class=&#8221;container&#8221;][vc_column][vc_empty_space][\/vc_column][\/vc_row][vc_row css=&#8221;.vc_custom_1591002609884{background-color: #eaeaea !important;}&#8221;][vc_column][\/vc_column][\/vc_row] [&#8230;]<\/p>\n<p><a class=\"btn btn-secondary understrap-read-more-link\" href=\"https:\/\/us.edu.pl\/icrk\/prof-barbara-kozusznik-laureatka-nagrody-pro-scientia-et-arte\/\">Read More&#8230;<\/a><\/p>\n","protected":false},"author":25,"featured_media":0,"parent":0,"menu_order":0,"comment_status":"closed","ping_status":"closed","template":"","meta":{"_expiration-date-status":"saved","_expiration-date":0,"_expiration-date-type":"","_expiration-date-categories":[],"_expiration-date-options":[]},"acf":[],"_links":{"self":[{"href":"https:\/\/us.edu.pl\/icrk\/wp-json\/wp\/v2\/pages\/105"}],"collection":[{"href":"https:\/\/us.edu.pl\/icrk\/wp-json\/wp\/v2\/pages"}],"about":[{"href":"https:\/\/us.edu.pl\/icrk\/wp-json\/wp\/v2\/types\/page"}],"author":[{"embeddable":true,"href":"https:\/\/us.edu.pl\/icrk\/wp-json\/wp\/v2\/users\/25"}],"replies":[{"embeddable":true,"href":"https:\/\/us.edu.pl\/icrk\/wp-json\/wp\/v2\/comments?post=105"}],"version-history":[{"count":67,"href":"https:\/\/us.edu.pl\/icrk\/wp-json\/wp\/v2\/pages\/105\/revisions"}],"predecessor-version":[{"id":1640,"href":"https:\/\/us.edu.pl\/icrk\/wp-json\/wp\/v2\/pages\/105\/revisions\/1640"}],"wp:attachment":[{"href":"https:\/\/us.edu.pl\/icrk\/wp-json\/wp\/v2\/media?parent=105"}],"curies":[{"name":"wp","href":"https:\/\/api.w.org\/{rel}","templated":true}]}}