{"id":1110,"date":"2020-06-04T20:38:06","date_gmt":"2020-06-04T18:38:06","guid":{"rendered":"https:\/\/us.edu.pl\/icrk\/?page_id=1110"},"modified":"2021-11-16T09:59:31","modified_gmt":"2021-11-16T08:59:31","slug":"oferta-wspolpracy","status":"publish","type":"page","link":"https:\/\/us.edu.pl\/icrk\/oferta-wspolpracy\/","title":{"rendered":"oferta wsp\u00f3\u0142pracy"},"content":{"rendered":"<p><\/p>\n<p>[vc_row el_class=&#8221;container&#8221;][vc_column][vc_empty_space]\r\n                <div class=\"text-modules\">\r\n                    <div class=\"container\">\r\n                        <h3 class=\"page-title text__title\">Oferta wsp\u00f3\u0142pracy<\/h3>\r\n                        <div class=\"text-modules__content\"><\/div>\r\n                    <\/div>\r\n                <\/div>[\/vc_column][\/vc_row][vc_row el_class=&#8221;container&#8221;][vc_column]\r\n                <div class=\"text-modules\">\r\n                    <div class=\"container\">\r\n                        \r\n                        <div class=\"text-modules__content\"><\/p>\n<p>Ludzi zaanga\u017cowanych w dzia\u0142ania ICRK \u0142\u0105cz\u0105 cztery warto\u015bci: ciekawo\u015b\u0107, wiedza, zaanga\u017cowanie i doskona\u0142o\u015b\u0107.<\/p>\n<p>Do wsp\u00f3\u0142pracy z ICRK zaproszeni s\u0105 wszyscy naukowcy, kt\u00f3rzy prowadz\u0105 badania z zakresu zarz\u0105dzania zasobami ludzkimi b\u0105d\u017a podejmuj\u0105 tematy badawcze mog\u0105ce przyczyni\u0107 si\u0119 do \u015bwiadomego kszta\u0142towania przyjaznych miejsc pracy, wspomagaj\u0105cych rozw\u00f3j takich organizacji, jak uczelnie.<\/p>\n<p>Oferta wsp\u00f3\u0142pracy adresowana jest r\u00f3wnie\u017c do os\u00f3b zarz\u0105dzaj\u0105cych uczelniami oraz zwi\u0105zanych z sektorem nauki i szkolnictwa wy\u017cszego, kt\u00f3re s\u0105 zainteresowane poszukiwaniem i wdra\u017caniem nowoczesnych rozwi\u0105za\u0144 sprzyjaj\u0105cych wzmacnianiu potencja\u0142u kadry uczelni oraz d\u0105\u017ceniu do doskona\u0142o\u015bci badawczej w miejscu pracy, do kt\u00f3rego pracownicy b\u0119d\u0105 wraca\u0107 z przyjemno\u015bci\u0105.<\/p>\n<p>Zapraszamy do kontaktu.<\/p>\n<p>\n<\/div>\r\n                    <\/div>\r\n                <\/div>[\/vc_column][\/vc_row][vc_row el_class=&#8221;container&#8221;][vc_column width=&#8221;1\/2&#8243; css=&#8221;.vc_custom_1594120500057{padding-top: 10px !important;padding-right: 10px !important;padding-bottom: 10px !important;padding-left: 10px !important;}&#8221;][vc_raw_html]JTNDcCUzRSUzQ2lmcmFtZSUyMHdpZHRoJTNEJTIyMTAwJTI1JTIyJTIwaGVpZ2h0JTNEJTIyYXV0byUyMiUyMHNyYyUzRCUyMmh0dHBzJTNBJTJGJTJGd3d3LnlvdXR1YmUuY29tJTJGZW1iZWQlMkZBV0tiUlYtdUJJYyUzRnJlbCUzRDAlMjZ2cSUzRGhkMTA4MCUyNmNjX2xvYWRfcG9saWN5JTNEMSUyMiUyMGZyYW1lYm9yZGVyJTNEJTIyMCUyMiUyMGFsbG93JTNEJTIyYWNjZWxlcm9tZXRlciUzQiUyMGVuY3J5cHRlZC1tZWRpYSUzQiUyMGd5cm9zY29wZSUzQiUyMHBpY3R1cmUtaW4tcGljdHVyZSUyMiUyMGFsbG93ZnVsbHNjcmVlbiUzRSUzQyUyRmlmcmFtZSUzRSUwQSUzQ3AlMjBzdHlsZSUzRCUyMmNvbG9yJTNBJTIwJTIzMDExNTM1JTNCJTIyJTNFcHJvZi4lMjBCYXJiYXJhJTIwS28lQzUlQkN1c3puaWslMjAlN0MlMjBPJTIwaWRlaSUyMHBvd28lQzUlODJhbmlhJTIwQ2VudHJ1bSUzQyUyRnAlM0UlM0MlMkZwJTNF[\/vc_raw_html][\/vc_column][vc_column width=&#8221;1\/2&#8243; css=&#8221;.vc_custom_1594119054453{padding-top: 10px !important;padding-right: 10px !important;padding-bottom: 10px !important;padding-left: 10px !important;}&#8221;][vc_raw_html]JTNDaWZyYW1lJTIwd2lkdGglM0QlMjIxMDAlMjUlMjIlMjBoZWlnaHQlM0QlMjJhdXRvJTIyJTIwc3JjJTNEJTIyaHR0cHMlM0ElMkYlMkZ3d3cueW91dHViZS5jb20lMkZlbWJlZCUyRnhMdUdUd1BlY0d3JTNGcmVsJTNEMCUyNnZxJTNEaGQxMDgwJTI2Y2NfbG9hZF9wb2xpY3klM0QxJTIyJTIwZnJhbWVib3JkZXIlM0QlMjIwJTIyJTIwYWxsb3clM0QlMjJhY2NlbGVyb21ldGVyJTNCJTIwZW5jcnlwdGVkLW1lZGlhJTNCJTIwZ3lyb3Njb3BlJTNCJTIwcGljdHVyZS1pbi1waWN0dXJlJTIyJTIwYWxsb3dmdWxsc2NyZWVuJTNFJTNDJTJGaWZyYW1lJTNFJTBBJTNDcCUyMHN0eWxlJTNEJTIyY29sb3IlM0ElMjAlMjMwMTE1MzUlM0IlMjIlM0VLYXRhcnp5bmElMjBXaSVDNCU5OWNlay1KYWt1YmVrJTIwJTdDJTIwWmFwcm9zemVuaWUlMjBkbyUyMHdzcCVDMyVCMyVDNSU4MnByYWN5JTNDJTJGcCUzRQ==[\/vc_raw_html][\/vc_column][\/vc_row][vc_row el_class=&#8221;container&#8221;][vc_column width=&#8221;1\/2&#8243; css=&#8221;.vc_custom_1594118939417{padding-top: 10px !important;padding-right: 10px !important;padding-bottom: 10px !important;padding-left: 10px !important;}&#8221;][vc_raw_html]JTNDaWZyYW1lJTIwd2lkdGglM0QlMjIxMDAlMjUlMjIlMjBoZWlnaHQlM0QlMjJhdXRvJTIyJTIwc3JjJTNEJTIyaHR0cHMlM0ElMkYlMkZ3d3cueW91dHViZS5jb20lMkZlbWJlZCUyRk01b25nSTNDcVpJJTNGcmVsJTNEMCUyNnZxJTNEaGQxMDgwJTI2Y2NfbG9hZF9wb2xpY3klM0QxJTIyJTIwZnJhbWVib3JkZXIlM0QlMjIwJTIyJTIwYWxsb3clM0QlMjJhY2NlbGVyb21ldGVyJTNCJTIwZW5jcnlwdGVkLW1lZGlhJTNCJTIwZ3lyb3Njb3BlJTNCJTIwcGljdHVyZS1pbi1waWN0dXJlJTIyJTIwYWxsb3dmdWxsc2NyZWVuJTNFJTNDJTJGaWZyYW1lJTNFJTBBJTNDcCUyMHN0eWxlJTNEJTIyY29sb3IlM0ElMjAlMjMwMTE1MzUlM0IlMjIlM0VkciUyMEFkcmlhbiUyMFB5c3prYSUyMCU3QyUyME8lMjAlQzUlODIlQzQlODVjemVuaXUlMjAlQzUlOUJ3aWF0YSUyMG5hdWtpJTIwemUlMjAlQzUlOUJ3aWF0ZW0lMjBiaXpuZXN1JTNDJTJGcCUzRQ==[\/vc_raw_html][\/vc_column][vc_column width=&#8221;1\/2&#8243; css=&#8221;.vc_custom_1594119087704{padding-top: 10px !important;padding-right: 10px !important;padding-bottom: 10px !important;padding-left: 10px !important;}&#8221;][vc_raw_html]JTNDaWZyYW1lJTIwd2lkdGglM0QlMjIxMDAlMjUlMjIlMjBoZWlnaHQlM0QlMjJhdXRvJTIyJTIwc3JjJTNEJTIyaHR0cHMlM0ElMkYlMkZ3d3cueW91dHViZS5jb20lMkZlbWJlZCUyRjJaU1lYOXV5QTljJTNGcmVsJTNEMCUyNnZxJTNEaGQxMDgwJTI2Y2NfbG9hZF9wb2xpY3klM0QxJTIyJTIwZnJhbWVib3JkZXIlM0QlMjIwJTIyJTIwYWxsb3clM0QlMjJhY2NlbGVyb21ldGVyJTNCJTIwZW5jcnlwdGVkLW1lZGlhJTNCJTIwZ3lyb3Njb3BlJTNCJTIwcGljdHVyZS1pbi1waWN0dXJlJTIyJTIwYWxsb3dmdWxsc2NyZWVuJTNFJTNDJTJGaWZyYW1lJTNFJTBBJTNDcCUyMHN0eWxlJTNEJTIyY29sb3IlM0ElMjAlMjMwMTE1MzUlM0IlMjIlM0VNaWNoYSVDNSU4MiUyMEZhZmklQzUlODRza2klMjAlN0MlMjBPJTIwd3NwYXJjaXUlMjB3JTIwcmVhbGl6YWNqaSUyMHByb2pla3QlQzMlQjN3JTNDJTJGcCUzRQ==[\/vc_raw_html][\/vc_column][\/vc_row]<\/p>\n<p><\/p>","protected":false},"excerpt":{"rendered":"<p>[vc_row el_class=&#8221;container&#8221;][vc_column][vc_empty_space][\/vc_column][\/vc_row][vc_row el_class=&#8221;container&#8221;][vc_column][\/vc_column][\/vc_row][vc_row el_class=&#8221;container&#8221;][vc_column width=&#8221;1\/2&#8243; css=&#8221;.vc_custom_1594120500057{padding-top: 10px !important;padding-right: 10px !important;padding-bottom: 10px !important;padding-left: 10px !important;}&#8221;][vc_raw_html]JTNDcCUzRSUzQ2lmcmFtZSUyMHdpZHRoJTNEJTIyMTAwJTI1JTIyJTIwaGVpZ2h0JTNEJTIyYXV0byUyMiUyMHNyYyUzRCUyMmh0dHBzJTNBJTJGJTJGd3d3LnlvdXR1YmUuY29tJTJGZW1iZWQlMkZBV0tiUlYtdUJJYyUzRnJlbCUzRDAlMjZ2cSUzRGhkMTA4MCUyNmNjX2xvYWRfcG9saWN5JTNEMSUyMiUyMGZyYW1lYm9yZGVyJTNEJTIyMCUyMiUyMGFsbG93JTNEJTIyYWNjZWxlcm9tZXRlciUzQiUyMGVuY3J5cHRlZC1tZWRpYSUzQiUyMGd5cm9zY29wZSUzQiUyMHBpY3R1cmUtaW4tcGljdHVyZSUyMiUyMGFsbG93ZnVsbHNjcmVlbiUzRSUzQyUyRmlmcmFtZSUzRSUwQSUzQ3AlMjBzdHlsZSUzRCUyMmNvbG9yJTNBJTIwJTIzMDExNTM1JTNCJTIyJTNFcHJvZi4lMjBCYXJiYXJhJTIwS28lQzUlQkN1c3puaWslMjAlN0MlMjBPJTIwaWRlaSUyMHBvd28lQzUlODJhbmlhJTIwQ2VudHJ1bSUzQyUyRnAlM0UlM0MlMkZwJTNF[\/vc_raw_html][\/vc_column][vc_column width=&#8221;1\/2&#8243; css=&#8221;.vc_custom_1594119054453{padding-top: 10px !important;padding-right: 10px !important;padding-bottom: 10px !important;padding-left: 10px !important;}&#8221;][vc_raw_html]JTNDaWZyYW1lJTIwd2lkdGglM0QlMjIxMDAlMjUlMjIlMjBoZWlnaHQlM0QlMjJhdXRvJTIyJTIwc3JjJTNEJTIyaHR0cHMlM0ElMkYlMkZ3d3cueW91dHViZS5jb20lMkZlbWJlZCUyRnhMdUdUd1BlY0d3JTNGcmVsJTNEMCUyNnZxJTNEaGQxMDgwJTI2Y2NfbG9hZF9wb2xpY3klM0QxJTIyJTIwZnJhbWVib3JkZXIlM0QlMjIwJTIyJTIwYWxsb3clM0QlMjJhY2NlbGVyb21ldGVyJTNCJTIwZW5jcnlwdGVkLW1lZGlhJTNCJTIwZ3lyb3Njb3BlJTNCJTIwcGljdHVyZS1pbi1waWN0dXJlJTIyJTIwYWxsb3dmdWxsc2NyZWVuJTNFJTNDJTJGaWZyYW1lJTNFJTBBJTNDcCUyMHN0eWxlJTNEJTIyY29sb3IlM0ElMjAlMjMwMTE1MzUlM0IlMjIlM0VLYXRhcnp5bmElMjBXaSVDNCU5OWNlay1KYWt1YmVrJTIwJTdDJTIwWmFwcm9zemVuaWUlMjBkbyUyMHdzcCVDMyVCMyVDNSU4MnByYWN5JTNDJTJGcCUzRQ==[\/vc_raw_html][\/vc_column][\/vc_row][vc_row el_class=&#8221;container&#8221;][vc_column width=&#8221;1\/2&#8243; css=&#8221;.vc_custom_1594118939417{padding-top: 10px !important;padding-right: 10px !important;padding-bottom: 10px !important;padding-left: 10px !important;}&#8221;][vc_raw_html]JTNDaWZyYW1lJTIwd2lkdGglM0QlMjIxMDAlMjUlMjIlMjBoZWlnaHQlM0QlMjJhdXRvJTIyJTIwc3JjJTNEJTIyaHR0cHMlM0ElMkYlMkZ3d3cueW91dHViZS5jb20lMkZlbWJlZCUyRk01b25nSTNDcVpJJTNGcmVsJTNEMCUyNnZxJTNEaGQxMDgwJTI2Y2NfbG9hZF9wb2xpY3klM0QxJTIyJTIwZnJhbWVib3JkZXIlM0QlMjIwJTIyJTIwYWxsb3clM0QlMjJhY2NlbGVyb21ldGVyJTNCJTIwZW5jcnlwdGVkLW1lZGlhJTNCJTIwZ3lyb3Njb3BlJTNCJTIwcGljdHVyZS1pbi1waWN0dXJlJTIyJTIwYWxsb3dmdWxsc2NyZWVuJTNFJTNDJTJGaWZyYW1lJTNFJTBBJTNDcCUyMHN0eWxlJTNEJTIyY29sb3IlM0ElMjAlMjMwMTE1MzUlM0IlMjIlM0VkciUyMEFkcmlhbiUyMFB5c3prYSUyMCU3QyUyME8lMjAlQzUlODIlQzQlODVjemVuaXUlMjAlQzUlOUJ3aWF0YSUyMG5hdWtpJTIwemUlMjAlQzUlOUJ3aWF0ZW0lMjBiaXpuZXN1JTNDJTJGcCUzRQ==[\/vc_raw_html][\/vc_column][vc_column width=&#8221;1\/2&#8243; css=&#8221;.vc_custom_1594119087704{padding-top: 10px !important;padding-right: 10px !important;padding-bottom: 10px !important;padding-left: 10px !important;}&#8221;][vc_raw_html]JTNDaWZyYW1lJTIwd2lkdGglM0QlMjIxMDAlMjUlMjIlMjBoZWlnaHQlM0QlMjJhdXRvJTIyJTIwc3JjJTNEJTIyaHR0cHMlM0ElMkYlMkZ3d3cueW91dHViZS5jb20lMkZlbWJlZCUyRjJaU1lYOXV5QTljJTNGcmVsJTNEMCUyNnZxJTNEaGQxMDgwJTI2Y2NfbG9hZF9wb2xpY3klM0QxJTIyJTIwZnJhbWVib3JkZXIlM0QlMjIwJTIyJTIwYWxsb3clM0QlMjJhY2NlbGVyb21ldGVyJTNCJTIwZW5jcnlwdGVkLW1lZGlhJTNCJTIwZ3lyb3Njb3BlJTNCJTIwcGljdHVyZS1pbi1waWN0dXJlJTIyJTIwYWxsb3dmdWxsc2NyZWVuJTNFJTNDJTJGaWZyYW1lJTNFJTBBJTNDcCUyMHN0eWxlJTNEJTIyY29sb3IlM0ElMjAlMjMwMTE1MzUlM0IlMjIlM0VNaWNoYSVDNSU4MiUyMEZhZmklQzUlODRza2klMjAlN0MlMjBPJTIwd3NwYXJjaXUlMjB3JTIwcmVhbGl6YWNqaSUyMHByb2pla3QlQzMlQjN3JTNDJTJGcCUzRQ==[\/vc_raw_html][\/vc_column][\/vc_row] [&#8230;]<\/p>\n<p><a class=\"btn btn-secondary understrap-read-more-link\" href=\"https:\/\/us.edu.pl\/icrk\/oferta-wspolpracy\/\">Read More&#8230;<\/a><\/p>\n","protected":false},"author":139,"featured_media":0,"parent":0,"menu_order":0,"comment_status":"closed","ping_status":"closed","template":"page-templates\/page-with-sidebar.php","meta":{"_expiration-date-status":"saved","_expiration-date":0,"_expiration-date-type":"","_expiration-date-categories":[],"_expiration-date-options":[]},"acf":[],"_links":{"self":[{"href":"https:\/\/us.edu.pl\/icrk\/wp-json\/wp\/v2\/pages\/1110"}],"collection":[{"href":"https:\/\/us.edu.pl\/icrk\/wp-json\/wp\/v2\/pages"}],"about":[{"href":"https:\/\/us.edu.pl\/icrk\/wp-json\/wp\/v2\/types\/page"}],"author":[{"embeddable":true,"href":"https:\/\/us.edu.pl\/icrk\/wp-json\/wp\/v2\/users\/139"}],"replies":[{"embeddable":true,"href":"https:\/\/us.edu.pl\/icrk\/wp-json\/wp\/v2\/comments?post=1110"}],"version-history":[{"count":17,"href":"https:\/\/us.edu.pl\/icrk\/wp-json\/wp\/v2\/pages\/1110\/revisions"}],"predecessor-version":[{"id":1645,"href":"https:\/\/us.edu.pl\/icrk\/wp-json\/wp\/v2\/pages\/1110\/revisions\/1645"}],"wp:attachment":[{"href":"https:\/\/us.edu.pl\/icrk\/wp-json\/wp\/v2\/media?parent=1110"}],"curies":[{"name":"wp","href":"https:\/\/api.w.org\/{rel}","templated":true}]}}