{"id":1287,"date":"2020-06-08T17:03:40","date_gmt":"2020-06-08T15:03:40","guid":{"rendered":"https:\/\/us.edu.pl\/icrk\/?page_id=1287"},"modified":"2020-07-07T13:07:44","modified_gmt":"2020-07-07T11:07:44","slug":"rosliny","status":"publish","type":"page","link":"https:\/\/us.edu.pl\/icrk\/rosliny\/","title":{"rendered":"ro\u015bliny"},"content":{"rendered":"<p><\/p>\n<p>[vc_row el_class=&#8221;container&#8221;][vc_column]\r\n                <div class=\"text-modules\">\r\n                    <div class=\"container\">\r\n                        <h3 class=\"page-title text__title\">Ro\u015bliny<\/h3>\r\n                        <div class=\"text-modules__content\"><\/div>\r\n                    <\/div>\r\n                <\/div>[\/vc_column][\/vc_row][vc_row el_class=&#8221;container&#8221;][vc_column width=&#8221;2\/3&#8243;]\r\n                <div class=\"text-modules\">\r\n                    <div class=\"container\">\r\n                        \r\n                        <div class=\"text-modules__content\"><\/p>\n<p>Czasem wystarczy otoczy\u0107 si\u0119 ro\u015blinami w miejscu pracy, aby poczu\u0107 si\u0119 lepiej. \u017bywa ziele\u0144 dzia\u0142a na nas wspaniale \u2013 zmniejsza stres, poprawia samopoczucie, pozwala odpocz\u0105\u0107 oczom, dostarcza tlen i sprawia, \u017ce powietrze, kt\u00f3rym oddychamy, staje si\u0119 bardziej przyjazne dla naszych dr\u00f3g oddechowych. O \u017cywe ro\u015bliny trzeba si\u0119 jednak zatroszczy\u0107, aby m\u00f3c w pe\u0142ni czerpa\u0107 z ich cennego towarzystwa.<\/p>\n<p>Podobnie jest z naszym funkcjonowaniem w pracy. Z jednej strony chcieliby\u015bmy pracowa\u0107 w przyjaznym miejscu, do kt\u00f3rego wraca si\u0119 z przyjemno\u015bci\u0105, z drugiej \u2013 powinni\u015bmy wykonywa\u0107 powierzone nam zadania w spos\u00f3b zapewniaj\u0105cy mo\u017cliwie najlepszy rozw\u00f3j jednostki, z kt\u00f3r\u0105 jeste\u015bmy zwi\u0105zani.<\/p>\n<p>To por\u00f3wnanie sta\u0142o si\u0119 inspiracj\u0105 do stworzenia ro\u015blinnej szaty graficznej Interdyscyplinarnego Centrum Rozwoju Kadr. Wy\u0142aniaj\u0105ce si\u0119 zewsz\u0105d li\u015bcie maj\u0105 nam przypomina\u0107, \u017ce przyjazne miejsce pracy to przestrze\u0144, o kt\u00f3r\u0105 dba\u0107 powinien zar\u00f3wno pracodawca, jak i pracownik. Pomocne mog\u0105 si\u0119 okaza\u0107 m.in. narz\u0119dzia i rozwi\u0105zania projektowane w ramach ICRK. Okazuje si\u0119, \u017ce one r\u00f3wnie\u017c s\u0105 jak metaforyczne ro\u015bliny, o czym przekonuje dr Ma\u0142gorzata Chrupa\u0142a-Pniak, psycholog organizacji pracy i zarz\u0105dzania, zast\u0119pca kierownika Dzia\u0142u HR i Komunikacji z pracownikami Uniwersytetu \u015al\u0105skiego w Katowicach.<\/p>\n<p>\n<\/div>\r\n                    <\/div>\r\n                <\/div>\r\n                <div class=\"text-modules\">\r\n                    <div class=\"container\">\r\n                        \r\n                        <div class=\"text-modules__content\"><\/p>\n<p><img class=\"alignnone wp-image-1300 size-full\" src=\"https:\/\/us.edu.pl\/icrk\/wp-content\/uploads\/sites\/55\/2020\/06\/linia.png\" alt=\"Element graficzny: linia z li\u015b\u0107mi\" width=\"100%\" height=\"auto\" srcset=\"https:\/\/us.edu.pl\/icrk\/wp-content\/uploads\/sites\/55\/2020\/06\/linia.png 1493w, https:\/\/us.edu.pl\/icrk\/wp-content\/uploads\/sites\/55\/2020\/06\/linia-600x29.png 600w, https:\/\/us.edu.pl\/icrk\/wp-content\/uploads\/sites\/55\/2020\/06\/linia-768x37.png 768w, https:\/\/us.edu.pl\/icrk\/wp-content\/uploads\/sites\/55\/2020\/06\/linia-1024x49.png 1024w, https:\/\/us.edu.pl\/icrk\/wp-content\/uploads\/sites\/55\/2020\/06\/linia-575x28.png 575w\" sizes=\"(max-width: 1493px) 100vw, 1493px\" \/><\/p>\n<p>\n<\/div>\r\n                    <\/div>\r\n                <\/div>[\/vc_column][vc_column width=&#8221;1\/3&#8243; css=&#8221;.vc_custom_1591631022431{background-color: #eaeaea !important;}&#8221;][vc_hoverbox image=&#8221;1305&#8243; primary_title=&#8221;&#8221; hover_title=&#8221;&#8221; shape=&#8221;square&#8221; css=&#8221;.vc_custom_1591690550313{padding-top: 20px !important;padding-right: 20px !important;padding-bottom: 20px !important;padding-left: 20px !important;}&#8221;]<\/p>\n<table style=\"border-collapse: collapse;width: 100%\">\n<tbody>\n<tr>\n<td style=\"width: 20%\"><img class=\"alignnone wp-image-597 size-full\" src=\"https:\/\/us.edu.pl\/icrk\/wp-content\/uploads\/sites\/55\/front\/punkt.png\" alt=\"Grafika: punkt (motyw li\u015bci)\" width=\"100%\" height=\"auto\" \/><\/td>\n<td style=\"width: 5%\">\u00a0<\/td>\n<td style=\"width: 75%;color: #011535;font-size: large;text-align: left\">\u201eKa\u017cde rozwi\u0105zanie, kt\u00f3re wypracujemy w ramach centrum, mo\u017cna por\u00f3wna\u0107 do <strong>ro\u015bliny<\/strong>. Damy ci j\u0105, a Ty podejmiesz decyzj\u0119, czy j\u0105 przyjmiesz, czy b\u0119dziesz si\u0119 ni\u0105 cieszy\u0107 i czy o ni\u0105 zadbasz\u201d<\/td>\n<\/tr>\n<\/tbody>\n<\/table>\n<p>[\/vc_hoverbox]\r\n                <div class=\"text-modules\">\r\n                    <div class=\"container\">\r\n                        \r\n                        <div class=\"text-modules__content\"><\/p>\n<p style=\"color: #011535\"><strong>Rozmowa o ro\u015blinach<\/strong><\/p>\n<p style=\"color: #011535\"><a href=\"https:\/\/us.edu.pl\/icrk\/nauka-wzajemnej-troski-dr-malgorzata-chrupala-pniak-o-rozwiazaniach-dzieki-ktorym-bedzie-nam-sie-lepiej-pracowalo\/\">dr Ma\u0142gorzata Chrupa\u0142a-Pniak |\u00a0Nauka wzajemnej troski<\/a><\/p>\n<p>\n<\/div>\r\n                    <\/div>\r\n                <\/div>[vc_empty_space css=&#8221;.vc_custom_1594116028987{background-color: #ffffff !important;}&#8221;][\/vc_column][\/vc_row][vc_row el_class=&#8221;container&#8221;][vc_column width=&#8221;2\/3&#8243;][vc_raw_html]JTNDcCUzRSUzQ2lmcmFtZSUyMHdpZHRoJTNEJTIyODAlMjUlMjIlMjBoZWlnaHQlM0QlMjJhdXRvJTIyJTIwc3JjJTNEJTIyaHR0cHMlM0ElMkYlMkZ3d3cueW91dHViZS5jb20lMkZlbWJlZCUyRnhLZmVEaUtQN3pZJTNGcmVsJTNEMCUyNnZxJTNEaGQxMDgwJTI2Y2NfbG9hZF9wb2xpY3klM0QxJTIyJTIwZnJhbWVib3JkZXIlM0QlMjIwJTIyJTIwYWxsb3clM0QlMjJhY2NlbGVyb21ldGVyJTNCJTIwZW5jcnlwdGVkLW1lZGlhJTNCJTIwZ3lyb3Njb3BlJTNCJTIwcGljdHVyZS1pbi1waWN0dXJlJTIyJTIwYWxsb3dmdWxsc2NyZWVuJTNFJTNDJTJGaWZyYW1lJTNFJTBBJTNDcCUyMHN0eWxlJTNEJTIyY29sb3IlM0ElMjAlMjMwMTE1MzUlM0IlMjIlM0VkciUyME1hJUM1JTgyZ29yemF0YSUyMENocnVwYSVDNSU4MmEtUG5pYWslMjAlN0MlMjBPJTIwcm8lQzUlOUJsaW5ueWNoJTIwbWV0YWZvcmFjaCUzQyUyRnAlM0UlM0MlMkZwJTNF[\/vc_raw_html][\/vc_column][vc_column width=&#8221;1\/3&#8243;][\/vc_column][\/vc_row]<\/p>\n<p><\/p>","protected":false},"excerpt":{"rendered":"<p>[vc_row el_class=&#8221;container&#8221;][vc_column][\/vc_column][\/vc_row][vc_row el_class=&#8221;container&#8221;][vc_column width=&#8221;2\/3&#8243;][\/vc_column][vc_column width=&#8221;1\/3&#8243; css=&#8221;.vc_custom_1591631022431{background-color: #eaeaea !important;}&#8221;][vc_hoverbox image=&#8221;1305&#8243; primary_title=&#8221;&#8221; hover_title=&#8221;&#8221; shape=&#8221;square&#8221; css=&#8221;.vc_custom_1591690550313{padding-top: 20px !important;padding-right: 20px !important;padding-bottom: 20px !important;padding-left: 20px !important;}&#8221;] \u00a0 \u201eKa\u017cde rozwi\u0105zanie, kt\u00f3re wypracujemy w ramach centrum, mo\u017cna por\u00f3wna\u0107 do ro\u015bliny. Damy ci j\u0105, a Ty podejmiesz decyzj\u0119, czy j\u0105 przyjmiesz, czy b\u0119dziesz si\u0119 ni\u0105 cieszy\u0107 i czy o ni\u0105 zadbasz\u201d [\/vc_hoverbox][vc_empty_space css=&#8221;.vc_custom_1594116028987{background-color: [&#8230;]<\/p>\n<p><a class=\"btn btn-secondary understrap-read-more-link\" href=\"https:\/\/us.edu.pl\/icrk\/rosliny\/\">Read More&#8230;<\/a><\/p>\n","protected":false},"author":139,"featured_media":0,"parent":0,"menu_order":0,"comment_status":"closed","ping_status":"closed","template":"","meta":{"_expiration-date-status":"saved","_expiration-date":0,"_expiration-date-type":"","_expiration-date-categories":[],"_expiration-date-options":[]},"acf":[],"_links":{"self":[{"href":"https:\/\/us.edu.pl\/icrk\/wp-json\/wp\/v2\/pages\/1287"}],"collection":[{"href":"https:\/\/us.edu.pl\/icrk\/wp-json\/wp\/v2\/pages"}],"about":[{"href":"https:\/\/us.edu.pl\/icrk\/wp-json\/wp\/v2\/types\/page"}],"author":[{"embeddable":true,"href":"https:\/\/us.edu.pl\/icrk\/wp-json\/wp\/v2\/users\/139"}],"replies":[{"embeddable":true,"href":"https:\/\/us.edu.pl\/icrk\/wp-json\/wp\/v2\/comments?post=1287"}],"version-history":[{"count":24,"href":"https:\/\/us.edu.pl\/icrk\/wp-json\/wp\/v2\/pages\/1287\/revisions"}],"predecessor-version":[{"id":1576,"href":"https:\/\/us.edu.pl\/icrk\/wp-json\/wp\/v2\/pages\/1287\/revisions\/1576"}],"wp:attachment":[{"href":"https:\/\/us.edu.pl\/icrk\/wp-json\/wp\/v2\/media?parent=1287"}],"curies":[{"name":"wp","href":"https:\/\/api.w.org\/{rel}","templated":true}]}}