{"id":357,"date":"2020-04-24T21:04:09","date_gmt":"2020-04-24T19:04:09","guid":{"rendered":"http:\/\/us.edu.pl\/icrk\/?page_id=357"},"modified":"2021-11-16T10:07:44","modified_gmt":"2021-11-16T09:07:44","slug":"zespol-icrk","status":"publish","type":"page","link":"https:\/\/us.edu.pl\/icrk\/en\/zespol-icrk\/","title":{"rendered":"team"},"content":{"rendered":"<p><\/p>\n<p>[vc_row][vc_column]\r\n                <div class=\"text-modules\">\r\n                    <div class=\"container\">\r\n                        <h3 class=\"page-title text__title\">Team<\/h3>\r\n                        <div class=\"text-modules__content\"><\/div>\r\n                    <\/div>\r\n                <\/div>[\/vc_column][\/vc_row][vc_row gap=&#8221;10&#8243; content_placement=&#8221;middle&#8221; css=&#8221;.vc_custom_1589462475936{background-color: #f2f2f2 !important;}&#8221; el_class=&#8221;container&#8221;][vc_column width=&#8221;1\/3&#8243;]\r\n                <div class=\"text-modules\">\r\n                    <div class=\"container\">\r\n                        \r\n                        <div class=\"text-modules__content\"><\/p>\n<div style=\"color: #002e5a; font-size: large;\">\u2018We learn to exchange ideas, which is healthy, open-minded and so much needed these days.<br \/>\nWe can take mutual advantage of our talents, but our duty is to share this knowledge \u2013 not only with other scientists, or with artists, but also with the society\u2019<\/div>\n<div>\u00a0<\/div>\n<p>\n<\/div>\r\n                    <\/div>\r\n                <\/div>[\/vc_column][vc_column width=&#8221;1\/3&#8243;]\r\n                <div class=\"text-modules\">\r\n                    <div class=\"container\">\r\n                        \r\n                        <div class=\"text-modules__content\"><\/p>\n<p><img class=\"\" src=\"https:\/\/us.edu.pl\/icrk\/wp-content\/uploads\/sites\/55\/Obrazy\/AJS9351_fot-Julia-Agnieszka-Szymala-2a.jpg\" alt=\"prof. dr hab. Barbara Ko\u017cusznik\" width=\"100%\" height=\"auto\" \/><\/p>\n<p>\n<\/div>\r\n                    <\/div>\r\n                <\/div>[\/vc_column][vc_column width=&#8221;1\/3&#8243;]\r\n                <div class=\"text-modules\">\r\n                    <div class=\"container\">\r\n                        \r\n                        <div class=\"text-modules__content\"><\/p>\n<p><span style=\"font-size: 14pt;\">Prof. <\/span><span style=\"font-size: 20pt;\">BARBARA KO\u017bUSZNIK<\/span><\/p>\n<p><span style=\"letter-spacing: 2mm; color: #333333; font-size: 10pt;\">DIRECTOR OF\u00a0ICSD<\/span><\/p>\n<p><a href=\"mailto:barbara.kozusznik@us.edu.pl\">barbara.kozusznik@us.edu.pl<\/a><br \/>\n+48 32 359 24 67<\/p>\n<p>&nbsp;<\/p>\n<p>\n<\/div>\r\n                    <\/div>\r\n                <\/div>[\/vc_column][\/vc_row][vc_row][vc_column][vc_empty_space][\/vc_column][\/vc_row][vc_row gap=&#8221;10&#8243; content_placement=&#8221;bottom&#8221; el_class=&#8221;container&#8221;][vc_column width=&#8221;1\/4&#8243;]\r\n                <div class=\"text-modules\">\r\n                    <div class=\"container\">\r\n                        \r\n                        <div class=\"text-modules__content\"><\/p>\n<p><img class=\"aligncenter wp-image-298 size-full\" src=\"https:\/\/us.edu.pl\/icrk\/wp-content\/uploads\/sites\/55\/Obrazy\/IMG_5916-1_a_kw.jpg\" alt=\"Zdj\u0119cie portretowe dr Agnieszki Sko\u0142uckiej\" width=\"100%\" height=\"auto\" \/><\/p>\n<p>\n<\/div>\r\n                    <\/div>\r\n                <\/div>[\/vc_column][vc_column width=&#8221;1\/4&#8243;]\r\n                <div class=\"text-modules\">\r\n                    <div class=\"container\">\r\n                        \r\n                        <div class=\"text-modules__content\"><\/p>\n<p><span style=\"font-size: 14pt;\"><span style=\"font-size: 18pt;\"><span style=\"font-size: 14pt;\">Dr.<\/span> AGNIESZKA SKO\u0141UCKA<\/span><\/span><\/p>\n<p><small><span style=\"letter-spacing: 2mm; color: #333333; font-size: 10pt;\">DEPUTY DIRECTOR OF ICSD<\/span><\/small><\/p>\n<hr \/>\n<p><small><span style=\"letter-spacing: 2mm; color: #333333; font-size: 10pt;\">COORDINATOR FOR STRATEGIC PARTNERSHIP<\/span><\/small><\/p>\n<p><a href=\"mailto:agnieszka.skolucka@us.edu.pl\">agnieszka.skolucka@us.edu.pl<\/a><br \/>\n+48 32 359 12 50<\/p>\n<p>\n<\/div>\r\n                    <\/div>\r\n                <\/div>[\/vc_column][vc_column width=&#8221;1\/4&#8243;]\r\n                <div class=\"text-modules\">\r\n                    <div class=\"container\">\r\n                        \r\n                        <div class=\"text-modules__content\"><\/p>\n<p><img class=\"aligncenter wp-image-298 size-full\" src=\"https:\/\/us.edu.pl\/icrk\/wp-content\/uploads\/sites\/55\/Obrazy\/Olaf-Flak-e1589371994215.png\" alt=\"Zdj\u0119cie portretowe: Olaf Flak\" width=\"100%\" height=\"auto\" \/><\/p>\n<p>\n<\/div>\r\n                    <\/div>\r\n                <\/div>[\/vc_column][vc_column width=&#8221;1\/4&#8243;]\r\n                <div class=\"text-modules\">\r\n                    <div class=\"container\">\r\n                        \r\n                        <div class=\"text-modules__content\"><\/p>\n<p><span style=\"font-size: 14pt;\"><span style=\"font-size: 18pt;\"><span style=\"font-size: 12pt;\">Prof.<\/span> OLAF FLAK <\/span><\/span><\/p>\n<p><span style=\"color: #595959;\"><small><span style=\"letter-spacing: 2mm; font-size: 10pt;\">COORDINATOR FOR RESEARCH INITIATIVES<\/span><\/small><\/span><\/p>\n<p><a href=\"mailto:olaf.flak@us.edu.pl\">olaf.flak@us.edu.pl<\/a><br \/>\n+48 32 359 24 20<\/p>\n<p>\n<\/div>\r\n                    <\/div>\r\n                <\/div>[\/vc_column][\/vc_row][vc_row gap=&#8221;10&#8243; content_placement=&#8221;bottom&#8221; el_class=&#8221;container&#8221;][vc_column width=&#8221;1\/4&#8243;]\r\n                <div class=\"text-modules\">\r\n                    <div class=\"container\">\r\n                        \r\n                        <div class=\"text-modules__content\"><\/p>\n<p><img class=\"wp-image-298 size-full alignleft\" src=\"https:\/\/us.edu.pl\/icrk\/wp-content\/uploads\/sites\/55\/Obrazy\/AJS9451_fot-Julia-Agnieszka-Szymala-3_1200-1.jpg\" alt=\"Zdj\u0119cie portretowe Katarzyny Wi\u0119cek-Jakubek\" width=\"100%\" \/><\/p>\n<p>\n<\/div>\r\n                    <\/div>\r\n                <\/div>[\/vc_column][vc_column width=&#8221;1\/4&#8243;]\r\n                <div class=\"text-modules\">\r\n                    <div class=\"container\">\r\n                        \r\n                        <div class=\"text-modules__content\"><\/p>\n<p><span style=\"font-size: 14pt;\"><span style=\"font-size: 18pt;\">KATARZYNA WI\u0118CEK-JAKUBEK<\/span><\/span><\/p>\n<p><span style=\"color: #595959;\"><small><span style=\"letter-spacing: 2mm; font-size: 10pt;\">COORDINATOR FOR COOPERATION<\/span><\/small><\/span><\/p>\n<p><a href=\"mailto:katarzyna.wiecek-jakubek@us.edu.pl\">katarzyna.wiecek-jakubek@us.edu.pl<\/a><br \/>\n+48 32 359 24 60<\/p>\n<p>\n<\/div>\r\n                    <\/div>\r\n                <\/div>[\/vc_column][vc_column width=&#8221;1\/4&#8243;]\r\n                <div class=\"text-modules\">\r\n                    <div class=\"container\">\r\n                        \r\n                        <div class=\"text-modules__content\"><\/p>\n<p><img class=\"wp-image-298 size-full alignleft\" src=\"https:\/\/us.edu.pl\/icrk\/wp-content\/uploads\/sites\/55\/Obrazy\/IMG_6326__.jpg\" alt=\"Zdj\u0119cie portretowe: dr Adrian Pyszka\" width=\"100%\" \/><\/p>\n<p>\n<\/div>\r\n                    <\/div>\r\n                <\/div>[\/vc_column][vc_column width=&#8221;1\/4&#8243;]\r\n                <div class=\"text-modules\">\r\n                    <div class=\"container\">\r\n                        \r\n                        <div class=\"text-modules__content\"><\/p>\n<p><span style=\"font-size: 14pt;\">Dr. <span style=\"font-size: 18pt;\">ADRIAN PYSZKA<\/span><\/span><\/p>\n<p><span style=\"color: #595959;\"><small><span style=\"letter-spacing: 2mm; font-size: 10pt;\">COORDINATOR FOR COMMERCIALISATION OF\u00a0RESEARCH RESULTS<\/span><\/small><\/span><\/p>\n<p><a href=\"mailto:adrian.pyszka@us.edu.pl\">adrian.pyszka@us.edu.pl<\/a><\/p>\n<p>\n<\/div>\r\n                    <\/div>\r\n                <\/div>[\/vc_column][\/vc_row][vc_row gap=&#8221;10&#8243; content_placement=&#8221;bottom&#8221; el_class=&#8221;container&#8221;][vc_column width=&#8221;1\/4&#8243;]\r\n                <div class=\"text-modules\">\r\n                    <div class=\"container\">\r\n                        \r\n                        <div class=\"text-modules__content\"><\/p>\n<p><img class=\"wp-image-298 size-full alignleft\" src=\"https:\/\/us.edu.pl\/icrk\/wp-content\/uploads\/sites\/55\/Obrazy\/AJS9405_fot-Julia-Agnieszka-Szymala-2a.jpg\" alt=\"Zdj\u0119cie portretowe: Anna M\u0119drek\" width=\"100%\" \/><\/p>\n<p>\n<\/div>\r\n                    <\/div>\r\n                <\/div>[\/vc_column][vc_column width=&#8221;1\/4&#8243;]\r\n                <div class=\"text-modules\">\r\n                    <div class=\"container\">\r\n                        \r\n                        <div class=\"text-modules__content\"><\/p>\n<p><span style=\"font-size: 14pt;\"><span style=\"font-size: 18pt;\">ANNA OLENDER-STA\u015aKIEWICZ<\/span><\/span><\/p>\n<p><small><span style=\"letter-spacing: 2mm; color: #595959; font-size: 10pt;\">COORDINATOR FOR FINANCE AND LOGISTICS<\/span><\/small><\/p>\n<hr \/>\n<p><small><span style=\"letter-spacing: 2mm; color: #333333; font-size: 10pt;\">HEAD OF ICSD OFFICE<\/span><\/small><\/p>\n<p><a href=\"mailto:anna.olender-staskiewicz@us.edu.pl\">anna.olender-staskiewicz@us.edu.pl<\/a><br \/>\n+48 32 359 24 66<\/p>\n<p>\n<\/div>\r\n                    <\/div>\r\n                <\/div>[\/vc_column][vc_column width=&#8221;1\/4&#8243;]\r\n                <div class=\"text-modules\">\r\n                    <div class=\"container\">\r\n                        \r\n                        <div class=\"text-modules__content\"><\/p>\n<p><img class=\"wp-image-298 size-full alignleft\" src=\"https:\/\/us.edu.pl\/icrk\/wp-content\/uploads\/sites\/55\/2020\/06\/Micha\u0142-Fafinski_2-fot-Malgorzata-Kloskowicz_sm-600x600.jpg\" alt=\"Zdj\u0119cie portretowe Micha\u0142a Fafi\u0144skiego\" width=\"100%\" \/><\/p>\n<p>\n<\/div>\r\n                    <\/div>\r\n                <\/div>[\/vc_column][vc_column width=&#8221;1\/4&#8243;]\r\n                <div class=\"text-modules\">\r\n                    <div class=\"container\">\r\n                        \r\n                        <div class=\"text-modules__content\"><\/p>\n<p><span style=\"font-size: 14pt;\"><span style=\"font-size: 18pt;\">MICHA\u0141 FAFI\u0143SKI<\/span><\/span><\/p>\n<p><small><span style=\"letter-spacing: 2mm; color: #595959; font-size: 10pt;\">COORDINATOR FOR FUNDRAISING <\/span><\/small><\/p>\n<p><a href=\"mailto:michal.fafinski@us.edu.pl\">michal.fafinski@us.edu.pl<\/a><br \/>\n+48 32 359 24 35<\/p>\n<p>\n<\/div>\r\n                    <\/div>\r\n                <\/div>[\/vc_column][\/vc_row]<\/p>\n<p><\/p>","protected":false},"excerpt":{"rendered":"<p>[vc_row][vc_column][\/vc_column][\/vc_row][vc_row gap=&#8221;10&#8243; content_placement=&#8221;middle&#8221; css=&#8221;.vc_custom_1589462475936{background-color: #f2f2f2 !important;}&#8221; el_class=&#8221;container&#8221;][vc_column width=&#8221;1\/3&#8243;][\/vc_column][vc_column width=&#8221;1\/3&#8243;][\/vc_column][vc_column width=&#8221;1\/3&#8243;][\/vc_column][\/vc_row][vc_row][vc_column][vc_empty_space][\/vc_column][\/vc_row][vc_row gap=&#8221;10&#8243; content_placement=&#8221;bottom&#8221; el_class=&#8221;container&#8221;][vc_column width=&#8221;1\/4&#8243;][\/vc_column][vc_column width=&#8221;1\/4&#8243;][\/vc_column][vc_column width=&#8221;1\/4&#8243;][\/vc_column][vc_column width=&#8221;1\/4&#8243;][\/vc_column][\/vc_row][vc_row gap=&#8221;10&#8243; content_placement=&#8221;bottom&#8221; el_class=&#8221;container&#8221;][vc_column width=&#8221;1\/4&#8243;][\/vc_column][vc_column width=&#8221;1\/4&#8243;][\/vc_column][vc_column width=&#8221;1\/4&#8243;][\/vc_column][vc_column width=&#8221;1\/4&#8243;][\/vc_column][\/vc_row][vc_row gap=&#8221;10&#8243; content_placement=&#8221;bottom&#8221; el_class=&#8221;container&#8221;][vc_column width=&#8221;1\/4&#8243;][\/vc_column][vc_column width=&#8221;1\/4&#8243;][\/vc_column][vc_column width=&#8221;1\/4&#8243;][\/vc_column][vc_column width=&#8221;1\/4&#8243;][\/vc_column][\/vc_row] [&#8230;]<\/p>\n<p><a class=\"btn btn-secondary understrap-read-more-link\" href=\"https:\/\/us.edu.pl\/icrk\/en\/zespol-icrk\/\">Read More&#8230;<\/a><\/p>\n","protected":false},"author":26,"featured_media":0,"parent":0,"menu_order":0,"comment_status":"closed","ping_status":"closed","template":"","meta":{"_expiration-date-status":"saved","_expiration-date":0,"_expiration-date-type":"","_expiration-date-categories":[],"_expiration-date-options":[]},"acf":[],"_links":{"self":[{"href":"https:\/\/us.edu.pl\/icrk\/en\/wp-json\/wp\/v2\/pages\/357"}],"collection":[{"href":"https:\/\/us.edu.pl\/icrk\/en\/wp-json\/wp\/v2\/pages"}],"about":[{"href":"https:\/\/us.edu.pl\/icrk\/en\/wp-json\/wp\/v2\/types\/page"}],"author":[{"embeddable":true,"href":"https:\/\/us.edu.pl\/icrk\/en\/wp-json\/wp\/v2\/users\/26"}],"replies":[{"embeddable":true,"href":"https:\/\/us.edu.pl\/icrk\/en\/wp-json\/wp\/v2\/comments?post=357"}],"version-history":[{"count":24,"href":"https:\/\/us.edu.pl\/icrk\/en\/wp-json\/wp\/v2\/pages\/357\/revisions"}],"predecessor-version":[{"id":1801,"href":"https:\/\/us.edu.pl\/icrk\/en\/wp-json\/wp\/v2\/pages\/357\/revisions\/1801"}],"wp:attachment":[{"href":"https:\/\/us.edu.pl\/icrk\/en\/wp-json\/wp\/v2\/media?parent=357"}],"curies":[{"name":"wp","href":"https:\/\/api.w.org\/{rel}","templated":true}]}}