{"id":809,"date":"2020-05-29T11:42:42","date_gmt":"2020-05-29T09:42:42","guid":{"rendered":"https:\/\/us.edu.pl\/icrk\/?page_id=809"},"modified":"2020-06-17T17:20:36","modified_gmt":"2020-06-17T15:20:36","slug":"etapy-projektu","status":"publish","type":"page","link":"https:\/\/us.edu.pl\/icrk\/inicjatywy\/etapy-projektu\/","title":{"rendered":"etapy projektu"},"content":{"rendered":"<p><\/p>\n<p>[vc_row el_class=&#8221;container&#8221;][vc_column][vc_empty_space]\r\n                <div class=\"text-modules\">\r\n                    <div class=\"container\">\r\n                        <h3 class=\"page-title text__title\">Etapy projektu<\/h3>\r\n                        <div class=\"text-modules__content\"><\/div>\r\n                    <\/div>\r\n                <\/div>\r\n                <div class=\"text-modules\">\r\n                    <div class=\"container\">\r\n                        \r\n                        <div class=\"text-modules__content\"><\/p>\n<p>Realizacja projektu \u201eICRK \u2013 <em>think tank<\/em> ds. rozwoju kluczowych kompetencji kadr przysz\u0142o\u015bci dla polskiej nauki\u201d zaplanowana na lata 2020\u20132022 obejmuje cztery etapy. Celem pierwszego z nich b\u0119dzie budowanie partnerstwa poprzez nawi\u0105zywanie wsp\u00f3\u0142pracy z jednostkami badawczymi polskiego sektora nauki i szkolnictwa wy\u017cszego, zagranicznymi uczelniami oraz ekspertami zewn\u0119trznymi.<\/p>\n<p>Drugi etap to prowadzenie interdyscyplinarnych bada\u0144 naukowych, w tym gromadzenie oraz analiza danych, na podstawie kt\u00f3rych opracowana zostanie koncepcja rozwoju kluczowych kompetencji kadry badawczej oraz kadry wsparcia administracyjnego sektora nauki i szkolnictwa wy\u017cszego w Polsce.<\/p>\n<p>Kolejne dzia\u0142ania podj\u0119te w ramach pilota\u017cu wdro\u017ceniowego b\u0119d\u0105 mia\u0142y na celu testowanie opracowanego modelu kompetencji oraz zaprojektowanych narz\u0119dzi.<\/p>\n<p>Ostatni, czwarty etap, to transfer wiedzy, czyli upowszechnienie rozwi\u0105za\u0144 wypracowanych w czasie trwania projektu.<\/p>\n<p>\n<\/div>\r\n                    <\/div>\r\n                <\/div><div class=\"container\"><div class=\"separator\" style=\"background-color: #002E5A\"><\/div><\/div>[\/vc_column][\/vc_row][vc_row][vc_column]\r\n                <div class=\"text-modules\">\r\n                    <div class=\"container\">\r\n                        \r\n                        <div class=\"text-modules__content\"><\/p>\n<h3 style=\"text-align: center\">4 etapy projektu<\/h3>\n<p style=\"text-align: center\"><img class=\"aligncenter wp-image-1101 size-medium\" src=\"https:\/\/us.edu.pl\/icrk\/wp-content\/uploads\/sites\/55\/front\/cytat_1-600x151.png\" alt=\"zielone li\u015bcie\" width=\"25%\" height=\"auto\" srcset=\"https:\/\/us.edu.pl\/icrk\/wp-content\/uploads\/sites\/55\/front\/cytat_1-600x151.png 600w, https:\/\/us.edu.pl\/icrk\/wp-content\/uploads\/sites\/55\/front\/cytat_1-768x194.png 768w, https:\/\/us.edu.pl\/icrk\/wp-content\/uploads\/sites\/55\/front\/cytat_1-575x145.png 575w, https:\/\/us.edu.pl\/icrk\/wp-content\/uploads\/sites\/55\/front\/cytat_1.png 804w\" sizes=\"(max-width: 600px) 100vw, 600px\" \/><\/p>\n<p style=\"text-align: center;color: #011535\"><strong>budowanie partnerstwa<\/strong><\/p>\n<p style=\"text-align: center\">\u2193<\/p>\n<p style=\"text-align: center;color: #011535\"><strong>interdyscyplinarne badania naukowe<\/strong><\/p>\n<p style=\"text-align: center\">\u2193<\/p>\n<p style=\"text-align: center;color: #011535\"><strong>pilota\u017c wdro\u017ceniowy<\/strong><\/p>\n<p style=\"text-align: center\">\u2193<\/p>\n<p style=\"text-align: center;color: #011535\"><strong>transfer wiedzy<\/strong><\/p>\n<p>\n<\/div>\r\n                    <\/div>\r\n                <\/div>[\/vc_column][\/vc_row]<\/p>\n<p><\/p>","protected":false},"excerpt":{"rendered":"<p>[vc_row el_class=&#8221;container&#8221;][vc_column][vc_empty_space][\/vc_column][\/vc_row][vc_row][vc_column][\/vc_column][\/vc_row] [&#8230;]<\/p>\n<p><a class=\"btn btn-secondary understrap-read-more-link\" href=\"https:\/\/us.edu.pl\/icrk\/inicjatywy\/etapy-projektu\/\">Read More&#8230;<\/a><\/p>\n","protected":false},"author":139,"featured_media":0,"parent":325,"menu_order":0,"comment_status":"closed","ping_status":"closed","template":"page-templates\/page-with-sidebar.php","meta":{"_expiration-date-status":"saved","_expiration-date":0,"_expiration-date-type":"","_expiration-date-categories":[],"_expiration-date-options":[]},"acf":[],"_links":{"self":[{"href":"https:\/\/us.edu.pl\/icrk\/wp-json\/wp\/v2\/pages\/809"}],"collection":[{"href":"https:\/\/us.edu.pl\/icrk\/wp-json\/wp\/v2\/pages"}],"about":[{"href":"https:\/\/us.edu.pl\/icrk\/wp-json\/wp\/v2\/types\/page"}],"author":[{"embeddable":true,"href":"https:\/\/us.edu.pl\/icrk\/wp-json\/wp\/v2\/users\/139"}],"replies":[{"embeddable":true,"href":"https:\/\/us.edu.pl\/icrk\/wp-json\/wp\/v2\/comments?post=809"}],"version-history":[{"count":8,"href":"https:\/\/us.edu.pl\/icrk\/wp-json\/wp\/v2\/pages\/809\/revisions"}],"predecessor-version":[{"id":1472,"href":"https:\/\/us.edu.pl\/icrk\/wp-json\/wp\/v2\/pages\/809\/revisions\/1472"}],"up":[{"embeddable":true,"href":"https:\/\/us.edu.pl\/icrk\/wp-json\/wp\/v2\/pages\/325"}],"wp:attachment":[{"href":"https:\/\/us.edu.pl\/icrk\/wp-json\/wp\/v2\/media?parent=809"}],"curies":[{"name":"wp","href":"https:\/\/api.w.org\/{rel}","templated":true}]}}