{"id":1205,"date":"2022-06-03T12:10:01","date_gmt":"2022-06-03T10:10:01","guid":{"rendered":"https:\/\/us.edu.pl\/idb\/?page_id=1205"},"modified":"2022-06-30T14:20:22","modified_gmt":"2022-06-30T12:20:22","slug":"micod","status":"publish","type":"page","link":"https:\/\/us.edu.pl\/idb\/en\/horyzonty\/micod\/","title":{"rendered":"Structure and biotechnological potential of the microbiome of burning post-mining heaps"},"content":{"rendered":"<p>[vc_row][vc_column][vc_empty_space][\/vc_column][\/vc_row][vc_row][vc_column width=&#8221;1\/6&#8243;][\/vc_column][vc_column width=&#8221;4\/6&#8243;][vc_row_inner][vc_column_inner width=&#8221;1\/2&#8243;][vc_column_text]<\/p>\n<p style=\"color: white; background-color: black; display: inline-block; widthr: 30%; padding: 8px;\">MiCoD<\/p>\n<p>[\/vc_column_text][\/vc_column_inner][vc_column_inner width=&#8221;1\/2&#8243;][\/vc_column_inner][\/vc_row_inner][vc_column_text el_class=&#8221;font-black&#8221;]<\/p>\n<p style=\"text-align: left;\"><em><span style=\"font-size: 160%; font-family: 'PT Serif';\">Structure and biotechnological potential of the microbiome of burning post-mining heaps<\/span><\/em><\/p>\n<p>[\/vc_column_text][vc_empty_space height=&#8221;18px&#8221;][\/vc_column][vc_column width=&#8221;1\/6&#8243;][\/vc_column][\/vc_row][vc_row][vc_column width=&#8221;1\/6&#8243;][\/vc_column][vc_column width=&#8221;4\/6&#8243;][vc_row_inner][vc_column_inner][vc_column_text el_class=&#8221;foto&#8221; css=&#8221;.vc_custom_1650348413097{margin-top: 0px !important;margin-bottom: 0px !important;border-top-width: 0px !important;border-bottom-width: 0px !important;padding-top: 0px !important;padding-bottom: 0px !important;}&#8221;]<img loading=\"lazy\" class=\"alignnone wp-image-673 size-full\" src=\"http:\/\/us.edu.pl\/idb\/wp-content\/uploads\/sites\/72\/fotografie\/horyzonty\/green-horizon-1.png\" alt=\"grafika\" width=\"8%\" height=\"auto\" \/>[\/vc_column_text][\/vc_column_inner][\/vc_row_inner][vc_column_text css=&#8221;.vc_custom_1655212462664{margin-top: 0px !important;border-top-width: 0px !important;padding-top: 15px !important;}&#8221;]<\/p>\n<p style=\"font-size: 140%; color: #000000; font-family: 'PT Sans';\">Describing biological and biogeochemical processes in post-mining heaps and isolating microorganisms living at post-mining heaps to assess their biotechnological potential.<\/p>\n<p style=\"font-size: small; color: #000000; font-family: 'PT Sans';\"><em>keywords: burning post-mining heaps, microbiome, biotechnological potential, biodegradation, metagenomics<\/em><\/p>\n<hr \/>\n<p>[\/vc_column_text][vc_column_text css=&#8221;.vc_custom_1655212496920{margin-top: 0px !important;border-top-width: 0px !important;padding-top: 0px !important;}&#8221;]<\/p>\n<p style=\"font-size: 140%; color: #000000; font-family: 'PT Sans';\">One of the negative impacts of the exploitation of mineral resources on the environment are post-mining heaps. Burning heaps are especially dangerous as they actively release numerous toxic substances. The first stage of limiting their impact on the environment is learning about the biogeochemical reactions occurring in them. Burning heaps are an example of extreme environments. The microorganisms living there have developed mechanisms thanks to which they are able to survive within extreme conditions, e.g. ability to decompose complex and toxic organic compounds.<\/p>\n<p style=\"font-size: 140%; color: #000000; font-family: 'PT Sans';\">In an interdisciplinary way, the project focuses on explaining processes in burning heaps in the vicinity of the town of Czerwionka-Leszczyny and the city of Bytom. The biological processes will be described thanks to the heaps\u2019 metagenome analysis carried out in cooperation with Ian Marshall, PhD from Aarhus University, Denmark. The results will be linked with the geochemical data gathered by researchers from the Institute of Earth Sciences of the University of Silesia. Microorganisms from the heaps will be isolated and studied at the Institute of Biology, Biotechnology and Environmental Protection in terms of biodegradation of complex organic compounds, including xenobiotics.<\/p>\n<p style=\"font-size: 140%; color: #000000; font-family: 'PT Sans';\">Research conducted within the project will be the first step towards learning and understanding the potential of microorganisms from these unusual and extreme environments. The project will provide crucial data used for future research on the possibility of reclamation of burning heaps, decomposition of organic substances, and utilisation of microorganisms for bioremediation. Additionally, it may provide new data on microorganisms&#8217; adaptation to living in poly-extreme environments.<\/p>\n<p>[\/vc_column_text]<div class=\"container\"><div class=\"separator\" style=\"background-color: #000000\"><\/div><\/div>[\/vc_column][vc_column width=&#8221;1\/6&#8243;][\/vc_column][\/vc_row][vc_row el_class=&#8221;font-black content-mobile&#8221;][vc_column width=&#8221;1\/6&#8243;][\/vc_column][vc_column width=&#8221;5\/6&#8243;][vc_row_inner][vc_column_inner width=&#8221;1\/2&#8243;][vc_column_text css=&#8221;.vc_custom_1655212508177{margin-top: 0px !important;margin-bottom: 0px !important;border-top-width: 0px !important;border-bottom-width: 0px !important;padding-top: 0px !important;padding-right: 10px !important;padding-bottom: 0px !important;padding-left: 20px !important;}&#8221;]<small><span style=\"letter-spacing: 0.2mm; color: #333333; font-size: 100%;\">PROJECT LEADER<\/span><\/small>[\/vc_column_text][\/vc_column_inner][vc_column_inner width=&#8221;1\/2&#8243;][\/vc_column_inner][\/vc_row_inner][vc_column_text css=&#8221;.vc_custom_1655212528896{padding-left: 20px !important;}&#8221;]<span style=\"font-size: 160%; font-family: 'PT Sans';\">PIOTR SIUPKA, <\/span><span style=\"font-size: 100%; font-family: 'PT Sans'; color: black;\">PhD<\/span>[\/vc_column_text][vc_row_inner content_placement=&#8221;middle&#8221;][vc_column_inner width=&#8221;1\/3&#8243;][vc_column_text el_class=&#8221;foto&#8221;]<img loading=\"lazy\" class=\"alignnone wp-image-686 size-full\" src=\"http:\/\/us.edu.pl\/idb\/wp-content\/uploads\/sites\/72\/fotografie\/horyzonty\/PiotrSiupka.jpg\" alt=\"dr Piotr Siupka\" width=\"100%\" height=\"auto\" srcset=\"https:\/\/us.edu.pl\/idb\/wp-content\/uploads\/sites\/72\/fotografie\/horyzonty\/PiotrSiupka.jpg 600w, https:\/\/us.edu.pl\/idb\/wp-content\/uploads\/sites\/72\/fotografie\/horyzonty\/PiotrSiupka-150x150.jpg 150w, https:\/\/us.edu.pl\/idb\/wp-content\/uploads\/sites\/72\/fotografie\/horyzonty\/PiotrSiupka-575x575.jpg 575w\" sizes=\"(max-width: 600px) 100vw, 600px\" \/>[\/vc_column_text][vc_column_text css=&#8221;.vc_custom_1655212554010{margin-top: 0px !important;border-top-width: 0px !important;padding-top: 0px !important;}&#8221;]<\/p>\n<p style=\"text-align: center;\"><span style=\"color: #808080; font-size: small;\"><em>Photo by Ma\u0142gorzata Dymowska<\/em><\/span><\/p>\n<p>[\/vc_column_text][\/vc_column_inner][vc_column_inner width=&#8221;2\/3&#8243;][vc_column_text css=&#8221;.vc_custom_1655212543281{margin-left: 25px !important;border-left-width: 1px !important;padding-left: 15px !important;border-left-color: #000000 !important;border-left-style: solid !important;}&#8221;]<\/p>\n<p style=\"font-size: small;\"><strong>Piotr Siupka, PhD<\/strong><br \/>\nInstitute of Biology, Biotechnology and Environmental Protection<br \/>\ne-mail: <a href=\"mailto:piotr.siupka@us.edu.pl\">piotr.siupka@us.edu.pl<\/a><\/p>\n<p>[\/vc_column_text][\/vc_column_inner][\/vc_row_inner][vc_tta_accordion style=&#8221;flat&#8221; shape=&#8221;round&#8221; color=&#8221;black&#8221; spacing=&#8221;5&#8243; c_icon=&#8221;triangle&#8221; active_section=&#8221;0&#8243; no_fill=&#8221;true&#8221; collapsible_all=&#8221;true&#8221;][vc_tta_section title=&#8221;team members&#8221; tab_id=&#8221;micod&#8221;][vc_column_text el_class=&#8221;font-black&#8221;]<\/p>\n<ul>\n<li style=\"font-size: small;\">Piotr Siupka, PhD, Institute of Biology, Biotechnology and Environmental Protection, Faculty of Natural Sciences, University of Silesia in Katowice<\/li>\n<li style=\"font-size: small;\">\u00c1d\u00e1m N\u00e1dudvari, PhD, Institute of Earth Sciences, Faculty of Natural Sciences, University of Silesia in Katowice<\/li>\n<li style=\"font-size: small;\">Ian Marshall, PhD, Centre for Electromicrobiology, Department of Biology, Aarhus University, Denmark<\/li>\n<\/ul>\n<p>[\/vc_column_text][\/vc_tta_section][\/vc_tta_accordion][\/vc_column][\/vc_row][vc_row][vc_column width=&#8221;1\/6&#8243;][\/vc_column][vc_column width=&#8221;5\/6&#8243; css=&#8221;.vc_custom_1650357928922{background-color: #f2f2f2 !important;}&#8221;]\r\n                <div class=\"text-modules\">\r\n                    <div class=\"container\">\r\n                        \r\n                        <div class=\"text-modules__content\"><\/p>\n<h4 style=\"padding-left: 15px;\">More about the project<\/h4>\n<p>\n<\/div>\r\n                    <\/div>\r\n                <\/div>[vc_row_inner content_placement=&#8221;top&#8221;][vc_column_inner width=&#8221;1\/2&#8243;][vc_column_text css=&#8221;.vc_custom_1654250364453{margin-bottom: 0px !important;border-bottom-width: 0px !important;padding-right: 10px !important;padding-bottom: 10px !important;padding-left: 15px !important;}&#8221;]<img loading=\"lazy\" class=\"alignnone wp-image-1213 size-full\" src=\"http:\/\/us.edu.pl\/idb\/wp-content\/uploads\/sites\/72\/fotografie\/horyzonty\/IMG_20211015_112329.jpg\" alt=\"Dw\u00f3ch m\u0119\u017cczyzn zmierzaj\u0105cych w stron\u0119 ha\u0142dy\" width=\"100%\" height=\"auto\" srcset=\"https:\/\/us.edu.pl\/idb\/wp-content\/uploads\/sites\/72\/fotografie\/horyzonty\/IMG_20211015_112329.jpg 753w, https:\/\/us.edu.pl\/idb\/wp-content\/uploads\/sites\/72\/fotografie\/horyzonty\/IMG_20211015_112329-565x600.jpg 565w, https:\/\/us.edu.pl\/idb\/wp-content\/uploads\/sites\/72\/fotografie\/horyzonty\/IMG_20211015_112329-541x575.jpg 541w\" sizes=\"(max-width: 753px) 100vw, 753px\" \/>[\/vc_column_text][vc_column_text css=&#8221;.vc_custom_1655212705412{margin-top: 0px !important;border-top-width: 0px !important;padding-top: 0px !important;padding-right: 20px !important;padding-left: 20px !important;}&#8221;]<\/p>\n<p style=\"text-align: center;\"><span style=\"color: #808080; font-size: small;\"><span style=\"color: #000000;\">Heap in Czerwionka-Leszczyny<\/span><em><br \/>\nPhoto by Piotr Siupka, PhD<\/em><\/span><\/p>\n<p>[\/vc_column_text][\/vc_column_inner][vc_column_inner width=&#8221;1\/2&#8243;][vc_column_text css=&#8221;.vc_custom_1655212684908{padding-right: 15px !important;padding-left: 15px !important;}&#8221;]<span style=\"color: #333333; font-size: small;\">popular science article<\/span><\/p>\n<h4><strong>Burning post-mining heaps<\/strong><\/h4>\n<p><span style=\"color: #333333; font-size: small;\">University of Silesia Magazine No 8 (298)\/2022<\/span><\/p>\n<p style=\"font-size: 140%; color: #000000; font-family: 'PT Sans';\">The image of post-mining heaps is permanently inscribed in the landscape of Silesia. The landfill, which is not easy to hide, is created by human mining activities and is saturated with many compounds that are toxic to both humans and the environment. It turns out, however, that there are microorganisms that can handle the extreme (from our point of view) conditions quite well. They are being studied by a team led by Piotr Siupka, PhD, as part of a project selected through the Research Excellence Initiative call for proposals \u201cGreen Horizon\u201d.<\/p>\n<p style=\"font-size: 140%; color: #000000; font-family: 'PT Sans'; padding-right: 15px; text-align: right;\"><a href=\"https:\/\/us.edu.pl\/en\/plonace-haldy-pogornicze\/\"><em>read the article<\/em><\/a><\/p>\n<p>[\/vc_column_text][\/vc_column_inner][\/vc_row_inner][\/vc_column][\/vc_row][vc_row][vc_column width=&#8221;1\/6&#8243;][\/vc_column][vc_column width=&#8221;4\/6&#8243;]\r\n                <div class=\"text-modules\">\r\n                    <div class=\"container\">\r\n                        \r\n                        <div class=\"text-modules__content\"><\/p>\n<h4>News<\/h4>\n<p>\n<\/div>\r\n                    <\/div>\r\n                <\/div>[vc_row_inner][vc_column_inner][vc_column_text]<span style=\"color: #333333; font-size: small;\"><em>19 April 2022<\/em><\/span><\/p>\n<p style=\"font-size: 140%; color: #000000; font-family: 'PT Sans';\">Samples of burning heaps have been taken from the vicinity of the town of Czerwionka-Leszczyny and the city of Bytom. The samples varied in terms of, e.g. level of degree of burning (unburnt, burning, and burnt-out heap) or temperature (from 18 \u00b0C to over 100 \u00b0C). Heap samples have undergone the analysis of the chemical composition with the use of gas chromatography mass spectrometry (GC\/MS) analysis. The results of the research are currently being analysed.<\/p>\n<p style=\"font-size: 140%; color: #000000; font-family: 'PT Sans';\">Isolation of microorganisms from the samples has been successful. Over 200 strains have been isolated, including 58 strains of thermophiles thriving at the temperature of 70 \u00b0C.<\/p>\n<p style=\"font-size: 140%; color: #000000; font-family: 'PT Sans';\">Currently, the biggest challenge is the isolation of DNA in an appropriate quantity and quality that enables sequencing of the metagenome samples due to a high level of organic and non-organic contaminants.<\/p>\n<p style=\"font-size: 140%; color: #000000; font-family: 'PT Sans';\">Currently, intensive work is being carried out on optimising the methods for isolation that will enable future research on biogeochemical processes in heaps.<\/p>\n<p>[\/vc_column_text][\/vc_column_inner][\/vc_row_inner][\/vc_column][vc_column width=&#8221;1\/6&#8243;][\/vc_column][\/vc_row][vc_row disable_element=&#8221;yes&#8221;][vc_column width=&#8221;1\/6&#8243;][\/vc_column][vc_column width=&#8221;4\/6&#8243;][vc_tta_accordion style=&#8221;flat&#8221; shape=&#8221;round&#8221; color=&#8221;black&#8221; spacing=&#8221;5&#8243; c_icon=&#8221;triangle&#8221; active_section=&#8221;0&#8243; no_fill=&#8221;true&#8221; collapsible_all=&#8221;true&#8221;][vc_tta_section title=&#8221;publikacje i inne rezultaty&#8221; tab_id=&#8221;publikacje&#8221;]\r\n                <div class=\"text-modules\">\r\n                    <div class=\"container\">\r\n                        \r\n                        <div class=\"text-modules__content\"><p><span style=\"font-size: small;\">Trwaj\u0105 badania dotycz\u0105ce pejza\u017cu d\u017awi\u0119kowego tworzonego wsp\u00f3\u0142cze\u015bnie i historycznie w wybranych terenach nad Raw\u0105 (z uwzgl\u0119dnieniem audiosfery Szopienic). Pejza\u017c d\u017awi\u0119kowy dostarcza\u0107 mo\u017ce bowiem informacji na temat stanu ekologicznego samej rzeki, jej atrakcyjno\u015bci dla organizowania wydarze\u0144 artystycznych w przestrzeni spo\u0142ecznej, a tak\u017ce mo\u017cliwego potencja\u0142u w zakresie planowania przestrzennego miasta. Postawiono pytania o jako\u015b\u0107 audiosfery nad Raw\u0105, a tak\u017ce o to czy pejza\u017c d\u017awi\u0119kowy znad Rawy nale\u017cy do pejza\u017cu \u017cyczeniowego i wyobra\u017ceniowego czy jednak autentycznego.<\/span><\/p>\n<p><span style=\"font-size: small;\">Trwaj\u0105 badania nad rozpoznaniem stosunk\u00f3w wodnych w zlewni Rawy \u2013 stan obecny i prognoza. Celem zadania jest rozpoznanie uk\u0142adu kr\u0105\u017cenia w\u00f3dy w zlewni Rawy i bilansu wodnego, identyfikacja i okre\u015blenie \u017ar\u00f3de\u0142 zasilania rzeki, w szczeg\u00f3lno\u015bci ocena udzia\u0142u w\u00f3d z dop\u0142ywu quasi-naturalnego, a tak\u017ce okre\u015blenie udzia\u0142u czynnik\u00f3w kszta\u0142tuj\u0105cych stan chemiczny i ekologiczny w\u00f3d w rzece. Badania b\u0119d\u0105 obejmowa\u0142y wykonanie numerycznego modelu hydrologicznego zlewni Rawy oraz opr\u00f3bowanie i badania laboratoryjne w\u00f3d rzeki Rawy: badania fizykochemiczne, biologiczne i izotopowe. Badaniami b\u0119dzie obj\u0119ta zlewnia rzeki Rawy oraz staw Hubertus IV odgrywaj\u0105cy istotn\u0105 rol\u0119 w kszta\u0142towaniu stosunk\u00f3w wodnych w tym obszarze.<\/span><\/p>\n<p><span style=\"font-size: small;\">Trwaj\u0105 badania geochemiczne i mineralogiczne badania gleb na terenie Szopienic Rejony: dawnej huty Uthemans, Wilhelminy, ulicy Szabelnianej, rejonie stawu Hubertus 4 oraz s\u0105siedztwa Huty Metali Nie\u017celaznych. W celu rozpoznania i identyfikacji metalono\u015bnych minera\u0142\u00f3w zawieraj\u0105cych w swojej strukturze potencjalnie toksyczne pierwiastki np.: o\u0142\u00f3w, cynk, kadm, tal, \u017celazo, mangan, arsen, antymon w nieregularnej siatce zosta\u0142o pobranych kilkadziesi\u0105t pr\u00f3bek z wierzchnich warstw gleby (0-0,3m).<\/span><\/p>\n<p><span style=\"font-size: small;\">1. Pr\u00f3bki zostan\u0105 zbadane metodami ICP-ES\/MS w celu oznaczenia zawarto\u015bci pierwiastk\u00f3w. Laboratorium Bureau Veritas w Kanadzie wg. procedur np. MA 270, MA250 oraz Laboratorium WNP U\u015a \u2013 ASA.<\/span><\/p>\n<p><span style=\"font-size: small;\">2. Badania przy u\u017cyciu mikroskopu skaningowego Thermo Scientific Quanta 250 w Laboratorium Instytutu Nauk o Ziemi U\u015a. Analiza obraz\u00f3w BSE i widm EDS pozwoli na identyfikacj\u0119 faz metalono\u015bnych. Obraz BSE\/EDS fazy pohutniczej. (Wg. Caba\u0142a et al. 2021)<\/span><\/p>\n<p><span style=\"color: #333333;\">3. Badania rentgenostrukturlne XRD przy u\u017cyciu dyfraktometru Philips PW 3710 (Laboratorium WNP, INoZ U\u015a) umo\u017cliwi\u0105 rozpoznanie sk\u0142adu mineralnego gleb.<\/span><\/p>\n<p><span style=\"font-size: small;\">Trwaj\u0105 badania nad prze\u015bledzeniem dr\u00f3g uprzemys\u0142owienia i urbanizacji dwu dzielnic obecnych Katowic: Ro\u017adzienia i Szopienic, kt\u00f3rych losy s\u0105 nieroz\u0142\u0105cznie splecione z g\u00f3rnictwem w\u0119gla kamiennego i hutnictwem cynku. Przygotowywany jest tekst obrazuj\u0105cy wp\u0142yw industrializacji na \u015brodowisko i zmiany przestrzeni zwi\u0105zane z post\u0119puj\u0105c\u0105 urbanizacj\u0105. W badaniach historycznych podj\u0119ty zostanie tak\u017ce problem oddzia\u0142ywania organizacji pa\u0144stwowej na warunki dzia\u0142ania przemys\u0142u. Wp\u0142yw pa\u0144stwa zauwa\u017calny jest jeszcze przed rozpocz\u0119ciem produkcji cynku w Szopienicach. Dotyczy to warunk\u00f3w dzia\u0142ania g\u0142\u00f3wnego producenta \u2013 sp\u00f3\u0142ki Georg von Giesche\u2019s Erben, kt\u00f3rej pocz\u0105tki si\u0119gaj\u0105 pocz\u0105tk\u00f3w XVIII wieku. Planujemy tak\u017ce zebranie i analiz\u0119 danych dotycz\u0105cych d\u0142ugo\u015bci \u017cycia mieszka\u0144c\u00f3w Ro\u017adzienia i Szopienic na podstawie ksi\u0105g parafialnych oraz akt stany cywilnego.<\/span><\/p>\n<p><span style=\"font-size: small;\">Trwa analiza przemian w zakresie zagospodarowania przestrzennego w rejonie Szopienic i Ro\u017adzienia w perspektywie dynamicznej. Industrializacja tej cz\u0119\u015bci G\u00f3rnego \u015al\u0105ska, kt\u00f3ra oparta by\u0142a na hutnictwie cynku i o\u0142owiu ukszta\u0142towa\u0142a do\u015b\u0107 specyficzny \u2013 heterogeniczny funkcjonalnie obszar wsp\u00f3\u0142czesnej konurbacji miejskiej. Badania skupiaj\u0105 si\u0119 nad kluczowymi determinantami kszta\u0142towania si\u0119 tego obszaru oraz wyzwaniami planistyczno-strategicznymi stoj\u0105cymi przed t\u0105 cz\u0119\u015bci\u0105 wsp\u00f3\u0142czesnych Katowic.<\/span><\/p>\n<p><span style=\"font-size: small;\">Trwaj\u0105 badania literaturoznawcze dotycz\u0105ce rzeki Rawy i Szopienic. Oto ich fragment: \u201eRawa jest rzek\u0105 po ko\u0144cu \u015bwiata \u2013 w pojedynku z lud\u017ami ponios\u0142a ona kl\u0119sk\u0119 i zosta\u0142a zamieniona w \u015bciek. Ale i \u015bwiat rewolucji przemys\u0142owej, kt\u00f3ry j\u0105 zniszczy\u0142, sam zosta\u0142 zniszczony i obr\u00f3cony w ruin\u0119. W aktualnej sytuacji Rawa jest pozosta\u0142o\u015bci\u0105 po heroicznych zmaganiach nowoczesnego \u015bwiata. Mo\u017ce by\u0107 \u017cywym pomnikiem antropocenu, cho\u0107 \u017cycie w niej i wok\u00f3\u0142 w niej powraca powoli i nie\u015bmia\u0142o. B\u0119dzie to pomnik rozci\u0105gni\u0119ty na prawie dwadzie\u015bcia kilometr\u00f3w, kt\u00f3rego pocz\u0105tkowe odcinki wyznaczaj\u0105 rury kanalizacyjne, widmowa (nie)obecno\u015b\u0107 w \u015awi\u0119toch\u0142owicach i Chorzowie, cicha skryto\u015b\u0107 pomi\u0119dzy stawami czy symulacyjna obecno\u015b\u0107 na rynku w Katowicach. Te r\u00f3\u017cne formy (nie)obecno\u015bci rzeki mog\u0105 by\u0107 znakami, kt\u00f3re odsy\u0142aj\u0105 do skomplikowanej historii rewolucji przemys\u0142owej, zamieniaj\u0105cej rzeki w \u015bciek, a ziemi\u0119 w pustyni\u0119.\u201d<\/span><\/p>\n<p><span style=\"font-size: small;\">Interesuj\u0105ce s\u0105 wst\u0119pne wyniki bada\u0144 biologicznych. Oto ich fragment: \u201eZanieczyszczone miejsca mo\u017cna uzna\u0107 za rezerwuary rodzimych ro\u015blin tolerancyjnych i\u202fbioakumuluj\u0105cych metale ci\u0119\u017ckie w\u202fr\u00f3\u017cnych zakresach. Rodzime gatunki ro\u015blin, kt\u00f3re pierwsze kolonizuj\u0105 takie tereny, mog\u0105 by\u0107 cennymi bioindykatorami i\u202fbioakumulatorami metali ci\u0119\u017ckich na tych obszarach. Ro\u015bliny zdolne do zasiedlania zar\u00f3wno \u015brodowisk zanieczyszczonych, jak i\u202fniezanieczyszczonych metalami ci\u0119\u017ckimi nazywane s\u0105 przez biolog\u00f3w pseudometalofitami, w\u202fodr\u00f3\u017cnieniu od metalofit\u00f3w ca\u0142kowitych (obligatoryjnych), wyst\u0119puj\u0105cych tylko na terenach wzbogaconych w\u202fmetale. Metalofity kolonizuj\u0105ce gleby bogate w\u202fmetale ci\u0119\u017ckie to ro\u015bliny przystosowane do \u017cycia w obecno\u015bci wysokich st\u0119\u017ce\u0144 takich metali, ale te\u017c do trudnych warunk\u00f3w siedliskowych.\u201d<\/span><\/p>\n<p><span style=\"font-size: small;\">Trwaj\u0105 badania socjologiczne dotycz\u0105ce rekonstrukcji do\u015bwiadcze\u0144 \u017cyciowych mieszka\u0144c\u00f3w Szopienic w okresie powojennym zwi\u0105zanych z zamieszkiwaniem na obszarze ska\u017conym o\u0142owiem oraz prac\u0105 w hucie metali nie\u017celaznych. W realizowanych badaniach szczeg\u00f3lne znaczenie przywi\u0105zywane jest do do\u015bwiadcze\u0144 \u201eo\u0142owianych dzieci&#8221;. Punktem zainteresowa\u0144 jest pami\u0119\u0107 zbiorowa szopieniczan o \u017cyciu w cieniu huty. W tym celu prowadzone s\u0105 wywiady z osobami mieszkaj\u0105cymi w Szopienicach.<\/span><\/p>\n<p><span style=\"font-size: small;\">Trwaj\u0105 badania z wykorzystaniem technik spektroskopowych, takich jak spektroskopia w zakresie \u015bwiat\u0142a widzialnego i w zakresie bliskiej podczerwieni do szybkiej kontroli kondycji gleb. Ponadto, wdra\u017cane jest podej\u015bcie obrazowania hiperspektralnego do efektywnego monitorowania jako\u015bci gleb, docelowo z wykorzystaniem pomiar\u00f3w w trybie zdalnym, tj. pozwalaj\u0105cym monitorowa\u0107 wybrany obszar z powietrza za pomoc\u0105 dron\u00f3w. Na podstawie spektroskopowych odcisk\u00f3w palca gleb uprawnych i gleb z teren\u00f3w ska\u017conych, w szczeg\u00f3lno\u015bci, estymowany jest poziom wybranych metali ci\u0119\u017ckich (np. Pb, Cd, Cr, Ni), Mg, N, P, K, materii organicznej, pH czy inne istotne parametry.<\/span><\/p>\n<\/div>\r\n                    <\/div>\r\n                <\/div>[\/vc_tta_section][\/vc_tta_accordion][\/vc_column][vc_column width=&#8221;1\/6&#8243;][\/vc_column][\/vc_row]<\/p>","protected":false},"excerpt":{"rendered":"<p>[vc_row][vc_column][vc_empty_space][\/vc_column][\/vc_row][vc_row][vc_column width=&#8221;1\/6&#8243;][\/vc_column][vc_column width=&#8221;4\/6&#8243;][vc_row_inner][vc_column_inner width=&#8221;1\/2&#8243;][vc_column_text] MiCoD [\/vc_column_text][\/vc_column_inner][vc_column_inner width=&#8221;1\/2&#8243;][\/vc_column_inner][\/vc_row_inner][vc_column_text el_class=&#8221;font-black&#8221;] Structure and biotechnological potential of the microbiome of burning post-mining heaps [\/vc_column_text][vc_empty_space height=&#8221;18px&#8221;][\/vc_column][vc_column width=&#8221;1\/6&#8243;][\/vc_column][\/vc_row][vc_row][vc_column width=&#8221;1\/6&#8243;][\/vc_column][vc_column width=&#8221;4\/6&#8243;][vc_row_inner][vc_column_inner][vc_column_text el_class=&#8221;foto&#8221; css=&#8221;.vc_custom_1650348413097{margin-top: 0px !important;margin-bottom: 0px !important;border-top-width: 0px !important;border-bottom-width: 0px !important;padding-top: 0px !important;padding-bottom: 0px !important;}&#8221;][\/vc_column_text][\/vc_column_inner][\/vc_row_inner][vc_column_text css=&#8221;.vc_custom_1655212462664{margin-top: 0px !important;border-top-width: 0px !important;padding-top: 15px !important;}&#8221;] Describing biological and biogeochemical processes in post-mining heaps and isolating [&#8230;]<\/p>\n<p><a class=\"btn btn-secondary understrap-read-more-link\" href=\"https:\/\/us.edu.pl\/idb\/en\/horyzonty\/micod\/\">Read More&#8230;<\/a><\/p>\n","protected":false},"author":139,"featured_media":1214,"parent":609,"menu_order":0,"comment_status":"closed","ping_status":"closed","template":"page-templates\/page-with-sidebar.php","meta":{"_expiration-date-status":"","_expiration-date":0,"_expiration-date-type":"","_expiration-date-categories":[],"_expiration-date-options":[]},"acf":[],"_links":{"self":[{"href":"https:\/\/us.edu.pl\/idb\/en\/wp-json\/wp\/v2\/pages\/1205"}],"collection":[{"href":"https:\/\/us.edu.pl\/idb\/en\/wp-json\/wp\/v2\/pages"}],"about":[{"href":"https:\/\/us.edu.pl\/idb\/en\/wp-json\/wp\/v2\/types\/page"}],"author":[{"embeddable":true,"href":"https:\/\/us.edu.pl\/idb\/en\/wp-json\/wp\/v2\/users\/139"}],"replies":[{"embeddable":true,"href":"https:\/\/us.edu.pl\/idb\/en\/wp-json\/wp\/v2\/comments?post=1205"}],"version-history":[{"count":5,"href":"https:\/\/us.edu.pl\/idb\/en\/wp-json\/wp\/v2\/pages\/1205\/revisions"}],"predecessor-version":[{"id":2076,"href":"https:\/\/us.edu.pl\/idb\/en\/wp-json\/wp\/v2\/pages\/1205\/revisions\/2076"}],"up":[{"embeddable":true,"href":"https:\/\/us.edu.pl\/idb\/en\/wp-json\/wp\/v2\/pages\/609"}],"wp:featuredmedia":[{"embeddable":true,"href":"https:\/\/us.edu.pl\/idb\/en\/wp-json\/wp\/v2\/media\/1214"}],"wp:attachment":[{"href":"https:\/\/us.edu.pl\/idb\/en\/wp-json\/wp\/v2\/media?parent=1205"}],"curies":[{"name":"wp","href":"https:\/\/api.w.org\/{rel}","templated":true}]}}