{"id":1257,"date":"2022-06-03T16:54:15","date_gmt":"2022-06-03T14:54:15","guid":{"rendered":"https:\/\/us.edu.pl\/idb\/?page_id=1257"},"modified":"2022-08-08T13:07:15","modified_gmt":"2022-08-08T11:07:15","slug":"covid-hl","status":"publish","type":"page","link":"https:\/\/us.edu.pl\/idb\/en\/horyzonty\/covid-hl\/","title":{"rendered":"Health literacy of (vice-)principals of schools during the COVID-19 pandemic"},"content":{"rendered":"<p>[vc_row][vc_column][vc_empty_space][\/vc_column][\/vc_row][vc_row][vc_column width=&#8221;1\/6&#8243;][\/vc_column][vc_column width=&#8221;4\/6&#8243;][vc_row_inner][vc_column_inner width=&#8221;1\/2&#8243;][vc_column_text]<\/p>\n<p style=\"color: white; background-color: black; display: inline-block; widthr: 30%; padding: 8px;\">COVID-HL<\/p>\n<p>[\/vc_column_text][\/vc_column_inner][vc_column_inner width=&#8221;1\/2&#8243;][\/vc_column_inner][\/vc_row_inner][vc_column_text el_class=&#8221;font-black&#8221;]<\/p>\n<p style=\"text-align: left;\"><em><span style=\"font-size: 160%; font-family: 'PT Serif';\">Health literacy of (vice-)principals of schools during the COVID-19 pandemic<\/span><\/em><\/p>\n<p>[\/vc_column_text][vc_empty_space height=&#8221;18px&#8221;][\/vc_column][vc_column width=&#8221;1\/6&#8243;][\/vc_column][\/vc_row][vc_row][vc_column width=&#8221;1\/6&#8243;][\/vc_column][vc_column width=&#8221;4\/6&#8243;][vc_row_inner][vc_column_inner][vc_column_text el_class=&#8221;foto&#8221; css=&#8221;.vc_custom_1654271912558{margin-top: 0px !important;margin-bottom: 0px !important;border-top-width: 0px !important;border-bottom-width: 0px !important;padding-top: 0px !important;padding-bottom: 0px !important;}&#8221;]<img loading=\"lazy\" class=\"alignnone wp-image-674 size-full\" src=\"http:\/\/us.edu.pl\/idb\/wp-content\/uploads\/sites\/72\/fotografie\/horyzonty\/covid-horizon-1.png\" alt=\"grafika\" width=\"8%\" height=\"auto\" \/>[\/vc_column_text][\/vc_column_inner][\/vc_row_inner][vc_column_text css=&#8221;.vc_custom_1655199880001{margin-top: 0px !important;border-top-width: 0px !important;padding-top: 15px !important;}&#8221;]<\/p>\n<p style=\"font-size: 140%; color: #000000; font-family: 'PT Sans';\">We will diagnose the health literacy of (vice-)principals of schools during the COVID-19 pandemic.<\/p>\n<p style=\"font-size: small; color: #000000; font-family: 'PT Sans';\"><em>keywords: health literacy, COVID-19 pandemic<\/em><\/p>\n<hr \/>\n<p>[\/vc_column_text][vc_column_text css=&#8221;.vc_custom_1655200000751{margin-top: 0px !important;border-top-width: 0px !important;padding-top: 0px !important;}&#8221;]<\/p>\n<p style=\"font-size: 140%; color: #000000; font-family: 'PT Sans';\">The COVID-19 pandemic affected all aspects of social life. Preventive measures undertaken in majority of countries were identical with one of them being closing educational institutions. The situation had a significant impact on the entire school community&#8217;s functioning, and the managers of these units suffered especially heavy costs.<\/p>\n<p style=\"font-size: 140%; color: #000000; font-family: 'PT Sans';\">From the management staff&#8217;s point of view, the perspective of showing the scale of problems and challenges related to the necessity of replacing the traditional model of education with the remote model will be the base for developing an adaptation and support model for managers of educational units regarding quick changes connected with an occurrence of crisis situations. Current research indicates the high level of stress related to school unit management, along with its psychological and physical consequences. This situation has been exacerbated by the COVID-19 pandemic. The research is carried out within the international consortium COVID-HL Network (COVID-19 and Health Literacy [<a href=\"http:\/\/covid-hl.eu\">covid-hl.eu<\/a>]). The developed methodology concept establishes carrying out parallel research among school managers in several dozens of countries around the world based on an identical questionnaire; thus, results comparability on an international level is ensured. The research is executed among principals and vice-principals of primary and secondary schools in 8 voivodeships in Poland via an Internet questionnaire on the LimeSurvey platform.<\/p>\n<p>[\/vc_column_text]<div class=\"container\"><div class=\"separator\" style=\"background-color: #000000\"><\/div><\/div>[\/vc_column][vc_column width=&#8221;1\/6&#8243;][\/vc_column][\/vc_row][vc_row el_class=&#8221;font-black content-mobile&#8221;][vc_column width=&#8221;1\/6&#8243;][\/vc_column][vc_column width=&#8221;5\/6&#8243;][vc_row_inner][vc_column_inner width=&#8221;1\/2&#8243;][vc_column_text css=&#8221;.vc_custom_1655200021990{margin-top: 0px !important;margin-bottom: 0px !important;border-top-width: 0px !important;border-bottom-width: 0px !important;padding-top: 0px !important;padding-right: 10px !important;padding-bottom: 0px !important;padding-left: 20px !important;}&#8221;]<small><span style=\"letter-spacing: 0.2mm; color: #333333; font-size: 100%;\">PROJECT LEADER<\/span><\/small>[\/vc_column_text][\/vc_column_inner][vc_column_inner width=&#8221;1\/2&#8243;][\/vc_column_inner][\/vc_row_inner][vc_column_text css=&#8221;.vc_custom_1655200116889{padding-left: 20px !important;}&#8221;]<span style=\"font-size: 160%; font-family: 'PT Sans';\">KARINA LEKSY<\/span><span style=\"font-size: 100%; font-family: 'PT Sans'; color: black;\">, PhD <\/span>[\/vc_column_text][vc_row_inner content_placement=&#8221;middle&#8221;][vc_column_inner width=&#8221;1\/3&#8243;][vc_column_text el_class=&#8221;foto&#8221;]<img loading=\"lazy\" class=\"alignnone wp-image-1263 size-full\" src=\"http:\/\/us.edu.pl\/idb\/wp-content\/uploads\/sites\/72\/fotografie\/horyzonty\/Karina_Leksy.jpg\" alt=\"dr Karina Leksy\" width=\"100%\" height=\"auto\" srcset=\"https:\/\/us.edu.pl\/idb\/wp-content\/uploads\/sites\/72\/fotografie\/horyzonty\/Karina_Leksy.jpg 418w, https:\/\/us.edu.pl\/idb\/wp-content\/uploads\/sites\/72\/fotografie\/horyzonty\/Karina_Leksy-150x150.jpg 150w\" sizes=\"(max-width: 418px) 100vw, 418px\" \/>[\/vc_column_text][vc_column_text css=&#8221;.vc_custom_1655200062202{margin-top: 0px !important;border-top-width: 0px !important;padding-top: 0px !important;}&#8221;]<\/p>\n<p style=\"text-align: center;\"><span style=\"color: #808080; font-size: small;\"><em>Photo from the galery of Karina Leksy, PhD<\/em><\/span><\/p>\n<p>[\/vc_column_text][\/vc_column_inner][vc_column_inner width=&#8221;2\/3&#8243;][vc_column_text css=&#8221;.vc_custom_1655200039930{margin-left: 25px !important;border-left-width: 1px !important;padding-left: 15px !important;border-left-color: #000000 !important;border-left-style: solid !important;}&#8221;]<\/p>\n<p style=\"font-size: small;\"><strong>Karina Leksy, PhD<\/strong><br \/>\nInstitute of Pedagogy<br \/>\ne-mail: <a href=\"mailto:karina.leksy@us.edu.pl\">karina.leksy@us.edu.pl<\/a><\/p>\n<p>[\/vc_column_text][\/vc_column_inner][\/vc_row_inner][vc_tta_accordion style=&#8221;flat&#8221; shape=&#8221;round&#8221; color=&#8221;black&#8221; spacing=&#8221;5&#8243; c_icon=&#8221;triangle&#8221; active_section=&#8221;0&#8243; no_fill=&#8221;true&#8221; collapsible_all=&#8221;true&#8221;][vc_tta_section title=&#8221;team members&#8221; tab_id=&#8221;covid-hl&#8221;][vc_column_text el_class=&#8221;font-black&#8221;]<\/p>\n<ul>\n<li style=\"font-size: small;\">Katarzyna Borzucka-Sitkiewicz, PhD, DLitt, Institute of Pedagogy, Faculty of Social Sciences<\/li>\n<li style=\"font-size: small;\">Rafa\u0142 Muster, PhD, DLitt, Associate Professor, Institute of Sociology, Faculty of Social Sciences<\/li>\n<\/ul>\n<p>[\/vc_column_text][\/vc_tta_section][\/vc_tta_accordion][\/vc_column][\/vc_row][vc_row][vc_column width=&#8221;1\/6&#8243;][\/vc_column][vc_column width=&#8221;5\/6&#8243; css=&#8221;.vc_custom_1650357928922{background-color: #f2f2f2 !important;}&#8221;]\r\n                <div class=\"text-modules\">\r\n                    <div class=\"container\">\r\n                        \r\n                        <div class=\"text-modules__content\"><\/p>\n<h4 style=\"padding-left: 15px;\">More about the project<\/h4>\n<p>\n<\/div>\r\n                    <\/div>\r\n                <\/div>[vc_row_inner content_placement=&#8221;top&#8221;][vc_column_inner width=&#8221;1\/2&#8243;][vc_column_text css=&#8221;.vc_custom_1659956718170{margin-bottom: 0px !important;border-bottom-width: 0px !important;padding-right: 10px !important;padding-bottom: 10px !important;padding-left: 15px !important;}&#8221;]<img loading=\"lazy\" class=\"alignnone size-medium wp-image-2155\" src=\"http:\/\/us.edu.pl\/idb\/wp-content\/uploads\/sites\/72\/fotografie\/horyzonty\/marco-fileccia-HE7_hMkqn9A-unsplash-\u2014-kopia.jpg\" alt=\"pusta klasa, na krze\u015ble wisi maseczka\" width=\"100%\" height=\"auto\" srcset=\"https:\/\/us.edu.pl\/idb\/wp-content\/uploads\/sites\/72\/fotografie\/horyzonty\/marco-fileccia-HE7_hMkqn9A-unsplash-\u2014-kopia.jpg 600w, https:\/\/us.edu.pl\/idb\/wp-content\/uploads\/sites\/72\/fotografie\/horyzonty\/marco-fileccia-HE7_hMkqn9A-unsplash-\u2014-kopia-150x150.jpg 150w, https:\/\/us.edu.pl\/idb\/wp-content\/uploads\/sites\/72\/fotografie\/horyzonty\/marco-fileccia-HE7_hMkqn9A-unsplash-\u2014-kopia-575x575.jpg 575w\" sizes=\"(max-width: 600px) 100vw, 600px\" \/>[\/vc_column_text][vc_column_text css=&#8221;.vc_custom_1659956734945{margin-top: 0px !important;border-top-width: 0px !important;padding-top: 0px !important;padding-right: 20px !important;padding-left: 20px !important;}&#8221;]<\/p>\n<p style=\"text-align: center;\"><span style=\"color: #808080; font-size: small;\"><em>Photo from Unsplash<\/em><\/span><\/p>\n<p>[\/vc_column_text][\/vc_column_inner][vc_column_inner width=&#8221;1\/2&#8243;][vc_column_text css=&#8221;.vc_custom_1659956694797{padding-right: 15px !important;padding-left: 15px !important;}&#8221;]<span style=\"color: #333333; font-size: small;\">popular science article<\/span><\/p>\n<h4><strong>We live in a society of risk<\/strong><\/h4>\n<p><span style=\"color: #333333; font-size: small;\">Silesian Research | 18 July 2022<\/span><\/p>\n<p style=\"font-size: 140%; color: #000000; font-family: 'PT Sans';\">Uncertainty or nervousness accompanied each of us during the coronavirus pandemic. We dealt with stress in various ways \u2013 sometimes better, sometimes worse. Some people used stimulants such as cigarettes or alcohol, some people gorged on sweets, and others enagaged in sports&#8230;<\/p>\n<p style=\"font-size: 140%; color: #000000; font-family: 'PT Sans'; padding-right: 15px; text-align: right;\"><a href=\"https:\/\/us.edu.pl\/en\/zyjemy-w-spoleczenstwie-ryzyka-badania-dr-kariny-leksy\/\"><em>read the article<\/em><\/a><\/p>\n<p>[\/vc_column_text][\/vc_column_inner][\/vc_row_inner][\/vc_column][\/vc_row][vc_row][vc_column width=&#8221;1\/6&#8243;][\/vc_column][vc_column width=&#8221;4\/6&#8243;]\r\n                <div class=\"text-modules\">\r\n                    <div class=\"container\">\r\n                        \r\n                        <div class=\"text-modules__content\"><\/p>\n<h4>News<\/h4>\n<p>\n<\/div>\r\n                    <\/div>\r\n                <\/div>[vc_row_inner][vc_column_inner][vc_column_text]<span style=\"color: #333333; font-size: small;\"><em>19 April 2022<\/em><\/span><\/p>\n<ol>\n<li style=\"font-size: 140%; color: #000000; font-family: 'PT Sans';\">Completing the stage of empirical data collection.<\/li>\n<li style=\"font-size: 140%; color: #000000; font-family: 'PT Sans';\">Developing the part of own research.<\/li>\n<li style=\"font-size: 140%; color: #000000; font-family: 'PT Sans';\">Registering participation in the \u201cEuropean Conference on Educational Research\u201d 2022, Yerevan, Armenia.<\/li>\n<li style=\"font-size: 140%; color: #000000; font-family: 'PT Sans';\">Registering participation in the \u201cInternational Conference on Education and New Developments\u201d 2022 Madera, Portugal.<\/li>\n<li style=\"font-size: 140%; color: #000000; font-family: 'PT Sans';\">Meeting online with international partners in order to establish collaboration and create a consortium to prepare and apply for the grant in the Horizon Europe call for proposals.<\/li>\n<li style=\"font-size: 140%; color: #000000; font-family: 'PT Sans';\">Working on publications.<\/li>\n<\/ol>\n<p>[\/vc_column_text][\/vc_column_inner][\/vc_row_inner][\/vc_column][vc_column width=&#8221;1\/6&#8243;][\/vc_column][\/vc_row][vc_row][vc_column width=&#8221;1\/6&#8243;][\/vc_column][vc_column width=&#8221;4\/6&#8243;][vc_tta_accordion style=&#8221;flat&#8221; shape=&#8221;round&#8221; color=&#8221;black&#8221; spacing=&#8221;5&#8243; c_icon=&#8221;triangle&#8221; active_section=&#8221;0&#8243; no_fill=&#8221;true&#8221; collapsible_all=&#8221;true&#8221;][vc_tta_section title=&#8221;publications and other results&#8221; tab_id=&#8221;publikacje&#8221;]\r\n                <div class=\"text-modules\">\r\n                    <div class=\"container\">\r\n                        \r\n                        <div class=\"text-modules__content\"><\/p>\n<ul>\n<li><span style=\"font-size: small;\">K. Leksy, <em>Aktywno\u015b\u0107 fizyczna dzieci i adolescent\u00f3w w czasie pandemii COVID-19: przegl\u0105d bada\u0144 i rekomendacje dla praktyki pedagogicznej.<\/em> &#8220;Problemy Opieku\u0144czo-Wychowawcze\u201d 2022, No. 1, pp. 41-53. <\/span><\/li>\n<li><span style=\"font-size: small;\">K. Leksy, K. Borzucka-Sitkiewicz: <em>The role of health literacy in protecting children and adolescents from health risks in the context of the COVID-19 Pandemic<\/em>. &#8220;Studia Edukacyjne\u201d 2021, No. 61, pp. 61-75. <\/span><\/li>\n<\/ul>\n<p>\n<\/div>\r\n                    <\/div>\r\n                <\/div>[\/vc_tta_section][\/vc_tta_accordion][\/vc_column][vc_column width=&#8221;1\/6&#8243;][\/vc_column][\/vc_row]<\/p>","protected":false},"excerpt":{"rendered":"<p>[vc_row][vc_column][vc_empty_space][\/vc_column][\/vc_row][vc_row][vc_column width=&#8221;1\/6&#8243;][\/vc_column][vc_column width=&#8221;4\/6&#8243;][vc_row_inner][vc_column_inner width=&#8221;1\/2&#8243;][vc_column_text] COVID-HL [\/vc_column_text][\/vc_column_inner][vc_column_inner width=&#8221;1\/2&#8243;][\/vc_column_inner][\/vc_row_inner][vc_column_text el_class=&#8221;font-black&#8221;] Health literacy of (vice-)principals of schools during the COVID-19 pandemic [\/vc_column_text][vc_empty_space height=&#8221;18px&#8221;][\/vc_column][vc_column width=&#8221;1\/6&#8243;][\/vc_column][\/vc_row][vc_row][vc_column width=&#8221;1\/6&#8243;][\/vc_column][vc_column width=&#8221;4\/6&#8243;][vc_row_inner][vc_column_inner][vc_column_text el_class=&#8221;foto&#8221; css=&#8221;.vc_custom_1654271912558{margin-top: 0px !important;margin-bottom: 0px !important;border-top-width: 0px !important;border-bottom-width: 0px !important;padding-top: 0px !important;padding-bottom: 0px !important;}&#8221;][\/vc_column_text][\/vc_column_inner][\/vc_row_inner][vc_column_text css=&#8221;.vc_custom_1655199880001{margin-top: 0px !important;border-top-width: 0px !important;padding-top: 15px !important;}&#8221;] We will diagnose the health literacy of (vice-)principals of schools during [&#8230;]<\/p>\n<p><a class=\"btn btn-secondary understrap-read-more-link\" href=\"https:\/\/us.edu.pl\/idb\/en\/horyzonty\/covid-hl\/\">Read More&#8230;<\/a><\/p>\n","protected":false},"author":139,"featured_media":1264,"parent":609,"menu_order":0,"comment_status":"closed","ping_status":"closed","template":"page-templates\/page-with-sidebar.php","meta":{"_expiration-date-status":"","_expiration-date":0,"_expiration-date-type":"","_expiration-date-categories":[],"_expiration-date-options":[]},"acf":[],"_links":{"self":[{"href":"https:\/\/us.edu.pl\/idb\/en\/wp-json\/wp\/v2\/pages\/1257"}],"collection":[{"href":"https:\/\/us.edu.pl\/idb\/en\/wp-json\/wp\/v2\/pages"}],"about":[{"href":"https:\/\/us.edu.pl\/idb\/en\/wp-json\/wp\/v2\/types\/page"}],"author":[{"embeddable":true,"href":"https:\/\/us.edu.pl\/idb\/en\/wp-json\/wp\/v2\/users\/139"}],"replies":[{"embeddable":true,"href":"https:\/\/us.edu.pl\/idb\/en\/wp-json\/wp\/v2\/comments?post=1257"}],"version-history":[{"count":10,"href":"https:\/\/us.edu.pl\/idb\/en\/wp-json\/wp\/v2\/pages\/1257\/revisions"}],"predecessor-version":[{"id":2184,"href":"https:\/\/us.edu.pl\/idb\/en\/wp-json\/wp\/v2\/pages\/1257\/revisions\/2184"}],"up":[{"embeddable":true,"href":"https:\/\/us.edu.pl\/idb\/en\/wp-json\/wp\/v2\/pages\/609"}],"wp:featuredmedia":[{"embeddable":true,"href":"https:\/\/us.edu.pl\/idb\/en\/wp-json\/wp\/v2\/media\/1264"}],"wp:attachment":[{"href":"https:\/\/us.edu.pl\/idb\/en\/wp-json\/wp\/v2\/media?parent=1257"}],"curies":[{"name":"wp","href":"https:\/\/api.w.org\/{rel}","templated":true}]}}