{"id":1296,"date":"2022-06-03T18:14:15","date_gmt":"2022-06-03T16:14:15","guid":{"rendered":"https:\/\/us.edu.pl\/idb\/?page_id=1296"},"modified":"2022-06-30T14:21:06","modified_gmt":"2022-06-30T12:21:06","slug":"pocobongo","status":"publish","type":"page","link":"https:\/\/us.edu.pl\/idb\/en\/horyzonty\/pocobongo\/","title":{"rendered":"Post-COVID-19 rehabilitation based on serious games methodology"},"content":{"rendered":"<p>[vc_row disable_element=&#8221;yes&#8221;][vc_column][vc_empty_space][\/vc_column][\/vc_row][vc_row][vc_column width=&#8221;1\/6&#8243;][\/vc_column][vc_column width=&#8221;4\/6&#8243;][vc_row_inner][vc_column_inner width=&#8221;1\/2&#8243;][vc_column_text]<\/p>\n<p style=\"color: white; background-color: black; display: inline-block; widthr: 30%; padding: 8px;\">PoCoBonGo<\/p>\n<p>[\/vc_column_text][\/vc_column_inner][vc_column_inner width=&#8221;1\/2&#8243;][\/vc_column_inner][\/vc_row_inner][vc_column_text el_class=&#8221;font-black&#8221;]<\/p>\n<p style=\"text-align: left;\"><em><span style=\"font-size: 160%; font-family: 'PT Serif';\">Post-COVID-19 rehabilitation based on serious games methodology<\/span><\/em><\/p>\n<p>[\/vc_column_text][vc_empty_space height=&#8221;18px&#8221;][\/vc_column][vc_column width=&#8221;1\/6&#8243;][\/vc_column][\/vc_row][vc_row][vc_column width=&#8221;1\/6&#8243;][\/vc_column][vc_column width=&#8221;4\/6&#8243;][vc_row_inner][vc_column_inner][vc_column_text el_class=&#8221;foto&#8221; css=&#8221;.vc_custom_1655110207274{margin-top: 0px !important;margin-bottom: 0px !important;border-top-width: 0px !important;border-bottom-width: 0px !important;padding-top: 0px !important;padding-bottom: 0px !important;}&#8221;]<img loading=\"lazy\" class=\"alignnone wp-image-674 size-full\" src=\"http:\/\/us.edu.pl\/idb\/wp-content\/uploads\/sites\/72\/fotografie\/horyzonty\/covid-horizon-1.png\" alt=\"grafika\" width=\"8%\" height=\"auto\" \/>[\/vc_column_text][\/vc_column_inner][\/vc_row_inner][vc_column_text css=&#8221;.vc_custom_1655113268913{margin-top: 0px !important;border-top-width: 0px !important;padding-top: 15px !important;}&#8221;]<\/p>\n<p style=\"font-size: 140%; color: #000000; font-family: 'PT Sans';\">Using games to mitigate the deterioration of cognitive functions and improve the affective state after suffering from COVID-19.<\/p>\n<p style=\"font-size: small; color: #000000; font-family: 'PT Sans';\"><em>COVID-19, logic games, rehabilitation, biofeedback, COVID fog<\/em><\/p>\n<hr \/>\n<p>[\/vc_column_text][vc_column_text css=&#8221;.vc_custom_1655110552801{margin-top: 0px !important;border-top-width: 0px !important;padding-top: 0px !important;}&#8221;]<\/p>\n<p style=\"font-size: 140%; color: #000000; font-family: 'PT Sans';\"><span class=\"NormalTextRun SCXW47130908 BCX8\">The main goal of the research project is to determine which constructive elements of analogue games have therapeutic advantages for cognitive, affective, and social functions impaired by conditions of living in isolation (e.g. due to the pandemic). The actions are consistent with the scope of the Priority Research Areas: Harmonious Human Development \u2013 concern for health protection and quality of life.<\/span><\/p>\n<p style=\"font-size: 140%; color: #000000; font-family: 'PT Sans';\"><span class=\"NormalTextRun SCXW47130908 BCX8\">During the pandemic, board games were one of the ludic methods providing people working in front of computers with a \u201cdigital detox\u201d.\u00a0 Along with the increase of remote work significance, in 2020 only, the analogue games market recorded a 20% income increase even despite logistic problems in shipments from China, where many components are manufactured.<\/span><\/p>\n<p style=\"font-size: 140%; color: #000000; font-family: 'PT Sans';\"><span class=\"NormalTextRun SCXW47130908 BCX8\">At the same time, in the scope of education and psychology, the reflection on designing games as specifically directed at the psychological functioning prophylaxis in regard to living in isolation is a technically non-existent field. In our project, we want to start a reliable reflection over the usage of particular mechanisms applied in board games as elements influencing three basic parameters impaired during pandemic situations and isolation in general. It refers to cognitive functions, affective states and interpersonal communication.<\/span><\/p>\n<p style=\"font-size: 140%; color: #000000; font-family: 'PT Sans';\"><span class=\"NormalTextRun SCXW47130908 BCX8\">Thanks to the results of research, the community of board game designers will receive additional invaluable information on design mechanisms, which bring the best effects in terms of improving particular psychological parameters. Based on that, they will be able to equip their products in a way these products can serve people the best.<\/span><\/p>\n<p>[\/vc_column_text]<div class=\"container\"><div class=\"separator\" style=\"background-color: #000000\"><\/div><\/div>[\/vc_column][vc_column width=&#8221;1\/6&#8243;][\/vc_column][\/vc_row][vc_row el_class=&#8221;font-black content-mobile&#8221;][vc_column width=&#8221;1\/6&#8243;][\/vc_column][vc_column width=&#8221;5\/6&#8243;][vc_row_inner][vc_column_inner width=&#8221;1\/2&#8243;][vc_column_text css=&#8221;.vc_custom_1655110809361{margin-top: 0px !important;margin-bottom: 0px !important;border-top-width: 0px !important;border-bottom-width: 0px !important;padding-top: 0px !important;padding-right: 10px !important;padding-bottom: 0px !important;padding-left: 20px !important;}&#8221;]<small><span style=\"letter-spacing: 0.2mm; color: #333333; font-size: 100%;\">PROJECT LEADER<\/span><\/small>[\/vc_column_text][\/vc_column_inner][vc_column_inner width=&#8221;1\/2&#8243;][\/vc_column_inner][\/vc_row_inner][vc_column_text css=&#8221;.vc_custom_1655110855044{padding-left: 20px !important;}&#8221;]<span style=\"font-size: 160%; font-family: 'PT Sans';\">TOMASZ KOPCZY\u0143SKI, <\/span><span style=\"font-size: 100%; font-family: 'PT Sans';\">PhD<\/span>[\/vc_column_text][vc_row_inner content_placement=&#8221;middle&#8221;][vc_column_inner width=&#8221;1\/3&#8243;][vc_column_text el_class=&#8221;foto&#8221;]<img loading=\"lazy\" class=\"alignnone size-medium wp-image-1438\" src=\"http:\/\/us.edu.pl\/idb\/wp-content\/uploads\/sites\/72\/fotografie\/horyzonty\/IMGP3177-600x600.jpg\" alt=\"dr Tomasz Kopczy\u0144ski\" width=\"100%\" height=\"auto\" srcset=\"https:\/\/us.edu.pl\/idb\/wp-content\/uploads\/sites\/72\/fotografie\/horyzonty\/IMGP3177.jpg 600w, https:\/\/us.edu.pl\/idb\/wp-content\/uploads\/sites\/72\/fotografie\/horyzonty\/IMGP3177-150x150.jpg 150w, https:\/\/us.edu.pl\/idb\/wp-content\/uploads\/sites\/72\/fotografie\/horyzonty\/IMGP3177-575x575.jpg 575w\" sizes=\"(max-width: 600px) 100vw, 600px\" \/>[\/vc_column_text][vc_column_text css=&#8221;.vc_custom_1655111122057{margin-top: 0px !important;border-top-width: 0px !important;padding-top: 0px !important;}&#8221;]<\/p>\n<p style=\"text-align: center;\"><span style=\"color: #808080; font-size: small;\"><em>Photo from the gallery of Tomasz Kopczy\u0144ski, PhD<\/em><\/span><\/p>\n<p>[\/vc_column_text][\/vc_column_inner][vc_column_inner width=&#8221;2\/3&#8243;][vc_column_text css=&#8221;.vc_custom_1655111100610{margin-left: 25px !important;border-left-width: 1px !important;padding-left: 15px !important;border-left-color: #000000 !important;border-left-style: solid !important;}&#8221;]<\/p>\n<p style=\"font-size: small;\"><strong>Tomasz Kopczy\u0144ski, PhD<\/strong><br \/>\nInstitute of Pedagogy<br \/>\ne-mail: <a href=\"mailto:tomasz.kopczynski@us.edu.pl\">tomasz.kopczynski@us.edu.pl<\/a><\/p>\n<p>[\/vc_column_text][\/vc_column_inner][\/vc_row_inner][vc_tta_accordion style=&#8221;flat&#8221; shape=&#8221;round&#8221; color=&#8221;black&#8221; spacing=&#8221;5&#8243; c_icon=&#8221;triangle&#8221; active_section=&#8221;0&#8243; no_fill=&#8221;true&#8221; collapsible_all=&#8221;true&#8221;][vc_tta_section title=&#8221;team members&#8221; tab_id=&#8221;lifeindust&#8221;][vc_column_text el_class=&#8221;font-black&#8221;]<\/p>\n<ul>\n<li style=\"font-size: small;\">Andrzej Swinarew, PhD, DSc, Associate Professor<\/li>\n<li style=\"font-size: small;\">Arkadiusz Rojczyk, PhD, DLitt, Associate Professore<\/li>\n<li style=\"font-size: small;\">Pawe\u0142 Janik, PhD<\/li>\n<li style=\"font-size: small;\">Maciej Bo\u017cek, PhD<\/li>\n<\/ul>\n<p style=\"font-size: small;\">International Consultants<\/p>\n<p style=\"font-size: small;\">Prof. Martin PETREK, MD, PhD. Specialisation: pathophysiology. Research field: immunology and genetics of respiratory diseases. Institute of Molecular and Translational Medicine. Associate Professor.<\/p>\n<p style=\"font-size: small;\">Branislav Gerazov, Faculty of Electrical Engineering and Information Technologies, Ss Cyril and Methodius University in Skopje, Macedonia. Field of interest: speech and audio processing, machine learning, biomedical electronics and signal processing, acoustics.<\/p>\n<p>[\/vc_column_text][\/vc_tta_section][\/vc_tta_accordion][\/vc_column][\/vc_row][vc_row][vc_column width=&#8221;1\/6&#8243;][\/vc_column][vc_column width=&#8221;5\/6&#8243; css=&#8221;.vc_custom_1650357928922{background-color: #f2f2f2 !important;}&#8221;]\r\n                <div class=\"text-modules\">\r\n                    <div class=\"container\">\r\n                        \r\n                        <div class=\"text-modules__content\"><\/p>\n<h4 style=\"padding-left: 15px;\">More about the project<\/h4>\n<p>\n<\/div>\r\n                    <\/div>\r\n                <\/div>[vc_row_inner content_placement=&#8221;top&#8221;][vc_column_inner width=&#8221;1\/2&#8243;][vc_column_text css=&#8221;.vc_custom_1656411608533{margin-bottom: 0px !important;border-bottom-width: 0px !important;padding-right: 10px !important;padding-bottom: 10px !important;padding-left: 15px !important;}&#8221;]<img loading=\"lazy\" class=\"size-medium wp-image-1998\" src=\"http:\/\/us.edu.pl\/idb\/wp-content\/uploads\/sites\/72\/fotografie\/horyzonty\/pexels-othmar-vigl-792051-600x600.jpg\" alt=\"pionki do gry \/\/ board game pawns\" width=\"100%\" height=\"auto\" srcset=\"https:\/\/us.edu.pl\/idb\/wp-content\/uploads\/sites\/72\/fotografie\/horyzonty\/pexels-othmar-vigl-792051-600x600.jpg 600w, https:\/\/us.edu.pl\/idb\/wp-content\/uploads\/sites\/72\/fotografie\/horyzonty\/pexels-othmar-vigl-792051-150x150.jpg 150w, https:\/\/us.edu.pl\/idb\/wp-content\/uploads\/sites\/72\/fotografie\/horyzonty\/pexels-othmar-vigl-792051-575x575.jpg 575w, https:\/\/us.edu.pl\/idb\/wp-content\/uploads\/sites\/72\/fotografie\/horyzonty\/pexels-othmar-vigl-792051.jpg 640w\" sizes=\"(max-width: 600px) 100vw, 600px\" \/><\/p>\n<p>[\/vc_column_text][vc_column_text css=&#8221;.vc_custom_1656411541748{margin-top: 0px !important;border-top-width: 0px !important;padding-top: 0px !important;padding-right: 20px !important;padding-left: 20px !important;}&#8221;]<\/p>\n<p style=\"text-align: center;\"><span style=\"color: #808080; font-size: small;\"><em>Photo from Pexels<\/em><\/span><\/p>\n<p>[\/vc_column_text][\/vc_column_inner][vc_column_inner width=&#8221;1\/2&#8243;][vc_column_text css=&#8221;.vc_custom_1656411498482{padding-right: 15px !important;padding-left: 15px !important;}&#8221;]<span style=\"color: #333333; font-size: small;\">popular science article<\/span><\/p>\n<h4><strong>Analogue games as the cure for post-COVID fog<\/strong><\/h4>\n<p><span style=\"color: #333333; font-size: small;\">Silesian Research | 20 June 2022<\/span><\/p>\n<p style=\"font-size: 140%; color: #000000; font-family: 'PT Sans';\">Many people who suffered from COVID-19 complain of brain fog. It is a syndrome of neurological symptoms consisting of, e.g. impaired concentration and short-term memory, disorientation, and fatigue. Brain fog can occur in various diseases such as auto-immune diseases, borreliosis, neurosis, or chronic fatigue syndrome. Recently, it is often heard as a complication after suffering from COVID-19. Isolation during the pandemic has caused impairment in cognitive, affective, and social functions in many people&#8230;<\/p>\n<p style=\"font-size: 140%; color: #000000; font-family: 'PT Sans'; padding-right: 15px; text-align: right;\"><a href=\"https:\/\/us.edu.pl\/en\/gry-analogowe-lekarstwem-na-mgle-pocovidowa-badania-dr-t-kopczynskiego\/\"><em>read the article<\/em><\/a><\/p>\n<p>[\/vc_column_text][\/vc_column_inner][\/vc_row_inner][\/vc_column][\/vc_row][vc_row][vc_column width=&#8221;1\/6&#8243;][\/vc_column][vc_column width=&#8221;4\/6&#8243;]\r\n                <div class=\"text-modules\">\r\n                    <div class=\"container\">\r\n                        \r\n                        <div class=\"text-modules__content\"><\/p>\n<h4>News<\/h4>\n<p>\n<\/div>\r\n                    <\/div>\r\n                <\/div>[vc_row_inner][vc_column_inner][vc_column_text]<span style=\"color: #333333; font-size: small;\"><em>19 April 2022<\/em><\/span><\/p>\n<p style=\"font-size: 140%; color: #000000; font-family: 'PT Sans';\">Completing the stage of prototyping a logic game and its first playtests.<\/p>\n<p>[\/vc_column_text]\r\n                <div class=\"text-modules\">\r\n                    <div class=\"container\">\r\n                        \r\n                        <div class=\"text-modules__content\"><\/p>\n<p style=\"text-align: center;\"><img loading=\"lazy\" class=\"alignnone wp-image-1310 size-full\" src=\"http:\/\/us.edu.pl\/idb\/wp-content\/uploads\/sites\/72\/fotografie\/horyzonty\/prototyp.jpg\" alt=\"9 plansz, kilka pionk\u00f3w, kilka kostek do gry\" width=\"80%\" height=\"auto\" srcset=\"https:\/\/us.edu.pl\/idb\/wp-content\/uploads\/sites\/72\/fotografie\/horyzonty\/prototyp.jpg 800w, https:\/\/us.edu.pl\/idb\/wp-content\/uploads\/sites\/72\/fotografie\/horyzonty\/prototyp-600x450.jpg 600w, https:\/\/us.edu.pl\/idb\/wp-content\/uploads\/sites\/72\/fotografie\/horyzonty\/prototyp-768x576.jpg 768w, https:\/\/us.edu.pl\/idb\/wp-content\/uploads\/sites\/72\/fotografie\/horyzonty\/prototyp-575x431.jpg 575w\" sizes=\"(max-width: 800px) 100vw, 800px\" \/><\/p>\n<p>\n<\/div>\r\n                    <\/div>\r\n                <\/div>[vc_column_text css=&#8221;.vc_custom_1655111806513{margin-top: 0px !important;border-top-width: 0px !important;padding-top: 0px !important;}&#8221;]<\/p>\n<p style=\"text-align: center;\"><span style=\"color: #808080; font-size: small;\"><em>Photo from the gallery of Tomasz Kopczy\u0144ski, PhD<\/em><\/span><\/p>\n<p>[\/vc_column_text][\/vc_column_inner][\/vc_row_inner][\/vc_column][vc_column width=&#8221;1\/6&#8243;][\/vc_column][\/vc_row][vc_row][vc_column][vc_column_text]<br \/>\n[\/vc_column_text][\/vc_column][vc_column width=&#8221;1\/6&#8243;][\/vc_column][\/vc_row][vc_row disable_element=&#8221;yes&#8221;][vc_column width=&#8221;1\/6&#8243;][\/vc_column][vc_column width=&#8221;4\/6&#8243;][vc_tta_accordion style=&#8221;flat&#8221; shape=&#8221;round&#8221; color=&#8221;black&#8221; spacing=&#8221;5&#8243; c_icon=&#8221;triangle&#8221; active_section=&#8221;0&#8243; no_fill=&#8221;true&#8221; collapsible_all=&#8221;true&#8221;][vc_tta_section title=&#8221;publikacje i inne rezultaty&#8221; tab_id=&#8221;publikacje&#8221;]\r\n                <div class=\"text-modules\">\r\n                    <div class=\"container\">\r\n                        \r\n                        <div class=\"text-modules__content\"><p><span style=\"font-size: small;\">Trwaj\u0105 badania dotycz\u0105ce pejza\u017cu d\u017awi\u0119kowego tworzonego wsp\u00f3\u0142cze\u015bnie i historycznie w wybranych terenach nad Raw\u0105 (z uwzgl\u0119dnieniem audiosfery Szopienic). Pejza\u017c d\u017awi\u0119kowy dostarcza\u0107 mo\u017ce bowiem informacji na temat stanu ekologicznego samej rzeki, jej atrakcyjno\u015bci dla organizowania wydarze\u0144 artystycznych w przestrzeni spo\u0142ecznej, a tak\u017ce mo\u017cliwego potencja\u0142u w zakresie planowania przestrzennego miasta. Postawiono pytania o jako\u015b\u0107 audiosfery nad Raw\u0105, a tak\u017ce o to czy pejza\u017c d\u017awi\u0119kowy znad Rawy nale\u017cy do pejza\u017cu \u017cyczeniowego i wyobra\u017ceniowego czy jednak autentycznego.<\/span><\/p>\n<p><span style=\"font-size: small;\">Trwaj\u0105 badania nad rozpoznaniem stosunk\u00f3w wodnych w zlewni Rawy \u2013 stan obecny i prognoza. Celem zadania jest rozpoznanie uk\u0142adu kr\u0105\u017cenia w\u00f3dy w zlewni Rawy i bilansu wodnego, identyfikacja i okre\u015blenie \u017ar\u00f3de\u0142 zasilania rzeki, w szczeg\u00f3lno\u015bci ocena udzia\u0142u w\u00f3d z dop\u0142ywu quasi-naturalnego, a tak\u017ce okre\u015blenie udzia\u0142u czynnik\u00f3w kszta\u0142tuj\u0105cych stan chemiczny i ekologiczny w\u00f3d w rzece. Badania b\u0119d\u0105 obejmowa\u0142y wykonanie numerycznego modelu hydrologicznego zlewni Rawy oraz opr\u00f3bowanie i badania laboratoryjne w\u00f3d rzeki Rawy: badania fizykochemiczne, biologiczne i izotopowe. Badaniami b\u0119dzie obj\u0119ta zlewnia rzeki Rawy oraz staw Hubertus IV odgrywaj\u0105cy istotn\u0105 rol\u0119 w kszta\u0142towaniu stosunk\u00f3w wodnych w tym obszarze.<\/span><\/p>\n<p><span style=\"font-size: small;\">Trwaj\u0105 badania geochemiczne i mineralogiczne badania gleb na terenie Szopienic Rejony: dawnej huty Uthemans, Wilhelminy, ulicy Szabelnianej, rejonie stawu Hubertus 4 oraz s\u0105siedztwa Huty Metali Nie\u017celaznych. W celu rozpoznania i identyfikacji metalono\u015bnych minera\u0142\u00f3w zawieraj\u0105cych w swojej strukturze potencjalnie toksyczne pierwiastki np.: o\u0142\u00f3w, cynk, kadm, tal, \u017celazo, mangan, arsen, antymon w nieregularnej siatce zosta\u0142o pobranych kilkadziesi\u0105t pr\u00f3bek z wierzchnich warstw gleby (0-0,3m).<\/span><\/p>\n<p><span style=\"font-size: small;\">1. Pr\u00f3bki zostan\u0105 zbadane metodami ICP-ES\/MS w celu oznaczenia zawarto\u015bci pierwiastk\u00f3w. Laboratorium Bureau Veritas w Kanadzie wg. procedur np. MA 270, MA250 oraz Laboratorium WNP U\u015a \u2013 ASA.<\/span><\/p>\n<p><span style=\"font-size: small;\">2. Badania przy u\u017cyciu mikroskopu skaningowego Thermo Scientific Quanta 250 w Laboratorium Instytutu Nauk o Ziemi U\u015a. Analiza obraz\u00f3w BSE i widm EDS pozwoli na identyfikacj\u0119 faz metalono\u015bnych. Obraz BSE\/EDS fazy pohutniczej. (Wg. Caba\u0142a et al. 2021)<\/span><\/p>\n<p><span style=\"color: #333333;\">3. Badania rentgenostrukturlne XRD przy u\u017cyciu dyfraktometru Philips PW 3710 (Laboratorium WNP, INoZ U\u015a) umo\u017cliwi\u0105 rozpoznanie sk\u0142adu mineralnego gleb.<\/span><\/p>\n<p><span style=\"font-size: small;\">Trwaj\u0105 badania nad prze\u015bledzeniem dr\u00f3g uprzemys\u0142owienia i urbanizacji dwu dzielnic obecnych Katowic: Ro\u017adzienia i Szopienic, kt\u00f3rych losy s\u0105 nieroz\u0142\u0105cznie splecione z g\u00f3rnictwem w\u0119gla kamiennego i hutnictwem cynku. Przygotowywany jest tekst obrazuj\u0105cy wp\u0142yw industrializacji na \u015brodowisko i zmiany przestrzeni zwi\u0105zane z post\u0119puj\u0105c\u0105 urbanizacj\u0105. W badaniach historycznych podj\u0119ty zostanie tak\u017ce problem oddzia\u0142ywania organizacji pa\u0144stwowej na warunki dzia\u0142ania przemys\u0142u. Wp\u0142yw pa\u0144stwa zauwa\u017calny jest jeszcze przed rozpocz\u0119ciem produkcji cynku w Szopienicach. Dotyczy to warunk\u00f3w dzia\u0142ania g\u0142\u00f3wnego producenta \u2013 sp\u00f3\u0142ki Georg von Giesche\u2019s Erben, kt\u00f3rej pocz\u0105tki si\u0119gaj\u0105 pocz\u0105tk\u00f3w XVIII wieku. Planujemy tak\u017ce zebranie i analiz\u0119 danych dotycz\u0105cych d\u0142ugo\u015bci \u017cycia mieszka\u0144c\u00f3w Ro\u017adzienia i Szopienic na podstawie ksi\u0105g parafialnych oraz akt stany cywilnego.<\/span><\/p>\n<p><span style=\"font-size: small;\">Trwa analiza przemian w zakresie zagospodarowania przestrzennego w rejonie Szopienic i Ro\u017adzienia w perspektywie dynamicznej. Industrializacja tej cz\u0119\u015bci G\u00f3rnego \u015al\u0105ska, kt\u00f3ra oparta by\u0142a na hutnictwie cynku i o\u0142owiu ukszta\u0142towa\u0142a do\u015b\u0107 specyficzny \u2013 heterogeniczny funkcjonalnie obszar wsp\u00f3\u0142czesnej konurbacji miejskiej. Badania skupiaj\u0105 si\u0119 nad kluczowymi determinantami kszta\u0142towania si\u0119 tego obszaru oraz wyzwaniami planistyczno-strategicznymi stoj\u0105cymi przed t\u0105 cz\u0119\u015bci\u0105 wsp\u00f3\u0142czesnych Katowic.<\/span><\/p>\n<p><span style=\"font-size: small;\">Trwaj\u0105 badania literaturoznawcze dotycz\u0105ce rzeki Rawy i Szopienic. Oto ich fragment: \u201eRawa jest rzek\u0105 po ko\u0144cu \u015bwiata \u2013 w pojedynku z lud\u017ami ponios\u0142a ona kl\u0119sk\u0119 i zosta\u0142a zamieniona w \u015bciek. Ale i \u015bwiat rewolucji przemys\u0142owej, kt\u00f3ry j\u0105 zniszczy\u0142, sam zosta\u0142 zniszczony i obr\u00f3cony w ruin\u0119. W aktualnej sytuacji Rawa jest pozosta\u0142o\u015bci\u0105 po heroicznych zmaganiach nowoczesnego \u015bwiata. Mo\u017ce by\u0107 \u017cywym pomnikiem antropocenu, cho\u0107 \u017cycie w niej i wok\u00f3\u0142 w niej powraca powoli i nie\u015bmia\u0142o. B\u0119dzie to pomnik rozci\u0105gni\u0119ty na prawie dwadzie\u015bcia kilometr\u00f3w, kt\u00f3rego pocz\u0105tkowe odcinki wyznaczaj\u0105 rury kanalizacyjne, widmowa (nie)obecno\u015b\u0107 w \u015awi\u0119toch\u0142owicach i Chorzowie, cicha skryto\u015b\u0107 pomi\u0119dzy stawami czy symulacyjna obecno\u015b\u0107 na rynku w Katowicach. Te r\u00f3\u017cne formy (nie)obecno\u015bci rzeki mog\u0105 by\u0107 znakami, kt\u00f3re odsy\u0142aj\u0105 do skomplikowanej historii rewolucji przemys\u0142owej, zamieniaj\u0105cej rzeki w \u015bciek, a ziemi\u0119 w pustyni\u0119.\u201d<\/span><\/p>\n<p><span style=\"font-size: small;\">Interesuj\u0105ce s\u0105 wst\u0119pne wyniki bada\u0144 biologicznych. Oto ich fragment: \u201eZanieczyszczone miejsca mo\u017cna uzna\u0107 za rezerwuary rodzimych ro\u015blin tolerancyjnych i\u202fbioakumuluj\u0105cych metale ci\u0119\u017ckie w\u202fr\u00f3\u017cnych zakresach. Rodzime gatunki ro\u015blin, kt\u00f3re pierwsze kolonizuj\u0105 takie tereny, mog\u0105 by\u0107 cennymi bioindykatorami i\u202fbioakumulatorami metali ci\u0119\u017ckich na tych obszarach. Ro\u015bliny zdolne do zasiedlania zar\u00f3wno \u015brodowisk zanieczyszczonych, jak i\u202fniezanieczyszczonych metalami ci\u0119\u017ckimi nazywane s\u0105 przez biolog\u00f3w pseudometalofitami, w\u202fodr\u00f3\u017cnieniu od metalofit\u00f3w ca\u0142kowitych (obligatoryjnych), wyst\u0119puj\u0105cych tylko na terenach wzbogaconych w\u202fmetale. Metalofity kolonizuj\u0105ce gleby bogate w\u202fmetale ci\u0119\u017ckie to ro\u015bliny przystosowane do \u017cycia w obecno\u015bci wysokich st\u0119\u017ce\u0144 takich metali, ale te\u017c do trudnych warunk\u00f3w siedliskowych.\u201d<\/span><\/p>\n<p><span style=\"font-size: small;\">Trwaj\u0105 badania socjologiczne dotycz\u0105ce rekonstrukcji do\u015bwiadcze\u0144 \u017cyciowych mieszka\u0144c\u00f3w Szopienic w okresie powojennym zwi\u0105zanych z zamieszkiwaniem na obszarze ska\u017conym o\u0142owiem oraz prac\u0105 w hucie metali nie\u017celaznych. W realizowanych badaniach szczeg\u00f3lne znaczenie przywi\u0105zywane jest do do\u015bwiadcze\u0144 \u201eo\u0142owianych dzieci&#8221;. Punktem zainteresowa\u0144 jest pami\u0119\u0107 zbiorowa szopieniczan o \u017cyciu w cieniu huty. W tym celu prowadzone s\u0105 wywiady z osobami mieszkaj\u0105cymi w Szopienicach.<\/span><\/p>\n<p><span style=\"font-size: small;\">Trwaj\u0105 badania z wykorzystaniem technik spektroskopowych, takich jak spektroskopia w zakresie \u015bwiat\u0142a widzialnego i w zakresie bliskiej podczerwieni do szybkiej kontroli kondycji gleb. Ponadto, wdra\u017cane jest podej\u015bcie obrazowania hiperspektralnego do efektywnego monitorowania jako\u015bci gleb, docelowo z wykorzystaniem pomiar\u00f3w w trybie zdalnym, tj. pozwalaj\u0105cym monitorowa\u0107 wybrany obszar z powietrza za pomoc\u0105 dron\u00f3w. Na podstawie spektroskopowych odcisk\u00f3w palca gleb uprawnych i gleb z teren\u00f3w ska\u017conych, w szczeg\u00f3lno\u015bci, estymowany jest poziom wybranych metali ci\u0119\u017ckich (np. Pb, Cd, Cr, Ni), Mg, N, P, K, materii organicznej, pH czy inne istotne parametry.<\/span><\/p>\n<\/div>\r\n                    <\/div>\r\n                <\/div>[\/vc_tta_section][\/vc_tta_accordion][\/vc_column][vc_column width=&#8221;1\/6&#8243;][\/vc_column][\/vc_row]<\/p>","protected":false},"excerpt":{"rendered":"<p>[vc_row disable_element=&#8221;yes&#8221;][vc_column][vc_empty_space][\/vc_column][\/vc_row][vc_row][vc_column width=&#8221;1\/6&#8243;][\/vc_column][vc_column width=&#8221;4\/6&#8243;][vc_row_inner][vc_column_inner width=&#8221;1\/2&#8243;][vc_column_text] PoCoBonGo [\/vc_column_text][\/vc_column_inner][vc_column_inner width=&#8221;1\/2&#8243;][\/vc_column_inner][\/vc_row_inner][vc_column_text el_class=&#8221;font-black&#8221;] Post-COVID-19 rehabilitation based on serious games methodology [\/vc_column_text][vc_empty_space height=&#8221;18px&#8221;][\/vc_column][vc_column width=&#8221;1\/6&#8243;][\/vc_column][\/vc_row][vc_row][vc_column width=&#8221;1\/6&#8243;][\/vc_column][vc_column width=&#8221;4\/6&#8243;][vc_row_inner][vc_column_inner][vc_column_text el_class=&#8221;foto&#8221; css=&#8221;.vc_custom_1655110207274{margin-top: 0px !important;margin-bottom: 0px !important;border-top-width: 0px !important;border-bottom-width: 0px !important;padding-top: 0px !important;padding-bottom: 0px !important;}&#8221;][\/vc_column_text][\/vc_column_inner][\/vc_row_inner][vc_column_text css=&#8221;.vc_custom_1655113268913{margin-top: 0px !important;border-top-width: 0px !important;padding-top: 15px !important;}&#8221;] Using games to mitigate the deterioration of cognitive functions and improve the affective [&#8230;]<\/p>\n<p><a class=\"btn btn-secondary understrap-read-more-link\" href=\"https:\/\/us.edu.pl\/idb\/en\/horyzonty\/pocobongo\/\">Read More&#8230;<\/a><\/p>\n","protected":false},"author":139,"featured_media":1310,"parent":609,"menu_order":0,"comment_status":"closed","ping_status":"closed","template":"page-templates\/page-with-sidebar.php","meta":{"_expiration-date-status":"","_expiration-date":0,"_expiration-date-type":"","_expiration-date-categories":[],"_expiration-date-options":[]},"acf":[],"_links":{"self":[{"href":"https:\/\/us.edu.pl\/idb\/en\/wp-json\/wp\/v2\/pages\/1296"}],"collection":[{"href":"https:\/\/us.edu.pl\/idb\/en\/wp-json\/wp\/v2\/pages"}],"about":[{"href":"https:\/\/us.edu.pl\/idb\/en\/wp-json\/wp\/v2\/types\/page"}],"author":[{"embeddable":true,"href":"https:\/\/us.edu.pl\/idb\/en\/wp-json\/wp\/v2\/users\/139"}],"replies":[{"embeddable":true,"href":"https:\/\/us.edu.pl\/idb\/en\/wp-json\/wp\/v2\/comments?post=1296"}],"version-history":[{"count":11,"href":"https:\/\/us.edu.pl\/idb\/en\/wp-json\/wp\/v2\/pages\/1296\/revisions"}],"predecessor-version":[{"id":2083,"href":"https:\/\/us.edu.pl\/idb\/en\/wp-json\/wp\/v2\/pages\/1296\/revisions\/2083"}],"up":[{"embeddable":true,"href":"https:\/\/us.edu.pl\/idb\/en\/wp-json\/wp\/v2\/pages\/609"}],"wp:featuredmedia":[{"embeddable":true,"href":"https:\/\/us.edu.pl\/idb\/en\/wp-json\/wp\/v2\/media\/1310"}],"wp:attachment":[{"href":"https:\/\/us.edu.pl\/idb\/en\/wp-json\/wp\/v2\/media?parent=1296"}],"curies":[{"name":"wp","href":"https:\/\/api.w.org\/{rel}","templated":true}]}}