{"id":553,"date":"2020-10-16T15:46:10","date_gmt":"2020-10-16T13:46:10","guid":{"rendered":"https:\/\/us.edu.pl\/idb\/?page_id=553"},"modified":"2022-03-23T15:48:41","modified_gmt":"2022-03-23T14:48:41","slug":"cele-idb","status":"publish","type":"page","link":"https:\/\/us.edu.pl\/idb\/en\/cele-idb\/","title":{"rendered":"Goals of Research Excellence Initiative"},"content":{"rendered":"<p>[vc_row el_class=&#8221;container&#8221;][vc_column][vc_empty_space]\r\n                <div class=\"text-modules\">\r\n                    <div class=\"container\">\r\n                        <h3 class=\"page-title text__title\">Goals of Research Excellence Initiative<\/h3>\r\n                        <div class=\"text-modules__content\"><\/div>\r\n                    <\/div>\r\n                <\/div>[\/vc_column][\/vc_row][vc_row el_class=&#8221;container&#8221;][vc_column width=&#8221;1\/2&#8243;]\r\n                <div class=\"text-modules\">\r\n                    <div class=\"container\">\r\n                        \r\n                        <div class=\"text-modules__content\"><\/p>\n<p>We want to shape the future of our University so that it matches the best universities in Poland and very good European universities soon. We will pursue this goal together by improving the quality of scientific research and education. We have also agreed to transform the Silesian <em>Alma Mater<\/em> into a research university, and the detailed actions are outlined e.g. in the Development Strategy of the University of Silesia in Katowice for 2020-2025.<\/p>\n<p>We are launching the Research Excellence Initiatives to open funding opportunities for scientific research, publications, trainings and courses, software, trips, internships and purchase of key scientific, teaching and research infrastructure. We have also prepared a special offer for students and doctoral students.<\/p>\n<p>\n<\/div>\r\n                    <\/div>\r\n                <\/div>[\/vc_column][vc_column width=&#8221;1\/2&#8243;]\r\n                <div class=\"text-modules\">\r\n                    <div class=\"container\">\r\n                        \r\n                        <div class=\"text-modules__content\"><\/p>\n<p><img loading=\"lazy\" class=\"alignnone wp-image-126966 size-full\" src=\"https:\/\/us.edu.pl\/wp-content\/uploads\/image\/idub\/rotor.jpg\" alt=\"Rektorat Uniwersytetu \u015al\u0105skiego wiosn\u0105, wok\u00f3\u0142 pi\u0119knie kwitn\u0105ce drzewa z r\u00f3\u017cowymi kwiatami\" width=\"90%\" height=\"auto\" \/><\/p>\n<p>\n<\/div>\r\n                    <\/div>\r\n                <\/div>[\/vc_column][\/vc_row][vc_row el_class=&#8221;container&#8221;][vc_column]\r\n                <div class=\"text-modules\">\r\n                    <div class=\"container\">\r\n                        \r\n                        <div class=\"text-modules__content\"><\/p>\n<h3><strong>The goals of Research Excellence Initiative are as follows:<\/strong><\/h3>\n<p>\n<\/div>\r\n                    <\/div>\r\n                <\/div>[\/vc_column][\/vc_row][vc_row el_class=&#8221;container&#8221;][vc_column][vc_empty_space height=&#8221;8px&#8221; css=&#8221;.vc_custom_1602695807943{margin-bottom: 0px !important;background-color: #9b132a !important;}&#8221;][\/vc_column][\/vc_row][vc_row el_class=&#8221;container&#8221; css=&#8221;.vc_custom_1602695278404{padding-top: 10px !important;}&#8221;][vc_column css=&#8221;.vc_custom_1602695401882{padding-bottom: 20px !important;background-color: #ebebeb !important;}&#8221;][vc_text_separator title=&#8221;&#8221; i_icon_fontawesome=&#8221;fa fa-flask&#8221; i_color=&#8221;custom&#8221; add_icon=&#8221;true&#8221; i_custom_color=&#8221;#002e5a&#8221;][vc_column_text css=&#8221;.vc_custom_1605263864160{padding-right: 40px !important;padding-bottom: 20px !important;padding-left: 40px !important;}&#8221;]<\/p>\n<p style=\"text-align: center;\">improving the quality of scientific research conducted at the University of Silesia in Katowice,<br \/>\nstrengthening research cooperation with scientific centres of international reputation,<br \/>\nincluding the universities associated in \u201eTransform4Europe \u2013 T4E\u201d network, with renowned scientists,<br \/>\nas well as increasing the impact of scientific activity of the University on the development of global science,<\/p>\n<p>[\/vc_column_text][\/vc_column][\/vc_row][vc_row][vc_column][vc_empty_space][\/vc_column][\/vc_row][vc_row el_class=&#8221;container&#8221;][vc_column css=&#8221;.vc_custom_1602696280799{margin-bottom: 0px !important;}&#8221;][vc_empty_space height=&#8221;8px&#8221; css=&#8221;.vc_custom_1602696141824{margin-bottom: 0px !important;background-color: #9b132a !important;}&#8221;][\/vc_column][\/vc_row][vc_row el_class=&#8221;container&#8221; css=&#8221;.vc_custom_1602696461688{padding-top: 10px !important;}&#8221;][vc_column css=&#8221;.vc_custom_1602696309519{padding-bottom: 20px !important;background-color: #ebebeb !important;}&#8221;][vc_text_separator title=&#8221;&#8221; i_icon_fontawesome=&#8221;fa fa-user&#8221; i_color=&#8221;custom&#8221; add_icon=&#8221;true&#8221; i_custom_color=&#8221;#002e5a&#8221;][vc_column_text css=&#8221;.vc_custom_1605263890825{padding-right: 40px !important;padding-bottom: 20px !important;padding-left: 40px !important;}&#8221;]<\/p>\n<p style=\"text-align: center;\">creating suitable conditions for the professional development of employees of the University of Silesia in Katowice,<br \/>\nsupporting scholars at all stages of their scientific development,<br \/>\nin particular building and improving research and teaching<br \/>\ncompetencies of research staff, including young scientists,<br \/>\ndeveloping the potential of scientists for making significant scientific discoveries,<br \/>\nestablishing and managing research teams<\/p>\n<p>[\/vc_column_text][\/vc_column][\/vc_row][vc_row el_class=&#8221;container&#8221; css=&#8221;.vc_custom_1602696461688{padding-top: 10px !important;}&#8221;][vc_column][vc_empty_space][\/vc_column][\/vc_row][vc_row el_class=&#8221;container&#8221;][vc_column css=&#8221;.vc_custom_1602696280799{margin-bottom: 0px !important;}&#8221;][vc_empty_space height=&#8221;8px&#8221; css=&#8221;.vc_custom_1602696141824{margin-bottom: 0px !important;background-color: #9b132a !important;}&#8221;][\/vc_column][\/vc_row][vc_row el_class=&#8221;container&#8221; css=&#8221;.vc_custom_1602696461688{padding-top: 10px !important;}&#8221;][vc_column css=&#8221;.vc_custom_1602696309519{padding-bottom: 20px !important;background-color: #ebebeb !important;}&#8221;][vc_text_separator title=&#8221;&#8221; i_icon_fontawesome=&#8221;fa fa-address-card-o&#8221; i_color=&#8221;custom&#8221; add_icon=&#8221;true&#8221; i_custom_color=&#8221;#002e5a&#8221;][vc_column_text css=&#8221;.vc_custom_1605263908352{padding-right: 40px !important;padding-bottom: 20px !important;padding-left: 40px !important;}&#8221;]<\/p>\n<p style=\"text-align: center;\">managing talents through active inclusion of students in the science and research process,<br \/>\ntheir participation in research projects and other initiatives,<br \/>\nintended for scientific development, building scientific output,<br \/>\nas well as dissemination and commercialisation of knowledge,<br \/>\nand in consequence improving the quality of their education<\/p>\n<p>[\/vc_column_text][\/vc_column][\/vc_row][vc_row][vc_column][vc_empty_space][\/vc_column][\/vc_row][vc_row el_class=&#8221;container&#8221;][vc_column css=&#8221;.vc_custom_1602696280799{margin-bottom: 0px !important;}&#8221;][vc_empty_space height=&#8221;8px&#8221; css=&#8221;.vc_custom_1602696141824{margin-bottom: 0px !important;background-color: #9b132a !important;}&#8221;][\/vc_column][\/vc_row][vc_row el_class=&#8221;container&#8221; css=&#8221;.vc_custom_1602696461688{padding-top: 10px !important;}&#8221;][vc_column css=&#8221;.vc_custom_1602696309519{padding-bottom: 20px !important;background-color: #ebebeb !important;}&#8221;][vc_text_separator title=&#8221;&#8221; i_icon_fontawesome=&#8221;fa fa-globe&#8221; i_color=&#8221;custom&#8221; add_icon=&#8221;true&#8221; i_custom_color=&#8221;#002e5a&#8221;][vc_column_text css=&#8221;.vc_custom_1605263924513{padding-right: 40px !important;padding-bottom: 20px !important;padding-left: 40px !important;}&#8221;]<\/p>\n<p style=\"text-align: center;\">increasing the visibility and position of the University of Silesia in Katowice in the region, Europe and around the world,<br \/>\nwith the support of employees who carry out comprehensive science communication activities<br \/>\nand perform interdisciplinary analyses<\/p>\n<p>[\/vc_column_text][\/vc_column][\/vc_row][vc_row][vc_column][vc_empty_space][\/vc_column][\/vc_row][vc_row el_class=&#8221;container&#8221;][vc_column css=&#8221;.vc_custom_1602696280799{margin-bottom: 0px !important;}&#8221;][vc_empty_space height=&#8221;8px&#8221; css=&#8221;.vc_custom_1602696141824{margin-bottom: 0px !important;background-color: #9b132a !important;}&#8221;][\/vc_column][\/vc_row][vc_row el_class=&#8221;container&#8221; css=&#8221;.vc_custom_1602696461688{padding-top: 10px !important;}&#8221;][vc_column css=&#8221;.vc_custom_1602696309519{padding-bottom: 20px !important;background-color: #ebebeb !important;}&#8221;][vc_text_separator title=&#8221;&#8221; i_icon_fontawesome=&#8221;fa fa-home&#8221; i_color=&#8221;custom&#8221; add_icon=&#8221;true&#8221; i_custom_color=&#8221;#002e5a&#8221;][vc_column_text css=&#8221;.vc_custom_1605263940978{padding-right: 40px !important;padding-bottom: 20px !important;padding-left: 40px !important;}&#8221;]<\/p>\n<p style=\"text-align: center;\">funding key artistic, research and educational infrastructure,<br \/>\nwhich enables to conduct intense research and scientific activity,<br \/>\nespecially in Priority Research Areas<\/p>\n<p>[\/vc_column_text][\/vc_column][\/vc_row]<\/p>","protected":false},"excerpt":{"rendered":"<p>[vc_row el_class=&#8221;container&#8221;][vc_column][vc_empty_space][\/vc_column][\/vc_row][vc_row el_class=&#8221;container&#8221;][vc_column width=&#8221;1\/2&#8243;][\/vc_column][vc_column width=&#8221;1\/2&#8243;][\/vc_column][\/vc_row][vc_row el_class=&#8221;container&#8221;][vc_column][\/vc_column][\/vc_row][vc_row el_class=&#8221;container&#8221;][vc_column][vc_empty_space height=&#8221;8px&#8221; css=&#8221;.vc_custom_1602695807943{margin-bottom: 0px !important;background-color: #9b132a !important;}&#8221;][\/vc_column][\/vc_row][vc_row el_class=&#8221;container&#8221; css=&#8221;.vc_custom_1602695278404{padding-top: 10px !important;}&#8221;][vc_column css=&#8221;.vc_custom_1602695401882{padding-bottom: 20px !important;background-color: #ebebeb !important;}&#8221;][vc_text_separator title=&#8221;&#8221; i_icon_fontawesome=&#8221;fa fa-flask&#8221; i_color=&#8221;custom&#8221; add_icon=&#8221;true&#8221; i_custom_color=&#8221;#002e5a&#8221;][vc_column_text css=&#8221;.vc_custom_1605263864160{padding-right: 40px !important;padding-bottom: 20px !important;padding-left: 40px !important;}&#8221;] improving the quality of scientific research conducted at the University of Silesia in Katowice, strengthening research cooperation with scientific centres [&#8230;]<\/p>\n<p><a class=\"btn btn-secondary understrap-read-more-link\" href=\"https:\/\/us.edu.pl\/idb\/en\/cele-idb\/\">Read More&#8230;<\/a><\/p>\n","protected":false},"author":139,"featured_media":0,"parent":0,"menu_order":0,"comment_status":"closed","ping_status":"closed","template":"","meta":{"_expiration-date-status":"saved","_expiration-date":0,"_expiration-date-type":"","_expiration-date-categories":[],"_expiration-date-options":[]},"acf":[],"_links":{"self":[{"href":"https:\/\/us.edu.pl\/idb\/en\/wp-json\/wp\/v2\/pages\/553"}],"collection":[{"href":"https:\/\/us.edu.pl\/idb\/en\/wp-json\/wp\/v2\/pages"}],"about":[{"href":"https:\/\/us.edu.pl\/idb\/en\/wp-json\/wp\/v2\/types\/page"}],"author":[{"embeddable":true,"href":"https:\/\/us.edu.pl\/idb\/en\/wp-json\/wp\/v2\/users\/139"}],"replies":[{"embeddable":true,"href":"https:\/\/us.edu.pl\/idb\/en\/wp-json\/wp\/v2\/comments?post=553"}],"version-history":[{"count":1,"href":"https:\/\/us.edu.pl\/idb\/en\/wp-json\/wp\/v2\/pages\/553\/revisions"}],"predecessor-version":[{"id":555,"href":"https:\/\/us.edu.pl\/idb\/en\/wp-json\/wp\/v2\/pages\/553\/revisions\/555"}],"wp:attachment":[{"href":"https:\/\/us.edu.pl\/idb\/en\/wp-json\/wp\/v2\/media?parent=553"}],"curies":[{"name":"wp","href":"https:\/\/api.w.org\/{rel}","templated":true}]}}