{"id":571,"date":"2020-10-16T16:03:53","date_gmt":"2020-10-16T14:03:53","guid":{"rendered":"https:\/\/us.edu.pl\/idb\/?page_id=571"},"modified":"2022-03-24T10:17:23","modified_gmt":"2022-03-24T09:17:23","slug":"priorytetowe-obszary-badawcze","status":"publish","type":"page","link":"https:\/\/us.edu.pl\/idb\/en\/priorytetowe-obszary-badawcze\/","title":{"rendered":"priority research areas"},"content":{"rendered":"<p>[vc_row el_class=&#8221;container&#8221;][vc_column][vc_empty_space]\r\n                <div class=\"text-modules\">\r\n                    <div class=\"container\">\r\n                        <h3 class=\"page-title text__title\">Priority Research Areas<\/h3>\r\n                        <div class=\"text-modules__content\"><\/div>\r\n                    <\/div>\r\n                <\/div>[\/vc_column][\/vc_row][vc_row el_class=&#8221;container&#8221;][vc_column width=&#8221;2\/3&#8243;]\r\n                <div class=\"text-modules\">\r\n                    <div class=\"container\">\r\n                        \r\n                        <div class=\"text-modules__content\"><\/p>\n<p>Within the framework of Research Excellence Initiative, we are planning to develop five Priority Research Areas (PRAs) related to the most important contemporary civilisation challenges. They will be selected based on the scientific activity of employees of the University of Silesia in Katowice. Particularly taken into consideration will be unique research subjects, which may significantly contribute to the development of global science. Priority Research Areas are an invitation to conduct interdisciplinary research in cooperation with globally renowned international centres.<\/p>\n<p>PRAs, consistent with the development strategy of the University of Silesia for 2020-2025, particularly refer to the <a href=\"http:\/\/polska2030.pl\/\">development strategy for Poland (Poland 2030)<\/a>, and are intended to help the implementation of <a href=\"https:\/\/us.edu.pl\/uczelnia\/cele-zrownowazonego-rozwoju-onz-2\/\">UN Sustainable Development Goals<\/a>.<\/p>\n<p>\n<\/div>\r\n                    <\/div>\r\n                <\/div>[\/vc_column][vc_column width=&#8221;1\/3&#8243;]\r\n                <div class=\"text-modules\">\r\n                    <div class=\"container\">\r\n                        \r\n                        <div class=\"text-modules__content\"><\/p>\n<p><img loading=\"lazy\" class=\"alignnone wp-image-126984 size-full\" src=\"https:\/\/us.edu.pl\/wp-content\/uploads\/image\/idub\/DSC6502-1.jpg\" alt=\"Cz\u0142owiek steruje ruchami robota, na zdj\u0119ciu widoczna jest d\u0142o\u0144 cz\u0142owieka nad d\u0142oni\u0105 robota\" width=\"100%\" height=\"auto\" \/><\/p>\n<p>\n<\/div>\r\n                    <\/div>\r\n                <\/div>[\/vc_column][\/vc_row][vc_row el_class=&#8221;container&#8221;][vc_column][vc_empty_space height=&#8221;8px&#8221; css=&#8221;.vc_custom_1602840800173{margin-bottom: 0px !important;background-color: #002e5a !important;}&#8221;][vc_row_inner][vc_column_inner el_class=&#8221;red&#8221; width=&#8221;1\/4&#8243;]\r\n                <div class=\"text-modules\">\r\n                    <div class=\"container\">\r\n                        \r\n                        <div class=\"text-modules__content\"><\/p>\n<h1 class=\"kostka\"><span style=\"color: #ffffff;\"><strong>POB1<\/strong><\/span><\/h1>\n<p>\n<\/div>\r\n                    <\/div>\r\n                <\/div>[\/vc_column_inner][vc_column_inner width=&#8221;3\/4&#8243;]\r\n                <div class=\"text-modules\">\r\n                    <div class=\"container\">\r\n                        \r\n                        <div class=\"text-modules__content\"><\/p>\n<p><strong>Harmonious human development \u2013 concern for health protection and quality of life<\/strong><\/p>\n<p>\n<\/div>\r\n                    <\/div>\r\n                <\/div>\r\n                <div class=\"text-modules\">\r\n                    <div class=\"container\">\r\n                        \r\n                        <div class=\"text-modules__content\"><\/p>\n<p>PRA 1 covers problems in the fields of natural sciences, medical and health sciences, engineering and technology, and social sciences, in which the University has unquestionable research leaders.<\/p>\n<p>\n<\/div>\r\n                    <\/div>\r\n                <\/div><div class=\"container\"><div class=\"separator\" style=\"background-color: #EBEBEB\"><\/div><\/div>\r\n                <div class=\"text-modules\">\r\n                    <div class=\"container\">\r\n                        \r\n                        <div class=\"text-modules__content\"><\/p>\n<p>UN Sustainable Development Goals<\/p>\n<p>&nbsp;<\/p>\n<table style=\"border-collapse: collapse; width: 100%;\">\n<tbody>\n<tr>\n<td style=\"width: 20%; text-align: center;\"><img loading=\"lazy\" class=\"wp-image-123251 size-full\" src=\"https:\/\/us.edu.pl\/wp-content\/uploads\/image\/ikony-cel\u00f3w-ONZ\/logo-kolo.jpg\" alt=\"Grafika przestawiaj\u0105ca okr\u0105g z\u0142o\u017cony z kolorowych kafelk\u00f3w symbolizuj\u0105cych poszczeg\u00f3lne zele zr\u00f3wnowa\u017conego rozwoju ONZ\" width=\"90%\" height=\"auto\" \/><\/td>\n<td style=\"width: 20%; text-align: center;\"><img loading=\"lazy\" class=\"alignnone size-full wp-image-123812\" src=\"https:\/\/us.edu.pl\/wp-content\/uploads\/image\/ikony-cel\u00f3w-ONZ\/E_WEB_02.png\" alt=\"UN Goal 2 icon: the words zero hunger on a yellow background\" width=\"90%\" height=\"auto\" \/><\/td>\n<td style=\"width: 20%; text-align: center;\"><img loading=\"lazy\" class=\"alignnone size-full wp-image-123269\" src=\"https:\/\/us.edu.pl\/wp-content\/uploads\/image\/ikony-cel\u00f3w-ONZ\/3-goal-E_PRINT_03.jpg\" alt=\"UN Goal 3 icon: the words good health and quality of life on a green background\" width=\"90%\" height=\"auto\" \/><\/td>\n<td style=\"width: 20%; text-align: center;\"><\/td>\n<td style=\"width: 20%; text-align: center;\"><\/td>\n<\/tr>\n<\/tbody>\n<\/table>\n<p>\n<\/div>\r\n                    <\/div>\r\n                <\/div>[\/vc_column_inner][\/vc_row_inner][\/vc_column][\/vc_row][vc_row el_class=&#8221;container&#8221;][vc_column][vc_empty_space css=&#8221;.vc_custom_1602842844156{margin-bottom: 0px !important;}&#8221;][\/vc_column][\/vc_row][vc_row el_class=&#8221;container&#8221;][vc_column][vc_empty_space height=&#8221;8px&#8221; css=&#8221;.vc_custom_1602840800173{margin-bottom: 0px !important;background-color: #002e5a !important;}&#8221;][vc_row_inner][vc_column_inner el_class=&#8221;red&#8221; width=&#8221;1\/4&#8243;]\r\n                <div class=\"text-modules\">\r\n                    <div class=\"container\">\r\n                        \r\n                        <div class=\"text-modules__content\"><\/p>\n<h1 class=\"kostka\"><span style=\"color: #ffffff;\"><strong>POB2<\/strong><\/span><\/h1>\n<p>\n<\/div>\r\n                    <\/div>\r\n                <\/div>[\/vc_column_inner][vc_column_inner width=&#8221;3\/4&#8243;]\r\n                <div class=\"text-modules\">\r\n                    <div class=\"container\">\r\n                        \r\n                        <div class=\"text-modules__content\"><\/p>\n<p><strong>Modern materials and technologies, their social and cultural implications<\/strong><\/p>\n<p>\n<\/div>\r\n                    <\/div>\r\n                <\/div>\r\n                <div class=\"text-modules\">\r\n                    <div class=\"container\">\r\n                        \r\n                        <div class=\"text-modules__content\"><\/p>\n<p>PRA 2 covers problems in the fields of engineering and technology, natural sciences and social sciences. The research subjects undertaken in the above-mentioned areas are very up-to-date, interdisciplinary and combine issues from various scientific disciplines: chemistry, physics, materials science and optical technologies. The idea behind this area assumes that it is necessary to take responsibility for the conducted research in the field of natural sciences and technology, taking into consideration its impact on the society, including on the direct recipients of modern materials and technologies.<\/p>\n<p>\n<\/div>\r\n                    <\/div>\r\n                <\/div><div class=\"container\"><div class=\"separator\" style=\"background-color: #EBEBEB\"><\/div><\/div>\r\n                <div class=\"text-modules\">\r\n                    <div class=\"container\">\r\n                        \r\n                        <div class=\"text-modules__content\"><\/p>\n<p>UN Sustainable Development Goals<\/p>\n<p>&nbsp;<\/p>\n<table style=\"border-collapse: collapse; width: 100%;\">\n<tbody>\n<tr>\n<td style=\"width: 20%; text-align: center;\"><img loading=\"lazy\" class=\"wp-image-123251 size-full\" src=\"https:\/\/us.edu.pl\/wp-content\/uploads\/image\/ikony-cel\u00f3w-ONZ\/logo-kolo.jpg\" alt=\"Grafika przestawiaj\u0105ca okr\u0105g z\u0142o\u017cony z kolorowych kafelk\u00f3w symbolizuj\u0105cych poszczeg\u00f3lne zele zr\u00f3wnowa\u017conego rozwoju ONZ\" width=\"90%\" height=\"auto\" \/><\/td>\n<td style=\"width: 20%; text-align: center;\"><img loading=\"lazy\" class=\"alignnone size-full wp-image-123270\" src=\"https:\/\/us.edu.pl\/wp-content\/uploads\/pliki\/opisy-cel\u00f3w-ONZ\/8-goal-E_PRINT_08.jpg\" alt=\"UN Goal 8 icon: the words growth and decent work on a burgundy background\" width=\"90%\" height=\"auto\" \/><\/td>\n<td style=\"width: 20%; text-align: center;\"><img loading=\"lazy\" class=\"alignnone size-full wp-image-123817\" src=\"https:\/\/us.edu.pl\/wp-content\/uploads\/image\/ikony-cel\u00f3w-ONZ\/E_WEB_09.png\" alt=\"UN Goal 9 icon: the words industry, innovation and infranstructure on an orange background\" width=\"90%\" height=\"auto\" \/><\/td>\n<td style=\"width: 20%; text-align: center;\"><img loading=\"lazy\" class=\"alignnone size-full wp-image-123819\" src=\"https:\/\/us.edu.pl\/wp-content\/uploads\/image\/ikony-cel\u00f3w-ONZ\/E_WEB_12.png\" alt=\"UN Goal 12 icon: the words responsible consumption and production on a brown background\" width=\"90%\" height=\"auto\" \/><\/td>\n<td style=\"width: 20%; text-align: center;\"><\/td>\n<\/tr>\n<\/tbody>\n<\/table>\n<p>\n<\/div>\r\n                    <\/div>\r\n                <\/div>[\/vc_column_inner][\/vc_row_inner][\/vc_column][\/vc_row][vc_row el_class=&#8221;container&#8221;][vc_column][vc_empty_space][\/vc_column][\/vc_row][vc_row el_class=&#8221;container&#8221;][vc_column][vc_empty_space height=&#8221;8px&#8221; css=&#8221;.vc_custom_1602840800173{margin-bottom: 0px !important;background-color: #002e5a !important;}&#8221;][vc_row_inner][vc_column_inner el_class=&#8221;red&#8221; width=&#8221;1\/4&#8243;]\r\n                <div class=\"text-modules\">\r\n                    <div class=\"container\">\r\n                        \r\n                        <div class=\"text-modules__content\"><\/p>\n<h1 class=\"kostka\"><span style=\"color: #ffffff;\"><strong>POB3<\/strong><\/span><\/h1>\n<p>\n<\/div>\r\n                    <\/div>\r\n                <\/div>[\/vc_column_inner][vc_column_inner width=&#8221;3\/4&#8243;]\r\n                <div class=\"text-modules\">\r\n                    <div class=\"container\">\r\n                        \r\n                        <div class=\"text-modules__content\"><\/p>\n<p><strong>Environmental and climate changes with the related social challenges<\/strong><\/p>\n<p>\n<\/div>\r\n                    <\/div>\r\n                <\/div>\r\n                <div class=\"text-modules\">\r\n                    <div class=\"container\">\r\n                        \r\n                        <div class=\"text-modules__content\"><\/p>\n<p>PRA 3 covers the field of natural sciences and social sciences. The primary goal of the research is to understand climate change and environmental changes in the context of natural factors, taking into consideration the research on geological past of the Earth, as well as human intervention, and their effect on the environment, human life and health. Research in this area is conducted in the context of global problems in natural sciences, with particular focus on the research carried out by the Centre for Polar Studies.<\/p>\n<p>\n<\/div>\r\n                    <\/div>\r\n                <\/div><div class=\"container\"><div class=\"separator\" style=\"background-color: #EBEBEB\"><\/div><\/div>\r\n                <div class=\"text-modules\">\r\n                    <div class=\"container\">\r\n                        \r\n                        <div class=\"text-modules__content\"><\/p>\n<p>UN Sustainable Development Goals<\/p>\n<p>&nbsp;<\/p>\n<table style=\"border-collapse: collapse; width: 100%;\">\n<tbody>\n<tr>\n<td style=\"width: 20%; text-align: center;\"><img loading=\"lazy\" class=\"wp-image-123251 size-full\" src=\"https:\/\/us.edu.pl\/wp-content\/uploads\/image\/ikony-cel\u00f3w-ONZ\/logo-kolo.jpg\" alt=\"Grafika przestawiaj\u0105ca okr\u0105g z\u0142o\u017cony z kolorowych kafelk\u00f3w symbolizuj\u0105cych poszczeg\u00f3lne zele zr\u00f3wnowa\u017conego rozwoju ONZ\" width=\"90%\" height=\"auto\" \/><\/td>\n<td style=\"width: 20%; text-align: center;\"><img loading=\"lazy\" class=\"alignnone size-full wp-image-123815\" src=\"https:\/\/us.edu.pl\/wp-content\/uploads\/image\/ikony-cel\u00f3w-ONZ\/E_WEB_06.png\" alt=\"UN Goal 6 icon: the words clean water and sanitation on a blue background\" width=\"90%\" height=\"auto\" \/><\/td>\n<td style=\"width: 20%; text-align: center;\"><img loading=\"lazy\" class=\"alignnone size-full wp-image-123816\" src=\"https:\/\/us.edu.pl\/wp-content\/uploads\/image\/ikony-cel\u00f3w-ONZ\/E_WEB_07.png\" alt=\"UN Goal 7 icon: the words affordable and clean energy on a yellow background\" width=\"90%\" height=\"auto\" \/><\/td>\n<td style=\"width: 20%; text-align: center;\"><img loading=\"lazy\" class=\"alignnone size-full wp-image-123271\" src=\"https:\/\/us.edu.pl\/wp-content\/uploads\/image\/ikony-cel\u00f3w-ONZ\/11-goal-E_PRINT_11.jpg\" alt=\"UN Goal 11 icon: sustainable cities and communities on a yellow background\" width=\"90%\" height=\"auto\" \/><\/td>\n<td style=\"width: 20%; text-align: center;\"><img loading=\"lazy\" class=\"alignnone size-full wp-image-123820\" src=\"https:\/\/us.edu.pl\/wp-content\/uploads\/image\/ikony-cel\u00f3w-ONZ\/E_WEB_13.png\" alt=\"UN Goal 13 icon: the words climate action on a green background\" width=\"90%\" height=\"auto\" \/><\/td>\n<\/tr>\n<\/tbody>\n<\/table>\n<p>\n<\/div>\r\n                    <\/div>\r\n                <\/div>[\/vc_column_inner][\/vc_row_inner][\/vc_column][\/vc_row][vc_row el_class=&#8221;container&#8221;][vc_column][vc_empty_space][\/vc_column][\/vc_row][vc_row el_class=&#8221;container&#8221;][vc_column][vc_empty_space height=&#8221;8px&#8221; css=&#8221;.vc_custom_1602840800173{margin-bottom: 0px !important;background-color: #002e5a !important;}&#8221;][vc_row_inner][vc_column_inner el_class=&#8221;red&#8221; width=&#8221;1\/4&#8243;]\r\n                <div class=\"text-modules\">\r\n                    <div class=\"container\">\r\n                        \r\n                        <div class=\"text-modules__content\"><\/p>\n<h1 class=\"kostka\"><span style=\"color: #ffffff;\"><strong>POB4<\/strong><\/span><\/h1>\n<p>\n<\/div>\r\n                    <\/div>\r\n                <\/div>[\/vc_column_inner][vc_column_inner width=&#8221;3\/4&#8243;]\r\n                <div class=\"text-modules\">\r\n                    <div class=\"container\">\r\n                        \r\n                        <div class=\"text-modules__content\"><\/p>\n<p><strong>Humanities for the future \u2013 interdisciplinary research on culture and civilisation<\/strong><\/p>\n<p>\n<\/div>\r\n                    <\/div>\r\n                <\/div>\r\n                <div class=\"text-modules\">\r\n                    <div class=\"container\">\r\n                        \r\n                        <div class=\"text-modules__content\"><\/p>\n<p>PRA 4 covers problems in the fields of humanities, social sciences, arts and theology. This area is based on the research focused on the cultural problems of the implications of civilisation development. It provides a response to the need for development of dialogue between humanities, social sciences, natural sciences and experimental sciences.<\/p>\n<p>\n<\/div>\r\n                    <\/div>\r\n                <\/div><div class=\"container\"><div class=\"separator\" style=\"background-color: #EBEBEB\"><\/div><\/div>\r\n                <div class=\"text-modules\">\r\n                    <div class=\"container\">\r\n                        \r\n                        <div class=\"text-modules__content\"><\/p>\n<p>UN Sustainable Development Goals<\/p>\n<p>&nbsp;<\/p>\n<table style=\"border-collapse: collapse; width: 100%;\">\n<tbody>\n<tr>\n<td style=\"width: 20%; text-align: center;\"><img loading=\"lazy\" class=\"wp-image-123251 size-full\" src=\"https:\/\/us.edu.pl\/wp-content\/uploads\/image\/ikony-cel\u00f3w-ONZ\/logo-kolo.jpg\" alt=\"Grafika przestawiaj\u0105ca okr\u0105g z\u0142o\u017cony z kolorowych kafelk\u00f3w symbolizuj\u0105cych poszczeg\u00f3lne zele zr\u00f3wnowa\u017conego rozwoju ONZ\" width=\"90%\" height=\"auto\" \/><\/td>\n<td style=\"width: 20%; text-align: center;\"><img loading=\"lazy\" class=\"alignnone size-full wp-image-123814\" src=\"https:\/\/us.edu.pl\/wp-content\/uploads\/image\/ikony-cel\u00f3w-ONZ\/E_WEB_05.png\" alt=\"UN Goal 5 icon: the words gender equality on an orange background\" width=\"90%\" height=\"auto\" \/><\/td>\n<td style=\"width: 20%; text-align: center;\"><img loading=\"lazy\" class=\"alignnone size-full wp-image-123818\" src=\"https:\/\/us.edu.pl\/wp-content\/uploads\/image\/ikony-cel\u00f3w-ONZ\/E_WEB_10.png\" alt=\"UN Goal 10 icon: the words reduced inequalities on a pink background\" width=\"90%\" height=\"auto\" \/><\/td>\n<td style=\"width: 20%; text-align: center;\"><img loading=\"lazy\" class=\"alignnone size-full wp-image-123823\" src=\"https:\/\/us.edu.pl\/wp-content\/uploads\/image\/ikony-cel\u00f3w-ONZ\/E_WEB_16.png\" alt=\"UN Goal 16 icon: the words peace, justice and strong institutions on a navy blue background\" width=\"90%\" height=\"auto\" \/><\/td>\n<td style=\"width: 20%; text-align: center;\"><img loading=\"lazy\" class=\"alignnone size-full wp-image-123824\" src=\"https:\/\/us.edu.pl\/wp-content\/uploads\/image\/ikony-cel\u00f3w-ONZ\/E_WEB_17.png\" alt=\"UN Goal 17 icon: the words partnerships for the goals on a navy blue background\" width=\"90%\" height=\"auto\" \/><\/td>\n<\/tr>\n<\/tbody>\n<\/table>\n<p>\n<\/div>\r\n                    <\/div>\r\n                <\/div>[\/vc_column_inner][\/vc_row_inner][\/vc_column][\/vc_row][vc_row el_class=&#8221;container&#8221;][vc_column][vc_empty_space][\/vc_column][\/vc_row][vc_row el_class=&#8221;container&#8221;][vc_column][vc_empty_space height=&#8221;8px&#8221; css=&#8221;.vc_custom_1602840800173{margin-bottom: 0px !important;background-color: #002e5a !important;}&#8221;][vc_row_inner][vc_column_inner el_class=&#8221;red&#8221; width=&#8221;1\/4&#8243;]\r\n                <div class=\"text-modules\">\r\n                    <div class=\"container\">\r\n                        \r\n                        <div class=\"text-modules__content\"><\/p>\n<h1 class=\"kostka\"><span style=\"color: #ffffff;\"><strong>POB5<\/strong><\/span><\/h1>\n<p>\n<\/div>\r\n                    <\/div>\r\n                <\/div>[\/vc_column_inner][vc_column_inner width=&#8221;3\/4&#8243;]\r\n                <div class=\"text-modules\">\r\n                    <div class=\"container\">\r\n                        \r\n                        <div class=\"text-modules__content\"><\/p>\n<p><strong>Research on fundamental properties of nature<\/strong><\/p>\n<p>\n<\/div>\r\n                    <\/div>\r\n                <\/div>\r\n                <div class=\"text-modules\">\r\n                    <div class=\"container\">\r\n                        \r\n                        <div class=\"text-modules__content\"><\/p>\n<p>PRA 5 is a synergy of issues on their elementary level in natural sciences. This area plays a key part in the development of science and technology and has a huge impact on our society. The unique examples of activities in this area include analyses of plant nuclear genome and elementary particles physics, with particular focus on the study of neutrino nature.<\/p>\n<p>\n<\/div>\r\n                    <\/div>\r\n                <\/div><div class=\"container\"><div class=\"separator\" style=\"background-color: #EBEBEB\"><\/div><\/div>\r\n                <div class=\"text-modules\">\r\n                    <div class=\"container\">\r\n                        \r\n                        <div class=\"text-modules__content\"><\/p>\n<p>UN Sustainable Development Goals<\/p>\n<p>&nbsp;<\/p>\n<table style=\"border-collapse: collapse; width: 100%;\">\n<tbody>\n<tr>\n<td style=\"width: 20%; text-align: center;\"><img loading=\"lazy\" class=\"wp-image-123251 size-full\" src=\"https:\/\/us.edu.pl\/wp-content\/uploads\/image\/ikony-cel\u00f3w-ONZ\/logo-kolo.jpg\" alt=\"Grafika przestawiaj\u0105ca okr\u0105g z\u0142o\u017cony z kolorowych kafelk\u00f3w symbolizuj\u0105cych poszczeg\u00f3lne zele zr\u00f3wnowa\u017conego rozwoju ONZ\" width=\"90%\" height=\"auto\" \/><\/td>\n<td style=\"width: 20%; text-align: center;\"><img loading=\"lazy\" class=\"alignnone size-full wp-image-123817\" src=\"https:\/\/us.edu.pl\/wp-content\/uploads\/image\/ikony-cel\u00f3w-ONZ\/E_WEB_09.png\" alt=\"UN Goal 9 icon: the words industry, innovation and infranstructure on an orange background\" width=\"90%\" height=\"auto\" \/><\/td>\n<td style=\"width: 20%; text-align: center;\"><img loading=\"lazy\" class=\"alignnone size-full wp-image-123821\" src=\"https:\/\/us.edu.pl\/wp-content\/uploads\/image\/ikony-cel\u00f3w-ONZ\/E_WEB_14.png\" alt=\"UN Goal 14 icon: the words life below water on a blue background\" width=\"90%\" height=\"auto\" \/><\/td>\n<td style=\"width: 20%; text-align: center;\"><img loading=\"lazy\" class=\"alignnone size-full wp-image-123822\" src=\"https:\/\/us.edu.pl\/wp-content\/uploads\/image\/ikony-cel\u00f3w-ONZ\/E_WEB_15.png\" alt=\"UN Goal 15 icon: the words life on land on a green background\" width=\"90%\" height=\"auto\" \/><\/td>\n<td style=\"width: 20%; text-align: center;\"><\/td>\n<\/tr>\n<\/tbody>\n<\/table>\n<p>\n<\/div>\r\n                    <\/div>\r\n                <\/div>[\/vc_column_inner][\/vc_row_inner][\/vc_column][\/vc_row][vc_row el_class=&#8221;container&#8221;][vc_column][vc_empty_space][\/vc_column][\/vc_row]<\/p>","protected":false},"excerpt":{"rendered":"<p>[vc_row el_class=&#8221;container&#8221;][vc_column][vc_empty_space][\/vc_column][\/vc_row][vc_row el_class=&#8221;container&#8221;][vc_column width=&#8221;2\/3&#8243;][\/vc_column][vc_column width=&#8221;1\/3&#8243;][\/vc_column][\/vc_row][vc_row el_class=&#8221;container&#8221;][vc_column][vc_empty_space height=&#8221;8px&#8221; css=&#8221;.vc_custom_1602840800173{margin-bottom: 0px !important;background-color: #002e5a !important;}&#8221;][vc_row_inner][vc_column_inner el_class=&#8221;red&#8221; width=&#8221;1\/4&#8243;][\/vc_column_inner][vc_column_inner width=&#8221;3\/4&#8243;][\/vc_column_inner][\/vc_row_inner][\/vc_column][\/vc_row][vc_row el_class=&#8221;container&#8221;][vc_column][vc_empty_space css=&#8221;.vc_custom_1602842844156{margin-bottom: 0px !important;}&#8221;][\/vc_column][\/vc_row][vc_row el_class=&#8221;container&#8221;][vc_column][vc_empty_space height=&#8221;8px&#8221; css=&#8221;.vc_custom_1602840800173{margin-bottom: 0px !important;background-color: #002e5a !important;}&#8221;][vc_row_inner][vc_column_inner el_class=&#8221;red&#8221; width=&#8221;1\/4&#8243;][\/vc_column_inner][vc_column_inner width=&#8221;3\/4&#8243;][\/vc_column_inner][\/vc_row_inner][\/vc_column][\/vc_row][vc_row el_class=&#8221;container&#8221;][vc_column][vc_empty_space][\/vc_column][\/vc_row][vc_row el_class=&#8221;container&#8221;][vc_column][vc_empty_space height=&#8221;8px&#8221; css=&#8221;.vc_custom_1602840800173{margin-bottom: 0px !important;background-color: #002e5a !important;}&#8221;][vc_row_inner][vc_column_inner el_class=&#8221;red&#8221; width=&#8221;1\/4&#8243;][\/vc_column_inner][vc_column_inner width=&#8221;3\/4&#8243;][\/vc_column_inner][\/vc_row_inner][\/vc_column][\/vc_row][vc_row el_class=&#8221;container&#8221;][vc_column][vc_empty_space][\/vc_column][\/vc_row][vc_row el_class=&#8221;container&#8221;][vc_column][vc_empty_space height=&#8221;8px&#8221; css=&#8221;.vc_custom_1602840800173{margin-bottom: 0px !important;background-color: #002e5a !important;}&#8221;][vc_row_inner][vc_column_inner el_class=&#8221;red&#8221; width=&#8221;1\/4&#8243;][\/vc_column_inner][vc_column_inner width=&#8221;3\/4&#8243;][\/vc_column_inner][\/vc_row_inner][\/vc_column][\/vc_row][vc_row el_class=&#8221;container&#8221;][vc_column][vc_empty_space][\/vc_column][\/vc_row][vc_row el_class=&#8221;container&#8221;][vc_column][vc_empty_space height=&#8221;8px&#8221; css=&#8221;.vc_custom_1602840800173{margin-bottom: [&#8230;]<\/p>\n<p><a class=\"btn btn-secondary understrap-read-more-link\" href=\"https:\/\/us.edu.pl\/idb\/en\/priorytetowe-obszary-badawcze\/\">Read More&#8230;<\/a><\/p>\n","protected":false},"author":139,"featured_media":0,"parent":0,"menu_order":0,"comment_status":"closed","ping_status":"closed","template":"","meta":{"_expiration-date-status":"saved","_expiration-date":0,"_expiration-date-type":"","_expiration-date-categories":[],"_expiration-date-options":[]},"acf":[],"_links":{"self":[{"href":"https:\/\/us.edu.pl\/idb\/en\/wp-json\/wp\/v2\/pages\/571"}],"collection":[{"href":"https:\/\/us.edu.pl\/idb\/en\/wp-json\/wp\/v2\/pages"}],"about":[{"href":"https:\/\/us.edu.pl\/idb\/en\/wp-json\/wp\/v2\/types\/page"}],"author":[{"embeddable":true,"href":"https:\/\/us.edu.pl\/idb\/en\/wp-json\/wp\/v2\/users\/139"}],"replies":[{"embeddable":true,"href":"https:\/\/us.edu.pl\/idb\/en\/wp-json\/wp\/v2\/comments?post=571"}],"version-history":[{"count":1,"href":"https:\/\/us.edu.pl\/idb\/en\/wp-json\/wp\/v2\/pages\/571\/revisions"}],"predecessor-version":[{"id":573,"href":"https:\/\/us.edu.pl\/idb\/en\/wp-json\/wp\/v2\/pages\/571\/revisions\/573"}],"wp:attachment":[{"href":"https:\/\/us.edu.pl\/idb\/en\/wp-json\/wp\/v2\/media?parent=571"}],"curies":[{"name":"wp","href":"https:\/\/api.w.org\/{rel}","templated":true}]}}