{"id":112,"date":"2022-02-22T16:49:50","date_gmt":"2022-02-22T15:49:50","guid":{"rendered":"https:\/\/us.edu.pl\/idb\/?page_id=112"},"modified":"2024-05-15T12:26:14","modified_gmt":"2024-05-15T10:26:14","slug":"infrastruktura","status":"publish","type":"page","link":"https:\/\/us.edu.pl\/idb\/infrastruktura\/","title":{"rendered":"infrastruktura"},"content":{"rendered":"<p>[vc_row el_class=&#8221;container&#8221;][vc_column][vc_empty_space]\r\n                <div class=\"text-modules\">\r\n                    <div class=\"container\">\r\n                        <h3 class=\"page-title text__title\">Infrastruktura<\/h3>\r\n                        <div class=\"text-modules__content\"><\/div>\r\n                    <\/div>\r\n                <\/div>[\/vc_column][\/vc_row][vc_row el_class=&#8221;container text-modules-badania&#8221;][vc_column width=&#8221;2\/3&#8243;]\r\n                <div class=\"text-modules\">\r\n                    <div class=\"container\">\r\n                        \r\n                        <div class=\"text-modules__content\"><\/p>\n<h2 style=\"font-size: 120%; font-family: PT Sans Narrow; color: #002e5a;\"><strong>Dofinansowanie zakupu aparatury badawczo-dydaktyczno-artystycznej<\/strong><\/h2>\n<p>Kontynuuj\u0105c przyj\u0119t\u0105 strategi\u0119 kszta\u0142towania polityki rozwoju infrastruktury Uniwersytetu \u015al\u0105skiego w Katowicach, jednym z cel\u00f3w Inicjatywy Doskona\u0142o\u015bci Badawczej jest dofinansowanie kluczowej infrastruktury badawczo-dydaktyczno-artystycznej. Laboratoria profilowane s\u0105 na potrzeby priorytetowe dla rozwoju cywilizacyjnego, zw\u0142aszcza w tych dyscyplinach, kt\u00f3rych potencja\u0142 kadrowy i wcze\u015bniejsze osi\u0105gni\u0119cia naukowo-badawcze gwarantuj\u0105 najlepsze wyniki.<br \/>\nCelem doposa\u017cenia bazy aparaturowej jest tak\u017ce wspieranie pracy naukowej zespo\u0142\u00f3w koncentruj\u0105cych swoj\u0105 dzia\u0142alno\u015b\u0107 wok\u00f3\u0142 Priorytetowych Obszar\u00f3w Badawczych (POB).<\/p>\n<\/div>\r\n                    <\/div>\r\n                <\/div>[vc_empty_space height=&#8221;8px&#8221;][vc_empty_space height=&#8221;8px&#8221; css=&#8221;.vc_custom_1602693130761{background-color: #9b132a !important;}&#8221;][vc_empty_space height=&#8221;64px&#8221;][vc_text_separator title=&#8221;DOTYCZY&#8221;]\r\n                <div class=\"text-modules\">\r\n                    <div class=\"container\">\r\n                        \r\n                        <div class=\"text-modules__content\"><\/p>\n<p style=\"text-align: center; font-family: PT Sans Narrow;\">zakupu kluczowej infrastruktury badawczo-dydaktyczno-artystycznej dla zespo\u0142\u00f3w skupionych wok\u00f3\u0142 Priorytetowych Obszar\u00f3w Badawczych, uj\u0119tych we wniosku do MNiSW w konkursie IDUB<\/p>\n<p>\n<\/div>\r\n                    <\/div>\r\n                <\/div>[vc_text_separator title=&#8221;ALOKACJA \u015aRODK\u00d3W FINANSOWYCH&#8221;]\r\n                <div class=\"text-modules\">\r\n                    <div class=\"container\">\r\n                        \r\n                        <div class=\"text-modules__content\"><\/p>\n<p style=\"text-align: center; font-family: PT Sans Narrow;\">1 250 000 z\u0142<\/p>\n<p>\n<\/div>\r\n                    <\/div>\r\n                <\/div>[vc_tta_accordion style=&#8221;flat&#8221; shape=&#8221;square&#8221; color=&#8221;black&#8221; spacing=&#8221;5&#8243; c_icon=&#8221;triangle&#8221; active_section=&#8221;0&#8243; no_fill=&#8221;true&#8221; collapsible_all=&#8221;true&#8221; el_class=&#8221;container text-modules-badania&#8221;][vc_tta_section title=&#8221;POB | dofinansowanie potrzeb badawczych&#8221; el_class=&#8221;container&#8221; tab_id=&#8221;pob-programdofinansowania&#8221;]\r\n                <div class=\"text-modules\">\r\n                    <div class=\"container\">\r\n                        \r\n                        <div class=\"text-modules__content\"><\/p>\n<h3 style=\"font-size: 120%; font-family: PT Sans Narrow; color: #002e5a;\"><strong>Cel programu<\/strong><\/h3>\n<p>Jednym z obszar\u00f3w wsparcia w ramach Inicjatywy Doskona\u0142o\u015bci Badawczej jest infrastruktura. Celem programu jest wspieranie pracy naukowej, badawczej i rozwojowej zespo\u0142\u00f3w koncentruj\u0105cych swoj\u0105 dzia\u0142alno\u015b\u0107 wok\u00f3\u0142 Priorytetowych Obszar\u00f3w Badawczych (POB).<\/p>\n<p>W 2020 roku zakontraktowano ponad milion z\u0142otych\u00a0na dofinansowanie potrzeb badawczych zespo\u0142\u00f3w, ze szczeg\u00f3lnym uwzgl\u0119dnieniem zakupu, doposa\u017cenia i utrzymania infrastruktury.<\/p>\n<p>W\u015br\u00f3d zam\u00f3wionych urz\u0105dze\u0144 znajduj\u0105 si\u0119 m.in.:<\/p>\n<ul>\n<li>kruszarka i m\u0142ynek planetarno-kulowy s\u0142u\u017c\u0105ce do przygotowania preparat\u00f3w do bada\u0144 geochemicznych,<\/li>\n<li>spektrometr ALFA umo\u017cliwiaj\u0105cy badania pr\u00f3b \u015brodowiskowych o niskiej zawarto\u015bci pierwiastk\u00f3w promieniotw\u00f3rczych,<\/li>\n<li>obiektyw wraz z komponentami do mikroskopu cyfrowego,<\/li>\n<li>fitotron do hodowli ro\u015blin w \u015bci\u015ble okre\u015blonych warunkach,<\/li>\n<li>sitodrukarka umo\u017cliwiaj\u0105ca precyzyjne, efektywne i powtarzalne nanoszenie past,<\/li>\n<li>wyt\u0142aczarka dwu\u015blimakowa do wytwarzania mieszanki polimer\u00f3w z substancjami aktywnymi,<\/li>\n<li>a tak\u017ce specjalistyczne odczynniki chemiczne do bada\u0144 naukowych dotycz\u0105cych oddzia\u0142ywania nanocz\u0105stek na organizmy.<\/li>\n<\/ul>\n<p>\n<\/div>\r\n                    <\/div>\r\n                <\/div>[vc_row_inner][vc_column_inner width=&#8221;1\/2&#8243;]\r\n                <div class=\"text-modules\">\r\n                    <div class=\"container\">\r\n                        \r\n                        <div class=\"text-modules__content\"><\/p>\n<p><a href=\"https:\/\/us.edu.pl\/wp-content\/uploads\/image\/idub\/Kopia-Formularz_Sprawozdanie_Potrzeby-badawcze-POB_2020.xlsx\">Formularz sprawozdawczy do pobrania<\/a><\/p>\n<p>\n<\/div>\r\n                    <\/div>\r\n                <\/div>[\/vc_column_inner][vc_column_inner width=&#8221;1\/2&#8243;]\r\n                <div class=\"text-modules\">\r\n                    <div class=\"container\">\r\n                        \r\n                        <div class=\"text-modules__content\"><\/p>\n<p><a href=\"https:\/\/us.edu.pl\/wp-content\/uploads\/image\/idub\/zal202021301_Regulamin_Infrastruktura-POBy.pdf\" class=\"mtli_attachment mtli_pdf\" class=\"mtli_attachment mtli_pdf\">Regulamin<\/a><\/p>\n<p>\n<\/div>\r\n                    <\/div>\r\n                <\/div>[\/vc_column_inner][\/vc_row_inner][\/vc_tta_section][\/vc_tta_accordion][vc_empty_space height=&#8221;8px&#8221; css=&#8221;.vc_custom_1602693130761{background-color: #9b132a !important;}&#8221;]\r\n                <div class=\"text-modules\">\r\n                    <div class=\"container\">\r\n                        \r\n                        <div class=\"text-modules__content\"><\/p>\n<h2 id=\"srodki\" style=\"font-size: 120%; font-family: PT Sans Narrow; color: #002e5a;\"><strong>Doposa\u017cenie infrastruktury badawczo-dydaktyczno-artystycznej ze \u015brodk\u00f3w IDB w 2021 roku<\/strong><\/h2>\n<p>W 2021 roku w ramach Inicjatywy Doskona\u0142o\u015bci Badawczej Uniwersytet \u015al\u0105ski w Katowicach przeznaczy\u0142 dodatkowo ok. 450 tys. z\u0142 na zakup i doposa\u017cenie infrastruktury badawczo-dydaktyczno-artystycznej, s\u0142u\u017c\u0105cej wspieraniu pracy naukowej, badawczej i rozwojowej zespo\u0142\u00f3w koncentruj\u0105cych swoj\u0105 dzia\u0142alno\u015b\u0107 wok\u00f3\u0142 przysz\u0142o\u015bciowych temat\u00f3w badawczych. Wszystkie zakupy \u015bci\u015ble wpisuj\u0105 si\u0119 w strategi\u0119 Uniwersytetu \u015al\u0105skiego i za\u0142o\u017cenia programu IDB, zwi\u0119kszaj\u0105c mo\u017cliwo\u015bci badawcze.<\/p>\n<\/div>\r\n                    <\/div>\r\n                <\/div>[\/vc_column][vc_column width=&#8221;1\/3&#8243;]\r\n                <div class=\"text-modules\">\r\n                    <div class=\"container\">\r\n                        \r\n                        <div class=\"text-modules__content\"><\/p>\n<p><img loading=\"lazy\" class=\"alignnone wp-image-126376 size-full\" src=\"https:\/\/us.edu.pl\/wp-content\/uploads\/image\/idub\/1_IMG_9922__fot-Julia-Agnieszka-Szymala.jpg\" alt=\"Balon U\u015a w powietrzu\" width=\"100%\" height=\"auto\" \/><br \/>\n<span style=\"color: #333333; font-size: small;\"><em>fot. Julia Agnieszka Szymala<\/em><\/span><\/p>\n<p>\n<\/div>\r\n                    <\/div>\r\n                <\/div>[\/vc_column][\/vc_row]<\/p>","protected":false},"excerpt":{"rendered":"<p>[vc_row el_class=&#8221;container&#8221;][vc_column][vc_empty_space][\/vc_column][\/vc_row][vc_row el_class=&#8221;container text-modules-badania&#8221;][vc_column width=&#8221;2\/3&#8243;][vc_empty_space height=&#8221;8px&#8221;][vc_empty_space height=&#8221;8px&#8221; css=&#8221;.vc_custom_1602693130761{background-color: #9b132a !important;}&#8221;][vc_empty_space height=&#8221;64px&#8221;][vc_text_separator title=&#8221;DOTYCZY&#8221;][vc_text_separator title=&#8221;ALOKACJA \u015aRODK\u00d3W FINANSOWYCH&#8221;][vc_tta_accordion style=&#8221;flat&#8221; shape=&#8221;square&#8221; color=&#8221;black&#8221; spacing=&#8221;5&#8243; c_icon=&#8221;triangle&#8221; active_section=&#8221;0&#8243; no_fill=&#8221;true&#8221; collapsible_all=&#8221;true&#8221; el_class=&#8221;container text-modules-badania&#8221;][vc_tta_section title=&#8221;POB | dofinansowanie potrzeb badawczych&#8221; el_class=&#8221;container&#8221; tab_id=&#8221;pob-programdofinansowania&#8221;][vc_row_inner][vc_column_inner width=&#8221;1\/2&#8243;][\/vc_column_inner][vc_column_inner width=&#8221;1\/2&#8243;][\/vc_column_inner][\/vc_row_inner][\/vc_tta_section][\/vc_tta_accordion][vc_empty_space height=&#8221;8px&#8221; css=&#8221;.vc_custom_1602693130761{background-color: #9b132a !important;}&#8221;][\/vc_column][vc_column width=&#8221;1\/3&#8243;][\/vc_column][\/vc_row] [&#8230;]<\/p>\n<p><a class=\"btn btn-secondary understrap-read-more-link\" href=\"https:\/\/us.edu.pl\/idb\/infrastruktura\/\">Read More&#8230;<\/a><\/p>\n","protected":false},"author":139,"featured_media":89,"parent":0,"menu_order":0,"comment_status":"closed","ping_status":"closed","template":"","meta":{"_expiration-date-status":"saved","_expiration-date":0,"_expiration-date-type":"","_expiration-date-categories":[],"_expiration-date-options":[]},"acf":[],"_links":{"self":[{"href":"https:\/\/us.edu.pl\/idb\/wp-json\/wp\/v2\/pages\/112"}],"collection":[{"href":"https:\/\/us.edu.pl\/idb\/wp-json\/wp\/v2\/pages"}],"about":[{"href":"https:\/\/us.edu.pl\/idb\/wp-json\/wp\/v2\/types\/page"}],"author":[{"embeddable":true,"href":"https:\/\/us.edu.pl\/idb\/wp-json\/wp\/v2\/users\/139"}],"replies":[{"embeddable":true,"href":"https:\/\/us.edu.pl\/idb\/wp-json\/wp\/v2\/comments?post=112"}],"version-history":[{"count":6,"href":"https:\/\/us.edu.pl\/idb\/wp-json\/wp\/v2\/pages\/112\/revisions"}],"predecessor-version":[{"id":3214,"href":"https:\/\/us.edu.pl\/idb\/wp-json\/wp\/v2\/pages\/112\/revisions\/3214"}],"wp:featuredmedia":[{"embeddable":true,"href":"https:\/\/us.edu.pl\/idb\/wp-json\/wp\/v2\/media\/89"}],"wp:attachment":[{"href":"https:\/\/us.edu.pl\/idb\/wp-json\/wp\/v2\/media?parent=112"}],"curies":[{"name":"wp","href":"https:\/\/api.w.org\/{rel}","templated":true}]}}