{"id":1230,"date":"2022-06-03T12:44:54","date_gmt":"2022-06-03T10:44:54","guid":{"rendered":"https:\/\/us.edu.pl\/idb\/?page_id=1230"},"modified":"2023-05-12T16:40:51","modified_gmt":"2023-05-12T14:40:51","slug":"new-energy","status":"publish","type":"page","link":"https:\/\/us.edu.pl\/idb\/horyzonty\/new-energy\/","title":{"rendered":"Odpadowy wermikulit jako macierz nowego systemu magazynowania energii"},"content":{"rendered":"<p>[vc_row][vc_column][vc_empty_space][\/vc_column][\/vc_row][vc_row][vc_column width=&#8221;1\/6&#8243;][\/vc_column][vc_column width=&#8221;4\/6&#8243;][vc_row_inner][vc_column_inner width=&#8221;1\/2&#8243;][vc_column_text]<\/p>\n<p style=\"color: white; background-color: black; display: inline-block; widthr: 30%; padding: 8px;\">New-Energy<\/p>\n<p>[\/vc_column_text][\/vc_column_inner][vc_column_inner width=&#8221;1\/2&#8243;][\/vc_column_inner][\/vc_row_inner][vc_column_text el_class=&#8221;font-black&#8221;]<\/p>\n<p style=\"text-align: left;\"><em><span style=\"font-size: 160%; font-family: 'PT Serif';\">Odpadowy wermikulit jako macierz nowego systemu magazynowania energii<\/span><\/em><\/p>\n<p>[\/vc_column_text][vc_empty_space height=&#8221;18px&#8221;][\/vc_column][vc_column width=&#8221;1\/6&#8243;][\/vc_column][\/vc_row][vc_row][vc_column width=&#8221;1\/6&#8243;][\/vc_column][vc_column width=&#8221;4\/6&#8243;][vc_row_inner][vc_column_inner][vc_column_text el_class=&#8221;foto&#8221; css=&#8221;.vc_custom_1650348413097{margin-top: 0px !important;margin-bottom: 0px !important;border-top-width: 0px !important;border-bottom-width: 0px !important;padding-top: 0px !important;padding-bottom: 0px !important;}&#8221;]<img loading=\"lazy\" class=\"alignnone wp-image-673 size-full\" src=\"http:\/\/us.edu.pl\/idb\/wp-content\/uploads\/sites\/72\/fotografie\/horyzonty\/green-horizon-1.png\" alt=\"grafika\" width=\"8%\" height=\"auto\" \/>[\/vc_column_text][\/vc_column_inner][\/vc_row_inner][vc_column_text css=&#8221;.vc_custom_1654255609515{margin-top: 0px !important;border-top-width: 0px !important;padding-top: 15px !important;}&#8221;]<\/p>\n<p style=\"font-size: 140%; color: #000000; font-family: 'PT Sans';\">Opracowujemy nowy system magazynowania energii z wykorzystaniem odpadowego wermikulitu.<\/p>\n<p style=\"font-size: small; color: #000000; font-family: 'PT Sans';\"><em>s\u0142owa kluczowe: magazynowanie energii, wermikulit, woda, amoniak<\/em><\/p>\n<hr \/>\n<p>[\/vc_column_text][vc_column_text css=&#8221;.vc_custom_1654255914506{margin-top: 0px !important;border-top-width: 0px !important;padding-top: 0px !important;}&#8221;]<\/p>\n<p style=\"font-size: 140%; color: #000000; font-family: 'PT Sans';\">Magazynowanie energii cieplnej (TCS) to stosunkowo nowa koncepcja o fundamentalnym znaczenia dla wsp\u00f3\u0142czesnej chemii i in\u017cynierii \u015brodowiska oraz zr\u00f3wnowa\u017conego rozwoju.<\/p>\n<p style=\"font-size: 140%; color: #000000; font-family: 'PT Sans';\">TCS opiera si\u0119 na odwracalnych reakcjach chemicznych. Spo\u015br\u00f3d wielu par reakcyjnych najbardziej obiecuj\u0105ce s\u0105 uk\u0142ady sorpcyjne dzia\u0142aj\u0105ce w zakresie temperatur od -50\u00b0C do 150\u00b0C. W takich reakcjach ciep\u0142o jest magazynowane lub odzyskiwane w formie wi\u0105za\u0144 chemicznych i fizycznych utworzonych mi\u0119dzy sorbentem a sorbatem. Powszechnie stosowane sorbenty to hydraty soli, w\u0119gle aktywne, fosforany glinu, zeolity i struktury metaloorganiczne (MOF). W przypadku sorbat\u00f3w powszechnymi s\u0105 para wodna, amoniak, etanol i metanol. Dodatkowo stosuje si\u0119 porowat\u0105 matryc\u0119, co sprzyja chemisorpcji, poprawiaj\u0105c transport ciep\u0142a i masy oraz kinetyk\u0119 reakcji.<\/p>\n<p style=\"font-size: 140%; color: #000000; font-family: 'PT Sans';\">Istotnym problemem TCS jest ekonomiczno\u015b\u0107 procesu. Jedn\u0105 z badanych matryc jest wermikulit. Wermikulit ma powierzchni\u0119 w\u0142a\u015bciw\u0105 od 1m2\/g do 40m2\/g, typowo oko\u0142o ~15-20 m2\/g, oraz \u015bredni\u0105 g\u0119sto\u015b\u0107 2,5g\/cm<sup>3<\/sup>.<\/p>\n<p style=\"font-size: 140%; color: #000000; font-family: 'PT Sans';\">Celem projektu b\u0119dzie zaadaptowanie odpadowego wermikulitu tzw. czerwonego szlamu (RM) jako macierzy systemu magazynowania energii. RM ma powierzchni\u0119 w\u0142a\u015bciw\u0105 oko\u0142o 20 m2\/g oraz g\u0119sto\u015b\u0107 3,6 g\/cm3. Jest odpadem po produkcji aluminium. W ramach projektu badamy reakcje RM, aby sprawdzi\u0107, czy proces jest odwracalny oraz aby opisa\u0107 kinetyk\u0119 reakcji. Modyfikujemy tak\u017ce RM jako potencjalne TCS.<\/p>\n<p>[\/vc_column_text]<div class=\"container\"><div class=\"separator\" style=\"background-color: #000000\"><\/div><\/div>[\/vc_column][vc_column width=&#8221;1\/6&#8243;][\/vc_column][\/vc_row][vc_row el_class=&#8221;font-black content-mobile&#8221;][vc_column width=&#8221;1\/6&#8243;][\/vc_column][vc_column width=&#8221;5\/6&#8243;][vc_row_inner][vc_column_inner width=&#8221;1\/2&#8243;][vc_column_text css=&#8221;.vc_custom_1654174779739{margin-top: 0px !important;margin-bottom: 0px !important;border-top-width: 0px !important;border-bottom-width: 0px !important;padding-top: 0px !important;padding-right: 10px !important;padding-bottom: 0px !important;padding-left: 20px !important;}&#8221;]<small><span style=\"letter-spacing: 0.2mm; color: #333333; font-size: 100%;\">LIDER PROJEKTU<\/span><\/small>[\/vc_column_text][\/vc_column_inner][vc_column_inner width=&#8221;1\/2&#8243;][\/vc_column_inner][\/vc_row_inner][vc_column_text css=&#8221;.vc_custom_1654256067184{padding-left: 20px !important;}&#8221;]<span style=\"font-size: 100%; font-family: 'PT Sans'; color: black;\">prof. dr hab. in\u017c. <\/span><span style=\"font-size: 160%; font-family: 'PT Sans';\">JAROS\u0141AW POLA\u0143SKI<\/span>[\/vc_column_text][vc_row_inner content_placement=&#8221;middle&#8221;][vc_column_inner width=&#8221;1\/3&#8243;][vc_column_text el_class=&#8221;foto&#8221;]<img loading=\"lazy\" class=\"alignnone wp-image-1235 size-medium\" src=\"http:\/\/us.edu.pl\/idb\/wp-content\/uploads\/sites\/72\/fotografie\/horyzonty\/prof-jaroslaw-polanski-fot-malgorzata-kloskowicz-600x600.png\" alt=\"prof. Jaros\u0142aw Pola\u0144ski\" width=\"100%\" height=\"auto\" srcset=\"https:\/\/us.edu.pl\/idb\/wp-content\/uploads\/sites\/72\/fotografie\/horyzonty\/prof-jaroslaw-polanski-fot-malgorzata-kloskowicz.png 600w, https:\/\/us.edu.pl\/idb\/wp-content\/uploads\/sites\/72\/fotografie\/horyzonty\/prof-jaroslaw-polanski-fot-malgorzata-kloskowicz-150x150.png 150w, https:\/\/us.edu.pl\/idb\/wp-content\/uploads\/sites\/72\/fotografie\/horyzonty\/prof-jaroslaw-polanski-fot-malgorzata-kloskowicz-575x575.png 575w\" sizes=\"(max-width: 600px) 100vw, 600px\" \/>[\/vc_column_text][vc_column_text css=&#8221;.vc_custom_1654252979776{margin-top: 0px !important;border-top-width: 0px !important;padding-top: 0px !important;}&#8221;]<\/p>\n<p style=\"text-align: center;\"><span style=\"color: #808080; font-size: small;\"><em>fot. Ma\u0142gorzata K\u0142oskowicz<\/em><\/span><\/p>\n<p>[\/vc_column_text][\/vc_column_inner][vc_column_inner width=&#8221;2\/3&#8243;][vc_column_text css=&#8221;.vc_custom_1654252999904{margin-left: 25px !important;border-left-width: 1px !important;padding-left: 15px !important;border-left-color: #000000 !important;border-left-style: solid !important;}&#8221;]<\/p>\n<p style=\"font-size: small;\"><strong>prof. dr hab. in\u017c. Jaros\u0142aw Pola\u0144ski<\/strong><br \/>\nInstytut Chemii<br \/>\ne-mail: <a href=\"mailto:polanski@us.edu.pl\"><span class=\"TextRun Underlined SCXW214581838 BCX8\" lang=\"PL-PL\" xml:lang=\"PL-PL\" data-contrast=\"none\"><span class=\"NormalTextRun SCXW214581838 BCX8\" data-ccp-charstyle=\"Hyperlink\">polanski@us.edu.pl<\/span><\/span><\/a><br \/>\ntel.: +48 669 446 570<\/p>\n<p>[\/vc_column_text][\/vc_column_inner][\/vc_row_inner][vc_tta_accordion style=&#8221;flat&#8221; shape=&#8221;round&#8221; color=&#8221;black&#8221; spacing=&#8221;5&#8243; c_icon=&#8221;triangle&#8221; active_section=&#8221;0&#8243; no_fill=&#8221;true&#8221; collapsible_all=&#8221;true&#8221;][vc_tta_section title=&#8221;cz\u0142onkowie zespo\u0142u&#8221; tab_id=&#8221;new-energy&#8221;][vc_column_text el_class=&#8221;font-black&#8221;]<\/p>\n<ul>\n<li style=\"font-size: small;\">dr Piotr Bartczak, Instytut Chemii, Wydzia\u0142 Nauk \u015acis\u0142ych i Technicznych, Uniwersytet \u015al\u0105ski w Katowicach<\/li>\n<li style=\"font-size: small;\">prof. dr hab. Kamil Kami\u0144ski, Instytut Fizyki, Wydzia\u0142 Nauk \u015acis\u0142ych i Technicznych, Uniwersytet \u015al\u0105ski w Katowicach<\/li>\n<li style=\"font-size: small;\">prof. dr hab. Magdalena Tarnacka, Instytut Fizyki, Wydzia\u0142 Nauk \u015acis\u0142ych i Technicznych, Uniwersytet \u015al\u0105ski w Katowicach<\/li>\n<li style=\"font-size: small;\">prof. dr hab. Paulina Maksym, Instytut Fizyki, Wydzia\u0142 Nauk \u015acis\u0142ych i Technicznych, Uniwersytet \u015al\u0105ski w Katowicach<\/li>\n<li style=\"font-size: small;\">Dr Argyrios Anagnostopoulos, University of Birmingham, Wielka Brytania<\/li>\n<li style=\"font-size: small;\">Prof. Yulong Ding, University of Birmingham, Wielka Brytania<\/li>\n<li style=\"font-size: small;\">Dr. Helena Navarro, University of Birmingham, Wielka Brytania<\/li>\n<li style=\"font-size: small;\">prof. dr hab. Adam Smoli\u0144ski, GIG, Katowice<\/li>\n<li style=\"font-size: small;\">dr Vaclav Slovak, Uniwersytet w Ostrawie<\/li>\n<\/ul>\n<p>[\/vc_column_text][\/vc_tta_section][\/vc_tta_accordion][\/vc_column][\/vc_row][vc_row][vc_column width=&#8221;1\/6&#8243;][\/vc_column][vc_column width=&#8221;5\/6&#8243; css=&#8221;.vc_custom_1650357928922{background-color: #f2f2f2 !important;}&#8221;]\r\n                <div class=\"text-modules\">\r\n                    <div class=\"container\">\r\n                        \r\n                        <div class=\"text-modules__content\"><\/p>\n<h4 style=\"padding-left: 15px;\">Wi\u0119cej o projekcie<\/h4>\n<p>\n<\/div>\r\n                    <\/div>\r\n                <\/div>[vc_row_inner content_placement=&#8221;top&#8221;][vc_column_inner width=&#8221;1\/2&#8243;][vc_column_text css=&#8221;.vc_custom_1683902100567{margin-bottom: 0px !important;border-bottom-width: 0px !important;padding-right: 10px !important;padding-bottom: 10px !important;padding-left: 15px !important;}&#8221;]<img loading=\"lazy\" class=\"alignnone size-medium wp-image-2855\" src=\"http:\/\/us.edu.pl\/idb\/wp-content\/uploads\/sites\/72\/obrazki-wyrozniajace\/chuttersnap-xfaYAsMV1p8-unsplash-600x449.jpg\" alt=\"Samoch\u00f3d elektryczny\" width=\"100%\" height=\"auto\" srcset=\"https:\/\/us.edu.pl\/idb\/wp-content\/uploads\/sites\/72\/obrazki-wyrozniajace\/chuttersnap-xfaYAsMV1p8-unsplash-600x449.jpg 600w, https:\/\/us.edu.pl\/idb\/wp-content\/uploads\/sites\/72\/obrazki-wyrozniajace\/chuttersnap-xfaYAsMV1p8-unsplash-768x575.jpg 768w, https:\/\/us.edu.pl\/idb\/wp-content\/uploads\/sites\/72\/obrazki-wyrozniajace\/chuttersnap-xfaYAsMV1p8-unsplash-575x431.jpg 575w, https:\/\/us.edu.pl\/idb\/wp-content\/uploads\/sites\/72\/obrazki-wyrozniajace\/chuttersnap-xfaYAsMV1p8-unsplash.jpg 800w\" sizes=\"(max-width: 600px) 100vw, 600px\" \/>[\/vc_column_text][\/vc_column_inner][vc_column_inner width=&#8221;1\/2&#8243;][vc_column_text css=&#8221;.vc_custom_1683902435601{padding-right: 15px !important;padding-left: 15px !important;}&#8221;]<span style=\"color: #333333; font-size: small;\">artyku\u0142 popularnonaukowy<\/span><\/p>\n<h4><strong>Odpad po produkcji aluminium mo\u017ce pom\u00f3c w magazynowaniu energii<\/strong><\/h4>\n<p><span style=\"color: #333333; font-size: small;\">\u015al\u0105ski badawczy<\/span><\/p>\n<p style=\"font-size: 140%; color: #000000; font-family: 'PT Sans';\">Ju\u017c prawie 8 mld ludzi \u017cyje na Ziemi. Jak zapewni\u0107 im dobr\u0105 jako\u015b\u0107 \u017cycie i przetrwanie? W\u015br\u00f3d najwa\u017cniejszych, globalnych wyzwa\u0144 s\u0105 zmiany klimatyczne. Jednym z najpowa\u017cniejszych \u017ar\u00f3de\u0142 tych zmian s\u0105 tradycyjne metody wytwarzania energii. Tworz\u0105cy si\u0119 w ich wyniku dwutlenek w\u0119gla zbiera si\u0119 w atmosferze, wywo\u0142uj\u0105c efekt gigantycznej cieplarni. Przeciwdzia\u0142aj\u0105c tym skutkom, z jednej strony d\u0105\u017cymy do obni\u017cenia zapotrzebowania na energi\u0119, z drugiej poszukujemy sposob\u00f3w zarz\u0105dzania ni\u0105. Ten ostatni temat sta\u0142 si\u0119 przedmiotem zainteresowania zespo\u0142u prof. Jaros\u0142awa Pola\u0144skiego&#8230;<\/p>\n<p style=\"font-size: 140%; color: #000000; font-family: 'PT Sans'; padding-right: 15px; text-align: right;\"><a href=\"https:\/\/us.edu.pl\/odpad-po-produkcji-aluminium-moze-pomoc-w-magazynowaniu-energii-2\/\"><em>przeczytaj artyku\u0142<\/em><\/a><\/p>\n<p>[\/vc_column_text][\/vc_column_inner][\/vc_row_inner][\/vc_column][\/vc_row][vc_row][vc_column width=&#8221;1\/6&#8243;][\/vc_column][vc_column width=&#8221;4\/6&#8243;]\r\n                <div class=\"text-modules\">\r\n                    <div class=\"container\">\r\n                        \r\n                        <div class=\"text-modules__content\"><\/p>\n<h4>Aktualno\u015bci<\/h4>\n<p>\n<\/div>\r\n                    <\/div>\r\n                <\/div>[vc_row_inner][vc_column_inner][vc_column_text]<span style=\"color: #333333; font-size: small;\"><em>19.04.2022<\/em><\/span><\/p>\n<p style=\"font-size: 140%; color: #000000; font-family: 'PT Sans';\">Przeprowadzili\u015bmy konsultacje z potencjalnymi nowymi uczestnikami konsorcjum badawczego. Zakupiony zosta\u0142 sprz\u0119t informatyczny konieczny do realizacji projektu. Projektujemy instalacj\u0119 do badania magazynowania energii w tytu\u0142owym uk\u0142adzie oraz prowadzimy konsultacje w celu jej wykonania i zakupienia.<\/p>\n<p>[\/vc_column_text][\/vc_column_inner][\/vc_row_inner][\/vc_column][vc_column width=&#8221;1\/6&#8243;][\/vc_column][\/vc_row][vc_row disable_element=&#8221;yes&#8221;][vc_column width=&#8221;1\/6&#8243;][\/vc_column][vc_column width=&#8221;4\/6&#8243;][vc_tta_accordion style=&#8221;flat&#8221; shape=&#8221;round&#8221; color=&#8221;black&#8221; spacing=&#8221;5&#8243; c_icon=&#8221;triangle&#8221; active_section=&#8221;0&#8243; no_fill=&#8221;true&#8221; collapsible_all=&#8221;true&#8221;][vc_tta_section title=&#8221;publikacje i inne rezultaty&#8221; tab_id=&#8221;publikacje&#8221;]\r\n                <div class=\"text-modules\">\r\n                    <div class=\"container\">\r\n                        \r\n                        <div class=\"text-modules__content\"><p><span style=\"font-size: small;\">Trwaj\u0105 badania dotycz\u0105ce pejza\u017cu d\u017awi\u0119kowego tworzonego wsp\u00f3\u0142cze\u015bnie i historycznie w wybranych terenach nad Raw\u0105 (z uwzgl\u0119dnieniem audiosfery Szopienic). Pejza\u017c d\u017awi\u0119kowy dostarcza\u0107 mo\u017ce bowiem informacji na temat stanu ekologicznego samej rzeki, jej atrakcyjno\u015bci dla organizowania wydarze\u0144 artystycznych w przestrzeni spo\u0142ecznej, a tak\u017ce mo\u017cliwego potencja\u0142u w zakresie planowania przestrzennego miasta. Postawiono pytania o jako\u015b\u0107 audiosfery nad Raw\u0105, a tak\u017ce o to czy pejza\u017c d\u017awi\u0119kowy znad Rawy nale\u017cy do pejza\u017cu \u017cyczeniowego i wyobra\u017ceniowego czy jednak autentycznego.<\/span><\/p>\n<p><span style=\"font-size: small;\">Trwaj\u0105 badania nad rozpoznaniem stosunk\u00f3w wodnych w zlewni Rawy \u2013 stan obecny i prognoza. Celem zadania jest rozpoznanie uk\u0142adu kr\u0105\u017cenia w\u00f3dy w zlewni Rawy i bilansu wodnego, identyfikacja i okre\u015blenie \u017ar\u00f3de\u0142 zasilania rzeki, w szczeg\u00f3lno\u015bci ocena udzia\u0142u w\u00f3d z dop\u0142ywu quasi-naturalnego, a tak\u017ce okre\u015blenie udzia\u0142u czynnik\u00f3w kszta\u0142tuj\u0105cych stan chemiczny i ekologiczny w\u00f3d w rzece. Badania b\u0119d\u0105 obejmowa\u0142y wykonanie numerycznego modelu hydrologicznego zlewni Rawy oraz opr\u00f3bowanie i badania laboratoryjne w\u00f3d rzeki Rawy: badania fizykochemiczne, biologiczne i izotopowe. Badaniami b\u0119dzie obj\u0119ta zlewnia rzeki Rawy oraz staw Hubertus IV odgrywaj\u0105cy istotn\u0105 rol\u0119 w kszta\u0142towaniu stosunk\u00f3w wodnych w tym obszarze.<\/span><\/p>\n<p><span style=\"font-size: small;\">Trwaj\u0105 badania geochemiczne i mineralogiczne badania gleb na terenie Szopienic Rejony: dawnej huty Uthemans, Wilhelminy, ulicy Szabelnianej, rejonie stawu Hubertus 4 oraz s\u0105siedztwa Huty Metali Nie\u017celaznych. W celu rozpoznania i identyfikacji metalono\u015bnych minera\u0142\u00f3w zawieraj\u0105cych w swojej strukturze potencjalnie toksyczne pierwiastki np.: o\u0142\u00f3w, cynk, kadm, tal, \u017celazo, mangan, arsen, antymon w nieregularnej siatce zosta\u0142o pobranych kilkadziesi\u0105t pr\u00f3bek z wierzchnich warstw gleby (0-0,3m).<\/span><\/p>\n<p><span style=\"font-size: small;\">1. Pr\u00f3bki zostan\u0105 zbadane metodami ICP-ES\/MS w celu oznaczenia zawarto\u015bci pierwiastk\u00f3w. Laboratorium Bureau Veritas w Kanadzie wg. procedur np. MA 270, MA250 oraz Laboratorium WNP U\u015a \u2013 ASA.<\/span><\/p>\n<p><span style=\"font-size: small;\">2. Badania przy u\u017cyciu mikroskopu skaningowego Thermo Scientific Quanta 250 w Laboratorium Instytutu Nauk o Ziemi U\u015a. Analiza obraz\u00f3w BSE i widm EDS pozwoli na identyfikacj\u0119 faz metalono\u015bnych. Obraz BSE\/EDS fazy pohutniczej. (Wg. Caba\u0142a et al. 2021)<\/span><\/p>\n<p><span style=\"color: #333333;\">3. Badania rentgenostrukturlne XRD przy u\u017cyciu dyfraktometru Philips PW 3710 (Laboratorium WNP, INoZ U\u015a) umo\u017cliwi\u0105 rozpoznanie sk\u0142adu mineralnego gleb.<\/span><\/p>\n<p><span style=\"font-size: small;\">Trwaj\u0105 badania nad prze\u015bledzeniem dr\u00f3g uprzemys\u0142owienia i urbanizacji dwu dzielnic obecnych Katowic: Ro\u017adzienia i Szopienic, kt\u00f3rych losy s\u0105 nieroz\u0142\u0105cznie splecione z g\u00f3rnictwem w\u0119gla kamiennego i hutnictwem cynku. Przygotowywany jest tekst obrazuj\u0105cy wp\u0142yw industrializacji na \u015brodowisko i zmiany przestrzeni zwi\u0105zane z post\u0119puj\u0105c\u0105 urbanizacj\u0105. W badaniach historycznych podj\u0119ty zostanie tak\u017ce problem oddzia\u0142ywania organizacji pa\u0144stwowej na warunki dzia\u0142ania przemys\u0142u. Wp\u0142yw pa\u0144stwa zauwa\u017calny jest jeszcze przed rozpocz\u0119ciem produkcji cynku w Szopienicach. Dotyczy to warunk\u00f3w dzia\u0142ania g\u0142\u00f3wnego producenta \u2013 sp\u00f3\u0142ki Georg von Giesche\u2019s Erben, kt\u00f3rej pocz\u0105tki si\u0119gaj\u0105 pocz\u0105tk\u00f3w XVIII wieku. Planujemy tak\u017ce zebranie i analiz\u0119 danych dotycz\u0105cych d\u0142ugo\u015bci \u017cycia mieszka\u0144c\u00f3w Ro\u017adzienia i Szopienic na podstawie ksi\u0105g parafialnych oraz akt stany cywilnego.<\/span><\/p>\n<p><span style=\"font-size: small;\">Trwa analiza przemian w zakresie zagospodarowania przestrzennego w rejonie Szopienic i Ro\u017adzienia w perspektywie dynamicznej. Industrializacja tej cz\u0119\u015bci G\u00f3rnego \u015al\u0105ska, kt\u00f3ra oparta by\u0142a na hutnictwie cynku i o\u0142owiu ukszta\u0142towa\u0142a do\u015b\u0107 specyficzny \u2013 heterogeniczny funkcjonalnie obszar wsp\u00f3\u0142czesnej konurbacji miejskiej. Badania skupiaj\u0105 si\u0119 nad kluczowymi determinantami kszta\u0142towania si\u0119 tego obszaru oraz wyzwaniami planistyczno-strategicznymi stoj\u0105cymi przed t\u0105 cz\u0119\u015bci\u0105 wsp\u00f3\u0142czesnych Katowic.<\/span><\/p>\n<p><span style=\"font-size: small;\">Trwaj\u0105 badania literaturoznawcze dotycz\u0105ce rzeki Rawy i Szopienic. Oto ich fragment: \u201eRawa jest rzek\u0105 po ko\u0144cu \u015bwiata \u2013 w pojedynku z lud\u017ami ponios\u0142a ona kl\u0119sk\u0119 i zosta\u0142a zamieniona w \u015bciek. Ale i \u015bwiat rewolucji przemys\u0142owej, kt\u00f3ry j\u0105 zniszczy\u0142, sam zosta\u0142 zniszczony i obr\u00f3cony w ruin\u0119. W aktualnej sytuacji Rawa jest pozosta\u0142o\u015bci\u0105 po heroicznych zmaganiach nowoczesnego \u015bwiata. Mo\u017ce by\u0107 \u017cywym pomnikiem antropocenu, cho\u0107 \u017cycie w niej i wok\u00f3\u0142 w niej powraca powoli i nie\u015bmia\u0142o. B\u0119dzie to pomnik rozci\u0105gni\u0119ty na prawie dwadzie\u015bcia kilometr\u00f3w, kt\u00f3rego pocz\u0105tkowe odcinki wyznaczaj\u0105 rury kanalizacyjne, widmowa (nie)obecno\u015b\u0107 w \u015awi\u0119toch\u0142owicach i Chorzowie, cicha skryto\u015b\u0107 pomi\u0119dzy stawami czy symulacyjna obecno\u015b\u0107 na rynku w Katowicach. Te r\u00f3\u017cne formy (nie)obecno\u015bci rzeki mog\u0105 by\u0107 znakami, kt\u00f3re odsy\u0142aj\u0105 do skomplikowanej historii rewolucji przemys\u0142owej, zamieniaj\u0105cej rzeki w \u015bciek, a ziemi\u0119 w pustyni\u0119.\u201d<\/span><\/p>\n<p><span style=\"font-size: small;\">Interesuj\u0105ce s\u0105 wst\u0119pne wyniki bada\u0144 biologicznych. Oto ich fragment: \u201eZanieczyszczone miejsca mo\u017cna uzna\u0107 za rezerwuary rodzimych ro\u015blin tolerancyjnych i\u202fbioakumuluj\u0105cych metale ci\u0119\u017ckie w\u202fr\u00f3\u017cnych zakresach. Rodzime gatunki ro\u015blin, kt\u00f3re pierwsze kolonizuj\u0105 takie tereny, mog\u0105 by\u0107 cennymi bioindykatorami i\u202fbioakumulatorami metali ci\u0119\u017ckich na tych obszarach. Ro\u015bliny zdolne do zasiedlania zar\u00f3wno \u015brodowisk zanieczyszczonych, jak i\u202fniezanieczyszczonych metalami ci\u0119\u017ckimi nazywane s\u0105 przez biolog\u00f3w pseudometalofitami, w\u202fodr\u00f3\u017cnieniu od metalofit\u00f3w ca\u0142kowitych (obligatoryjnych), wyst\u0119puj\u0105cych tylko na terenach wzbogaconych w\u202fmetale. Metalofity kolonizuj\u0105ce gleby bogate w\u202fmetale ci\u0119\u017ckie to ro\u015bliny przystosowane do \u017cycia w obecno\u015bci wysokich st\u0119\u017ce\u0144 takich metali, ale te\u017c do trudnych warunk\u00f3w siedliskowych.\u201d<\/span><\/p>\n<p><span style=\"font-size: small;\">Trwaj\u0105 badania socjologiczne dotycz\u0105ce rekonstrukcji do\u015bwiadcze\u0144 \u017cyciowych mieszka\u0144c\u00f3w Szopienic w okresie powojennym zwi\u0105zanych z zamieszkiwaniem na obszarze ska\u017conym o\u0142owiem oraz prac\u0105 w hucie metali nie\u017celaznych. W realizowanych badaniach szczeg\u00f3lne znaczenie przywi\u0105zywane jest do do\u015bwiadcze\u0144 \u201eo\u0142owianych dzieci&#8221;. Punktem zainteresowa\u0144 jest pami\u0119\u0107 zbiorowa szopieniczan o \u017cyciu w cieniu huty. W tym celu prowadzone s\u0105 wywiady z osobami mieszkaj\u0105cymi w Szopienicach.<\/span><\/p>\n<p><span style=\"font-size: small;\">Trwaj\u0105 badania z wykorzystaniem technik spektroskopowych, takich jak spektroskopia w zakresie \u015bwiat\u0142a widzialnego i w zakresie bliskiej podczerwieni do szybkiej kontroli kondycji gleb. Ponadto, wdra\u017cane jest podej\u015bcie obrazowania hiperspektralnego do efektywnego monitorowania jako\u015bci gleb, docelowo z wykorzystaniem pomiar\u00f3w w trybie zdalnym, tj. pozwalaj\u0105cym monitorowa\u0107 wybrany obszar z powietrza za pomoc\u0105 dron\u00f3w. Na podstawie spektroskopowych odcisk\u00f3w palca gleb uprawnych i gleb z teren\u00f3w ska\u017conych, w szczeg\u00f3lno\u015bci, estymowany jest poziom wybranych metali ci\u0119\u017ckich (np. Pb, Cd, Cr, Ni), Mg, N, P, K, materii organicznej, pH czy inne istotne parametry.<\/span><\/p>\n<\/div>\r\n                    <\/div>\r\n                <\/div>[\/vc_tta_section][\/vc_tta_accordion][\/vc_column][vc_column width=&#8221;1\/6&#8243;][\/vc_column][\/vc_row]<\/p>","protected":false},"excerpt":{"rendered":"<p>[vc_row][vc_column][vc_empty_space][\/vc_column][\/vc_row][vc_row][vc_column width=&#8221;1\/6&#8243;][\/vc_column][vc_column width=&#8221;4\/6&#8243;][vc_row_inner][vc_column_inner width=&#8221;1\/2&#8243;][vc_column_text] New-Energy [\/vc_column_text][\/vc_column_inner][vc_column_inner width=&#8221;1\/2&#8243;][\/vc_column_inner][\/vc_row_inner][vc_column_text el_class=&#8221;font-black&#8221;] Odpadowy wermikulit jako macierz nowego systemu magazynowania energii [\/vc_column_text][vc_empty_space height=&#8221;18px&#8221;][\/vc_column][vc_column width=&#8221;1\/6&#8243;][\/vc_column][\/vc_row][vc_row][vc_column width=&#8221;1\/6&#8243;][\/vc_column][vc_column width=&#8221;4\/6&#8243;][vc_row_inner][vc_column_inner][vc_column_text el_class=&#8221;foto&#8221; css=&#8221;.vc_custom_1650348413097{margin-top: 0px !important;margin-bottom: 0px !important;border-top-width: 0px !important;border-bottom-width: 0px !important;padding-top: 0px !important;padding-bottom: 0px !important;}&#8221;][\/vc_column_text][\/vc_column_inner][\/vc_row_inner][vc_column_text css=&#8221;.vc_custom_1654255609515{margin-top: 0px !important;border-top-width: 0px !important;padding-top: 15px !important;}&#8221;] Opracowujemy nowy system magazynowania energii z wykorzystaniem odpadowego wermikulitu. s\u0142owa kluczowe: magazynowanie energii, [&#8230;]<\/p>\n<p><a class=\"btn btn-secondary understrap-read-more-link\" href=\"https:\/\/us.edu.pl\/idb\/horyzonty\/new-energy\/\">Read More&#8230;<\/a><\/p>\n","protected":false},"author":139,"featured_media":2855,"parent":609,"menu_order":0,"comment_status":"closed","ping_status":"closed","template":"page-templates\/page-with-sidebar.php","meta":{"_expiration-date-status":"","_expiration-date":0,"_expiration-date-type":"","_expiration-date-categories":[],"_expiration-date-options":[]},"acf":[],"_links":{"self":[{"href":"https:\/\/us.edu.pl\/idb\/wp-json\/wp\/v2\/pages\/1230"}],"collection":[{"href":"https:\/\/us.edu.pl\/idb\/wp-json\/wp\/v2\/pages"}],"about":[{"href":"https:\/\/us.edu.pl\/idb\/wp-json\/wp\/v2\/types\/page"}],"author":[{"embeddable":true,"href":"https:\/\/us.edu.pl\/idb\/wp-json\/wp\/v2\/users\/139"}],"replies":[{"embeddable":true,"href":"https:\/\/us.edu.pl\/idb\/wp-json\/wp\/v2\/comments?post=1230"}],"version-history":[{"count":8,"href":"https:\/\/us.edu.pl\/idb\/wp-json\/wp\/v2\/pages\/1230\/revisions"}],"predecessor-version":[{"id":2856,"href":"https:\/\/us.edu.pl\/idb\/wp-json\/wp\/v2\/pages\/1230\/revisions\/2856"}],"up":[{"embeddable":true,"href":"https:\/\/us.edu.pl\/idb\/wp-json\/wp\/v2\/pages\/609"}],"wp:featuredmedia":[{"embeddable":true,"href":"https:\/\/us.edu.pl\/idb\/wp-json\/wp\/v2\/media\/2855"}],"wp:attachment":[{"href":"https:\/\/us.edu.pl\/idb\/wp-json\/wp\/v2\/media?parent=1230"}],"curies":[{"name":"wp","href":"https:\/\/api.w.org\/{rel}","templated":true}]}}