{"id":1257,"date":"2022-06-03T16:54:15","date_gmt":"2022-06-03T14:54:15","guid":{"rendered":"https:\/\/us.edu.pl\/idb\/?page_id=1257"},"modified":"2022-08-08T13:07:15","modified_gmt":"2022-08-08T11:07:15","slug":"covid-hl","status":"publish","type":"page","link":"https:\/\/us.edu.pl\/idb\/horyzonty\/covid-hl\/","title":{"rendered":"Alfabetyzm zdrowotny dyrektor\u00f3w\/wicedyrektor\u00f3w szk\u00f3\u0142 w czasie pandemii COVID-19"},"content":{"rendered":"<p>[vc_row][vc_column][vc_empty_space][\/vc_column][\/vc_row][vc_row][vc_column width=&#8221;1\/6&#8243;][\/vc_column][vc_column width=&#8221;4\/6&#8243;][vc_row_inner][vc_column_inner width=&#8221;1\/2&#8243;][vc_column_text]<\/p>\n<p style=\"color: white; background-color: black; display: inline-block; widthr: 30%; padding: 8px;\">COVID-HL<\/p>\n<p>[\/vc_column_text][\/vc_column_inner][vc_column_inner width=&#8221;1\/2&#8243;][\/vc_column_inner][\/vc_row_inner][vc_column_text el_class=&#8221;font-black&#8221;]<\/p>\n<p style=\"text-align: left;\"><em><span style=\"font-size: 160%; font-family: 'PT Serif';\">Alfabetyzm zdrowotny dyrektor\u00f3w\/wicedyrektor\u00f3w szk\u00f3\u0142 w czasie pandemii COVID-19<\/span><\/em><\/p>\n<p>[\/vc_column_text][vc_empty_space height=&#8221;18px&#8221;][\/vc_column][vc_column width=&#8221;1\/6&#8243;][\/vc_column][\/vc_row][vc_row][vc_column width=&#8221;1\/6&#8243;][\/vc_column][vc_column width=&#8221;4\/6&#8243;][vc_row_inner][vc_column_inner][vc_column_text el_class=&#8221;foto&#8221; css=&#8221;.vc_custom_1654271912558{margin-top: 0px !important;margin-bottom: 0px !important;border-top-width: 0px !important;border-bottom-width: 0px !important;padding-top: 0px !important;padding-bottom: 0px !important;}&#8221;]<img loading=\"lazy\" class=\"alignnone wp-image-674 size-full\" src=\"http:\/\/us.edu.pl\/idb\/wp-content\/uploads\/sites\/72\/fotografie\/horyzonty\/covid-horizon-1.png\" alt=\"grafika\" width=\"8%\" height=\"auto\" \/>[\/vc_column_text][\/vc_column_inner][\/vc_row_inner][vc_column_text css=&#8221;.vc_custom_1654267441064{margin-top: 0px !important;border-top-width: 0px !important;padding-top: 15px !important;}&#8221;]<\/p>\n<p style=\"font-size: 140%; color: #000000; font-family: 'PT Sans';\">B\u0119dziemy diagnozowa\u0107 alfabetyzm zdrowotny dyrektor\u00f3w i wicedyrektor\u00f3w szk\u00f3\u0142 w czasie pandemii COVID-19.<\/p>\n<p style=\"font-size: small; color: #000000; font-family: 'PT Sans';\"><em>s\u0142owa kluczowe: alfabetyzm zdrowotny, pandemia COVID-19<\/em><\/p>\n<hr \/>\n<p>[\/vc_column_text][vc_column_text css=&#8221;.vc_custom_1655456971409{margin-top: 0px !important;border-top-width: 0px !important;padding-top: 0px !important;}&#8221;]<\/p>\n<p style=\"font-size: 140%; color: #000000; font-family: 'PT Sans';\">Pandemia COVID-19 wp\u0142yn\u0119\u0142a na wszystkie aspekty \u017cycia spo\u0142ecznego. Podejmowane \u015brodki zapobiegawcze by\u0142y to\u017csame w wi\u0119kszo\u015bci pa\u0144stw, a jednym z nich by\u0142o zamykanie instytucji edukacyjnych. Sytuacja ta mia\u0142a znacz\u0105cy wp\u0142yw na funkcjonowanie ca\u0142ej spo\u0142eczno\u015bci szkolnej, za\u015b szczeg\u00f3lnie wysokie koszty ponosili zarz\u0105dzaj\u0105cy tymi plac\u00f3wkami.<\/p>\n<p style=\"font-size: 140%; color: #000000; font-family: 'PT Sans';\">Perspektywa ukazania skali problem\u00f3w i wyzwa\u0144 zwi\u0105zanych z konieczno\u015bci\u0105 zast\u0105pienia tradycyjnego modelu kszta\u0142cenia przez model zdalny z perspektywy kadry zarz\u0105dzaj\u0105cej b\u0119dzie podstaw\u0105 budowy modelu adaptacji i wsparcia menad\u017cer\u00f3w jednostek edukacyjnych do szybkich zmian zwi\u0105zanych z wyst\u0105pieniem sytuacji kryzysowej. Dotychczasowe badania wskazuj\u0105 na wysoki poziom stresu zwi\u0105zanego z zarz\u0105dzaniem jednostkami edukacyjnymi wraz z jego psychologicznymi i fizycznymi konsekwencjami. Sytuacj\u0119 t\u0119 nasili\u0142a pandemia COVID-19. Badania s\u0105 prowadzone w ramach mi\u0119dzynarodowego konsorcjum COVID-HL Network (COVID-19 and Health Literacy [<a href=\"http:\/\/covid-hl.eu\">covid-hl.eu<\/a>]). Wypracowana koncepcja metodologiczna zak\u0142ada r\u00f3wnoleg\u0142e prowadzenie bada\u0144 w\u015br\u00f3d zarz\u0105dzaj\u0105cych szko\u0142ami w kilkudziesi\u0119ciu krajach na ca\u0142ym \u015bwiecie w oparciu o taki sam kwestionariusz ankiety, co zapewnia por\u00f3wnywalno\u015b\u0107 wynik\u00f3w na poziomie mi\u0119dzynarodowym. Badania s\u0105 realizowane za po\u015brednictwem ankiety internetowej i przeprowadzane z wykorzystaniem platformy LimeSurvey w\u015br\u00f3d dyrektor\u00f3w i wicedyrektor\u00f3w szk\u00f3\u0142 podstawowych i \u015brednich w 8 wojew\u00f3dztwach w Polsce.<\/p>\n<p>[\/vc_column_text]<div class=\"container\"><div class=\"separator\" style=\"background-color: #000000\"><\/div><\/div>[\/vc_column][vc_column width=&#8221;1\/6&#8243;][\/vc_column][\/vc_row][vc_row el_class=&#8221;font-black content-mobile&#8221;][vc_column width=&#8221;1\/6&#8243;][\/vc_column][vc_column width=&#8221;5\/6&#8243;][vc_row_inner][vc_column_inner width=&#8221;1\/2&#8243;][vc_column_text css=&#8221;.vc_custom_1654267082800{margin-top: 0px !important;margin-bottom: 0px !important;border-top-width: 0px !important;border-bottom-width: 0px !important;padding-top: 0px !important;padding-right: 10px !important;padding-bottom: 0px !important;padding-left: 20px !important;}&#8221;]<small><span style=\"letter-spacing: 0.2mm; color: #333333; font-size: 100%;\">LIDERKA PROJEKTU<\/span><\/small>[\/vc_column_text][\/vc_column_inner][vc_column_inner width=&#8221;1\/2&#8243;][\/vc_column_inner][\/vc_row_inner][vc_column_text css=&#8221;.vc_custom_1654267117594{padding-left: 20px !important;}&#8221;]<span style=\"font-size: 100%; font-family: 'PT Sans'; color: black;\">dr <\/span><span style=\"font-size: 160%; font-family: 'PT Sans';\">KARINA LEKSY<\/span>[\/vc_column_text][vc_row_inner content_placement=&#8221;middle&#8221;][vc_column_inner width=&#8221;1\/3&#8243;][vc_column_text el_class=&#8221;foto&#8221;]<img loading=\"lazy\" class=\"alignnone wp-image-1263 size-full\" src=\"http:\/\/us.edu.pl\/idb\/wp-content\/uploads\/sites\/72\/fotografie\/horyzonty\/Karina_Leksy.jpg\" alt=\"dr Karina Leksy\" width=\"100%\" height=\"auto\" srcset=\"https:\/\/us.edu.pl\/idb\/wp-content\/uploads\/sites\/72\/fotografie\/horyzonty\/Karina_Leksy.jpg 418w, https:\/\/us.edu.pl\/idb\/wp-content\/uploads\/sites\/72\/fotografie\/horyzonty\/Karina_Leksy-150x150.jpg 150w\" sizes=\"(max-width: 418px) 100vw, 418px\" \/>[\/vc_column_text][vc_column_text css=&#8221;.vc_custom_1654611381530{margin-top: 0px !important;border-top-width: 0px !important;padding-top: 0px !important;}&#8221;]<\/p>\n<p style=\"text-align: center;\"><span style=\"color: #808080; font-size: small;\"><em>fot. archiwum dr Kariny Leksy<\/em><\/span><\/p>\n<p>[\/vc_column_text][\/vc_column_inner][vc_column_inner width=&#8221;2\/3&#8243;][vc_column_text css=&#8221;.vc_custom_1654267002948{margin-left: 25px !important;border-left-width: 1px !important;padding-left: 15px !important;border-left-color: #000000 !important;border-left-style: solid !important;}&#8221;]<\/p>\n<p style=\"font-size: small;\"><strong>dr Karina Leksy<\/strong><br \/>\nInstytut Pedagogiki<br \/>\ne-mail: <a href=\"mailto:karina.leksy@us.edu.pl\">karina.leksy@us.edu.pl<\/a><\/p>\n<p>[\/vc_column_text][\/vc_column_inner][\/vc_row_inner][vc_tta_accordion style=&#8221;flat&#8221; shape=&#8221;round&#8221; color=&#8221;black&#8221; spacing=&#8221;5&#8243; c_icon=&#8221;triangle&#8221; active_section=&#8221;0&#8243; no_fill=&#8221;true&#8221; collapsible_all=&#8221;true&#8221;][vc_tta_section title=&#8221;cz\u0142onkowie zespo\u0142u&#8221; tab_id=&#8221;covid-hl&#8221;][vc_column_text el_class=&#8221;font-black&#8221;]<\/p>\n<ul>\n<li style=\"font-size: small;\">dr hab. Katarzyna Borzucka-Sitkiewicz, Instytut Pedagogiki, Wydzia\u0142 Nauk Spo\u0142ecznych<\/li>\n<li style=\"font-size: small;\">dr hab. Rafa\u0142 Muster, prof. U\u015a, Instytut Socjologii, Wydzia\u0142 Nauk Spo\u0142ecznych<\/li>\n<\/ul>\n<p>[\/vc_column_text][\/vc_tta_section][\/vc_tta_accordion][\/vc_column][\/vc_row][vc_row][vc_column width=&#8221;1\/6&#8243;][\/vc_column][vc_column width=&#8221;5\/6&#8243; css=&#8221;.vc_custom_1650357928922{background-color: #f2f2f2 !important;}&#8221;]\r\n                <div class=\"text-modules\">\r\n                    <div class=\"container\">\r\n                        \r\n                        <div class=\"text-modules__content\"><\/p>\n<h4 style=\"padding-left: 15px;\">Wi\u0119cej o projekcie<\/h4>\n<p>\n<\/div>\r\n                    <\/div>\r\n                <\/div>[vc_row_inner content_placement=&#8221;top&#8221;][vc_column_inner width=&#8221;1\/2&#8243;][vc_column_text css=&#8221;.vc_custom_1658134837784{margin-bottom: 0px !important;border-bottom-width: 0px !important;padding-right: 10px !important;padding-bottom: 10px !important;padding-left: 15px !important;}&#8221;]<img loading=\"lazy\" class=\"alignnone wp-image-2155 size-full\" src=\"http:\/\/us.edu.pl\/idb\/wp-content\/uploads\/sites\/72\/fotografie\/horyzonty\/marco-fileccia-HE7_hMkqn9A-unsplash-\u2014-kopia.jpg\" alt=\"pusta klasa, na krze\u015ble wisi maseczka\" width=\"100%\" height=\"auto\" srcset=\"https:\/\/us.edu.pl\/idb\/wp-content\/uploads\/sites\/72\/fotografie\/horyzonty\/marco-fileccia-HE7_hMkqn9A-unsplash-\u2014-kopia.jpg 600w, https:\/\/us.edu.pl\/idb\/wp-content\/uploads\/sites\/72\/fotografie\/horyzonty\/marco-fileccia-HE7_hMkqn9A-unsplash-\u2014-kopia-150x150.jpg 150w, https:\/\/us.edu.pl\/idb\/wp-content\/uploads\/sites\/72\/fotografie\/horyzonty\/marco-fileccia-HE7_hMkqn9A-unsplash-\u2014-kopia-575x575.jpg 575w\" sizes=\"(max-width: 600px) 100vw, 600px\" \/>[\/vc_column_text][vc_column_text css=&#8221;.vc_custom_1658134853739{margin-top: 0px !important;border-top-width: 0px !important;padding-top: 0px !important;padding-right: 20px !important;padding-left: 20px !important;}&#8221;]<\/p>\n<p style=\"text-align: center;\"><span style=\"color: #808080; font-size: small;\"><em>fot. Unsplash<\/em><\/span><\/p>\n<p>[\/vc_column_text][\/vc_column_inner][vc_column_inner width=&#8221;1\/2&#8243;][vc_column_text css=&#8221;.vc_custom_1658134960448{padding-right: 15px !important;padding-left: 15px !important;}&#8221;]<span style=\"color: #333333; font-size: small;\">artyku\u0142 popularnonaukowy<\/span><\/p>\n<h4><strong>\u017byjemy w spo\u0142ecze\u0144stwie ryzyka<\/strong><\/h4>\n<p><span style=\"color: #333333; font-size: small;\">\u015al\u0105ski badawczy | 18.07.2022<\/span><\/p>\n<p style=\"font-size: 140%; color: #000000; font-family: 'PT Sans';\">Niepewno\u015b\u0107 czy nerwowo\u015b\u0107 towarzyszy\u0142y w r\u00f3\u017cnym stopniu ka\u017cdemu z nas podczas pandemii koronawirusa. Ze stresem radzili\u015bmy sobie r\u00f3\u017cnie \u2013 raz lepiej, raz gorzej. Jedni si\u0119gali po u\u017cywki, jak papierosy czy alkohol, drudzy objadali si\u0119 s\u0142odyczami, a kolejni uprawiali sport&#8230;<\/p>\n<p style=\"font-size: 140%; color: #000000; font-family: 'PT Sans'; padding-right: 15px; text-align: right;\"><a href=\"https:\/\/us.edu.pl\/zyjemy-w-spoleczenstwie-ryzyka-badania-dr-kariny-leksy\/\"><em>przeczytaj artyku\u0142<\/em><\/a><\/p>\n<p>[\/vc_column_text][\/vc_column_inner][\/vc_row_inner][\/vc_column][\/vc_row][vc_row][vc_column width=&#8221;1\/6&#8243;][\/vc_column][vc_column width=&#8221;4\/6&#8243;]\r\n                <div class=\"text-modules\">\r\n                    <div class=\"container\">\r\n                        \r\n                        <div class=\"text-modules__content\"><\/p>\n<h4>Aktualno\u015bci<\/h4>\n<p>\n<\/div>\r\n                    <\/div>\r\n                <\/div>[vc_row_inner][vc_column_inner][vc_column_text]<span style=\"color: #333333; font-size: small;\"><em>19.04.2022<\/em><\/span><\/p>\n<ol>\n<li style=\"font-size: 140%; color: #000000; font-family: 'PT Sans';\">Zako\u0144czenie etapu zbierania danych empirycznych.<\/li>\n<li style=\"font-size: 140%; color: #000000; font-family: 'PT Sans';\">Opracowanie cz\u0119\u015bci wynik\u00f3w bada\u0144 w\u0142asnych.<\/li>\n<li style=\"font-size: 140%; color: #000000; font-family: 'PT Sans';\">Zg\u0142oszenie udzia\u0142u w konferencji \u201eEuropean Conference on Educational Research\u201d 2022, Yerevan, Armenia.<\/li>\n<li style=\"font-size: 140%; color: #000000; font-family: 'PT Sans';\">Zg\u0142oszenie udzia\u0142u w konferencji \u201eInternational Conference on Education and New Developments\u201d 2022 Madera, Portugalia.<\/li>\n<li style=\"font-size: 140%; color: #000000; font-family: 'PT Sans';\">Spotkania online z partnerami zagranicznymi ukierunkowane na nawi\u0105zanie wsp\u00f3\u0142pracy i zbudowanie konsorcjum w celu przygotowania i z\u0142o\u017cenia wniosku grantowego w konkursie Horizon Europe.<\/li>\n<li style=\"font-size: 140%; color: #000000; font-family: 'PT Sans';\">Prace nad publikacjami.<\/li>\n<\/ol>\n<p>[\/vc_column_text][\/vc_column_inner][\/vc_row_inner][\/vc_column][vc_column width=&#8221;1\/6&#8243;][\/vc_column][\/vc_row][vc_row][vc_column width=&#8221;1\/6&#8243;][\/vc_column][vc_column width=&#8221;4\/6&#8243;][vc_tta_accordion style=&#8221;flat&#8221; shape=&#8221;round&#8221; color=&#8221;black&#8221; spacing=&#8221;5&#8243; c_icon=&#8221;triangle&#8221; active_section=&#8221;0&#8243; no_fill=&#8221;true&#8221; collapsible_all=&#8221;true&#8221;][vc_tta_section title=&#8221;publikacje i inne rezultaty&#8221; tab_id=&#8221;publikacje&#8221;]\r\n                <div class=\"text-modules\">\r\n                    <div class=\"container\">\r\n                        \r\n                        <div class=\"text-modules__content\"><\/p>\n<ul>\n<li><span style=\"font-size: small;\">K. Leksy: <em>Aktywno\u015b\u0107 fizyczna dzieci i adolescent\u00f3w w czasie pandemii COVID-19: przegl\u0105d bada\u0144 i rekomendacje dla praktyki pedagogicznej.<\/em> \u201eProblemy Opieku\u0144czo-Wychowawcze\u201d 2022, nr 1, s. 41-53. <\/span><\/li>\n<li><span style=\"font-size: small;\">K. Leksy, K. Borzucka-Sitkiewicz: <em>The role of health literacy in protecting children and adolescents from health risks in the context of the COVID-19 Pandemic<\/em>. \u201eStudia Edukacyjne\u201d 2021, nr 61, s. 61-75. <\/span><\/li>\n<\/ul>\n<p>\n<\/div>\r\n                    <\/div>\r\n                <\/div>[\/vc_tta_section][\/vc_tta_accordion][\/vc_column][vc_column width=&#8221;1\/6&#8243;][\/vc_column][\/vc_row]<\/p>","protected":false},"excerpt":{"rendered":"<p>[vc_row][vc_column][vc_empty_space][\/vc_column][\/vc_row][vc_row][vc_column width=&#8221;1\/6&#8243;][\/vc_column][vc_column width=&#8221;4\/6&#8243;][vc_row_inner][vc_column_inner width=&#8221;1\/2&#8243;][vc_column_text] COVID-HL [\/vc_column_text][\/vc_column_inner][vc_column_inner width=&#8221;1\/2&#8243;][\/vc_column_inner][\/vc_row_inner][vc_column_text el_class=&#8221;font-black&#8221;] Alfabetyzm zdrowotny dyrektor\u00f3w\/wicedyrektor\u00f3w szk\u00f3\u0142 w czasie pandemii COVID-19 [\/vc_column_text][vc_empty_space height=&#8221;18px&#8221;][\/vc_column][vc_column width=&#8221;1\/6&#8243;][\/vc_column][\/vc_row][vc_row][vc_column width=&#8221;1\/6&#8243;][\/vc_column][vc_column width=&#8221;4\/6&#8243;][vc_row_inner][vc_column_inner][vc_column_text el_class=&#8221;foto&#8221; css=&#8221;.vc_custom_1654271912558{margin-top: 0px !important;margin-bottom: 0px !important;border-top-width: 0px !important;border-bottom-width: 0px !important;padding-top: 0px !important;padding-bottom: 0px !important;}&#8221;][\/vc_column_text][\/vc_column_inner][\/vc_row_inner][vc_column_text css=&#8221;.vc_custom_1654267441064{margin-top: 0px !important;border-top-width: 0px !important;padding-top: 15px !important;}&#8221;] B\u0119dziemy diagnozowa\u0107 alfabetyzm zdrowotny dyrektor\u00f3w i wicedyrektor\u00f3w szk\u00f3\u0142 w czasie pandemii COVID-19. s\u0142owa [&#8230;]<\/p>\n<p><a class=\"btn btn-secondary understrap-read-more-link\" href=\"https:\/\/us.edu.pl\/idb\/horyzonty\/covid-hl\/\">Read More&#8230;<\/a><\/p>\n","protected":false},"author":139,"featured_media":1264,"parent":609,"menu_order":0,"comment_status":"closed","ping_status":"closed","template":"page-templates\/page-with-sidebar.php","meta":{"_expiration-date-status":"","_expiration-date":0,"_expiration-date-type":"","_expiration-date-categories":[],"_expiration-date-options":[]},"acf":[],"_links":{"self":[{"href":"https:\/\/us.edu.pl\/idb\/wp-json\/wp\/v2\/pages\/1257"}],"collection":[{"href":"https:\/\/us.edu.pl\/idb\/wp-json\/wp\/v2\/pages"}],"about":[{"href":"https:\/\/us.edu.pl\/idb\/wp-json\/wp\/v2\/types\/page"}],"author":[{"embeddable":true,"href":"https:\/\/us.edu.pl\/idb\/wp-json\/wp\/v2\/users\/139"}],"replies":[{"embeddable":true,"href":"https:\/\/us.edu.pl\/idb\/wp-json\/wp\/v2\/comments?post=1257"}],"version-history":[{"count":10,"href":"https:\/\/us.edu.pl\/idb\/wp-json\/wp\/v2\/pages\/1257\/revisions"}],"predecessor-version":[{"id":2184,"href":"https:\/\/us.edu.pl\/idb\/wp-json\/wp\/v2\/pages\/1257\/revisions\/2184"}],"up":[{"embeddable":true,"href":"https:\/\/us.edu.pl\/idb\/wp-json\/wp\/v2\/pages\/609"}],"wp:featuredmedia":[{"embeddable":true,"href":"https:\/\/us.edu.pl\/idb\/wp-json\/wp\/v2\/media\/1264"}],"wp:attachment":[{"href":"https:\/\/us.edu.pl\/idb\/wp-json\/wp\/v2\/media?parent=1257"}],"curies":[{"name":"wp","href":"https:\/\/api.w.org\/{rel}","templated":true}]}}