{"id":1296,"date":"2022-06-03T18:14:15","date_gmt":"2022-06-03T16:14:15","guid":{"rendered":"https:\/\/us.edu.pl\/idb\/?page_id=1296"},"modified":"2022-06-30T14:21:06","modified_gmt":"2022-06-30T12:21:06","slug":"pocobongo","status":"publish","type":"page","link":"https:\/\/us.edu.pl\/idb\/horyzonty\/pocobongo\/","title":{"rendered":"Postcovidowa rehabilitacja w oparciu o metodologie serious games"},"content":{"rendered":"<p>[vc_row][vc_column][vc_empty_space][\/vc_column][\/vc_row][vc_row][vc_column width=&#8221;1\/6&#8243;][\/vc_column][vc_column width=&#8221;4\/6&#8243;][vc_row_inner][vc_column_inner width=&#8221;1\/2&#8243;][vc_column_text]<\/p>\n<p style=\"color: white; background-color: black; display: inline-block; widthr: 30%; padding: 8px;\">PoCoBonGo<\/p>\n<p>[\/vc_column_text][\/vc_column_inner][vc_column_inner width=&#8221;1\/2&#8243;][\/vc_column_inner][\/vc_row_inner][vc_column_text el_class=&#8221;font-black&#8221;]<\/p>\n<p style=\"text-align: left;\"><em><span style=\"font-size: 160%; font-family: 'PT Serif';\">Postcovidowa rehabilitacja w oparciu o metodologie serious games<\/span><\/em><\/p>\n<p>[\/vc_column_text][vc_empty_space height=&#8221;18px&#8221;][\/vc_column][vc_column width=&#8221;1\/6&#8243;][\/vc_column][\/vc_row][vc_row][vc_column width=&#8221;1\/6&#8243;][\/vc_column][vc_column width=&#8221;4\/6&#8243;][vc_row_inner][vc_column_inner][vc_column_text el_class=&#8221;foto&#8221; css=&#8221;.vc_custom_1654271893919{margin-top: 0px !important;margin-bottom: 0px !important;border-top-width: 0px !important;border-bottom-width: 0px !important;padding-top: 0px !important;padding-bottom: 0px !important;}&#8221;]<img loading=\"lazy\" class=\"alignnone wp-image-674 size-full\" src=\"http:\/\/us.edu.pl\/idb\/wp-content\/uploads\/sites\/72\/fotografie\/horyzonty\/covid-horizon-1.png\" alt=\"grafika\" width=\"8%\" height=\"auto\" \/>[\/vc_column_text][\/vc_column_inner][\/vc_row_inner][vc_column_text css=&#8221;.vc_custom_1654272017879{margin-top: 0px !important;border-top-width: 0px !important;padding-top: 15px !important;}&#8221;]<\/p>\n<p style=\"font-size: 140%; color: #000000; font-family: 'PT Sans';\">Wykorzystamy gry do niwelowania deterioracji funkcji poznawczych i poprawy stanu afektywnego po przebyciu choroby COVID-19.<\/p>\n<p style=\"font-size: small; color: #000000; font-family: 'PT Sans';\"><em>COVID-19, gry logiczne, rehabilitacja, biofeedback, mg\u0142a covidowa<\/em><\/p>\n<hr \/>\n<p>[\/vc_column_text][vc_column_text css=&#8221;.vc_custom_1654272347122{margin-top: 0px !important;border-top-width: 0px !important;padding-top: 0px !important;}&#8221;]<\/p>\n<p style=\"font-size: 140%; color: #000000; font-family: 'PT Sans';\">G\u0142\u00f3wnym celem naukowym projektu jest okre\u015blenie, kt\u00f3re z element\u00f3w konstrukcyjnych gier analogowych posiadaj\u0105 walor terapeutyczny dla funkcji poznawczych, afektywnych i spo\u0142ecznych, upo\u015bledzanych w warunkach izolacji (np. wynikaj\u0105cej ze stanu pandemii). Dzia\u0142ania wpisuj\u0105 si\u0119 w zakres Priorytetowego Obszaru Badawczego: Harmonijny rozw\u00f3j cz\u0142owieka \u2013 troska o ochron\u0119 zdrowia i jako\u015b\u0107 \u017cycia.<\/p>\n<p style=\"font-size: 140%; color: #000000; font-family: 'PT Sans';\">Gry planszowe w okresie pandemii s\u0142u\u017cy\u0142y jako jedna z form ludycznych zapewniaj\u0105cych mo\u017cliwo\u015b\u0107 \u201ecyfrowego detoksu\u201d dla os\u00f3b pracuj\u0105cych przed ekranem monitora. Wraz ze wzrostem znaczenia pracy zdalnej, rynek gier analogowych w samym tylko 2020 roku zanotowa\u0142 wzrost przychodu na poziomie 20% i to pomimo problem\u00f3w logistycznych z dostawami z Chin, gdzie produkowanych jest wiele komponent\u00f3w.<\/p>\n<p style=\"font-size: 140%; color: #000000; font-family: 'PT Sans';\">Jednocze\u015bnie w zakresie pedagogiki i psychologii refleksja na temat projektowania gier jako narz\u0119dzi specyficznie nakierowanych na profilaktyk\u0119 funkcjonowania psychicznego pod k\u0105tem sytuacji izolacji jest polem w zasadzie nieistniej\u0105cym. W naszym projekcie chcemy rozpocz\u0105\u0107 rzeteln\u0105 naukow\u0105 refleksj\u0119 nad wykorzystaniem poszczeg\u00f3lnych mechanizm\u00f3w stosowanych w grach planszowych jako element\u00f3w wp\u0142ywaj\u0105cych na trzy podstawowe parametry upo\u015bledzane w trakcie sytuacji pandemicznej, ale te\u017c w sytuacjach izolacji w og\u00f3le. Mowa o funkcjach poznawczych, stanach afektywnych oraz komunikacji interpersonalnej.<\/p>\n<p style=\"font-size: 140%; color: #000000; font-family: 'PT Sans';\">Dzi\u0119ki wynikom bada\u0144 \u015brodowisko projektant\u00f3w gier planszowych uzyska dodatkowe cenne informacje na temat mechanizm\u00f3w projektowych przynosz\u0105cych najlepsze efekty w zakresie poprawy poszczeg\u00f3lnych parametr\u00f3w psychologicznych. Na tej podstawie b\u0119d\u0105 mogli wyposa\u017ca\u0107 swoje produkty w taki spos\u00f3b, by najlepiej s\u0142u\u017cy\u0142y one cz\u0142owiekowi.<\/p>\n<p>[\/vc_column_text]<div class=\"container\"><div class=\"separator\" style=\"background-color: #000000\"><\/div><\/div>[\/vc_column][vc_column width=&#8221;1\/6&#8243;][\/vc_column][\/vc_row][vc_row el_class=&#8221;font-black content-mobile&#8221;][vc_column width=&#8221;1\/6&#8243;][\/vc_column][vc_column width=&#8221;5\/6&#8243;][vc_row_inner][vc_column_inner width=&#8221;1\/2&#8243;][vc_column_text css=&#8221;.vc_custom_1654271604452{margin-top: 0px !important;margin-bottom: 0px !important;border-top-width: 0px !important;border-bottom-width: 0px !important;padding-top: 0px !important;padding-right: 10px !important;padding-bottom: 0px !important;padding-left: 20px !important;}&#8221;]<small><span style=\"letter-spacing: 0.2mm; color: #333333; font-size: 100%;\">LIDER PROJEKTU<\/span><\/small>[\/vc_column_text][\/vc_column_inner][vc_column_inner width=&#8221;1\/2&#8243;][\/vc_column_inner][\/vc_row_inner][vc_column_text css=&#8221;.vc_custom_1654271649850{padding-left: 20px !important;}&#8221;]<span style=\"font-size: 100%; font-family: 'PT Sans'; color: black;\">dr <\/span><span style=\"font-size: 160%; font-family: 'PT Sans';\">TOMASZ KOPCZY\u0143SKI<\/span>[\/vc_column_text][vc_row_inner content_placement=&#8221;middle&#8221;][vc_column_inner width=&#8221;1\/3&#8243;][vc_column_text el_class=&#8221;foto&#8221;]<img loading=\"lazy\" class=\"alignnone wp-image-1438 size-medium\" src=\"http:\/\/us.edu.pl\/idb\/wp-content\/uploads\/sites\/72\/fotografie\/horyzonty\/IMGP3177-600x600.jpg\" alt=\"dr Tomasz Kopczy\u0144ski\" width=\"100%\" height=\"auto\" srcset=\"https:\/\/us.edu.pl\/idb\/wp-content\/uploads\/sites\/72\/fotografie\/horyzonty\/IMGP3177.jpg 600w, https:\/\/us.edu.pl\/idb\/wp-content\/uploads\/sites\/72\/fotografie\/horyzonty\/IMGP3177-150x150.jpg 150w, https:\/\/us.edu.pl\/idb\/wp-content\/uploads\/sites\/72\/fotografie\/horyzonty\/IMGP3177-575x575.jpg 575w\" sizes=\"(max-width: 600px) 100vw, 600px\" \/>[\/vc_column_text][vc_column_text css=&#8221;.vc_custom_1654608516086{margin-top: 0px !important;border-top-width: 0px !important;padding-top: 0px !important;}&#8221;]<\/p>\n<p style=\"text-align: center;\"><span style=\"color: #808080; font-size: small;\"><em>fot. archiwum dr. Tomasza Kopczy\u0144skiego<\/em><\/span><\/p>\n<p>[\/vc_column_text][\/vc_column_inner][vc_column_inner width=&#8221;2\/3&#8243;][vc_column_text css=&#8221;.vc_custom_1654271628236{margin-left: 25px !important;border-left-width: 1px !important;padding-left: 15px !important;border-left-color: #000000 !important;border-left-style: solid !important;}&#8221;]<\/p>\n<p style=\"font-size: small;\"><strong>dr Tomasz Kopczy\u0144ski<\/strong><br \/>\nInstytut Pedagogiki<br \/>\ne-mail: <a href=\"mailto:tomasz.kopczynski@us.edu.pl\">tomasz.kopczynski@us.edu.pl<\/a><\/p>\n<p>[\/vc_column_text][\/vc_column_inner][\/vc_row_inner][vc_tta_accordion style=&#8221;flat&#8221; shape=&#8221;round&#8221; color=&#8221;black&#8221; spacing=&#8221;5&#8243; c_icon=&#8221;triangle&#8221; active_section=&#8221;0&#8243; no_fill=&#8221;true&#8221; collapsible_all=&#8221;true&#8221;][vc_tta_section title=&#8221;cz\u0142onkowie zespo\u0142u&#8221; tab_id=&#8221;covid-hl&#8221;][vc_column_text el_class=&#8221;font-black&#8221;]<\/p>\n<ul>\n<li style=\"font-size: small;\">dr hab. Andrzej Swinarew prof. U\u015a<\/li>\n<li style=\"font-size: small;\">dr hab. Arkadiusz Rojczyk prof. U\u015a<\/li>\n<li style=\"font-size: small;\">dr Pawe\u0142 Janik<\/li>\n<li style=\"font-size: small;\">dr Maciej Bo\u017cek<\/li>\n<\/ul>\n<p style=\"font-size: small;\">Konsultanci zagraniczni:<\/p>\n<p style=\"font-size: small;\">Professor Martin PETREK, M.D., Ph.D. Specialization: pathophysiology. Research field: immunology and genetics of respiratory diseases. Institute of Molecular and Translational Medicine. Associate professor.<\/p>\n<p style=\"font-size: small;\">Branislav Gerazov Faculty of Electrical Engineering and Information Technologies, Ss Cyril and Methodius University in Skopje, Macedonia. Field of interest speech and audio processing, machine learning, biomedical electronics and signal processing, acoustics.<\/p>\n<p>[\/vc_column_text][\/vc_tta_section][\/vc_tta_accordion][\/vc_column][\/vc_row][vc_row][vc_column width=&#8221;1\/6&#8243;][\/vc_column][vc_column width=&#8221;5\/6&#8243; css=&#8221;.vc_custom_1650357928922{background-color: #f2f2f2 !important;}&#8221;]\r\n                <div class=\"text-modules\">\r\n                    <div class=\"container\">\r\n                        \r\n                        <div class=\"text-modules__content\"><\/p>\n<h4 style=\"padding-left: 15px;\">Wi\u0119cej o projekcie<\/h4>\n<p>\n<\/div>\r\n                    <\/div>\r\n                <\/div>[vc_row_inner content_placement=&#8221;top&#8221;][vc_column_inner width=&#8221;1\/2&#8243;][vc_column_text css=&#8221;.vc_custom_1655715044470{margin-bottom: 0px !important;border-bottom-width: 0px !important;padding-right: 10px !important;padding-bottom: 10px !important;padding-left: 15px !important;}&#8221;]<img loading=\"lazy\" class=\"alignnone wp-image-1998 size-full\" src=\"http:\/\/us.edu.pl\/idb\/wp-content\/uploads\/sites\/72\/fotografie\/horyzonty\/pexels-othmar-vigl-792051.jpg\" alt=\"pionki do gry\" width=\"100%\" height=\"auto\" srcset=\"https:\/\/us.edu.pl\/idb\/wp-content\/uploads\/sites\/72\/fotografie\/horyzonty\/pexels-othmar-vigl-792051.jpg 640w, https:\/\/us.edu.pl\/idb\/wp-content\/uploads\/sites\/72\/fotografie\/horyzonty\/pexels-othmar-vigl-792051-600x600.jpg 600w, https:\/\/us.edu.pl\/idb\/wp-content\/uploads\/sites\/72\/fotografie\/horyzonty\/pexels-othmar-vigl-792051-150x150.jpg 150w, https:\/\/us.edu.pl\/idb\/wp-content\/uploads\/sites\/72\/fotografie\/horyzonty\/pexels-othmar-vigl-792051-575x575.jpg 575w\" sizes=\"(max-width: 640px) 100vw, 640px\" \/>[\/vc_column_text][vc_column_text css=&#8221;.vc_custom_1655715055470{margin-top: 0px !important;border-top-width: 0px !important;padding-top: 0px !important;padding-right: 20px !important;padding-left: 20px !important;}&#8221;]<\/p>\n<p style=\"text-align: center;\"><span style=\"color: #808080; font-size: small;\"><em>fot. Pexels<\/em><\/span><\/p>\n<p>[\/vc_column_text][\/vc_column_inner][vc_column_inner width=&#8221;1\/2&#8243;][vc_column_text css=&#8221;.vc_custom_1655715104925{padding-right: 15px !important;padding-left: 15px !important;}&#8221;]<span style=\"color: #333333; font-size: small;\">artyku\u0142 popularnonaukowy<\/span><\/p>\n<h4><strong>Gry analogowe lekarstwem na mg\u0142\u0119 pocovidow\u0105<\/strong><\/h4>\n<p><span style=\"color: #333333; font-size: small;\">\u015al\u0105ski badawczy | 20.06.2022<\/span><\/p>\n<p style=\"font-size: 140%; color: #000000; font-family: 'PT Sans';\">Wiele os\u00f3b, kt\u00f3re chorowa\u0142y na COVID-19, skar\u017cy si\u0119 na mg\u0142\u0119 m\u00f3zgow\u0105. To zesp\u00f3\u0142 objaw\u00f3w neurologicznych obejmuj\u0105cych m.in. zaburzenia koncentracji i pami\u0119ci kr\u00f3tkotrwa\u0142ej, problemy ze skupieniem uwagi, dezorientacj\u0119 czy zm\u0119czenie. Mg\u0142a m\u00f3zgowa mo\u017ce wyst\u0119powa\u0107 w r\u00f3\u017cnych schorzeniach, takich jak choroby autoimmunologiczne, borelioza, nerwica czy zesp\u00f3\u0142 przewlek\u0142ego zm\u0119czenia. Ostatnio najcz\u0119\u015bciej s\u0142yszy si\u0119 o niej w\u0142a\u015bnie jako o powik\u0142aniu po przebyciu COVID-19. Izolacja podczas pandemii u wielu os\u00f3b spowodowa\u0142a upo\u015bledzenie funkcji poznawczych, afektywnych i spo\u0142ecznych&#8230;<\/p>\n<p style=\"font-size: 140%; color: #000000; font-family: 'PT Sans'; padding-right: 15px; text-align: right;\"><a href=\"https:\/\/us.edu.pl\/gry-analogowe-lekarstwem-na-mgle-pocovidowa-badania-dr-t-kopczynskiego\/\"><em>przeczytaj artyku\u0142<\/em><\/a><\/p>\n<p>[\/vc_column_text][\/vc_column_inner][\/vc_row_inner][\/vc_column][\/vc_row][vc_row][vc_column width=&#8221;1\/6&#8243;][\/vc_column][vc_column width=&#8221;4\/6&#8243;]\r\n                <div class=\"text-modules\">\r\n                    <div class=\"container\">\r\n                        \r\n                        <div class=\"text-modules__content\"><\/p>\n<h4>Aktualno\u015bci<\/h4>\n<p>\n<\/div>\r\n                    <\/div>\r\n                <\/div>[vc_row_inner][vc_column_inner][vc_column_text]<span style=\"color: #333333; font-size: small;\"><em>19.04.2022<\/em><\/span><\/p>\n<p style=\"font-size: 140%; color: #000000; font-family: 'PT Sans';\">Zako\u0144czenie etapu prototypowania gry logicznej oraz pierwsze playtesty.<\/p>\n<p>[\/vc_column_text]\r\n                <div class=\"text-modules\">\r\n                    <div class=\"container\">\r\n                        \r\n                        <div class=\"text-modules__content\"><\/p>\n<p style=\"text-align: center;\"><img loading=\"lazy\" class=\"alignnone wp-image-1310 size-full\" src=\"http:\/\/us.edu.pl\/idb\/wp-content\/uploads\/sites\/72\/fotografie\/horyzonty\/prototyp.jpg\" alt=\"9 plansz, kilka pionk\u00f3w, kilka kostek do gry\" width=\"80%\" height=\"auto\" srcset=\"https:\/\/us.edu.pl\/idb\/wp-content\/uploads\/sites\/72\/fotografie\/horyzonty\/prototyp.jpg 800w, https:\/\/us.edu.pl\/idb\/wp-content\/uploads\/sites\/72\/fotografie\/horyzonty\/prototyp-600x450.jpg 600w, https:\/\/us.edu.pl\/idb\/wp-content\/uploads\/sites\/72\/fotografie\/horyzonty\/prototyp-768x576.jpg 768w, https:\/\/us.edu.pl\/idb\/wp-content\/uploads\/sites\/72\/fotografie\/horyzonty\/prototyp-575x431.jpg 575w\" sizes=\"(max-width: 800px) 100vw, 800px\" \/><\/p>\n<p>\n<\/div>\r\n                    <\/div>\r\n                <\/div>[vc_column_text css=&#8221;.vc_custom_1654608556005{margin-top: 0px !important;border-top-width: 0px !important;padding-top: 0px !important;}&#8221;]<\/p>\n<p style=\"text-align: center;\"><span style=\"color: #808080; font-size: small;\"><em>fot. archiwum dr. Tomasz Kopczy\u0144skiego<\/em><\/span><\/p>\n<p>[\/vc_column_text][\/vc_column_inner][\/vc_row_inner][\/vc_column][vc_column width=&#8221;1\/6&#8243;][\/vc_column][\/vc_row][vc_row disable_element=&#8221;yes&#8221;][vc_column width=&#8221;1\/6&#8243;][\/vc_column][vc_column width=&#8221;4\/6&#8243;][vc_tta_accordion style=&#8221;flat&#8221; shape=&#8221;round&#8221; color=&#8221;black&#8221; spacing=&#8221;5&#8243; c_icon=&#8221;triangle&#8221; active_section=&#8221;0&#8243; no_fill=&#8221;true&#8221; collapsible_all=&#8221;true&#8221;][vc_tta_section title=&#8221;publikacje i inne rezultaty&#8221; tab_id=&#8221;publikacje&#8221;]\r\n                <div class=\"text-modules\">\r\n                    <div class=\"container\">\r\n                        \r\n                        <div class=\"text-modules__content\"><\/p>\n<ul>\n<li><span style=\"font-size: small;\">K. Leksy: <em>Aktywno\u015b\u0107 fizyczna dzieci i adolescent\u00f3w w czasie pandemii COVID-19: przegl\u0105d bada\u0144 i rekomendacje dla praktyki pedagogicznej.<\/em> \u201eProblemy Opieku\u0144czo-Wychowawcze\u201d 2022, nr 1, s. 41-53. <\/span><\/li>\n<li><span style=\"font-size: small;\">K. Leksy, K. Borzucka-Sitkiewicz: <em>The role of health literacy in protecting children and adolescents from health risks in the context of the COVID-19 Pandemic<\/em>. \u201eStudia Edukacyjne\u201d 2021, nr 61, s. 61-75. <\/span><\/li>\n<\/ul>\n<p>\n<\/div>\r\n                    <\/div>\r\n                <\/div>[\/vc_tta_section][\/vc_tta_accordion][\/vc_column][vc_column width=&#8221;1\/6&#8243;][\/vc_column][\/vc_row]<\/p>","protected":false},"excerpt":{"rendered":"<p>[vc_row][vc_column][vc_empty_space][\/vc_column][\/vc_row][vc_row][vc_column width=&#8221;1\/6&#8243;][\/vc_column][vc_column width=&#8221;4\/6&#8243;][vc_row_inner][vc_column_inner width=&#8221;1\/2&#8243;][vc_column_text] PoCoBonGo [\/vc_column_text][\/vc_column_inner][vc_column_inner width=&#8221;1\/2&#8243;][\/vc_column_inner][\/vc_row_inner][vc_column_text el_class=&#8221;font-black&#8221;] Postcovidowa rehabilitacja w oparciu o metodologie serious games [\/vc_column_text][vc_empty_space height=&#8221;18px&#8221;][\/vc_column][vc_column width=&#8221;1\/6&#8243;][\/vc_column][\/vc_row][vc_row][vc_column width=&#8221;1\/6&#8243;][\/vc_column][vc_column width=&#8221;4\/6&#8243;][vc_row_inner][vc_column_inner][vc_column_text el_class=&#8221;foto&#8221; css=&#8221;.vc_custom_1654271893919{margin-top: 0px !important;margin-bottom: 0px !important;border-top-width: 0px !important;border-bottom-width: 0px !important;padding-top: 0px !important;padding-bottom: 0px !important;}&#8221;][\/vc_column_text][\/vc_column_inner][\/vc_row_inner][vc_column_text css=&#8221;.vc_custom_1654272017879{margin-top: 0px !important;border-top-width: 0px !important;padding-top: 15px !important;}&#8221;] Wykorzystamy gry do niwelowania deterioracji funkcji poznawczych i poprawy stanu afektywnego po przebyciu [&#8230;]<\/p>\n<p><a class=\"btn btn-secondary understrap-read-more-link\" href=\"https:\/\/us.edu.pl\/idb\/horyzonty\/pocobongo\/\">Read More&#8230;<\/a><\/p>\n","protected":false},"author":139,"featured_media":1310,"parent":609,"menu_order":0,"comment_status":"closed","ping_status":"closed","template":"page-templates\/page-with-sidebar.php","meta":{"_expiration-date-status":"","_expiration-date":0,"_expiration-date-type":"","_expiration-date-categories":[],"_expiration-date-options":[]},"acf":[],"_links":{"self":[{"href":"https:\/\/us.edu.pl\/idb\/wp-json\/wp\/v2\/pages\/1296"}],"collection":[{"href":"https:\/\/us.edu.pl\/idb\/wp-json\/wp\/v2\/pages"}],"about":[{"href":"https:\/\/us.edu.pl\/idb\/wp-json\/wp\/v2\/types\/page"}],"author":[{"embeddable":true,"href":"https:\/\/us.edu.pl\/idb\/wp-json\/wp\/v2\/users\/139"}],"replies":[{"embeddable":true,"href":"https:\/\/us.edu.pl\/idb\/wp-json\/wp\/v2\/comments?post=1296"}],"version-history":[{"count":11,"href":"https:\/\/us.edu.pl\/idb\/wp-json\/wp\/v2\/pages\/1296\/revisions"}],"predecessor-version":[{"id":2083,"href":"https:\/\/us.edu.pl\/idb\/wp-json\/wp\/v2\/pages\/1296\/revisions\/2083"}],"up":[{"embeddable":true,"href":"https:\/\/us.edu.pl\/idb\/wp-json\/wp\/v2\/pages\/609"}],"wp:featuredmedia":[{"embeddable":true,"href":"https:\/\/us.edu.pl\/idb\/wp-json\/wp\/v2\/media\/1310"}],"wp:attachment":[{"href":"https:\/\/us.edu.pl\/idb\/wp-json\/wp\/v2\/media?parent=1296"}],"curies":[{"name":"wp","href":"https:\/\/api.w.org\/{rel}","templated":true}]}}