{"id":1352,"date":"2022-06-06T16:38:02","date_gmt":"2022-06-06T14:38:02","guid":{"rendered":"https:\/\/us.edu.pl\/idb\/?page_id=1352"},"modified":"2022-06-14T15:09:36","modified_gmt":"2022-06-14T13:09:36","slug":"pcpp","status":"publish","type":"page","link":"https:\/\/us.edu.pl\/idb\/horyzonty\/pcpp\/","title":{"rendered":"Przewarto\u015bciowania czas\u00f3w (po)pandemii. O ingerencji pandemii w ludzki \u015bwiat warto\u015bci i warto\u015bciowa\u0144"},"content":{"rendered":"<p>[vc_row][vc_column][vc_empty_space][\/vc_column][\/vc_row][vc_row][vc_column width=&#8221;1\/6&#8243;][\/vc_column][vc_column width=&#8221;4\/6&#8243;][vc_row_inner][vc_column_inner width=&#8221;1\/2&#8243;][vc_column_text]<\/p>\n<p style=\"color: white; background-color: black; display: inline-block; widthr: 30%; padding: 8px;\">PCPP<\/p>\n<p>[\/vc_column_text][\/vc_column_inner][vc_column_inner width=&#8221;1\/2&#8243;][\/vc_column_inner][\/vc_row_inner][vc_column_text el_class=&#8221;font-black&#8221;]<\/p>\n<p style=\"text-align: left;\"><em><span style=\"font-size: 160%; font-family: 'PT Serif';\">Przewarto\u015bciowania czas\u00f3w (po)pandemii. O ingerencji pandemii w ludzki \u015bwiat warto\u015bci i warto\u015bciowa\u0144<\/span><\/em><\/p>\n<p>[\/vc_column_text][vc_empty_space height=&#8221;18px&#8221;][\/vc_column][vc_column width=&#8221;1\/6&#8243;][\/vc_column][\/vc_row][vc_row][vc_column width=&#8221;1\/6&#8243;][\/vc_column][vc_column width=&#8221;4\/6&#8243;][vc_row_inner][vc_column_inner][vc_column_text el_class=&#8221;foto&#8221; css=&#8221;.vc_custom_1654271893919{margin-top: 0px !important;margin-bottom: 0px !important;border-top-width: 0px !important;border-bottom-width: 0px !important;padding-top: 0px !important;padding-bottom: 0px !important;}&#8221;]<img loading=\"lazy\" class=\"alignnone wp-image-674 size-full\" src=\"http:\/\/us.edu.pl\/idb\/wp-content\/uploads\/sites\/72\/fotografie\/horyzonty\/covid-horizon-1.png\" alt=\"grafika\" width=\"8%\" height=\"auto\" \/>[\/vc_column_text][\/vc_column_inner][\/vc_row_inner][vc_column_text css=&#8221;.vc_custom_1654525958489{margin-top: 0px !important;border-top-width: 0px !important;padding-top: 15px !important;}&#8221;]<\/p>\n<p style=\"font-size: 140%; color: #000000; font-family: 'PT Sans';\">Zamierzamy zbada\u0107 wp\u0142yw pandemii koronawirusa na \u015bwiat warto\u015bci i warto\u015bciowa\u0144 w r\u00f3\u017cnych sferach ludzkiej aktywno\u015bci: rodziny i \u017cycia domowego, edukacji i nauki, gospodarki i finans\u00f3w, duchowo\u015bci i religii, a tak\u017ce komunikacji spo\u0142ecznej.<\/p>\n<p style=\"font-size: small; color: #000000; font-family: 'PT Sans';\"><em>czas pandemii, \u015bwiat warto\u015bci, przewarto\u015bciowania, transformacje po-pandemii, zmiany spo\u0142eczne i edukacyjne <\/em><\/p>\n<hr \/>\n<p>[\/vc_column_text][vc_column_text css=&#8221;.vc_custom_1655109541715{margin-top: 0px !important;border-top-width: 0px !important;padding-top: 0px !important;}&#8221;]<\/p>\n<p style=\"font-size: 140%; color: #000000; font-family: 'PT Sans';\">W ramach projektu zaplanowano zbadanie wp\u0142ywu pandemii w \u015bwiat warto\u015bci i warto\u015bciowa\u0144 w r\u00f3\u017cnych sferach ludzkiej aktywno\u015bci. Kompetencje naukowe zespo\u0142u badawczego, reprezentuj\u0105cego takie dyscypliny, jak: filozofia, nauki socjologiczne, nauki o komunikacji spo\u0142ecznej i mediach oraz nauki o kulturze i religii, pozwalaj\u0105 na szeroko zakrojone, interdyscyplinarne analizy w zwi\u0105zku z najwa\u017cniejszymi wsp\u00f3\u0142czesnymi wyzwaniami postcovidowymi.<\/p>\n<p style=\"font-size: 140%; color: #000000; font-family: 'PT Sans';\">Istotnym aspektem projektu jest rozeznanie na podstawie bada\u0144 aksjologicznych kwestii zagro\u017cenia pandemicznego. W ramach projektu prowadzone s\u0105 analizy dotycz\u0105ce ingerencji pandemii w ludzki \u015bwiat warto\u015bci. Omawiane s\u0105 konsekwencje pandemii COVID-19 na r\u00f3\u017cnorodnych p\u0142aszczyznach jej oddzia\u0142ywania, w szczeg\u00f3lno\u015bci \u017cycia rodzinnego i komunikacji spo\u0142ecznej, gospodarki i finans\u00f3w, a tak\u017ce duchowo\u015bci i religii. Tematem rozwa\u017ca\u0144 jest r\u00f3wnie\u017c sytuacja zawodowa nauczycieli oraz instytucji szko\u0142y w okresie pandemii, w tym zachowania i postawy dzieci oraz m\u0142odzie\u017cy w konsekwencji zdalnego nauczania. Kluczowa jest ponadto rola internetu jako medium w okresie stanu zagro\u017cenia pandemicznego. Tytu\u0142owe zagadnienia s\u0105 badane z r\u00f3\u017cnych, wzajemnie dope\u0142niaj\u0105cych si\u0119 punkt\u00f3w widzenia. Zaplanowano pog\u0142\u0119bione analizy teoretyczne (koncepcyjne), jak i badania empiryczne. W czerwcu 2022 roku wsp\u00f3\u0142organizowano konferencj\u0119, w ramach kt\u00f3rej odby\u0142y si\u0119 dyskusje panelowe dotycz\u0105ce skutk\u00f3w pandemii widocznych w r\u00f3\u017cnych sferach ludzkiego \u017cycia.<\/p>\n<p>[\/vc_column_text]<div class=\"container\"><div class=\"separator\" style=\"background-color: #000000\"><\/div><\/div>[\/vc_column][vc_column width=&#8221;1\/6&#8243;][\/vc_column][\/vc_row][vc_row el_class=&#8221;font-black content-mobile&#8221;][vc_column width=&#8221;1\/6&#8243;][\/vc_column][vc_column width=&#8221;5\/6&#8243;][vc_row_inner][vc_column_inner width=&#8221;1\/2&#8243;][vc_column_text css=&#8221;.vc_custom_1654524489998{margin-top: 0px !important;margin-bottom: 0px !important;border-top-width: 0px !important;border-bottom-width: 0px !important;padding-top: 0px !important;padding-right: 10px !important;padding-bottom: 0px !important;padding-left: 20px !important;}&#8221;]<small><span style=\"letter-spacing: 0.2mm; color: #333333; font-size: 100%;\">LIDER PROJEKTU<\/span><\/small>[\/vc_column_text][\/vc_column_inner][vc_column_inner width=&#8221;1\/2&#8243;][\/vc_column_inner][\/vc_row_inner][vc_column_text css=&#8221;.vc_custom_1654524545801{padding-left: 20px !important;}&#8221;]<span style=\"font-size: 100%; font-family: 'PT Sans'; color: black;\">dr hab. <\/span><span style=\"font-size: 160%; font-family: 'PT Sans';\">MAREK REMBIERZ, <\/span><span style=\"font-size: 100%; font-family: 'PT Sans'; color: black;\">prof. U\u015a<\/span>[\/vc_column_text][vc_row_inner content_placement=&#8221;middle&#8221;][vc_column_inner width=&#8221;1\/3&#8243;][\/vc_column_inner][vc_column_inner width=&#8221;2\/3&#8243;][vc_column_text css=&#8221;.vc_custom_1655110260506{margin-left: 25px !important;border-left-width: 1px !important;padding-left: 15px !important;border-left-color: #000000 !important;border-left-style: solid !important;}&#8221;]<\/p>\n<p style=\"font-size: small;\">Instytut Pedagogiki<br \/>\ne-mail: <a href=\"mailto:marek.rembierz@us.edu.pl\">marek.rembierz@us.edu.pl<\/a><\/p>\n<p>[\/vc_column_text][\/vc_column_inner][\/vc_row_inner][vc_row_inner content_placement=&#8221;middle&#8221; disable_element=&#8221;yes&#8221;][vc_column_inner width=&#8221;1\/3&#8243;][vc_column_text el_class=&#8221;foto&#8221;]<img loading=\"lazy\" class=\"alignnone wp-image-1332 size-full\" src=\"http:\/\/us.edu.pl\/idb\/wp-content\/uploads\/sites\/72\/fotografie\/horyzonty\/dr-Anna-Jaworska-Wieloch.jpg\" alt=\"dr Anna Jaworska-Wieloch\" width=\"100%\" height=\"auto\" srcset=\"https:\/\/us.edu.pl\/idb\/wp-content\/uploads\/sites\/72\/fotografie\/horyzonty\/dr-Anna-Jaworska-Wieloch.jpg 569w, https:\/\/us.edu.pl\/idb\/wp-content\/uploads\/sites\/72\/fotografie\/horyzonty\/dr-Anna-Jaworska-Wieloch-150x150.jpg 150w\" sizes=\"(max-width: 569px) 100vw, 569px\" \/>[\/vc_column_text][vc_column_text css=&#8221;.vc_custom_1654266841921{margin-top: 0px !important;border-top-width: 0px !important;padding-top: 0px !important;}&#8221;]<\/p>\n<p style=\"text-align: center;\"><span style=\"color: #808080; font-size: small;\"><em>fot. ???<\/em><\/span><\/p>\n<p>[\/vc_column_text][\/vc_column_inner][vc_column_inner width=&#8221;2\/3&#8243;][vc_column_text css=&#8221;.vc_custom_1654524570293{margin-left: 25px !important;border-left-width: 1px !important;padding-left: 15px !important;border-left-color: #000000 !important;border-left-style: solid !important;}&#8221;]<\/p>\n<p style=\"font-size: small;\"><strong>dr hab. Marek Rembierz, prof. U\u015a<\/strong><br \/>\nInstytut Pedagogiki<br \/>\ne-mail: <a href=\"mailto:marek.rembierz@us.edu.pl\">marek.rembierz@us.edu.pl<\/a><\/p>\n<p>[\/vc_column_text][\/vc_column_inner][\/vc_row_inner][vc_tta_accordion style=&#8221;flat&#8221; shape=&#8221;round&#8221; color=&#8221;black&#8221; spacing=&#8221;5&#8243; c_icon=&#8221;triangle&#8221; active_section=&#8221;0&#8243; no_fill=&#8221;true&#8221; collapsible_all=&#8221;true&#8221;][vc_tta_section title=&#8221;cz\u0142onkowie zespo\u0142u&#8221; tab_id=&#8221;pcpp&#8221;][vc_column_text el_class=&#8221;font-black&#8221;]<\/p>\n<ul>\n<li style=\"font-size: small;\">dr hc. prof. dr hab. Janusz Maria\u0144ski, nauki socjologiczne, WSNS w Lublinie<\/li>\n<li style=\"font-size: small;\">dr hab. Agnieszka \u0141ukasik- Turecka, prof. KUL, nauki o komunikacji spo\u0142ecznej i mediach<\/li>\n<li style=\"font-size: small;\">dr hab. Irena Trzci\u0144ska, prof. AGH, nauki o kulturze i religii, AGH<\/li>\n<li style=\"font-size: small;\">dr hab. Wies\u0142aw Gumu\u0142a, prof. UJ, nauki socjologiczne, UJ<\/li>\n<li style=\"font-size: small;\">dr hab. Krzysztof Wielecki, prof. UKSW, nauki socjologiczne, UKSW<\/li>\n<li style=\"font-size: small;\">dr hc. prof. dr hab. Pavol Dancak filozofia\/nauki o kulturze i religii, Uniwersytet Preszowski w Presowie<\/li>\n<li style=\"font-size: small;\">prof. dr Alexandru Buzalic, filozofia, Uniwersytet w Oradea<\/li>\n<\/ul>\n<p>[\/vc_column_text][\/vc_tta_section][\/vc_tta_accordion][\/vc_column][\/vc_row][vc_row disable_element=&#8221;yes&#8221;][vc_column width=&#8221;1\/6&#8243;][\/vc_column][vc_column width=&#8221;5\/6&#8243; css=&#8221;.vc_custom_1650357928922{background-color: #f2f2f2 !important;}&#8221;]\r\n                <div class=\"text-modules\">\r\n                    <div class=\"container\">\r\n                        \r\n                        <div class=\"text-modules__content\"><\/p>\n<h4 style=\"padding-left: 15px;\">Wi\u0119cej o projekcie<\/h4>\n<p>\n<\/div>\r\n                    <\/div>\r\n                <\/div>[vc_row_inner content_placement=&#8221;top&#8221;][vc_column_inner width=&#8221;1\/2&#8243;][vc_column_text css=&#8221;.vc_custom_1654250364453{margin-bottom: 0px !important;border-bottom-width: 0px !important;padding-right: 10px !important;padding-bottom: 10px !important;padding-left: 15px !important;}&#8221;]<img loading=\"lazy\" class=\"alignnone wp-image-1213 size-full\" src=\"http:\/\/us.edu.pl\/idb\/wp-content\/uploads\/sites\/72\/fotografie\/horyzonty\/IMG_20211015_112329.jpg\" alt=\"Dw\u00f3ch m\u0119\u017cczyzn zmierzaj\u0105cych w stron\u0119 ha\u0142dy\" width=\"100%\" height=\"auto\" srcset=\"https:\/\/us.edu.pl\/idb\/wp-content\/uploads\/sites\/72\/fotografie\/horyzonty\/IMG_20211015_112329.jpg 753w, https:\/\/us.edu.pl\/idb\/wp-content\/uploads\/sites\/72\/fotografie\/horyzonty\/IMG_20211015_112329-565x600.jpg 565w, https:\/\/us.edu.pl\/idb\/wp-content\/uploads\/sites\/72\/fotografie\/horyzonty\/IMG_20211015_112329-541x575.jpg 541w\" sizes=\"(max-width: 753px) 100vw, 753px\" \/>[\/vc_column_text][vc_column_text css=&#8221;.vc_custom_1654249238666{margin-top: 0px !important;border-top-width: 0px !important;padding-top: 0px !important;padding-right: 20px !important;padding-left: 20px !important;}&#8221;]<\/p>\n<p style=\"text-align: center;\"><span style=\"color: #808080; font-size: small;\"><span style=\"color: #000000;\">Ha\u0142da w Czerwionce-Leszczynach<\/span><em><br \/>\nfot. Piotr Siupka<\/em><\/span><\/p>\n<p>[\/vc_column_text][\/vc_column_inner][vc_column_inner width=&#8221;1\/2&#8243;][vc_column_text css=&#8221;.vc_custom_1654268541228{padding-right: 15px !important;padding-left: 15px !important;}&#8221;]<span style=\"color: #333333; font-size: small;\">artyku\u0142 popularnonaukowy<\/span><\/p>\n<h4><strong>Tytu\u0142<\/strong><\/h4>\n<p><span style=\"color: #333333; font-size: small;\">\u015al\u0105ski badawczy | data<\/span><\/p>\n<p style=\"font-size: 140%; color: #000000; font-family: 'PT Sans';\">W krajobraz \u015al\u0105ska na sta\u0142e wpisany jest obraz ha\u0142d pog\u00f3rniczych. Nie\u0142atwe do ukrycia sk\u0142adowisko odpad\u00f3w powstaje w wyniku wydobywczej dzia\u0142alno\u015bci cz\u0142owieka i jest przesi\u0105kni\u0119te wieloma zwi\u0105zkami toksycznymi zar\u00f3wno dla ludzi, jak i \u015brodowiska. Okazuje si\u0119, \u017ce istniej\u0105 jednak mikroorganizmy, kt\u00f3re ca\u0142kiem nie\u017ale radz\u0105 sobie w ekstremalnych z naszego punktu widzenia warunkach. Bada je zesp\u00f3\u0142, kt\u00f3rym kieruje dr Piotr Siupka, w ramach projektu wy\u0142onionego w konkursie Inicjatywy Doskona\u0142o\u015bci Badawczej pt. \u201eZielony Horyzont\u201d&#8230;<\/p>\n<p style=\"font-size: 140%; color: #000000; font-family: 'PT Sans'; padding-right: 15px; text-align: right;\"><em>przeczytaj artyku\u0142<\/em><\/p>\n<p>[\/vc_column_text][\/vc_column_inner][\/vc_row_inner][\/vc_column][\/vc_row][vc_row][vc_column width=&#8221;1\/6&#8243;][\/vc_column][vc_column width=&#8221;4\/6&#8243;]\r\n                <div class=\"text-modules\">\r\n                    <div class=\"container\">\r\n                        \r\n                        <div class=\"text-modules__content\"><\/p>\n<h4>Aktualno\u015bci<\/h4>\n<p>\n<\/div>\r\n                    <\/div>\r\n                <\/div>[vc_row_inner][vc_column_inner][vc_column_text]<span style=\"color: #333333; font-size: small;\"><em>19.04.2022<\/em><\/span><\/p>\n<p style=\"font-size: 140%; color: #000000; font-family: 'PT Sans';\">Dr hab. Marek Rembierz, prof. U\u015a by\u0142 prelegentem podczas konferencji naukowej pt. \u201eCo z nami zrobi\u0142a pandemia: zachowania i postawy dzieci i m\u0142odzie\u017cy w konsekwencji zdalnego nauczania\u201d.<\/p>\n<p>[\/vc_column_text][\/vc_column_inner][\/vc_row_inner][\/vc_column][vc_column width=&#8221;1\/6&#8243;][\/vc_column][\/vc_row][vc_row][vc_column width=&#8221;1\/6&#8243;][\/vc_column][vc_column width=&#8221;4\/6&#8243;][vc_tta_accordion style=&#8221;flat&#8221; shape=&#8221;round&#8221; color=&#8221;black&#8221; spacing=&#8221;5&#8243; c_icon=&#8221;triangle&#8221; active_section=&#8221;0&#8243; no_fill=&#8221;true&#8221; collapsible_all=&#8221;true&#8221;][vc_tta_section title=&#8221;publikacje i inne rezultaty&#8221; tab_id=&#8221;publikacje&#8221;]\r\n                <div class=\"text-modules\">\r\n                    <div class=\"container\">\r\n                        \r\n                        <div class=\"text-modules__content\"><\/p>\n<ul>\n<li><span style=\"font-size: small;\">Rembierz Marek (2021). Transformations of the intercultural education: pedagogical explorations on the borderlands. \u201eTransformacje\u201d Nr 4 (2021), s. 154-187 <\/span><\/li>\n<\/ul>\n<p>\n<\/div>\r\n                    <\/div>\r\n                <\/div>[\/vc_tta_section][\/vc_tta_accordion][\/vc_column][vc_column width=&#8221;1\/6&#8243;][\/vc_column][\/vc_row]<\/p>","protected":false},"excerpt":{"rendered":"<p>[vc_row][vc_column][vc_empty_space][\/vc_column][\/vc_row][vc_row][vc_column width=&#8221;1\/6&#8243;][\/vc_column][vc_column width=&#8221;4\/6&#8243;][vc_row_inner][vc_column_inner width=&#8221;1\/2&#8243;][vc_column_text] PCPP [\/vc_column_text][\/vc_column_inner][vc_column_inner width=&#8221;1\/2&#8243;][\/vc_column_inner][\/vc_row_inner][vc_column_text el_class=&#8221;font-black&#8221;] Przewarto\u015bciowania czas\u00f3w (po)pandemii. O ingerencji pandemii w ludzki \u015bwiat warto\u015bci i warto\u015bciowa\u0144 [\/vc_column_text][vc_empty_space height=&#8221;18px&#8221;][\/vc_column][vc_column width=&#8221;1\/6&#8243;][\/vc_column][\/vc_row][vc_row][vc_column width=&#8221;1\/6&#8243;][\/vc_column][vc_column width=&#8221;4\/6&#8243;][vc_row_inner][vc_column_inner][vc_column_text el_class=&#8221;foto&#8221; css=&#8221;.vc_custom_1654271893919{margin-top: 0px !important;margin-bottom: 0px !important;border-top-width: 0px !important;border-bottom-width: 0px !important;padding-top: 0px !important;padding-bottom: 0px !important;}&#8221;][\/vc_column_text][\/vc_column_inner][\/vc_row_inner][vc_column_text css=&#8221;.vc_custom_1654525958489{margin-top: 0px !important;border-top-width: 0px !important;padding-top: 15px !important;}&#8221;] Zamierzamy zbada\u0107 wp\u0142yw pandemii koronawirusa na \u015bwiat warto\u015bci i [&#8230;]<\/p>\n<p><a class=\"btn btn-secondary understrap-read-more-link\" href=\"https:\/\/us.edu.pl\/idb\/horyzonty\/pcpp\/\">Read More&#8230;<\/a><\/p>\n","protected":false},"author":139,"featured_media":1357,"parent":609,"menu_order":0,"comment_status":"closed","ping_status":"closed","template":"page-templates\/page-with-sidebar.php","meta":{"_expiration-date-status":"","_expiration-date":0,"_expiration-date-type":"","_expiration-date-categories":[],"_expiration-date-options":[]},"acf":[],"_links":{"self":[{"href":"https:\/\/us.edu.pl\/idb\/wp-json\/wp\/v2\/pages\/1352"}],"collection":[{"href":"https:\/\/us.edu.pl\/idb\/wp-json\/wp\/v2\/pages"}],"about":[{"href":"https:\/\/us.edu.pl\/idb\/wp-json\/wp\/v2\/types\/page"}],"author":[{"embeddable":true,"href":"https:\/\/us.edu.pl\/idb\/wp-json\/wp\/v2\/users\/139"}],"replies":[{"embeddable":true,"href":"https:\/\/us.edu.pl\/idb\/wp-json\/wp\/v2\/comments?post=1352"}],"version-history":[{"count":10,"href":"https:\/\/us.edu.pl\/idb\/wp-json\/wp\/v2\/pages\/1352\/revisions"}],"predecessor-version":[{"id":1887,"href":"https:\/\/us.edu.pl\/idb\/wp-json\/wp\/v2\/pages\/1352\/revisions\/1887"}],"up":[{"embeddable":true,"href":"https:\/\/us.edu.pl\/idb\/wp-json\/wp\/v2\/pages\/609"}],"wp:featuredmedia":[{"embeddable":true,"href":"https:\/\/us.edu.pl\/idb\/wp-json\/wp\/v2\/media\/1357"}],"wp:attachment":[{"href":"https:\/\/us.edu.pl\/idb\/wp-json\/wp\/v2\/media?parent=1352"}],"curies":[{"name":"wp","href":"https:\/\/api.w.org\/{rel}","templated":true}]}}