{"id":1527,"date":"2022-06-10T13:08:06","date_gmt":"2022-06-10T11:08:06","guid":{"rendered":"https:\/\/us.edu.pl\/idb\/?page_id=1527"},"modified":"2022-06-15T12:55:06","modified_gmt":"2022-06-15T10:55:06","slug":"chlorophytovol","status":"publish","type":"page","link":"https:\/\/us.edu.pl\/idb\/horyzonty\/chlorophytovol\/","title":{"rendered":"Barwnikowe ogniwa fotowoltaiczne bazuj\u0105ce na nowych naturalnych barwnikach organicznych oraz nowatorskiej metodzie rozpylania ultrad\u017awi\u0119kowego"},"content":{"rendered":"<p>[vc_row][vc_column][vc_empty_space][\/vc_column][\/vc_row][vc_row][vc_column width=&#8221;1\/6&#8243;][\/vc_column][vc_column width=&#8221;4\/6&#8243;][vc_row_inner][vc_column_inner width=&#8221;1\/2&#8243;][vc_column_text]<\/p>\n<p style=\"color: white; background-color: black; display: inline-block; widthr: 30%; padding: 8px;\">ChloroPhytovol<\/p>\n<p>[\/vc_column_text][\/vc_column_inner][vc_column_inner width=&#8221;1\/2&#8243;][\/vc_column_inner][\/vc_row_inner][vc_column_text el_class=&#8221;font-black&#8221;]<\/p>\n<p style=\"text-align: left;\"><em><span style=\"font-size: 160%; font-family: 'PT Serif';\">Barwnikowe ogniwa fotowoltaiczne bazuj\u0105ce na nowych naturalnych barwnikach organicznych oraz nowatorskiej metodzie rozpylania ultrad\u017awi\u0119kowego<\/span><\/em><\/p>\n<p>[\/vc_column_text][vc_empty_space height=&#8221;18px&#8221;][\/vc_column][vc_column width=&#8221;1\/6&#8243;][\/vc_column][\/vc_row][vc_row][vc_column width=&#8221;1\/6&#8243;][\/vc_column][vc_column width=&#8221;4\/6&#8243;][vc_row_inner][vc_column_inner][vc_column_text el_class=&#8221;foto&#8221; css=&#8221;.vc_custom_1654859995266{margin-top: 0px !important;margin-bottom: 0px !important;border-top-width: 0px !important;border-bottom-width: 0px !important;padding-top: 0px !important;padding-bottom: 0px !important;}&#8221;]<img loading=\"lazy\" class=\"alignnone wp-image-673 size-full\" src=\"http:\/\/us.edu.pl\/idb\/wp-content\/uploads\/sites\/72\/fotografie\/horyzonty\/green-horizon-1.png\" alt=\"grafika\" width=\"8%\" height=\"auto\" \/>[\/vc_column_text][\/vc_column_inner][\/vc_row_inner][vc_column_text css=&#8221;.vc_custom_1654860838783{margin-top: 0px !important;border-top-width: 0px !important;padding-top: 15px !important;}&#8221;]<\/p>\n<p style=\"font-size: 140%; color: #000000; font-family: 'PT Sans';\">Wytworzymy nowe fotowoltaiczne ogniwa barwnikowe zawieraj\u0105ce warstw\u0119 fotoaktywn\u0105 zbudowan\u0105 z naturalnych barwnik\u00f3w organicznych pozyskanych z fitoplanktonu (mi\u0119dzy innymi sinic i zielenic) oraz aronii, z zastosowaniem unikatowej metody tworzenia pow\u0142ok poprzez rozpylanie ultrad\u017awi\u0119kowe (<em>spray coater<\/em>).<\/p>\n<p style=\"font-size: small; color: #000000; font-family: 'PT Sans';\"><em>fotowoltaika, ogniwa barwnikowe, spray coater, rozpylanie ultrad\u017awi\u0119kowe, naturalne barwniki organiczne<\/em><\/p>\n<hr \/>\n<p>[\/vc_column_text][vc_column_text css=&#8221;.vc_custom_1654862470879{margin-top: 0px !important;border-top-width: 0px !important;padding-top: 0px !important;}&#8221;]<\/p>\n<p style=\"font-size: 140%; color: #000000; font-family: 'PT Sans';\">W projekcie wykorzystane b\u0119d\u0105 barwniki i mieszaniny barwnik\u00f3w, kt\u00f3re nie by\u0142y dotychczas wykorzystywane do wytwarzania ogniw barwnikowych. Szczeg\u00f3lne znaczenie maj\u0105 w tym kontek\u015bcie barwniki pozyskiwane mi\u0119dzy innymi z sinic. Poszukiwanie wykorzystania takich materia\u0142\u00f3w powi\u0105zane jest z wyzwaniami dotycz\u0105cymi zbiornik\u00f3w wodnych, w kt\u00f3rych antropopresja prowadzi do tzw. zakwitu sinic. Istotne w tym aspekcie s\u0105 zamierzenia badawcze zwi\u0105zane z mechanizmami zmiany aktywno\u015bci absorpcyjnej sinic w zale\u017cno\u015bci od nas\u0142onecznienia, kt\u00f3re mog\u0105 przyczyni\u0107 si\u0119 do opracowania metod zwi\u0119kszaj\u0105cych sprawno\u015b\u0107 barwnikowych paneli fotowoltaicznych.<\/p>\n<p style=\"font-size: 140%; color: #000000; font-family: 'PT Sans';\">Wa\u017cnym elementem projektu b\u0119dzie zastosowanie rozpylania ultrad\u017awi\u0119kowego umo\u017cliwiaj\u0105cego wytwarzanie warstw na pod\u0142o\u017cach nieprzewodz\u0105cych z materia\u0142\u00f3w o ograniczonej odporno\u015bci na wysok\u0105 temperatur\u0119 lub ci\u015bnienie. Tworzenie kropli roztworu ultrad\u017awi\u0119kami o zdefiniowanej cz\u0119stotliwo\u015bci umo\u017cliwia ograniczenie dyspersji rozmiar\u00f3w kropli i co z tym zwi\u0105zane arytmetycznego odchylenia wielko\u015bci por\u00f3w powierzchni. W\u0142a\u015bciwe przygotowanie powierzchni dla okre\u015blonych barwnik\u00f3w przyczynia si\u0119 do stabilniejszego umocowania barwnika na powierzchni p\u00f3\u0142przewodnika oraz lepsz\u0105 komunikacj\u0119 elektronow\u0105, jak r\u00f3wnie\u017c b\u0119dzie zapobiega\u0142o aglomeracji cz\u0105steczek barwnika na powierzchni p\u00f3\u0142przewodnika. Planowane jest r\u00f3wnie\u017c aktywowanie lub modyfikowanie powierzchni w celu zwi\u0119kszenia stabilno\u015bci ogniw. Barwnikowe ogniwa fotowoltaiczne s\u0105 nietoksyczne, dzia\u0142aj\u0105 w warunkach s\u0142abego o\u015bwietlenia, maj\u0105 wysok\u0105 sprawno\u015b\u0107 wewn\u0105trz budynk\u00f3w, nie wymagaj\u0105 zaawansowanej technologii wytwarzania, daj\u0105 mo\u017cliwo\u015b\u0107 produkowania na du\u017c\u0105 skal\u0119 przy niewielkiej emisji CO2.<\/p>\n<p>[\/vc_column_text]<div class=\"container\"><div class=\"separator\" style=\"background-color: #000000\"><\/div><\/div>[\/vc_column][vc_column width=&#8221;1\/6&#8243;][\/vc_column][\/vc_row][vc_row el_class=&#8221;font-black content-mobile&#8221;][vc_column width=&#8221;1\/6&#8243;][\/vc_column][vc_column width=&#8221;5\/6&#8243;][vc_row_inner][vc_column_inner width=&#8221;1\/2&#8243;][vc_column_text css=&#8221;.vc_custom_1654861875711{margin-top: 0px !important;margin-bottom: 0px !important;border-top-width: 0px !important;border-bottom-width: 0px !important;padding-top: 0px !important;padding-right: 10px !important;padding-bottom: 0px !important;padding-left: 20px !important;}&#8221;]<small><span style=\"letter-spacing: 0.2mm; color: #333333; font-size: 100%;\">LIDER PROJEKTU<\/span><\/small>[\/vc_column_text][\/vc_column_inner][vc_column_inner width=&#8221;1\/2&#8243;][\/vc_column_inner][\/vc_row_inner][vc_column_text css=&#8221;.vc_custom_1654859790858{padding-left: 20px !important;}&#8221;]<span style=\"font-size: 100%; font-family: 'PT Sans'; color: black;\">dr in\u017c. <\/span><span style=\"font-size: 160%; font-family: 'PT Sans';\">MARCIN LIBERA<\/span>[\/vc_column_text][vc_row_inner content_placement=&#8221;middle&#8221;][vc_column_inner width=&#8221;1\/3&#8243;][vc_column_text el_class=&#8221;foto&#8221;]<img loading=\"lazy\" class=\"alignnone wp-image-1563 size-full\" src=\"http:\/\/us.edu.pl\/idb\/wp-content\/uploads\/sites\/72\/fotografie\/horyzonty\/MG_6729_fot-Julia-Agnieszka-Szymala_1.jpg\" alt=\"dr in\u017c. Marcin Libera\" width=\"100%\" height=\"auto\" srcset=\"https:\/\/us.edu.pl\/idb\/wp-content\/uploads\/sites\/72\/fotografie\/horyzonty\/MG_6729_fot-Julia-Agnieszka-Szymala_1.jpg 600w, https:\/\/us.edu.pl\/idb\/wp-content\/uploads\/sites\/72\/fotografie\/horyzonty\/MG_6729_fot-Julia-Agnieszka-Szymala_1-150x150.jpg 150w, https:\/\/us.edu.pl\/idb\/wp-content\/uploads\/sites\/72\/fotografie\/horyzonty\/MG_6729_fot-Julia-Agnieszka-Szymala_1-575x575.jpg 575w\" sizes=\"(max-width: 600px) 100vw, 600px\" \/>[\/vc_column_text][vc_column_text css=&#8221;.vc_custom_1654862159798{margin-top: 0px !important;border-top-width: 0px !important;padding-top: 0px !important;}&#8221;]<\/p>\n<p style=\"text-align: center;\"><span style=\"color: #808080; font-size: small;\"><em>fot. Julia Agnieszka Szymala<\/em><\/span><\/p>\n<p>[\/vc_column_text][\/vc_column_inner][vc_column_inner width=&#8221;2\/3&#8243;][vc_column_text css=&#8221;.vc_custom_1654859816241{margin-left: 25px !important;border-left-width: 1px !important;padding-left: 15px !important;border-left-color: #000000 !important;border-left-style: solid !important;}&#8221;]<\/p>\n<p style=\"font-size: small;\"><strong>dr in\u017c. Marcin Libera<\/strong><br \/>\nInstytut Chemii<br \/>\ne-mail: <a href=\"mailto:mailto:marcin.libera@us.edu.pl\">marcin.libera@us.edu.pl<\/a><\/p>\n<p>[\/vc_column_text][\/vc_column_inner][\/vc_row_inner][vc_tta_accordion style=&#8221;flat&#8221; shape=&#8221;round&#8221; color=&#8221;black&#8221; spacing=&#8221;5&#8243; c_icon=&#8221;triangle&#8221; active_section=&#8221;0&#8243; no_fill=&#8221;true&#8221; collapsible_all=&#8221;true&#8221;][vc_tta_section title=&#8221;cz\u0142onkowie zespo\u0142u&#8221; tab_id=&#8221;prisoninpandemic&#8221;][vc_column_text el_class=&#8221;font-black&#8221;]<span style=\"font-size: small;\">Uniwersytet \u015al\u0105ski:<\/span><\/p>\n<ul>\n<li style=\"font-size: small;\">dr in\u017c. Marcin Libera, Wydzia\u0142 Nauk \u015acis\u0142ych i Technicznych, chemia<\/li>\n<li style=\"font-size: small;\">dr in\u017c. Sylwia Golba, Wydzia\u0142 Nauk \u015acis\u0142ych i Technicznych, in\u017cynieria materia\u0142owa<\/li>\n<li style=\"font-size: small;\">dr hab. Edyta Sierka, prof. U\u015a, Wydzia\u0142 Nauk Przyrodniczych, nauki biologiczne<\/li>\n<li style=\"font-size: small;\">mgr Katarzyna Bednarczyk, doktorant, Wydzia\u0142 Nauk \u015acis\u0142ych i Technicznych, chemia<\/li>\n<\/ul>\n<p><span style=\"font-size: small;\">Cz\u0142onkowie krajowi:<\/span><\/p>\n<ul>\n<li style=\"font-size: small;\">dr hab. Marek Lipi\u0144ski, prof. PAN, Instytut Metalurgii i In\u017cynierii Materia\u0142owej PAN, in\u017cynieria materia\u0142owa<\/li>\n<li style=\"font-size: small;\">dr hab. Tomasz Ta\u0144ski, prof. P\u015a, Politechnika \u015al\u0105ska, in\u017cynieria materia\u0142owa<\/li>\n<\/ul>\n<p><span style=\"font-size: small;\">Cz\u0142onkowie zagraniczni:<\/span><\/p>\n<ul>\n<li style=\"font-size: small;\">Prof. Pierre Audebert, Paris-Saclay University, PPSM, ENS Cachan, CNRS, Chemistry<\/li>\n<li style=\"font-size: small;\">Prof. Jwo-Huei Jou, National Tsing Hua University, Department of Materials Science and Engineering, Chemistry<\/li>\n<li style=\"font-size: small;\">Prof. Saulius Grigalevicius, Kaunas University of Technology, Department of Polymer Chemistry and Technology, Chemistry.<\/li>\n<\/ul>\n<p>[\/vc_column_text][\/vc_tta_section][\/vc_tta_accordion][\/vc_column][\/vc_row][vc_row disable_element=&#8221;yes&#8221;][vc_column width=&#8221;1\/6&#8243;][\/vc_column][vc_column width=&#8221;5\/6&#8243; css=&#8221;.vc_custom_1650357928922{background-color: #f2f2f2 !important;}&#8221;]\r\n                <div class=\"text-modules\">\r\n                    <div class=\"container\">\r\n                        \r\n                        <div class=\"text-modules__content\"><\/p>\n<h4 style=\"padding-left: 15px;\">Wi\u0119cej o projekcie<\/h4>\n<p>\n<\/div>\r\n                    <\/div>\r\n                <\/div>[vc_row_inner content_placement=&#8221;top&#8221;][vc_column_inner width=&#8221;1\/2&#8243;][vc_column_text css=&#8221;.vc_custom_1654250364453{margin-bottom: 0px !important;border-bottom-width: 0px !important;padding-right: 10px !important;padding-bottom: 10px !important;padding-left: 15px !important;}&#8221;]<img loading=\"lazy\" class=\"alignnone wp-image-1213 size-full\" src=\"http:\/\/us.edu.pl\/idb\/wp-content\/uploads\/sites\/72\/fotografie\/horyzonty\/IMG_20211015_112329.jpg\" alt=\"Dw\u00f3ch m\u0119\u017cczyzn zmierzaj\u0105cych w stron\u0119 ha\u0142dy\" width=\"100%\" height=\"auto\" srcset=\"https:\/\/us.edu.pl\/idb\/wp-content\/uploads\/sites\/72\/fotografie\/horyzonty\/IMG_20211015_112329.jpg 753w, https:\/\/us.edu.pl\/idb\/wp-content\/uploads\/sites\/72\/fotografie\/horyzonty\/IMG_20211015_112329-565x600.jpg 565w, https:\/\/us.edu.pl\/idb\/wp-content\/uploads\/sites\/72\/fotografie\/horyzonty\/IMG_20211015_112329-541x575.jpg 541w\" sizes=\"(max-width: 753px) 100vw, 753px\" \/>[\/vc_column_text][vc_column_text css=&#8221;.vc_custom_1654249238666{margin-top: 0px !important;border-top-width: 0px !important;padding-top: 0px !important;padding-right: 20px !important;padding-left: 20px !important;}&#8221;]<\/p>\n<p style=\"text-align: center;\"><span style=\"color: #808080; font-size: small;\"><span style=\"color: #000000;\">Ha\u0142da w Czerwionce-Leszczynach<\/span><em><br \/>\nfot. Piotr Siupka<\/em><\/span><\/p>\n<p>[\/vc_column_text][\/vc_column_inner][vc_column_inner width=&#8221;1\/2&#8243;][vc_column_text css=&#8221;.vc_custom_1654268541228{padding-right: 15px !important;padding-left: 15px !important;}&#8221;]<span style=\"color: #333333; font-size: small;\">artyku\u0142 popularnonaukowy<\/span><\/p>\n<h4><strong>Tytu\u0142<\/strong><\/h4>\n<p><span style=\"color: #333333; font-size: small;\">\u015al\u0105ski badawczy | data<\/span><\/p>\n<p style=\"font-size: 140%; color: #000000; font-family: 'PT Sans';\">W krajobraz \u015al\u0105ska na sta\u0142e wpisany jest obraz ha\u0142d pog\u00f3rniczych. Nie\u0142atwe do ukrycia sk\u0142adowisko odpad\u00f3w powstaje w wyniku wydobywczej dzia\u0142alno\u015bci cz\u0142owieka i jest przesi\u0105kni\u0119te wieloma zwi\u0105zkami toksycznymi zar\u00f3wno dla ludzi, jak i \u015brodowiska. Okazuje si\u0119, \u017ce istniej\u0105 jednak mikroorganizmy, kt\u00f3re ca\u0142kiem nie\u017ale radz\u0105 sobie w ekstremalnych z naszego punktu widzenia warunkach. Bada je zesp\u00f3\u0142, kt\u00f3rym kieruje dr Piotr Siupka, w ramach projektu wy\u0142onionego w konkursie Inicjatywy Doskona\u0142o\u015bci Badawczej pt. \u201eZielony Horyzont\u201d&#8230;<\/p>\n<p style=\"font-size: 140%; color: #000000; font-family: 'PT Sans'; padding-right: 15px; text-align: right;\"><em>przeczytaj artyku\u0142<\/em><\/p>\n<p>[\/vc_column_text][\/vc_column_inner][\/vc_row_inner][\/vc_column][\/vc_row][vc_row][vc_column width=&#8221;1\/6&#8243;][\/vc_column][vc_column width=&#8221;4\/6&#8243;]\r\n                <div class=\"text-modules\">\r\n                    <div class=\"container\">\r\n                        \r\n                        <div class=\"text-modules__content\"><\/p>\n<h4>Aktualno\u015bci<\/h4>\n<p>\n<\/div>\r\n                    <\/div>\r\n                <\/div>[vc_row_inner][vc_column_inner][vc_column_text]<span style=\"color: #333333; font-size: small;\"><em>10.06.2022<\/em><\/span><\/p>\n<p style=\"font-size: 140%; color: #000000; font-family: 'PT Sans';\">Obecnie zesp\u00f3\u0142 czeka na zakwit sinic na zbiornikach wodnych oraz na owoce aronii w celu rozpocz\u0119cia analiz oraz nanoszenia barwnik\u00f3w i ich mieszanin. Do tej pory przeprowadzono nanoszenie warstw kompozytowych zbudowanych z polimer\u00f3w przewodz\u0105cych maj\u0105cych stanowi\u0107 jedn\u0105 z warstw transportuj\u0105cych elektrony, z zastosowaniem rozpylania ultrad\u017awi\u0119kowego. Tworzono warstwy na powierzchniach przewodz\u0105cych i nieprzewodz\u0105cych o ograniczonej odporno\u015bci na wysok\u0105 temperatur\u0119, w r\u00f3\u017cnych warunk\u00f3w procesowych. Por\u00f3wnawczo przeprowadzono nanoszenie identycznych kompozyt\u00f3w na powierzchniach przewodz\u0105cych, stosuj\u0105c elektroprz\u0119dzenie.<\/p>\n<p>[\/vc_column_text][\/vc_column_inner][\/vc_row_inner][\/vc_column][vc_column width=&#8221;1\/6&#8243;][\/vc_column][\/vc_row][vc_row][vc_column width=&#8221;1\/6&#8243;][\/vc_column][vc_column width=&#8221;4\/6&#8243;][vc_tta_accordion style=&#8221;flat&#8221; shape=&#8221;round&#8221; color=&#8221;black&#8221; spacing=&#8221;5&#8243; c_icon=&#8221;triangle&#8221; active_section=&#8221;0&#8243; no_fill=&#8221;true&#8221; collapsible_all=&#8221;true&#8221;][vc_tta_section title=&#8221;publikacje i inne rezultaty&#8221; tab_id=&#8221;publikacje&#8221;]\r\n                <div class=\"text-modules\">\r\n                    <div class=\"container\">\r\n                        \r\n                        <div class=\"text-modules__content\"><p><span style=\"font-size: small;\">Podj\u0119to wsp\u00f3\u0142prac\u0119 z Centrum Leczenia Oparze\u0144 w Siemianowicach \u015al\u0105skich w aspekcie wykorzystania warstw kompozytowych wykonanych z polimer\u00f3w przewodz\u0105cych do cel\u00f3w medycznych.<\/span><\/p>\n<\/div>\r\n                    <\/div>\r\n                <\/div>[\/vc_tta_section][\/vc_tta_accordion][\/vc_column][vc_column width=&#8221;1\/6&#8243;][\/vc_column][\/vc_row]<\/p>","protected":false},"excerpt":{"rendered":"<p>[vc_row][vc_column][vc_empty_space][\/vc_column][\/vc_row][vc_row][vc_column width=&#8221;1\/6&#8243;][\/vc_column][vc_column width=&#8221;4\/6&#8243;][vc_row_inner][vc_column_inner width=&#8221;1\/2&#8243;][vc_column_text] ChloroPhytovol [\/vc_column_text][\/vc_column_inner][vc_column_inner width=&#8221;1\/2&#8243;][\/vc_column_inner][\/vc_row_inner][vc_column_text el_class=&#8221;font-black&#8221;] Barwnikowe ogniwa fotowoltaiczne bazuj\u0105ce na nowych naturalnych barwnikach organicznych oraz nowatorskiej metodzie rozpylania ultrad\u017awi\u0119kowego [\/vc_column_text][vc_empty_space height=&#8221;18px&#8221;][\/vc_column][vc_column width=&#8221;1\/6&#8243;][\/vc_column][\/vc_row][vc_row][vc_column width=&#8221;1\/6&#8243;][\/vc_column][vc_column width=&#8221;4\/6&#8243;][vc_row_inner][vc_column_inner][vc_column_text el_class=&#8221;foto&#8221; css=&#8221;.vc_custom_1654859995266{margin-top: 0px !important;margin-bottom: 0px !important;border-top-width: 0px !important;border-bottom-width: 0px !important;padding-top: 0px !important;padding-bottom: 0px !important;}&#8221;][\/vc_column_text][\/vc_column_inner][\/vc_row_inner][vc_column_text css=&#8221;.vc_custom_1654860838783{margin-top: 0px !important;border-top-width: 0px !important;padding-top: 15px !important;}&#8221;] Wytworzymy nowe fotowoltaiczne ogniwa barwnikowe zawieraj\u0105ce warstw\u0119 [&#8230;]<\/p>\n<p><a class=\"btn btn-secondary understrap-read-more-link\" href=\"https:\/\/us.edu.pl\/idb\/horyzonty\/chlorophytovol\/\">Read More&#8230;<\/a><\/p>\n","protected":false},"author":33,"featured_media":1575,"parent":609,"menu_order":0,"comment_status":"closed","ping_status":"closed","template":"page-templates\/page-with-sidebar.php","meta":{"_expiration-date-status":"","_expiration-date":0,"_expiration-date-type":"","_expiration-date-categories":[],"_expiration-date-options":[]},"acf":[],"_links":{"self":[{"href":"https:\/\/us.edu.pl\/idb\/wp-json\/wp\/v2\/pages\/1527"}],"collection":[{"href":"https:\/\/us.edu.pl\/idb\/wp-json\/wp\/v2\/pages"}],"about":[{"href":"https:\/\/us.edu.pl\/idb\/wp-json\/wp\/v2\/types\/page"}],"author":[{"embeddable":true,"href":"https:\/\/us.edu.pl\/idb\/wp-json\/wp\/v2\/users\/33"}],"replies":[{"embeddable":true,"href":"https:\/\/us.edu.pl\/idb\/wp-json\/wp\/v2\/comments?post=1527"}],"version-history":[{"count":10,"href":"https:\/\/us.edu.pl\/idb\/wp-json\/wp\/v2\/pages\/1527\/revisions"}],"predecessor-version":[{"id":1939,"href":"https:\/\/us.edu.pl\/idb\/wp-json\/wp\/v2\/pages\/1527\/revisions\/1939"}],"up":[{"embeddable":true,"href":"https:\/\/us.edu.pl\/idb\/wp-json\/wp\/v2\/pages\/609"}],"wp:featuredmedia":[{"embeddable":true,"href":"https:\/\/us.edu.pl\/idb\/wp-json\/wp\/v2\/media\/1575"}],"wp:attachment":[{"href":"https:\/\/us.edu.pl\/idb\/wp-json\/wp\/v2\/media?parent=1527"}],"curies":[{"name":"wp","href":"https:\/\/api.w.org\/{rel}","templated":true}]}}