{"id":165,"date":"2022-03-14T16:08:55","date_gmt":"2022-03-14T15:08:55","guid":{"rendered":"https:\/\/us.edu.pl\/idb\/?page_id=165"},"modified":"2022-03-14T16:12:45","modified_gmt":"2022-03-14T15:12:45","slug":"o-obszarach-wsparcia","status":"publish","type":"page","link":"https:\/\/us.edu.pl\/idb\/o-obszarach-wsparcia\/","title":{"rendered":"o obszarach wsparcia"},"content":{"rendered":"<p>[vc_row el_class=&#8221;container&#8221;][vc_column][vc_empty_space]\r\n                <div class=\"text-modules\">\r\n                    <div class=\"container\">\r\n                        <h3 class=\"page-title text__title\">O obszarach wsparcia<\/h3>\r\n                        <div class=\"text-modules__content\"><\/div>\r\n                    <\/div>\r\n                <\/div>[\/vc_column][\/vc_row][vc_row el_class=&#8221;container&#8221;][vc_column]\r\n                <div class=\"text-modules\">\r\n                    <div class=\"container\">\r\n                        \r\n                        <div class=\"text-modules__content\"><\/p>\n<p>Uzyskanie przez Uniwersytet \u015al\u0105ski w Katowicach podwy\u017cszonej subwencji to efekt wyniku uzyskanego w konkursie \u201eInicjatywa doskona\u0142o\u015bci \u2013 uczelnia badawcza\u201d realizowanym przez Ministerstwo Nauki i Szkolnictwa Wy\u017cszego.<\/p>\n<p>Dodatkowe fundusze umo\u017cliwi\u0142y finansowanie wielop\u0142aszczyznowych dzia\u0142a\u0144, kt\u00f3rych beneficjentami maj\u0105 by\u0107 wszyscy cz\u0142onkowie wsp\u00f3lnoty akademickiej naszej uczelni. Dzia\u0142ania te zosta\u0142y podzielone na 6 obszar\u00f3w, tworz\u0105cych Inicjatyw\u0119 Doskona\u0142o\u015bci Badawczej, w ramach kt\u00f3rych og\u0142aszane b\u0119d\u0105 kolejne nabory.<\/p>\n<p>\n<\/div>\r\n                    <\/div>\r\n                <\/div>[vc_row_inner][vc_column_inner]\r\n                <div class=\"text-modules\">\r\n                    <div class=\"container\">\r\n                        \r\n                        <div class=\"text-modules__content\"><\/p>\n<h3 style=\"font-size: 140%; font-family: PT Sans Narrow; color: #9b132a;\"><strong>Badania<\/strong><\/h3>\n<p>\n<\/div>\r\n                    <\/div>\r\n                <\/div>[vc_empty_space height=&#8221;8px&#8221; css=&#8221;.vc_custom_1602848668582{background-color: #002e5a !important;}&#8221;][\/vc_column_inner][\/vc_row_inner][vc_row_inner][vc_column_inner width=&#8221;2\/3&#8243;][vc_column_text css=&#8221;.vc_custom_1603129291971{margin-bottom: 0px !important;border-bottom-width: 0px !important;padding-top: 32px !important;padding-bottom: 0px !important;}&#8221;]<\/p>\n<p>Programy i konkursy maj\u0105ce na celu g\u0142\u00f3wnie podnoszenie jako\u015bci bada\u0144 naukowych realizowanych w\u00a0Uniwersytecie \u015al\u0105skim w Katowicach, zwi\u0119kszenie wp\u0142ywu dzia\u0142alno\u015bci naukowej uczelni na rozw\u00f3j \u015bwiatowej nauki oraz wspomaganie naukowc\u00f3w w rozszerzaniu ich horyzont\u00f3w badawczych.<\/p>\n<p>[\/vc_column_text]\r\n                <div class='sidebar_moduls sidebar_button' style=\"background-color: #FFFFFF; color: #002E5A\">\r\n                    <h3><\/h3>\r\n                    <div class='link-button-wrap'><a style=\"background-color: #002E5A!important; color: #FFFFFF!important\" href='https:\/\/us.edu.pl\/idb\/badania\/' class='link-button'>przejd\u017a do obszaru: badania<\/a><\/div>\r\n                <\/div>[\/vc_column_inner][vc_column_inner width=&#8221;1\/3&#8243;]\r\n                <div class=\"text-modules\">\r\n                    <div class=\"container\">\r\n                        \r\n                        <div class=\"text-modules__content\"><\/p>\n<p><img loading=\"lazy\" class=\"alignnone wp-image-126427 size-medium\" src=\"https:\/\/us.edu.pl\/wp-content\/uploads\/image\/idub\/27_DSC_0072-600x505.jpg\" alt=\"Kilkoro naukowc\u00f3w na Spitsbergenie ubranych w czerwone i czarne kombinezony, na skuterach \u015bnie\u017cnych\" width=\"100%\" height=\"auto\" \/><br \/>\n<span style=\"color: #333333; font-size: small;\"><em>fot. archiwum Dariusza Ignatiuka | Centrum Studium Polarnych<\/em><\/span><\/p>\n<p>\n<\/div>\r\n                    <\/div>\r\n                <\/div>[\/vc_column_inner][\/vc_row_inner][vc_row_inner][vc_column_inner]\r\n                <div class=\"text-modules\">\r\n                    <div class=\"container\">\r\n                        \r\n                        <div class=\"text-modules__content\"><\/p>\n<h3 style=\"font-size: 140%; font-family: PT Sans Narrow; color: #9b132a;\"><strong>M\u0142ode talenty<\/strong><\/h3>\n<p>\n<\/div>\r\n                    <\/div>\r\n                <\/div>[vc_empty_space height=&#8221;8px&#8221; css=&#8221;.vc_custom_1602848668582{background-color: #002e5a !important;}&#8221;][\/vc_column_inner][\/vc_row_inner][vc_row_inner][vc_column_inner width=&#8221;2\/3&#8243;][vc_column_text css=&#8221;.vc_custom_1603129142595{margin-bottom: 0px !important;border-bottom-width: 0px !important;padding-top: 32px !important;padding-bottom: 0px !important;}&#8221;]<\/p>\n<p>Wsparcie dla student\u00f3w i doktorant\u00f3w. Dzia\u0142ania w tym obszarze maj\u0105 na celu rozw\u00f3j naukowy oraz wsparcie budowania dorobku naukowego przez pocz\u0105tkuj\u0105cych badaczy. Ponadto za\u0142o\u017ceniem jest w\u0142\u0105czenie student\u00f3w i\u00a0doktorant\u00f3w w proces naukowo-badawczy poprzez ich udzia\u0142 w projektach oraz innych inicjatywach zwi\u0105zanych z dzia\u0142alno\u015bci\u0105 naukow\u0105, a w konsekwencji podniesieniu jako\u015bci ich kszta\u0142cenia.<\/p>\n<p>[\/vc_column_text]\r\n                <div class='sidebar_moduls sidebar_button' style=\"background-color: #FFFFFF; color: #002E5A\">\r\n                    <h3><\/h3>\r\n                    <div class='link-button-wrap'><a style=\"background-color: #002E5A!important; color: #FFFFFF!important\" href='https:\/\/us.edu.pl\/idb\/mlode-talenty-2\/' class='link-button'>przejd\u017a do obszaru: m\u0142ode talenty<\/a><\/div>\r\n                <\/div>[\/vc_column_inner][vc_column_inner width=&#8221;1\/3&#8243;]\r\n                <div class=\"text-modules\">\r\n                    <div class=\"container\">\r\n                        \r\n                        <div class=\"text-modules__content\"><\/p>\n<p><img loading=\"lazy\" class=\"alignnone size-medium wp-image-126375\" src=\"https:\/\/us.edu.pl\/wp-content\/uploads\/image\/idub\/DSC8209-600x505.jpg\" alt=\"Dziewczyna trzymaj\u0105ca w r\u0119ku modliszk\u0119\" width=\"100%\" height=\"auto\" \/><br \/>\n<span style=\"color: #333333; font-size: small;\"><em>fot. Szymon Nawrat<\/em><\/span><\/p>\n<p>\n<\/div>\r\n                    <\/div>\r\n                <\/div>[\/vc_column_inner][\/vc_row_inner]\r\n                <div class=\"text-modules\">\r\n                    <div class=\"container\">\r\n                        \r\n                        <div class=\"text-modules__content\"><\/p>\n<h3 style=\"font-size: 140%; font-family: PT Sans Narrow; color: #9b132a;\"><strong>Mobilno\u015b\u0107<\/strong><\/h3>\n<p>\n<\/div>\r\n                    <\/div>\r\n                <\/div>[vc_empty_space height=&#8221;8px&#8221; css=&#8221;.vc_custom_1602848668582{background-color: #002e5a !important;}&#8221;][vc_row_inner][vc_column_inner width=&#8221;2\/3&#8243;][vc_column_text css=&#8221;.vc_custom_1603129193135{margin-bottom: 0px !important;border-bottom-width: 0px !important;padding-top: 32px !important;padding-bottom: 0px !important;}&#8221;]<\/p>\n<p>Programy wyjazdowe, kt\u00f3re s\u0142u\u017c\u0105 wzmocnieniu wsp\u00f3\u0142pracy badawczej z o\u015brodkami naukowymi o wysokiej renomie mi\u0119dzynarodowej oraz zwi\u0119kszeniu widzialno\u015bci i pozycji Uniwersytetu \u015al\u0105skiego w Katowicach w\u00a0Europie i na \u015bwiecie. Dodatkowo jest to finansowanie dzia\u0142a\u0144 sprzyjaj\u0105cych pog\u0142\u0119bianiu wsp\u00f3\u0142pracy naukowej z partnerami z sojuszu T4E i tworzeniu mi\u0119dzyuczelnianych zespo\u0142\u00f3w naukowych.<\/p>\n<p>[\/vc_column_text]\r\n                <div class='sidebar_moduls sidebar_button' style=\"background-color: #FFFFFF; color: #002E5A\">\r\n                    <h3><\/h3>\r\n                    <div class='link-button-wrap'><a style=\"background-color: #002E5A!important; color: #FFFFFF!important\" href='https:\/\/us.edu.pl\/idb\/mobilnosc\/' class='link-button'>przejd\u017a do obszaru: mobilno\u015b\u0107<\/a><\/div>\r\n                <\/div>[\/vc_column_inner][vc_column_inner width=&#8221;1\/3&#8243;]\r\n                <div class=\"text-modules\">\r\n                    <div class=\"container\">\r\n                        \r\n                        <div class=\"text-modules__content\"><\/p>\n<p><img loading=\"lazy\" class=\"alignnone size-medium wp-image-126425\" src=\"https:\/\/us.edu.pl\/wp-content\/uploads\/2020\/10\/IMG_9383-600x505.jpeg\" alt=\"\" width=\"100%\" height=\"auto\" \/><br \/>\n<span style=\"color: #333333; font-size: small;\"><em>fot. archiwum M. Kurcza<\/em><\/span><\/p>\n<p>\n<\/div>\r\n                    <\/div>\r\n                <\/div>[\/vc_column_inner][\/vc_row_inner]\r\n                <div class=\"text-modules\">\r\n                    <div class=\"container\">\r\n                        \r\n                        <div class=\"text-modules__content\"><\/p>\n<h3 style=\"font-size: 140%; font-family: PT Sans Narrow; color: #9b132a;\"><strong>Rozw\u00f3j<\/strong><\/h3>\n<p>\n<\/div>\r\n                    <\/div>\r\n                <\/div>[vc_empty_space height=&#8221;8px&#8221; css=&#8221;.vc_custom_1602848668582{background-color: #002e5a !important;}&#8221;][vc_row_inner][vc_column_inner width=&#8221;2\/3&#8243;][vc_column_text css=&#8221;.vc_custom_1603129247799{margin-bottom: 0px !important;border-bottom-width: 0px !important;padding-top: 32px !important;padding-bottom: 0px !important;}&#8221;]<\/p>\n<p>Warunki do rozwoju zawodowego wszystkich pracownik\u00f3w Uniwersytetu \u015al\u0105skiego w Katowicach. W tym celu wyodr\u0119bniono fundusze przeznaczone przede wszystkim na szkolenia dla kadry naukowej, administracyjnej i\u00a0zarz\u0105dzaj\u0105cej.<\/p>\n<p>[\/vc_column_text]\r\n                <div class='sidebar_moduls sidebar_button' style=\"background-color: #FFFFFF; color: #002E5A\">\r\n                    <h3><\/h3>\r\n                    <div class='link-button-wrap'><a style=\"background-color: #002E5A!important; color: #FFFFFF!important\" href='https:\/\/us.edu.pl\/idb\/rozwoj\/' class='link-button'>przejd\u017a do obszaru: rozw\u00f3j<\/a><\/div>\r\n                <\/div>[\/vc_column_inner][vc_column_inner width=&#8221;1\/3&#8243;]\r\n                <div class=\"text-modules\">\r\n                    <div class=\"container\">\r\n                        \r\n                        <div class=\"text-modules__content\"><\/p>\n<p><img loading=\"lazy\" class=\"alignnone size-medium wp-image-126408\" src=\"https:\/\/us.edu.pl\/wp-content\/uploads\/image\/idub\/IMG_8881_fot-Julia-Agnieszka-Szymala-600x505.jpg\" alt=\"Kobieta staj\u0105ca z czerwon\u0105 kartk\u0105 przy tablicy, na kt\u00f3rej poprzypinanych jest wiele innych kartek\" width=\"100%\" height=\"auto\" \/><br \/>\n<span style=\"color: #333333; font-size: small;\"><em>fot. Julia Agnieszka Szymala<\/em><\/span><\/p>\n<p>\n<\/div>\r\n                    <\/div>\r\n                <\/div>[\/vc_column_inner][\/vc_row_inner]\r\n                <div class=\"text-modules\">\r\n                    <div class=\"container\">\r\n                        \r\n                        <div class=\"text-modules__content\"><\/p>\n<h3 style=\"font-size: 140%; font-family: PT Sans Narrow; color: #9b132a;\"><strong>Infrastruktura<\/strong><\/h3>\n<p>\n<\/div>\r\n                    <\/div>\r\n                <\/div>[vc_empty_space height=&#8221;8px&#8221; css=&#8221;.vc_custom_1602848668582{background-color: #002e5a !important;}&#8221;][vc_row_inner][vc_column_inner width=&#8221;2\/3&#8243;][vc_column_text css=&#8221;.vc_custom_1602853007119{margin-bottom: 0px !important;border-bottom-width: 0px !important;padding-top: 32px !important;padding-bottom: 0px !important;}&#8221;]<\/p>\n<p>Finansowanie kluczowej infrastruktury badawczo-dydaktyczno-artystycznej, umo\u017cliwiaj\u0105cej prowadzenie intensywnej dzia\u0142alno\u015bci naukowo-badawczej, w szczeg\u00f3lno\u015bci w ramach Priorytetowych Obszar\u00f3w Badawczych.<\/p>\n<p>[\/vc_column_text]\r\n                <div class='sidebar_moduls sidebar_button' style=\"background-color: #FFFFFF; color: #002E5A\">\r\n                    <h3><\/h3>\r\n                    <div class='link-button-wrap'><a style=\"background-color: #002E5A!important; color: #FFFFFF!important\" href='https:\/\/us.edu.pl\/idb\/infrastruktura' class='link-button'>przejd\u017a do obszaru: infrastruktura<\/a><\/div>\r\n                <\/div>[\/vc_column_inner][vc_column_inner width=&#8221;1\/3&#8243;]\r\n                <div class=\"text-modules\">\r\n                    <div class=\"container\">\r\n                        \r\n                        <div class=\"text-modules__content\"><\/p>\n<p><img loading=\"lazy\" class=\"alignnone size-medium wp-image-126376\" src=\"https:\/\/us.edu.pl\/wp-content\/uploads\/image\/idub\/1_IMG_9922__fot-Julia-Agnieszka-Szymala-600x505.jpg\" alt=\"Balon U\u015a w powietrzu\" width=\"100%\" height=\"auto\" \/><br \/>\n<span style=\"color: #333333; font-size: small;\"><em>fot. Julia Agnieszka Szymala<\/em><\/span><\/p>\n<p>\n<\/div>\r\n                    <\/div>\r\n                <\/div>[\/vc_column_inner][\/vc_row_inner]\r\n                <div class=\"text-modules\">\r\n                    <div class=\"container\">\r\n                        \r\n                        <div class=\"text-modules__content\"><\/p>\n<h3 style=\"font-size: 140%; font-family: PT Sans Narrow; color: #9b132a;\"><strong>Widzialno\u015b\u0107<\/strong><\/h3>\n<p>\n<\/div>\r\n                    <\/div>\r\n                <\/div>[vc_empty_space height=&#8221;8px&#8221; css=&#8221;.vc_custom_1602848668582{background-color: #002e5a !important;}&#8221;][vc_row_inner][vc_column_inner width=&#8221;2\/3&#8243;][vc_column_text css=&#8221;.vc_custom_1602853258358{margin-bottom: 0px !important;border-bottom-width: 0px !important;padding-top: 32px !important;padding-bottom: 0px !important;}&#8221;]<\/p>\n<p>Dzia\u0142ania upowszechniaj\u0105ce wiedz\u0119, promuj\u0105ce otwarty dost\u0119p do wynik\u00f3w bada\u0144 naszych naukowc\u00f3w, r\u00f3wnie\u017c przy wsparciu pracownik\u00f3w uczelni prowadz\u0105cych wszechstronne dzia\u0142ania popularyzatorskie oraz przeprowadzaj\u0105cych interdyscyplinarne analizy.<\/p>\n<p>[\/vc_column_text]\r\n                <div class='sidebar_moduls sidebar_button' style=\"background-color: #FFFFFF; color: #002E5A\">\r\n                    <h3><\/h3>\r\n                    <div class='link-button-wrap'><a style=\"background-color: #002E5A!important; color: #FFFFFF!important\" href='https:\/\/us.edu.pl\/idb\/widzialnosc\/' class='link-button'>przejd\u017a do obszaru: widzialno\u015b\u0107<\/a><\/div>\r\n                <\/div>[\/vc_column_inner][vc_column_inner width=&#8221;1\/3&#8243;]\r\n                <div class=\"text-modules\">\r\n                    <div class=\"container\">\r\n                        \r\n                        <div class=\"text-modules__content\"><\/p>\n<p><img loading=\"lazy\" class=\"alignnone size-medium wp-image-126416\" src=\"https:\/\/us.edu.pl\/wp-content\/uploads\/image\/idub\/DSC5870-600x505.jpg\" alt=\"M\u0142oda kobieta w kapeluszu stoi przy p\u00f3\u0142ce z ksi\u0105\u017ckami\" width=\"100%\" height=\"auto\" \/><br \/>\n<span style=\"color: #333333; font-size: small;\"><em>fot. Szymon Nawrat<\/em><\/span><\/p>\n<p>\n<\/div>\r\n                    <\/div>\r\n                <\/div>[\/vc_column_inner][\/vc_row_inner][\/vc_column][\/vc_row]<\/p>","protected":false},"excerpt":{"rendered":"<p>[vc_row el_class=&#8221;container&#8221;][vc_column][vc_empty_space][\/vc_column][\/vc_row][vc_row el_class=&#8221;container&#8221;][vc_column][vc_row_inner][vc_column_inner][vc_empty_space height=&#8221;8px&#8221; css=&#8221;.vc_custom_1602848668582{background-color: #002e5a !important;}&#8221;][\/vc_column_inner][\/vc_row_inner][vc_row_inner][vc_column_inner width=&#8221;2\/3&#8243;][vc_column_text css=&#8221;.vc_custom_1603129291971{margin-bottom: 0px !important;border-bottom-width: 0px !important;padding-top: 32px !important;padding-bottom: 0px !important;}&#8221;] Programy i konkursy maj\u0105ce na celu g\u0142\u00f3wnie podnoszenie jako\u015bci bada\u0144 naukowych realizowanych w\u00a0Uniwersytecie \u015al\u0105skim w Katowicach, zwi\u0119kszenie wp\u0142ywu dzia\u0142alno\u015bci naukowej uczelni na rozw\u00f3j \u015bwiatowej nauki oraz wspomaganie naukowc\u00f3w w rozszerzaniu ich horyzont\u00f3w badawczych. [\/vc_column_text][\/vc_column_inner][vc_column_inner width=&#8221;1\/3&#8243;][\/vc_column_inner][\/vc_row_inner][vc_row_inner][vc_column_inner][vc_empty_space height=&#8221;8px&#8221; css=&#8221;.vc_custom_1602848668582{background-color: #002e5a [&#8230;]<\/p>\n<p><a class=\"btn btn-secondary understrap-read-more-link\" href=\"https:\/\/us.edu.pl\/idb\/o-obszarach-wsparcia\/\">Read More&#8230;<\/a><\/p>\n","protected":false},"author":139,"featured_media":0,"parent":0,"menu_order":0,"comment_status":"closed","ping_status":"closed","template":"","meta":{"_expiration-date-status":"saved","_expiration-date":0,"_expiration-date-type":"","_expiration-date-categories":[],"_expiration-date-options":[]},"acf":[],"_links":{"self":[{"href":"https:\/\/us.edu.pl\/idb\/wp-json\/wp\/v2\/pages\/165"}],"collection":[{"href":"https:\/\/us.edu.pl\/idb\/wp-json\/wp\/v2\/pages"}],"about":[{"href":"https:\/\/us.edu.pl\/idb\/wp-json\/wp\/v2\/types\/page"}],"author":[{"embeddable":true,"href":"https:\/\/us.edu.pl\/idb\/wp-json\/wp\/v2\/users\/139"}],"replies":[{"embeddable":true,"href":"https:\/\/us.edu.pl\/idb\/wp-json\/wp\/v2\/comments?post=165"}],"version-history":[{"count":2,"href":"https:\/\/us.edu.pl\/idb\/wp-json\/wp\/v2\/pages\/165\/revisions"}],"predecessor-version":[{"id":167,"href":"https:\/\/us.edu.pl\/idb\/wp-json\/wp\/v2\/pages\/165\/revisions\/167"}],"wp:attachment":[{"href":"https:\/\/us.edu.pl\/idb\/wp-json\/wp\/v2\/media?parent=165"}],"curies":[{"name":"wp","href":"https:\/\/api.w.org\/{rel}","templated":true}]}}