{"id":510,"date":"2021-03-02T11:06:08","date_gmt":"2021-03-02T10:06:08","guid":{"rendered":"https:\/\/us.edu.pl\/idb\/?page_id=510"},"modified":"2022-03-23T12:36:54","modified_gmt":"2022-03-23T11:36:54","slug":"idb-500-darmowych-licencji-korektora-jezykowego-grammarly-do-rozdania","status":"publish","type":"page","link":"https:\/\/us.edu.pl\/idb\/idb-500-darmowych-licencji-korektora-jezykowego-grammarly-do-rozdania\/","title":{"rendered":"IDB | Zosta\u0142o 100 darmowych licencji korektora j\u0119zykowego Grammarly do rozdania"},"content":{"rendered":"<p>[vc_row el_class=&#8221;container&#8221;][vc_column][vc_empty_space]\r\n                <div class=\"text-modules\">\r\n                    <div class=\"container\">\r\n                        <h3 class=\"page-title text__title\">Ostatnie 100 darmowych licencji korektora j\u0119zykowego Grammarly do udost\u0119pnienia<\/h3>\r\n                        <div class=\"text-modules__content\"><\/div>\r\n                    <\/div>\r\n                <\/div>[vc_empty_space height=&#8221;16px&#8221;][\/vc_column][\/vc_row][vc_row el_class=&#8221;container&#8221;][vc_column width=&#8221;1\/2&#8243;]\r\n                <div class=\"text-modules\">\r\n                    <div class=\"container\">\r\n                        \r\n                        <div class=\"text-modules__content\"><\/p>\n<p>Ju\u017c ponad 1000 pracownik\u00f3w i doktorant\u00f3w Uniwersytetu \u015al\u0105skiego korzysta z aplikacji <span style=\"color: #15c39a;\"><strong><em>Grammarly<\/em> <\/strong><\/span>\u2013 korektora tekst\u00f3w pisanych w j\u0119zyku angielskim, kt\u00f3ry na bie\u017c\u0105co wskazuje r\u00f3\u017cnorodne b\u0142\u0119dy i proponuje poprawki.<\/p>\n<p>W zwi\u0105zku z coraz cz\u0119\u015bciej pojawiaj\u0105cymi si\u0119 pytaniami o kolejn\u0105 edycj\u0119 udost\u0119pniania kont otwieramy ostatni ju\u017c etap rejestracji, skierowany do ca\u0142ej wsp\u00f3lnoty Uniwersytetu \u015al\u0105skiego.<\/p>\n<p>Zosta\u0142o 100 ostatnich kont do udost\u0119pnienia dla student\u00f3w, doktorant\u00f3w i pracownik\u00f3w U\u015a.<\/p>\n<p>\n<\/div>\r\n                    <\/div>\r\n                <\/div>\r\n                <div class=\"text-modules\">\r\n                    <div class=\"container\">\r\n                        \r\n                        <div class=\"text-modules__content\"><\/p>\n<p>Podpowiedzi w <em>Grammarly<\/em> to co\u015b innego ni\u017c stosowanie popularnych translator\u00f3w \u2013 to przede wszystkim sztuka poprawnego pisania. Aplikacja wska\u017ce b\u0142\u0119dne wyra\u017cenia w tworzonym tek\u015bcie i zaproponuje prawid\u0142ow\u0105 form\u0119 gramatyczn\u0105 czy stylistyczn\u0105, dobierze tak\u017ce w\u0142a\u015bciwe s\u0142owa. Dodatkowo podpowiedzi synonim\u00f3w na pewno pomog\u0105 wzbogaci\u0107 s\u0142ownictwo. Co wi\u0119cej, aplikacja dostosuje si\u0119 do stylu pisanego tekstu, b\u0119dzie zatem przydatna zar\u00f3wno przy tworzeniu formalnych tekst\u00f3w, jak i lu\u017anych notatek.<\/p>\n<p>\n<\/div>\r\n                    <\/div>\r\n                <\/div>[\/vc_column][vc_column width=&#8221;1\/2&#8243;]\r\n                <div class=\"text-modules\">\r\n                    <div class=\"container\">\r\n                        \r\n                        <div class=\"text-modules__content\"><\/p>\n<p><img loading=\"lazy\" class=\"alignnone wp-image-135561 size-full\" src=\"https:\/\/us.edu.pl\/wp-content\/uploads\/2021\/03\/obrazek.png\" alt=\"Grafika przedstawiaj\u0105ca cztery postaci, dwie pracuj\u0105 na laptopie, jedna czyta ksi\u0105\u017ck\u0119, jedna patrzy na monitor, na kt\u00f3rym jest wielki napis HELLO. W tle napisy: Inicjatywa Doskona\u0142o\u015bci Badawczej, aplikacja Grammarly\" width=\"100%\" height=\"auto\" \/><\/p>\n<p>\n<\/div>\r\n                    <\/div>\r\n                <\/div>[vc_video link=&#8221;https:\/\/youtu.be\/LkPImeSDKE8&#8243; el_aspect=&#8221;43&#8243; align=&#8221;center&#8221;][\/vc_column][\/vc_row][vc_row][vc_column]<div class=\"container\"><div class=\"separator\" style=\"background-color: #EBEBEB\"><\/div><\/div>[\/vc_column][\/vc_row][vc_row el_class=&#8221;container&#8221;][vc_column width=&#8221;5\/12&#8243;]\r\n                <div class=\"text-modules\">\r\n                    <div class=\"container\">\r\n                        \r\n                        <div class=\"text-modules__content\"><\/p>\n<p style=\"font-size: 130%; font-family: PT Sans Narrow; color: #002e5a;\"><strong>Jak uzyska\u0107 darmow\u0105 licencj\u0119 <em>Grammarly<\/em> wersji premium?<\/strong><\/p>\n<p>&nbsp;<\/p>\n<table style=\"border-collapse: collapse; width: 100%; height: 119px; font-family: PT Sans Narrow; color: #002e5a; margin-right: 20px;\">\n<tbody>\n<tr style=\"height: 17px;\">\n<td style=\"width: 20%; text-align: center; height: 17px;\">\n<p style=\"color: #15c39a; font-size: 130%; font-family: PT Sans Narrow;\"><strong>KROK 1<\/strong><\/p>\n<\/td>\n<td style=\"width: 80%; height: 17px;\"><strong>Zarejestruj si\u0119 poprzez formularz online \u2013 link znajduje si\u0119 na stronie: <a href=\"https:\/\/formularze.us.edu.pl\/form\/index\/2257\">www.formularze.us.edu.pl<\/a>.<\/strong><\/p>\n<hr style=\"border-color: #15c39a; border-style: dashed;\" \/>\n<\/td>\n<\/tr>\n<tr style=\"height: 17px;\">\n<td style=\"width: 20%; text-align: center; height: 17px;\">\n<p style=\"color: #15c39a; font-size: 130%; font-family: PT Sans Narrow;\"><strong>KROK 2<\/strong><\/p>\n<\/td>\n<td style=\"width: 80%; height: 17px;\"><strong>W formularzu koniecznie nale\u017cy poda\u0107 uczelniany adres e-mail (w domenie us.edu.pl lub o365.us.edu.pl).<\/strong><\/p>\n<hr style=\"border-color: #15c39a; border-style: dashed;\" \/>\n<\/td>\n<\/tr>\n<tr style=\"height: 17px;\">\n<td style=\"width: 20%; text-align: center; height: 17px;\">\n<p style=\"color: #15c39a; font-size: 130%; font-family: PT Sans Narrow;\"><strong>KROK 3<\/strong><\/p>\n<\/td>\n<td style=\"width: 80%; height: 17px;\"><strong>Potwierd\u017a rejestracj\u0119 za pomoc\u0105 linku aktywacyjnego, kt\u00f3ry otrzymasz w e-mailu.<\/strong><\/p>\n<hr style=\"border-color: #15c39a; border-style: dashed;\" \/>\n<\/td>\n<\/tr>\n<tr style=\"height: 17px;\">\n<td style=\"width: 20%; text-align: center; height: 17px;\">\n<p style=\"color: #15c39a; font-size: 130%; font-family: PT Sans Narrow;\"><strong>KROK 4<\/strong><\/p>\n<\/td>\n<td style=\"width: 80%; height: 17px;\"><strong>Niebawem <em>Grammarly<\/em> prze\u015ble na podany e-mail link do utworzenia konta. Sprawdzaj spam \u2013 mo\u017ce si\u0119 zdarzy\u0107, \u017ce wiadomo\u015b\u0107 niefortunnie tam trafi.<\/strong><\/p>\n<hr style=\"border-color: #15c39a; border-style: dashed;\" \/>\n<\/td>\n<\/tr>\n<tr style=\"height: 17px;\">\n<td style=\"width: 20%; text-align: center; height: 17px;\">\n<p style=\"color: #15c39a; font-size: 130%; font-family: PT Sans Narrow;\"><strong>KROK 5<\/strong><\/p>\n<\/td>\n<td style=\"width: 80%; height: 17px;\"><strong>Zaloguj si\u0119 i korzystaj z <em>Grammarly<\/em>.<\/strong><\/p>\n<hr style=\"border-color: #15c39a; border-style: dashed;\" \/>\n<\/td>\n<\/tr>\n<tr style=\"height: 17px;\">\n<td style=\"width: 20%; text-align: center; height: 17px;\">\n<p style=\"color: #15c39a; font-size: 130%; font-family: PT Sans Narrow;\"><strong>KROK 6<\/strong><\/p>\n<\/td>\n<td style=\"width: 80%; height: 17px;\"><strong>Koniecznie \u015bci\u0105gnij aplikacj\u0119 na komputer i telefon \u2013 dzi\u0119ki temu wykorzystasz wszystkie funkcje programu.<\/strong><\/p>\n<hr style=\"border-color: #15c39a; border-style: dashed;\" \/>\n<\/td>\n<\/tr>\n<\/tbody>\n<\/table>\n<p>\n<\/div>\r\n                    <\/div>\r\n                <\/div>[\/vc_column][vc_column width=&#8221;1\/12&#8243;][\/vc_column][vc_column width=&#8221;6\/12&#8243;]\r\n                <div class=\"text-modules\">\r\n                    <div class=\"container\">\r\n                        \r\n                        <div class=\"text-modules__content\"><\/p>\n<table style=\"border-collapse: collapse; width: 100%;\">\n<tbody>\n<tr>\n<td style=\"width: 10%; vertical-align: text-top;\">\n<div class=\"napis\"><strong>CZY WIESZ, \u017bE&#8230;<\/strong><\/div>\n<\/td>\n<td style=\"width: 90%;\">Dzi\u0119ki aplikacji <em>Grammarly<\/em> b\u0142\u0119dy ortograficzne, stylistyczne, gramatyczne i interpunkcyjne przestan\u0105 by\u0107 problemem.<\/p>\n<p>Narz\u0119dzie u\u0142atwi pracownikom i doktorantom:<\/p>\n<ul>\n<li>pisanie poprawnych j\u0119zykowo artyku\u0142\u00f3w naukowych oraz wniosk\u00f3w grantowych,<\/li>\n<li>komunikacj\u0119 z naukowcami i o\u015brodkami akademickimi z ca\u0142ego \u015bwiata,<\/li>\n<li>sprawdzanie tekstu pod k\u0105tem plagiatu.<\/li>\n<\/ul>\n<\/td>\n<\/tr>\n<\/tbody>\n<tbody>\n<tr>\n<td style=\"width: 10%; vertical-align: text-top;\"><\/td>\n<td style=\"width: 90%;\">Studentom z kolei:<\/p>\n<ul>\n<li>u\u0142atwi pisanie prac zaliczeniowych,<\/li>\n<li>przyda si\u0119 do przygotowania perfekcyjnego CV w j\u0119zyku angielskim dla przysz\u0142ego pracodawcy,<\/li>\n<li>usprawni codzienn\u0105 komunikacj\u0119 w mediach spo\u0142eczno\u015bciowych, w tym publikacj\u0119 posta na Facebooku, Twitterze czy Instagramie lub przygotowanie profesjonalnego profilu na LinkedIn dla angloj\u0119zycznych odbiorc\u00f3w,<\/li>\n<li>u\u0142atwi kontakt na przyk\u0142ad ze znajomymi z zagranicy.<\/li>\n<\/ul>\n<p>&nbsp;<\/p>\n<p>Zakup licencji <em>Grammarly<\/em> finansowany jest w ramach programu <a href=\"http:\/\/www.us.edu.pl\/idb\">Inicjatywa Doskona\u0142o\u015bci Badawczej<\/a>.<\/p>\n<p><a href=\"https:\/\/us.edu.pl\/wp-content\/uploads\/image\/idub\/Regulamin-Grammarly_16-11-_fina\u0142.pdf\" class=\"mtli_attachment mtli_pdf\" class=\"mtli_attachment mtli_pdf\">Pobierz regulamin<\/a><\/td>\n<\/tr>\n<\/tbody>\n<\/table>\n<p>\n<\/div>\r\n                    <\/div>\r\n                <\/div>[\/vc_column][\/vc_row]<\/p>","protected":false},"excerpt":{"rendered":"<p>[vc_row el_class=&#8221;container&#8221;][vc_column][vc_empty_space][vc_empty_space height=&#8221;16px&#8221;][\/vc_column][\/vc_row][vc_row el_class=&#8221;container&#8221;][vc_column width=&#8221;1\/2&#8243;][\/vc_column][vc_column width=&#8221;1\/2&#8243;][vc_video link=&#8221;https:\/\/youtu.be\/LkPImeSDKE8&#8243; el_aspect=&#8221;43&#8243; align=&#8221;center&#8221;][\/vc_column][\/vc_row][vc_row][vc_column][\/vc_column][\/vc_row][vc_row el_class=&#8221;container&#8221;][vc_column width=&#8221;5\/12&#8243;][\/vc_column][vc_column width=&#8221;1\/12&#8243;][\/vc_column][vc_column width=&#8221;6\/12&#8243;][\/vc_column][\/vc_row] [&#8230;]<\/p>\n<p><a class=\"btn btn-secondary understrap-read-more-link\" href=\"https:\/\/us.edu.pl\/idb\/idb-500-darmowych-licencji-korektora-jezykowego-grammarly-do-rozdania\/\">Read More&#8230;<\/a><\/p>\n","protected":false},"author":139,"featured_media":441,"parent":0,"menu_order":0,"comment_status":"closed","ping_status":"closed","template":"","meta":{"_expiration-date-status":"saved","_expiration-date":0,"_expiration-date-type":"","_expiration-date-categories":[],"_expiration-date-options":[]},"acf":[],"_links":{"self":[{"href":"https:\/\/us.edu.pl\/idb\/wp-json\/wp\/v2\/pages\/510"}],"collection":[{"href":"https:\/\/us.edu.pl\/idb\/wp-json\/wp\/v2\/pages"}],"about":[{"href":"https:\/\/us.edu.pl\/idb\/wp-json\/wp\/v2\/types\/page"}],"author":[{"embeddable":true,"href":"https:\/\/us.edu.pl\/idb\/wp-json\/wp\/v2\/users\/139"}],"replies":[{"embeddable":true,"href":"https:\/\/us.edu.pl\/idb\/wp-json\/wp\/v2\/comments?post=510"}],"version-history":[{"count":2,"href":"https:\/\/us.edu.pl\/idb\/wp-json\/wp\/v2\/pages\/510\/revisions"}],"predecessor-version":[{"id":513,"href":"https:\/\/us.edu.pl\/idb\/wp-json\/wp\/v2\/pages\/510\/revisions\/513"}],"wp:featuredmedia":[{"embeddable":true,"href":"https:\/\/us.edu.pl\/idb\/wp-json\/wp\/v2\/media\/441"}],"wp:attachment":[{"href":"https:\/\/us.edu.pl\/idb\/wp-json\/wp\/v2\/media?parent=510"}],"curies":[{"name":"wp","href":"https:\/\/api.w.org\/{rel}","templated":true}]}}