{"id":526,"date":"2021-01-26T13:24:49","date_gmt":"2021-01-26T12:24:49","guid":{"rendered":"https:\/\/us.edu.pl\/idb\/?page_id=526"},"modified":"2022-03-23T13:29:37","modified_gmt":"2022-03-23T12:29:37","slug":"idb-wyniki-konkursu-pn-otwarty-dostep","status":"publish","type":"page","link":"https:\/\/us.edu.pl\/idb\/idb-wyniki-konkursu-pn-otwarty-dostep\/","title":{"rendered":"IDB | Wyniki konkursu pn. \u201eOtwarty dost\u0119p\u201d"},"content":{"rendered":"<p>[vc_row][vc_column][vc_empty_space]\r\n                <div class=\"text-modules\">\r\n                    <div class=\"container\">\r\n                        <h3 class=\"page-title text__title\">Wyniki konkursu pn. \u201eOtwarty dost\u0119p\u201d<\/h3>\r\n                        <div class=\"text-modules__content\"><\/div>\r\n                    <\/div>\r\n                <\/div>[\/vc_column][\/vc_row][vc_row][vc_column]\r\n                <div class=\"text-modules\">\r\n                    <div class=\"container\">\r\n                        \r\n                        <div class=\"text-modules__content\"><\/p>\n<p>Rozstrzygni\u0119to konkurs pn. \u201eOtwarty dost\u0119p\u201d realizowany w ramach programu Inicjatywa Doskona\u0142o\u015bci Badawczej, kt\u00f3rego celem jest dofinansowanie publikacji typu <em>open access<\/em> w presti\u017cowych czasopismach o du\u017cym zasi\u0119gu. Cz\u0142onkowie zespo\u0142u ds. ewaluacji oraz Rady Naukowej IDB ocenili wnioski, bior\u0105c pod uwag\u0119 m.in. spe\u0142nianie przez wybrane czasopismo kryterium otwartego dost\u0119pu (<em>open access<\/em>). Zaaprobowana przez rektora Uniwersytetu \u015al\u0105skiego w Katowicach lista z rekomendacjami do otrzymania dofinansowania obejmuje 56 wniosk\u00f3w z 13 instytut\u00f3w, z czego najwi\u0119cej z nich dotyczy op\u0142at publikacyjnych za artyku\u0142y naukowc\u00f3w z Instytutu In\u017cynierii Materia\u0142owej, Instytutu Psychologii oraz Instytutu Chemii.<\/p>\n<p>Najwy\u017csza kwota jednorazowego dofinansowania wynosi 15 000 z\u0142otych, natomiast \u0142\u0105czna kwota przyznanego wsparcia dla naszych badaczy to blisko p\u00f3\u0142 miliona z\u0142otych.<\/p>\n<p>Konkurs pn. \u201eOtwarty dost\u0119p\u201d wpisuje si\u0119 w jeden z cel\u00f3w Inicjatywy Doskona\u0142o\u015bci Badawczej, kt\u00f3ry zak\u0142ada wzmocnienie widzialno\u015bci wynik\u00f3w wysokiej jako\u015bci bada\u0144 naukowych prowadzonych na Uniwersytecie \u015al\u0105skim w Katowicach oraz wspieranie uczonych na wszystkich etapach ich naukowego rozwoju.<\/p>\n<p>\n<\/div>\r\n                    <\/div>\r\n                <\/div><div class=\"container\"><div class=\"separator\" style=\"background-color: #EBEBEB\"><\/div><\/div>\r\n                <div class=\"text-modules\">\r\n                    <div class=\"container\">\r\n                        \r\n                        <div class=\"text-modules__content\"><\/p>\n<p><img loading=\"lazy\" class=\"alignnone wp-image-133685 size-full\" src=\"https:\/\/us.edu.pl\/wp-content\/uploads\/image\/idub\/1200x1200px_grafika-pl-2.png\" alt=\"Grafika: wyniki konkursu pn. \u201e Otwarty dost\u0119p\u201d w ramach Inicjatywy Doskona\u0142o\u015bci Badawczej\" width=\"100%\" height=\"auto\" \/><\/p>\n<p><a href=\"https:\/\/us.edu.pl\/wp-content\/uploads\/image\/idub\/1200x1200px_grafika-pl-1.pdf\" class=\"mtli_attachment mtli_pdf\" class=\"mtli_attachment mtli_pdf\">Grafika do pobrania<\/a><\/p>\n<p>\n<\/div>\r\n                    <\/div>\r\n                <\/div><div class=\"container\"><div class=\"separator\" style=\"background-color: #EBEBEB\"><\/div><\/div>\r\n                <div class=\"text-modules\">\r\n                    <div class=\"container\">\r\n                        \r\n                        <div class=\"text-modules__content\"><\/p>\n<p><img loading=\"lazy\" class=\"alignnone wp-image-133741 size-full\" src=\"https:\/\/us.edu.pl\/wp-content\/uploads\/image\/idub\/1200x1200px_wykres_pl.png\" alt=\"Wykres: wyniki konkursu pn. \u201eOtwarty dost\u0119p\u201d, liczba dofinansowanych wniosk\u00f3w z danego instytutu\" width=\"100%\" height=\"auto\" \/><\/p>\n<p><a href=\"https:\/\/us.edu.pl\/wp-content\/uploads\/image\/idub\/1200x1200px_wykres_pl.pdf\" class=\"mtli_attachment mtli_pdf\" class=\"mtli_attachment mtli_pdf\">Grafika do pobrania<\/a><\/p>\n<p>\n<\/div>\r\n                    <\/div>\r\n                <\/div>\r\n                <div class=\"numerical-data-list\">\r\n                \r\n                    <div class=\"container\">\r\n                    \r\n                    <div class=\"line\"> <strong>10<\/strong> <span>Instytut In\u017cynierii Materia\u0142owej<\/span><\/div><div class=\"line\"> <strong>10<\/strong> <span>Instytut Psychologii<\/span><\/div><div class=\"line\"> <strong>8<\/strong> <span>Instytut Chemii<\/span><\/div><div class=\"line\"> <strong>6<\/strong> <span>Instytut Nauk o Ziemi<\/span><\/div><div class=\"line\"> <strong>4<\/strong> <span>Instytut J\u0119zykoznawstwa<\/span><\/div><div class=\"line\"> <strong>3<\/strong> <span>Instytut Biologii, Biotechnologii i Ochrony \u015arodowiska<\/span><\/div><div class=\"line\"> <strong>3<\/strong> <span>Instytut Geografii Spo\u0142eczno-Ekonomicznej i Gospodarki Przestrzennej<\/span><\/div><div class=\"line\"> <strong>3<\/strong> <span>Instytut Nauk Teologicznych<\/span><\/div><div class=\"line\"> <strong>2<\/strong> <span>Instytut Nauk o Kulturze<\/span><\/div><div class=\"line\"> <strong>2<\/strong> <span>Instytut Nauk o Sztuce<\/span><\/div><div class=\"line\"> <strong>2<\/strong> <span>Instytut Nauk Prawnych<\/span><\/div><div class=\"line\"> <strong>2<\/strong> <span>Instytut Pedagogiki<\/span><\/div><div class=\"line\"> <strong>1<\/strong> <span>Instytut Matematyki<\/span><\/div>\r\n                    <\/div>\r\n               \r\n                <\/div>[\/vc_column][\/vc_row]<\/p>","protected":false},"excerpt":{"rendered":"<p>[vc_row][vc_column][vc_empty_space][\/vc_column][\/vc_row][vc_row][vc_column][\/vc_column][\/vc_row] [&#8230;]<\/p>\n<p><a class=\"btn btn-secondary understrap-read-more-link\" href=\"https:\/\/us.edu.pl\/idb\/idb-wyniki-konkursu-pn-otwarty-dostep\/\">Read More&#8230;<\/a><\/p>\n","protected":false},"author":139,"featured_media":433,"parent":0,"menu_order":0,"comment_status":"closed","ping_status":"closed","template":"","meta":{"_expiration-date-status":"saved","_expiration-date":0,"_expiration-date-type":"","_expiration-date-categories":[],"_expiration-date-options":[]},"acf":[],"_links":{"self":[{"href":"https:\/\/us.edu.pl\/idb\/wp-json\/wp\/v2\/pages\/526"}],"collection":[{"href":"https:\/\/us.edu.pl\/idb\/wp-json\/wp\/v2\/pages"}],"about":[{"href":"https:\/\/us.edu.pl\/idb\/wp-json\/wp\/v2\/types\/page"}],"author":[{"embeddable":true,"href":"https:\/\/us.edu.pl\/idb\/wp-json\/wp\/v2\/users\/139"}],"replies":[{"embeddable":true,"href":"https:\/\/us.edu.pl\/idb\/wp-json\/wp\/v2\/comments?post=526"}],"version-history":[{"count":2,"href":"https:\/\/us.edu.pl\/idb\/wp-json\/wp\/v2\/pages\/526\/revisions"}],"predecessor-version":[{"id":528,"href":"https:\/\/us.edu.pl\/idb\/wp-json\/wp\/v2\/pages\/526\/revisions\/528"}],"wp:featuredmedia":[{"embeddable":true,"href":"https:\/\/us.edu.pl\/idb\/wp-json\/wp\/v2\/media\/433"}],"wp:attachment":[{"href":"https:\/\/us.edu.pl\/idb\/wp-json\/wp\/v2\/media?parent=526"}],"curies":[{"name":"wp","href":"https:\/\/api.w.org\/{rel}","templated":true}]}}